{"id":976,"date":"2020-05-24T23:28:37","date_gmt":"2020-05-24T23:28:37","guid":{"rendered":"https:\/\/www.gem.pt\/@teste\/?page_id=976"},"modified":"2025-02-15T16:46:13","modified_gmt":"2025-02-15T16:46:13","slug":"espeleo-polje","status":"publish","type":"page","link":"https:\/\/www.gem.pt\/1\/projetos\/espeleo-polje\/","title":{"rendered":"Espeleo-Polge"},"content":{"rendered":"<style>.elementor-976 .elementor-element.elementor-element-9bd6efa > .elementor-container{min-height:400px;}.elementor-976 .elementor-element.elementor-element-9bd6efa > .elementor-container > .elementor-column > .elementor-widget-wrap{align-content:center;align-items:center;}.elementor-976 .elementor-element.elementor-element-9bd6efa .elementor-background-slideshow__slide__image{background-size:cover;background-position:top center;}.elementor-976 .elementor-element.elementor-element-9bd6efa{transition:background 0.3s, border 0.3s, border-radius 0.3s, box-shadow 0.3s;max-height:400px;min-height:400px;}.elementor-976 .elementor-element.elementor-element-9bd6efa > .elementor-background-overlay{transition:background 0.3s, border-radius 0.3s, opacity 0.3s;}.elementor-976 .elementor-element.elementor-element-9bd6efa > .elementor-shape-bottom svg{width:calc(160% + 1.3px);height:140px;}.elementor-976 .elementor-element.elementor-element-f8b07de.elementor-column > .elementor-widget-wrap{justify-content:center;}.elementor-976 .elementor-element.elementor-element-f8b07de > .elementor-element-populated{margin:0px 0px -10px 0px;--e-column-margin-right:0px;--e-column-margin-left:0px;}.elementor-976 .elementor-element.elementor-element-d0f9003{text-align:start;max-width:1190px;}.elementor-976 .elementor-element.elementor-element-d0f9003 .elementor-heading-title{text-shadow:3px 3px 4px rgba(0,0,0,0.3);}@media(max-width:1024px){.elementor-976 .elementor-element.elementor-element-d0f9003{text-align:start;max-width:100%;}}@media(max-width:767px){.elementor-976 .elementor-element.elementor-element-d0f9003{max-width:100%;}}<\/style>\t\t<div data-elementor-type=\"wp-page\" data-elementor-id=\"976\" class=\"elementor elementor-976\">\n\t\t\t\t\t\t<section class=\"elementor-section elementor-top-section elementor-element elementor-element-9bd6efa elementor-section-full_width elementor-section-height-min-height elementor-section-items-bottom elementor-section-content-middle elementor-section-height-default\" data-id=\"9bd6efa\" data-element_type=\"section\" data-e-type=\"section\" data-settings=\"{&quot;background_background&quot;:&quot;slideshow&quot;,&quot;background_slideshow_gallery&quot;:[{&quot;id&quot;:978,&quot;url&quot;:&quot;https:\\\/\\\/www.gem.pt\\\/wp-content\\\/uploads\\\/2020\\\/05\\\/Projetos_2_0.jpg&quot;}],&quot;shape_divider_bottom&quot;:&quot;opacity-tilt&quot;,&quot;background_slideshow_slide_transition&quot;:&quot;fade&quot;}\">\n\t\t\t\t\t<div class=\"elementor-shape elementor-shape-bottom\" aria-hidden=\"true\" data-negative=\"false\">\n\t\t\t<svg xmlns=\"http:\/\/www.w3.org\/2000\/svg\" viewBox=\"0 0 2600 131.1\" preserveAspectRatio=\"none\">\n\t<path class=\"elementor-shape-fill\" d=\"M0 0L2600 0 2600 69.1 0 0z\"\/>\n\t<path class=\"elementor-shape-fill\" style=\"opacity:0.5\" d=\"M0 0L2600 0 2600 69.1 0 69.1z\"\/>\n\t<path class=\"elementor-shape-fill\" style=\"opacity:0.25\" d=\"M2600 0L0 0 0 130.1 2600 69.1z\"\/>\n<\/svg>\t\t<\/div>\n\t\t\t\t\t<div class=\"elementor-container elementor-column-gap-default\">\n\t\t\t\t\t<div class=\"aux-parallax-section elementor-column elementor-col-100 elementor-top-column elementor-element elementor-element-f8b07de\" data-id=\"f8b07de\" data-element_type=\"column\" data-e-type=\"column\">\n\t\t\t<div class=\"elementor-widget-wrap elementor-element-populated\">\n\t\t\t\t\t\t<div class=\"elementor-element elementor-element-d0f9003 elementor-widget elementor-widget-heading\" data-id=\"d0f9003\" data-element_type=\"widget\" data-e-type=\"widget\" data-widget_type=\"heading.default\">\n\t\t\t\t<div class=\"elementor-widget-container\">\n\t\t\t\t\t<h1 class=\"elementor-heading-title elementor-size-default\">Espeleo-Polje<\/h1>\t\t\t\t<\/div>\n\t\t\t\t<\/div>\n\t\t\t\t\t<\/div>\n\t\t<\/div>\n\t\t\t\t\t<\/div>\n\t\t<\/section>\n\t\t\t\t<section class=\"elementor-section elementor-top-section elementor-element elementor-element-2d69bba elementor-section-boxed elementor-section-height-default elementor-section-height-default\" data-id=\"2d69bba\" data-element_type=\"section\" data-e-type=\"section\">\n\t\t\t\t\t\t<div class=\"elementor-container elementor-column-gap-default\">\n\t\t\t\t\t<div class=\"aux-parallax-section elementor-column elementor-col-100 elementor-top-column elementor-element elementor-element-023f42b\" data-id=\"023f42b\" data-element_type=\"column\" data-e-type=\"column\">\n\t\t\t<div class=\"elementor-widget-wrap elementor-element-populated\">\n\t\t\t\t\t\t<div class=\"elementor-element elementor-element-c8fc423 elementor-widget elementor-widget-text-editor\" data-id=\"c8fc423\" data-element_type=\"widget\" data-e-type=\"widget\" data-widget_type=\"text-editor.default\">\n\t\t\t\t<div class=\"elementor-widget-container\">\n\t\t\t\t\t\t\t\t\t<p><span style=\"caret-color: #e78b00; color: #e78b00; font-family: Questrial; font-size: 20px; letter-spacing: normal; white-space: pre-line;\">Projeto espeleol\u00f3gico a pensar na explora\u00e7\u00e3o e estudo das grutas associadas \u00e0s nascentes c\u00e1rsicas do polje de Minde<\/span><\/p><hr \/><div style=\"letter-spacing: normal; margin: 0px; padding: 0px; caret-color: #000000; color: #000000; font-family: Questrial; text-align: justify; white-space: pre-line; line-height: 1;\">\u00a0<\/div><div style=\"caret-color: #e78b00; color: #e78b00; font-family: Questrial; font-size: 20px; letter-spacing: normal; white-space: pre-line;\">Introdu\u00e7\u00e3o<\/div><div style=\"letter-spacing: normal; margin: 0px; padding: 0px; caret-color: #000000; color: #000000; font-family: Questrial; text-align: justify; white-space: pre-line; line-height: 0.5;\">\u00a0<\/div><div style=\"letter-spacing: normal; margin: 0px; padding: 0px; caret-color: #000000; color: #000000; font-family: Questrial; text-align: justify; white-space: pre-line;\">Este projeto teve in\u00edcio em 2007 com os trabalhos na gruta da Contenda, tendo-se acrescentado a partir de 2010 a gruta do Mindinho.<\/div><div style=\"letter-spacing: normal; margin: 0px; padding: 0px; caret-color: #000000; color: #000000; font-family: Questrial; text-align: justify; white-space: pre-line; line-height: 0.5;\">\u00a0<\/div><div style=\"letter-spacing: normal; margin: 0px; padding: 0px; caret-color: #000000; color: #000000; font-family: Questrial; text-align: justify; white-space: pre-line;\">Os trabalhos at\u00e9 agora realizados e projetados para o ano de 2013 s\u00e3o a continua\u00e7\u00e3o da explora\u00e7\u00e3o, topografia, levantamento geol\u00f3gico e mergulho nas grutas da Contenda e Mindinho.<\/div><div style=\"letter-spacing: normal; margin: 0px; padding: 0px; caret-color: #000000; color: #000000; font-family: Questrial; text-align: justify; white-space: pre-line; line-height: 0.5;\">\u00a0<\/div><div style=\"letter-spacing: normal; margin: 0px; padding: 0px; caret-color: #000000; color: #000000; font-family: Questrial; text-align: justify; white-space: pre-line;\">O apoio institucional para a realiza\u00e7\u00e3o destes trabalhos \u00e9 dado em 2013 essencialmente pelos grupos GEM, NEUA ARCM e NEL.<\/div><div style=\"letter-spacing: normal; margin: 0px; padding: 0px; caret-color: #000000; color: #000000; font-family: Questrial; text-align: justify; white-space: pre-line; line-height: 0.5;\">\u00a0<\/div><div style=\"letter-spacing: normal; margin: 0px; padding: 0px; caret-color: #000000; color: #000000; font-family: Questrial; text-align: justify; white-space: pre-line;\">Os trabalhos realizados at\u00e9 agora tiveram a participa\u00e7\u00e3o de espele\u00f3logos da maior parte das associa\u00e7\u00f5es de espeleologia portuguesas.<\/div><div style=\"letter-spacing: normal; margin: 0px; padding: 0px; caret-color: #000000; color: #000000; font-family: Questrial; text-align: justify; white-space: pre-line; line-height: 2;\">\u00a0<\/div><div style=\"caret-color: #e78b00; color: #e78b00; font-family: Questrial; font-size: 20px; letter-spacing: normal; white-space: pre-line;\">Objetivos 2013<\/div><div style=\"letter-spacing: normal; margin: 0px; padding: 0px; caret-color: #000000; color: #000000; font-family: Questrial; text-align: justify; white-space: pre-line; line-height: 0.5;\">\u00a0<\/div><div style=\"letter-spacing: normal; caret-color: #000000; color: #000000; font-family: Questrial; font-size: 18px; white-space: pre-line;\">Gruta da Contenda<\/div><ul><li><span style=\"caret-color: #000000; color: #000000; font-family: Questrial; letter-spacing: normal; text-align: justify; white-space: pre-line;\">Espeleomergulho e topografia na galeria do rio.<\/span><\/li><li><span style=\"caret-color: #000000; color: #000000; font-family: Questrial; letter-spacing: normal; text-align: justify; white-space: pre-line;\">A galeria do rio \u00e9 um dos poucos pontos em Portugal de explora\u00e7\u00e3o completamente virgem.<\/span><\/li><li><span style=\"caret-color: #000000; color: #000000; font-family: Questrial; letter-spacing: normal; text-align: justify; white-space: pre-line;\">A galeria do rio situa-se na parte terminal, a cerca de 70m de profundidade e a mais de 4 horas de progress\u00e3o desde a entrada da gruta.<\/span><\/li><li><span style=\"caret-color: #000000; color: #000000; font-family: Questrial; letter-spacing: normal; text-align: justify; white-space: pre-line;\">Os mergulhos realizados em 2011 provam o grande potencial espeleol\u00f3gico da galeria com potenciais liga\u00e7\u00f5es a outras grutas do Sistema Moinhos Velhos.<\/span><\/li><\/ul>\t\t\t\t\t\t\t\t<\/div>\n\t\t\t\t<\/div>\n\t\t\t\t\t<\/div>\n\t\t<\/div>\n\t\t\t\t\t<\/div>\n\t\t<\/section>\n\t\t\t\t<\/div>\n\t\t","protected":false},"excerpt":{"rendered":"<p>Espeleo-Polje Projeto espeleol\u00f3gico a pensar na explora\u00e7\u00e3o e estudo das grutas associadas \u00e0s nascentes c\u00e1rsicas do polje de Minde \u00a0Introdu\u00e7\u00e3o\u00a0Este projeto teve in\u00edcio em 2007 com os trabalhos na gruta da Contenda, tendo-se acrescentado a partir de 2010 a gruta do Mindinho.\u00a0Os trabalhos at\u00e9 agora realizados e projetados para o ano de 2013 s\u00e3o a [&hellip;]<\/p>\n","protected":false},"author":1,"featured_media":0,"parent":850,"menu_order":1,"comment_status":"closed","ping_status":"closed","template":"","meta":{"footnotes":""},"class_list":["post-976","page","type-page","status-publish","hentry"],"_links":{"self":[{"href":"https:\/\/www.gem.pt\/1\/wp-json\/wp\/v2\/pages\/976","targetHints":{"allow":["GET"]}}],"collection":[{"href":"https:\/\/www.gem.pt\/1\/wp-json\/wp\/v2\/pages"}],"about":[{"href":"https:\/\/www.gem.pt\/1\/wp-json\/wp\/v2\/types\/page"}],"author":[{"embeddable":true,"href":"https:\/\/www.gem.pt\/1\/wp-json\/wp\/v2\/users\/1"}],"replies":[{"embeddable":true,"href":"https:\/\/www.gem.pt\/1\/wp-json\/wp\/v2\/comments?post=976"}],"version-history":[{"count":0,"href":"https:\/\/www.gem.pt\/1\/wp-json\/wp\/v2\/pages\/976\/revisions"}],"up":[{"embeddable":true,"href":"https:\/\/www.gem.pt\/1\/wp-json\/wp\/v2\/pages\/850"}],"wp:attachment":[{"href":"https:\/\/www.gem.pt\/1\/wp-json\/wp\/v2\/media?parent=976"}],"curies":[{"name":"wp","href":"https:\/\/api.w.org\/{rel}","templated":true}]}}