{"id":961,"date":"2020-05-24T21:30:36","date_gmt":"2020-05-24T21:30:36","guid":{"rendered":"https:\/\/www.gem.pt\/@teste\/?page_id=961"},"modified":"2025-02-15T16:44:41","modified_gmt":"2025-02-15T16:44:41","slug":"climatologia","status":"publish","type":"page","link":"https:\/\/www.gem.pt\/1\/projetos\/climatologia\/","title":{"rendered":"Climatologia"},"content":{"rendered":"<style>.elementor-961 .elementor-element.elementor-element-2c266a0e{color:#000000;}<\/style>\t\t<div data-elementor-type=\"wp-page\" data-elementor-id=\"961\" class=\"elementor elementor-961\">\n\t\t\t\t\t\t<section class=\"elementor-section elementor-top-section elementor-element elementor-element-38ede328 elementor-section-boxed elementor-section-height-default elementor-section-height-default\" data-id=\"38ede328\" data-element_type=\"section\" data-e-type=\"section\">\n\t\t\t\t\t\t<div class=\"elementor-container elementor-column-gap-default\">\n\t\t\t\t\t<div class=\"aux-parallax-section elementor-column elementor-col-100 elementor-top-column elementor-element elementor-element-297eb977\" data-id=\"297eb977\" data-element_type=\"column\" data-e-type=\"column\">\n\t\t\t<div class=\"elementor-widget-wrap elementor-element-populated\">\n\t\t\t\t\t\t<div class=\"elementor-element elementor-element-2c266a0e elementor-widget elementor-widget-text-editor\" data-id=\"2c266a0e\" data-element_type=\"widget\" data-e-type=\"widget\" data-widget_type=\"text-editor.default\">\n\t\t\t\t<div class=\"elementor-widget-container\">\n\t\t\t\t\t\t\t\t\t<p><span style=\"font-family: Questrial; font-size: 10px; letter-spacing: normal; white-space: pre-line;\">\u00a0<\/span><\/p><p><span style=\"font-family: Questrial; font-size: 30px; letter-spacing: normal; white-space: pre-line;\">Climatologia<\/span><br \/><span style=\"caret-color: #e78b00; color: #e78b00; font-family: Questrial; font-size: 20px; letter-spacing: normal; white-space: pre-line;\">ECGPC &#8211;\u00a0Estudo Climatol\u00f3gico das Grutas de Portugal Continental<\/span><br \/><span style=\"letter-spacing: normal; font-family: Questrial; font-size: 12px; white-space: pre-line;\">Inicio:\u00a01-10-2008<\/span><br style=\"letter-spacing: normal; font-family: Questrial; font-size: 12px; white-space: pre-line;\" \/><span style=\"letter-spacing: normal; font-family: Questrial; font-size: 12px; white-space: pre-line;\">Tempo de execu\u00e7\u00e3o: 20 anos<\/span><span style=\"letter-spacing: -0.2px;\">\u00a0<\/span><\/p><div style=\"text-align: left;\"><hr \/><\/div><div>\u00a0<\/div><div><img fetchpriority=\"high\" decoding=\"async\" class=\"wp-image-963 alignleft\" src=\"https:\/\/www.gem.pt\/wp-content\/uploads\/2020\/05\/Publicacoes_1_0-e1590360705286.jpg\" alt=\"\" width=\"258\" height=\"300\" data-wp-editing=\"1\" \/><\/div><div style=\"text-align: left;\"><div style=\"letter-spacing: normal; margin: 0px; padding: 0px; caret-color: #000000; color: #000000; font-family: Questrial; text-align: justify; white-space: pre-line;\"><span style=\"caret-color: #e78b00; color: #e78b00; font-size: 20px; text-align: left;\">Introdu\u00e7\u00e3o<\/span><\/div><div style=\"letter-spacing: normal; margin: 0px; padding: 0px; caret-color: #000000; color: #000000; font-family: Questrial; text-align: justify; white-space: pre-line;\">Este projeto nasce da necessidade de aferi\u00e7\u00e3o e valida\u00e7\u00e3o dos dados climatol\u00f3gicos existentes at\u00e9 ao presente recolhidos em meio cavern\u00edcola. Nos v\u00e1rios estudos de espeleog\u00e9nese s\u00e3o referidos valores observados casuisticamente e recolhidos com equipamentos e condi\u00e7\u00f5es n\u00e3o determinadas.<\/div><div style=\"letter-spacing: normal; margin: 0px; padding: 0px; caret-color: #000000; color: #000000; font-family: Questrial; text-align: justify; white-space: pre-line; font-size: 5px;\">\u00a0<\/div><div style=\"letter-spacing: normal; margin: 0px; padding: 0px; caret-color: #000000; color: #000000; font-family: Questrial; text-align: justify; white-space: pre-line;\">O Planeta terra encontra-se num momento chave de altera\u00e7\u00e3o clim\u00e1tica. A mudan\u00e7a que est\u00e1 a surgir n\u00e3o \u00e9 s\u00f3 por for\u00e7a do fim duma era Glaciar mas pela interven\u00e7\u00e3o n\u00e3o sustentada do Homem.<\/div><div style=\"letter-spacing: normal; margin: 0px; padding: 0px; caret-color: #000000; color: #000000; font-family: Questrial; text-align: justify; white-space: pre-line; font-size: 5px;\">\u00a0<\/div><div style=\"letter-spacing: normal; margin: 0px; padding: 0px; caret-color: #000000; color: #000000; font-family: Questrial; text-align: justify; white-space: pre-line;\">As grutas guardam uma parte importante da Hist\u00f3ria clim\u00e1tica do Planeta, preservando os momentos das mudan\u00e7as Clim\u00e1ticas do Planeta Terra.<\/div><div style=\"letter-spacing: normal; margin: 0px; padding: 0px; caret-color: #000000; color: #000000; font-family: Questrial; text-align: justify; white-space: pre-line;\">Neste estudo pretende-se\u00a0usar as grutas para fazer uma recolha sistem\u00e1tica de dados de temperatura e humidade. Os dados recolhidos devem ser usados para estudo comparativo e relacional com as ocorr\u00eancias clim\u00e1ticas \u00e0 superf\u00edcie.<\/div><\/div><div>\u00a0<\/div><div style=\"text-align: left;\"><div style=\"letter-spacing: normal; margin: 0px; padding: 0px; caret-color: #000000; color: #000000; font-family: Questrial; text-align: justify; white-space: pre-line;\"><span style=\"caret-color: #e78b00; color: #e78b00; font-size: 20px; text-align: left;\">Objetivo<\/span><\/div><div style=\"letter-spacing: normal; margin: 0px; padding: 0px; caret-color: #000000; color: #000000; font-family: Questrial; text-align: justify; white-space: pre-line;\">A recolha dos dados de temperatura e humidade, ser\u00e1 feita nas grutas seleccionadas nas regi\u00f5es de Serra de Sic\u00f3, Serra de Aire e Candeeiros, Serra de Montejunto, Concelho de Sintra, Serra da Arr\u00e1bida e Algarve. A periodicidade da recolha dos dados ser\u00e1 efectuada em 3 per\u00edodos de 4 meses dividida pelo ano.<\/div><div style=\"letter-spacing: normal; margin: 0px; padding: 0px; caret-color: #000000; color: #000000; font-family: Questrial; text-align: justify; white-space: pre-line; font-size: 5px;\">\u00a0<\/div><div style=\"letter-spacing: normal; margin: 0px; padding: 0px; caret-color: #000000; color: #000000; font-family: Questrial; text-align: justify; white-space: pre-line;\">As visitas \u00e0s grutas s\u00e3o de acordo com o Plano de Atividades. O GEM recolhe dados em todas as atividades espeleol\u00f3gicas que esteja inserido. O estudo efetuado deve servir de suporte \u00e0 comunidade cient\u00edfica. O per\u00edodo de 5 anos ser\u00e1 considerado um per\u00edodo m\u00ednimo para publica\u00e7\u00e3o dos dados preliminares do estudo.<\/div><\/div>\t\t\t\t\t\t\t\t<\/div>\n\t\t\t\t<\/div>\n\t\t\t\t\t<\/div>\n\t\t<\/div>\n\t\t\t\t\t<\/div>\n\t\t<\/section>\n\t\t\t\t<\/div>\n\t\t","protected":false},"excerpt":{"rendered":"<p>\u00a0 ClimatologiaECGPC &#8211;\u00a0Estudo Climatol\u00f3gico das Grutas de Portugal ContinentalInicio:\u00a01-10-2008Tempo de execu\u00e7\u00e3o: 20 anos\u00a0 \u00a0Introdu\u00e7\u00e3oEste projeto nasce da necessidade de aferi\u00e7\u00e3o e valida\u00e7\u00e3o dos dados climatol\u00f3gicos existentes at\u00e9 ao presente recolhidos em meio cavern\u00edcola. Nos v\u00e1rios estudos de espeleog\u00e9nese s\u00e3o referidos valores observados casuisticamente e recolhidos com equipamentos e condi\u00e7\u00f5es n\u00e3o determinadas.\u00a0O Planeta terra encontra-se num [&hellip;]<\/p>\n","protected":false},"author":1,"featured_media":0,"parent":850,"menu_order":0,"comment_status":"closed","ping_status":"closed","template":"","meta":{"footnotes":""},"class_list":["post-961","page","type-page","status-publish","hentry"],"_links":{"self":[{"href":"https:\/\/www.gem.pt\/1\/wp-json\/wp\/v2\/pages\/961","targetHints":{"allow":["GET"]}}],"collection":[{"href":"https:\/\/www.gem.pt\/1\/wp-json\/wp\/v2\/pages"}],"about":[{"href":"https:\/\/www.gem.pt\/1\/wp-json\/wp\/v2\/types\/page"}],"author":[{"embeddable":true,"href":"https:\/\/www.gem.pt\/1\/wp-json\/wp\/v2\/users\/1"}],"replies":[{"embeddable":true,"href":"https:\/\/www.gem.pt\/1\/wp-json\/wp\/v2\/comments?post=961"}],"version-history":[{"count":0,"href":"https:\/\/www.gem.pt\/1\/wp-json\/wp\/v2\/pages\/961\/revisions"}],"up":[{"embeddable":true,"href":"https:\/\/www.gem.pt\/1\/wp-json\/wp\/v2\/pages\/850"}],"wp:attachment":[{"href":"https:\/\/www.gem.pt\/1\/wp-json\/wp\/v2\/media?parent=961"}],"curies":[{"name":"wp","href":"https:\/\/api.w.org\/{rel}","templated":true}]}}