{"id":9008,"date":"2015-03-01T13:24:41","date_gmt":"2015-03-01T13:24:41","guid":{"rendered":"https:\/\/www.gem.pt\/1\/?page_id=9008"},"modified":"2021-02-06T17:24:36","modified_gmt":"2021-02-06T17:24:36","slug":"algar-casal-velho-i","status":"publish","type":"page","link":"https:\/\/www.gem.pt\/1\/publicacoes\/carso-e-endocarso\/algar-casal-velho-i\/","title":{"rendered":"Algar Casal Velho I"},"content":{"rendered":"\t\t<div data-elementor-type=\"wp-page\" data-elementor-id=\"9008\" class=\"elementor elementor-9008\">\n\t\t\t\t\t\t<section class=\"elementor-section elementor-top-section elementor-element elementor-element-42d2622 elementor-section-full_width elementor-section-height-default elementor-section-height-default\" data-id=\"42d2622\" data-element_type=\"section\" data-e-type=\"section\">\n\t\t\t\t\t\t<div class=\"elementor-container elementor-column-gap-default\">\n\t\t\t\t\t<div class=\"aux-parallax-section elementor-column elementor-col-100 elementor-top-column elementor-element elementor-element-ea19d18\" data-id=\"ea19d18\" data-element_type=\"column\" data-e-type=\"column\">\n\t\t\t<div class=\"elementor-widget-wrap elementor-element-populated\">\n\t\t\t\t\t\t<div class=\"elementor-element elementor-element-cc72f5f elementor-widget elementor-widget-image\" data-id=\"cc72f5f\" data-element_type=\"widget\" data-e-type=\"widget\" data-widget_type=\"image.default\">\n\t\t\t\t<div class=\"elementor-widget-container\">\n\t\t\t\t\t\t\t\t\t\t\t\t<figure class=\"wp-caption\">\n\t\t\t\t\t\t\t\t\t\t<img decoding=\"async\" src=\"https:\/\/www.gem.pt\/wp-content\/uploads\/elementor\/thumbs\/Artigo_Algar-Casal-Velho-I-rm1jqny0qo2nj2w495gylbxnkuwxrajgxjl84zp674.jpg\" title=\"Artigo_Algar Casal Velho I\" alt=\"Artigo_Algar Casal Velho I\" loading=\"lazy\" \/>\t\t\t\t\t\t\t\t\t\t\t<figcaption class=\"widget-image-caption wp-caption-text\">Algar Casal Velho I<\/figcaption>\n\t\t\t\t\t\t\t\t\t\t<\/figure>\n\t\t\t\t\t\t\t\t\t<\/div>\n\t\t\t\t<\/div>\n\t\t\t\t\t<\/div>\n\t\t<\/div>\n\t\t\t\t\t<\/div>\n\t\t<\/section>\n\t\t\t\t<section class=\"elementor-section elementor-top-section elementor-element elementor-element-38ede328 elementor-section-boxed elementor-section-height-default elementor-section-height-default\" data-id=\"38ede328\" data-element_type=\"section\" data-e-type=\"section\">\n\t\t\t\t\t\t<div class=\"elementor-container elementor-column-gap-default\">\n\t\t\t\t\t<div class=\"aux-parallax-section elementor-column elementor-col-100 elementor-top-column elementor-element elementor-element-297eb977\" data-id=\"297eb977\" data-element_type=\"column\" data-e-type=\"column\">\n\t\t\t<div class=\"elementor-widget-wrap elementor-element-populated\">\n\t\t\t\t\t\t<div class=\"elementor-element elementor-element-2c266a0e elementor-widget elementor-widget-text-editor\" data-id=\"2c266a0e\" data-element_type=\"widget\" data-e-type=\"widget\" data-widget_type=\"text-editor.default\">\n\t\t\t\t<div class=\"elementor-widget-container\">\n\t\t\t\t\t\t\t\t\t<div style=\"text-align: right; line-height: 0.8;\"><span style=\"letter-spacing: normal; font-family: Questrial; font-size: 14px; white-space: pre-line;\">1 de Mar\u00e7o de 2015<\/span><\/div>\t\t\t\t\t\t\t\t<\/div>\n\t\t\t\t<\/div>\n\t\t\t\t<div class=\"elementor-element elementor-element-6195b7c elementor-widget elementor-widget-text-editor\" data-id=\"6195b7c\" data-element_type=\"widget\" data-e-type=\"widget\" data-widget_type=\"text-editor.default\">\n\t\t\t\t<div class=\"elementor-widget-container\">\n\t\t\t\t\t\t\t\t\t<span style=\"caret-color: #e78b00; color: #e78b00; font-family: Questrial; font-size: 20px; letter-spacing: normal; white-space: pre-line;\">Introdu\u00e7\u00e3o<\/span>\n<div style=\"letter-spacing: normal; margin: 0px; padding: 0px; font-family: Questrial; font-size: 14px; text-align: justify; white-space: pre-line;\"><div style=\"letter-spacing: normal; margin: 0px; padding: 0px; caret-color: #000000; color: #000000; font-family: Questrial; font-size: 14px; text-align: justify; white-space: pre-line; line-height: 0.5;\" data-line-height=\"0.5\">&nbsp;<\/div><span style=\"font-size: 16px;\">Em Mar\u00e7o de 2015, durante uma atividade de verifica\u00e7\u00e3o do cadastro do grupo de S\u00e3o Bento\u00a0realizada pelo GEM, foi feita uma\u00a0visita\u00a0ao ponto marcado como Casal Velho I. Os trabalhos de campo da topografia aqui publicada foram realizados por Vitor Amendoeira, Tiago Matias, Denise Fialho\u00a0e Ana Anjo do GEM.<\/span>\n<\/div>\n<span style=\"caret-color: #e78b00; color: #e78b00; font-family: Questrial; font-size: 20px; letter-spacing: normal; white-space: pre-line;\">\nLocaliza\u00e7\u00e3o<\/span>\n<div style=\"letter-spacing: normal; margin: 0px; padding: 0px; font-family: Questrial; font-size: 14px; text-align: justify; white-space: pre-line;\"><div style=\"letter-spacing: normal; margin: 0px; padding: 0px; caret-color: #000000; color: #000000; font-family: Questrial; font-size: 14px; text-align: justify; white-space: pre-line; line-height: 0.5;\" data-line-height=\"0.5\">&nbsp;<\/div><span style=\"font-size: 16px;\">O algar localiza-se indo de S. Bento para o Casal Velho em sitio Jo\u00e3o Malh\u00e3o, planalto de Sto. Ant\u00f3nio no Maci\u00e7o Calc\u00e1rio Estremenho.<\/span><\/div>\n<span style=\"caret-color: #e78b00; color: #e78b00; font-family: Questrial; font-size: 20px; letter-spacing: normal; white-space: pre-line;\">\nDescri\u00e7\u00e3o<\/span>\n<div style=\"letter-spacing: normal; margin: 0px; padding: 0px; font-family: Questrial; font-size: 14px; text-align: justify; white-space: pre-line;\"><div style=\"letter-spacing: normal; margin: 0px; padding: 0px; caret-color: #000000; color: #000000; font-family: Questrial; font-size: 14px; text-align: justify; white-space: pre-line; line-height: 0.5;\" data-line-height=\"0.5\">&nbsp;<\/div><span style=\"font-size: 16px;\">Entrada larga com Figueira a brotar na boca bem v\u00edsivel. Na zona abundam os cerrados e infelizmente este algar tem sido usado, como dep\u00f3sito de cad\u00e1veres. A vertical de 21m termina num cone de blocos enquanto dep\u00f3sito de lixo e cad\u00e1veres de animais. Um ressalto  de 0,80cm para uma pequena sala  repleta de ossos. Para SW uma descontinuidade esta tamb\u00e9m culmatada de ossos que antev\u00ea um prolongamento.<\/span><\/div>\n<span style=\"caret-color: #e78b00; color: #e78b00; font-family: Questrial; font-size: 20px; letter-spacing: normal; white-space: pre-line;\">\nTopografia<\/span>\t\t\t\t\t\t\t\t<\/div>\n\t\t\t\t<\/div>\n\t\t\t\t\t<\/div>\n\t\t<\/div>\n\t\t\t\t\t<\/div>\n\t\t<\/section>\n\t\t\t\t<section class=\"elementor-section elementor-top-section elementor-element elementor-element-f8d55b7 elementor-section-boxed elementor-section-height-default elementor-section-height-default\" data-id=\"f8d55b7\" data-element_type=\"section\" data-e-type=\"section\">\n\t\t\t\t\t\t<div class=\"elementor-container elementor-column-gap-default\">\n\t\t\t\t\t<div class=\"aux-parallax-section elementor-column elementor-col-100 elementor-top-column elementor-element elementor-element-77c2492\" data-id=\"77c2492\" data-element_type=\"column\" data-e-type=\"column\">\n\t\t\t<div class=\"elementor-widget-wrap elementor-element-populated\">\n\t\t\t\t\t\t<div class=\"elementor-element elementor-element-15d1495 elementor-widget__width-auto elementor-widget elementor-widget-image\" data-id=\"15d1495\" data-element_type=\"widget\" data-e-type=\"widget\" data-widget_type=\"image.default\">\n\t\t\t\t<div class=\"elementor-widget-container\">\n\t\t\t\t\t\t\t\t\t\t\t\t\t\t\t\t<a href=\"https:\/\/www.gem.pt\/wp-content\/uploads\/2021\/02\/Algar_Casal_Velho_.jpg\" data-elementor-open-lightbox=\"yes\" data-elementor-lightbox-title=\"Algar_Casal_Velho_I\" data-e-action-hash=\"#elementor-action%3Aaction%3Dlightbox%26settings%3DeyJpZCI6ODkwMCwidXJsIjoiaHR0cHM6XC9cL3d3dy5nZW0ucHRcL3dwLWNvbnRlbnRcL3VwbG9hZHNcLzIwMjFcLzAyXC9BbGdhcl9DYXNhbF9WZWxob18uanBnIn0%3D\">\n\t\t\t\t\t\t\t<img fetchpriority=\"high\" decoding=\"async\" width=\"1199\" height=\"1759\" src=\"https:\/\/www.gem.pt\/wp-content\/uploads\/2021\/02\/Algar_Casal_Velho_.jpg\" class=\"attachment-full size-full wp-image-8900\" alt=\"\" \/>\t\t\t\t\t\t\t\t<\/a>\n\t\t\t\t\t\t\t\t\t\t\t\t\t\t\t<\/div>\n\t\t\t\t<\/div>\n\t\t\t\t\t<\/div>\n\t\t<\/div>\n\t\t\t\t\t<\/div>\n\t\t<\/section>\n\t\t\t\t<section class=\"elementor-section elementor-top-section elementor-element elementor-element-16d2332 elementor-section-boxed elementor-section-height-default elementor-section-height-default\" data-id=\"16d2332\" data-element_type=\"section\" data-e-type=\"section\">\n\t\t\t\t\t\t<div class=\"elementor-container elementor-column-gap-default\">\n\t\t\t\t\t<div class=\"aux-parallax-section elementor-column elementor-col-100 elementor-top-column elementor-element elementor-element-60c7405\" data-id=\"60c7405\" data-element_type=\"column\" data-e-type=\"column\">\n\t\t\t<div class=\"elementor-widget-wrap elementor-element-populated\">\n\t\t\t\t\t\t<div class=\"elementor-element elementor-element-c6fb8e1 elementor-widget elementor-widget-text-editor\" data-id=\"c6fb8e1\" data-element_type=\"widget\" data-e-type=\"widget\" data-widget_type=\"text-editor.default\">\n\t\t\t\t<div class=\"elementor-widget-container\">\n\t\t\t\t\t\t\t\t\t<div style=\"letter-spacing: normal; margin: 0px; padding: 0px; font-family: Questrial; font-size: 14px; text-align: justify; white-space: pre-line;\"><span style=\"font-size: 16px;\">\u00a0<\/span><\/div><div style=\"letter-spacing: normal; margin: 0px; padding: 0px; font-family: Questrial; font-size: 14px; text-align: justify; white-space: pre-line;\"><span style=\"font-size: 16px;\">Texto: Vitor Amendoeira<\/span>\u00a0<\/div>\t\t\t\t\t\t\t\t<\/div>\n\t\t\t\t<\/div>\n\t\t\t\t\t<\/div>\n\t\t<\/div>\n\t\t\t\t\t<\/div>\n\t\t<\/section>\n\t\t\t\t<\/div>\n\t\t","protected":false},"excerpt":{"rendered":"<p>Algar Casal Velho I 1 de Mar\u00e7o de 2015Introdu\u00e7\u00e3o &nbsp;Em Mar\u00e7o de 2015, durante uma atividade de verifica\u00e7\u00e3o do cadastro do grupo de S\u00e3o Bento\u00a0realizada pelo GEM, foi feita uma\u00a0visita\u00a0ao ponto marcado como Casal Velho I. Os trabalhos de campo da topografia aqui publicada foram realizados por Vitor Amendoeira, Tiago Matias, Denise Fialho\u00a0e Ana Anjo [&hellip;]<\/p>\n","protected":false},"author":3,"featured_media":0,"parent":1574,"menu_order":0,"comment_status":"closed","ping_status":"closed","template":"","meta":{"footnotes":""},"class_list":["post-9008","page","type-page","status-publish","hentry"],"_links":{"self":[{"href":"https:\/\/www.gem.pt\/1\/wp-json\/wp\/v2\/pages\/9008","targetHints":{"allow":["GET"]}}],"collection":[{"href":"https:\/\/www.gem.pt\/1\/wp-json\/wp\/v2\/pages"}],"about":[{"href":"https:\/\/www.gem.pt\/1\/wp-json\/wp\/v2\/types\/page"}],"author":[{"embeddable":true,"href":"https:\/\/www.gem.pt\/1\/wp-json\/wp\/v2\/users\/3"}],"replies":[{"embeddable":true,"href":"https:\/\/www.gem.pt\/1\/wp-json\/wp\/v2\/comments?post=9008"}],"version-history":[{"count":0,"href":"https:\/\/www.gem.pt\/1\/wp-json\/wp\/v2\/pages\/9008\/revisions"}],"up":[{"embeddable":true,"href":"https:\/\/www.gem.pt\/1\/wp-json\/wp\/v2\/pages\/1574"}],"wp:attachment":[{"href":"https:\/\/www.gem.pt\/1\/wp-json\/wp\/v2\/media?parent=9008"}],"curies":[{"name":"wp","href":"https:\/\/api.w.org\/{rel}","templated":true}]}}