{"id":850,"date":"2020-05-21T14:15:08","date_gmt":"2020-05-21T13:15:08","guid":{"rendered":"https:\/\/www.gem.pt\/@teste\/?page_id=850"},"modified":"2025-05-06T22:42:18","modified_gmt":"2025-05-06T21:42:18","slug":"projetos","status":"publish","type":"page","link":"https:\/\/www.gem.pt\/1\/projetos\/","title":{"rendered":"Projetos"},"content":{"rendered":"<style>.elementor-850 .elementor-element.elementor-element-9bd6efa > .elementor-container{min-height:400px;}.elementor-850 .elementor-element.elementor-element-9bd6efa:not(.elementor-motion-effects-element-type-background), .elementor-850 .elementor-element.elementor-element-9bd6efa > .elementor-motion-effects-container > .elementor-motion-effects-layer{background:url(\"https:\/\/www.gem.pt\/wp-content\/uploads\/2021\/02\/20200815-P8150017.jpg\") 50% 50%;background-size:cover;}.elementor-850 .elementor-element.elementor-element-9bd6efa{transition:background 0.3s, border 0.3s, border-radius 0.3s, box-shadow 0.3s;max-height:400px;min-height:400px;}.elementor-850 .elementor-element.elementor-element-9bd6efa > .elementor-background-overlay{transition:background 0.3s, border-radius 0.3s, opacity 0.3s;}.elementor-850 .elementor-element.elementor-element-9bd6efa > .elementor-shape-bottom svg{width:calc(160% + 1.3px);height:140px;}.elementor-850 .elementor-element.elementor-element-f8b07de.elementor-column > .elementor-widget-wrap{justify-content:center;}.elementor-850 .elementor-element.elementor-element-f8b07de > .elementor-element-populated{margin:0px 0px -10px 0px;--e-column-margin-right:0px;--e-column-margin-left:0px;}.elementor-850 .elementor-element.elementor-element-d0f9003{text-align:start;max-width:1190px;}.elementor-850 .elementor-element.elementor-element-d0f9003 .elementor-heading-title{text-shadow:3px 3px 4px rgba(0,0,0,0.3);}.elementor-850 .elementor-element.elementor-element-2c0b395d > .elementor-container > .elementor-column > .elementor-widget-wrap{align-content:center;align-items:center;}.elementor-850 .elementor-element.elementor-element-2c0b395d{padding:50px 0px 0px 0px;}.elementor-850 .elementor-element.elementor-element-f1251e3{margin-top:-100px;margin-bottom:0px;}.elementor-850 .elementor-element.elementor-element-be9a3f0 > .elementor-widget-wrap > .elementor-widget:not(.elementor-widget__width-auto):not(.elementor-widget__width-initial):not(:last-child):not(.elementor-absolute){margin-block-end:0px;}.elementor-850 .elementor-element.elementor-element-be9a3f0 > .elementor-element-populated{padding:0px 0px 0px 0px;}.elementor-850 .elementor-element.elementor-element-a5aa1e1 .elementor-icon-list-items:not(.elementor-inline-items) .elementor-icon-list-item:not(:last-child){padding-block-end:calc(15px\/2);}.elementor-850 .elementor-element.elementor-element-a5aa1e1 .elementor-icon-list-items:not(.elementor-inline-items) .elementor-icon-list-item:not(:first-child){margin-block-start:calc(15px\/2);}.elementor-850 .elementor-element.elementor-element-a5aa1e1 .elementor-icon-list-items.elementor-inline-items .elementor-icon-list-item{margin-inline:calc(15px\/2);}.elementor-850 .elementor-element.elementor-element-a5aa1e1 .elementor-icon-list-items.elementor-inline-items{margin-inline:calc(-15px\/2);}.elementor-850 .elementor-element.elementor-element-a5aa1e1 .elementor-icon-list-items.elementor-inline-items .elementor-icon-list-item:after{inset-inline-end:calc(-15px\/2);}.elementor-850 .elementor-element.elementor-element-a5aa1e1 .elementor-icon-list-icon i{color:#000000;transition:color 0.3s;}.elementor-850 .elementor-element.elementor-element-a5aa1e1 .elementor-icon-list-icon svg{fill:#000000;transition:fill 0.3s;}.elementor-850 .elementor-element.elementor-element-a5aa1e1 .elementor-icon-list-item:hover .elementor-icon-list-icon i{color:#FF9900;}.elementor-850 .elementor-element.elementor-element-a5aa1e1 .elementor-icon-list-item:hover .elementor-icon-list-icon svg{fill:#FF9900;}.elementor-850 .elementor-element.elementor-element-a5aa1e1{--e-icon-list-icon-size:18px;--icon-vertical-offset:0px;}.elementor-850 .elementor-element.elementor-element-a5aa1e1 .elementor-icon-list-item > .elementor-icon-list-text, .elementor-850 .elementor-element.elementor-element-a5aa1e1 .elementor-icon-list-item > a{line-height:1.5em;}.elementor-850 .elementor-element.elementor-element-a5aa1e1 .elementor-icon-list-text{color:#000000;transition:color 0.3s;}.elementor-850 .elementor-element.elementor-element-a5aa1e1 .elementor-icon-list-item:hover .elementor-icon-list-text{color:#7A7A7A;}.elementor-850 .elementor-element.elementor-element-a5aa1e1 > .elementor-widget-container{margin:10px 0px 0px 50px;}@media(max-width:1024px){.elementor-850 .elementor-element.elementor-element-d0f9003{text-align:start;max-width:100%;}.elementor-850 .elementor-element.elementor-element-2c0b395d{padding:100px 25px 100px 25px;}}@media(max-width:767px){.elementor-850 .elementor-element.elementor-element-d0f9003{max-width:100%;}.elementor-850 .elementor-element.elementor-element-2c0b395d{padding:50px 20px 50px 20px;}}<\/style>\t\t<div data-elementor-type=\"wp-page\" data-elementor-id=\"850\" class=\"elementor elementor-850\">\n\t\t\t\t\t\t<section class=\"elementor-section elementor-top-section elementor-element elementor-element-9bd6efa elementor-section-full_width elementor-section-height-min-height elementor-section-items-bottom elementor-section-height-default\" data-id=\"9bd6efa\" data-element_type=\"section\" data-e-type=\"section\" data-settings=\"{&quot;background_background&quot;:&quot;video&quot;,&quot;shape_divider_bottom&quot;:&quot;opacity-tilt&quot;,&quot;background_video_link&quot;:&quot;https:\\\/\\\/youtu.be\\\/v28tmnqy1cY?si=UKKOdSYJ_AmoEtnm&quot;}\">\n\t\t\t\t\t\t\t\t<div class=\"elementor-background-video-container elementor-hidden-mobile\">\n\t\t\t\t\t\t\t\t\t\t\t\t\t<div class=\"elementor-background-video-embed\" role=\"presentation\"><\/div>\n\t\t\t\t\t\t\t\t\t\t\t\t<\/div>\n\t\t\t\t\t\t\t<div class=\"elementor-shape elementor-shape-bottom\" aria-hidden=\"true\" data-negative=\"false\">\n\t\t\t<svg xmlns=\"http:\/\/www.w3.org\/2000\/svg\" viewBox=\"0 0 2600 131.1\" preserveAspectRatio=\"none\">\n\t<path class=\"elementor-shape-fill\" d=\"M0 0L2600 0 2600 69.1 0 0z\"\/>\n\t<path class=\"elementor-shape-fill\" style=\"opacity:0.5\" d=\"M0 0L2600 0 2600 69.1 0 69.1z\"\/>\n\t<path class=\"elementor-shape-fill\" style=\"opacity:0.25\" d=\"M2600 0L0 0 0 130.1 2600 69.1z\"\/>\n<\/svg>\t\t<\/div>\n\t\t\t\t\t<div class=\"elementor-container elementor-column-gap-default\">\n\t\t\t\t\t<div class=\"aux-parallax-section elementor-column elementor-col-100 elementor-top-column elementor-element elementor-element-f8b07de\" data-id=\"f8b07de\" data-element_type=\"column\" data-e-type=\"column\">\n\t\t\t<div class=\"elementor-widget-wrap elementor-element-populated\">\n\t\t\t\t\t\t<div class=\"elementor-element elementor-element-d0f9003 elementor-widget elementor-widget-heading\" data-id=\"d0f9003\" data-element_type=\"widget\" data-e-type=\"widget\" data-widget_type=\"heading.default\">\n\t\t\t\t<div class=\"elementor-widget-container\">\n\t\t\t\t\t<h1 class=\"elementor-heading-title elementor-size-default\">Projetos<\/h1>\t\t\t\t<\/div>\n\t\t\t\t<\/div>\n\t\t\t\t\t<\/div>\n\t\t<\/div>\n\t\t\t\t\t<\/div>\n\t\t<\/section>\n\t\t\t\t<section class=\"elementor-section elementor-top-section elementor-element elementor-element-2c0b395d elementor-section-content-middle elementor-section-boxed elementor-section-height-default elementor-section-height-default\" data-id=\"2c0b395d\" data-element_type=\"section\" data-e-type=\"section\">\n\t\t\t\t\t\t<div class=\"elementor-container elementor-column-gap-no\">\n\t\t\t\t\t<div class=\"aux-parallax-section elementor-column elementor-col-100 elementor-top-column elementor-element elementor-element-485c5686\" data-id=\"485c5686\" data-element_type=\"column\" data-e-type=\"column\">\n\t\t\t<div class=\"elementor-widget-wrap elementor-element-populated\">\n\t\t\t\t\t\t<div class=\"elementor-element elementor-element-07d74a3 elementor-widget elementor-widget-text-editor\" data-id=\"07d74a3\" data-element_type=\"widget\" data-e-type=\"widget\" data-widget_type=\"text-editor.default\">\n\t\t\t\t<div class=\"elementor-widget-container\">\n\t\t\t\t\t\t\t\t\t<p style=\"text-align: left;\"><span style=\"caret-color: #e78b00; color: #e78b00; font-family: Questrial; font-size: 20px; white-space: pre-line;\">Que projetos existem no GEM?<img fetchpriority=\"high\" decoding=\"async\" class=\"alignright wp-image-873\" src=\"https:\/\/www.gem.pt\/wp-content\/uploads\/2020\/05\/Projetos_0_1-854x1024.jpg\" alt=\"\" width=\"424\" height=\"350\" \/><\/span><\/p><div><p><span style=\"letter-spacing: normal; caret-color: #000000; color: #000000; font-family: Questrial; text-align: justify; white-space: pre-line;\">Em todas as \u00e1reas de atividade a que o GEM se dedica existem projetos espec\u00edficos que se encontram em desenvolvimento.<\/span><\/p><p><span style=\"letter-spacing: normal; caret-color: #000000; color: #000000; font-family: Questrial; text-align: justify; white-space: pre-line;\">Toda a din\u00e2mica destes se desenvolve, na sua totalidade ou em determinados per\u00edodos, por uma constante colabora\u00e7\u00e3o entre o GEM e outras associa\u00e7\u00f5es tanto nacionais, como internacionais<\/span><span style=\"letter-spacing: normal; caret-color: #000000; color: #000000; font-family: Questrial; text-align: justify; white-space: pre-line;\"><br \/><\/span><\/p><p><span style=\"letter-spacing: normal; caret-color: #000000; color: #000000; font-family: Questrial; text-align: justify; white-space: pre-line;\">\u00a0<\/span><\/p><p><span style=\"letter-spacing: normal; caret-color: #000000; color: #000000; font-family: Questrial; text-align: justify; white-space: pre-line;\">\u00a0<\/span><\/p><p><span style=\"letter-spacing: normal; caret-color: #000000; color: #000000; font-family: Questrial; text-align: justify; white-space: pre-line;\">\u00a0<\/span><\/p><\/div>\t\t\t\t\t\t\t\t<\/div>\n\t\t\t\t<\/div>\n\t\t\t\t\t<\/div>\n\t\t<\/div>\n\t\t\t\t\t<\/div>\n\t\t<\/section>\n\t\t\t\t<section class=\"elementor-section elementor-top-section elementor-element elementor-element-f1251e3 elementor-section-boxed elementor-section-height-default elementor-section-height-default\" data-id=\"f1251e3\" data-element_type=\"section\" data-e-type=\"section\">\n\t\t\t\t\t\t<div class=\"elementor-container elementor-column-gap-default\">\n\t\t\t\t\t<div class=\"aux-parallax-section elementor-column elementor-col-100 elementor-top-column elementor-element elementor-element-be9a3f0\" data-id=\"be9a3f0\" data-element_type=\"column\" data-e-type=\"column\">\n\t\t\t<div class=\"elementor-widget-wrap elementor-element-populated\">\n\t\t\t\t\t\t<div class=\"elementor-element elementor-element-f584432 elementor-widget elementor-widget-text-editor\" data-id=\"f584432\" data-element_type=\"widget\" data-e-type=\"widget\" data-widget_type=\"text-editor.default\">\n\t\t\t\t<div class=\"elementor-widget-container\">\n\t\t\t\t\t\t\t\t\t<p><span style=\"letter-spacing: normal; caret-color: #e78b00; color: #e78b00; font-family: Questrial; font-size: 20px; white-space: pre-line;\">Projetos atualmente em curso no GEM<\/span><\/p>\t\t\t\t\t\t\t\t<\/div>\n\t\t\t\t<\/div>\n\t\t\t\t<div class=\"elementor-element elementor-element-a5aa1e1 elementor-align-start elementor-icon-list--layout-traditional elementor-list-item-link-full_width elementor-widget elementor-widget-icon-list\" data-id=\"a5aa1e1\" data-element_type=\"widget\" data-e-type=\"widget\" data-widget_type=\"icon-list.default\">\n\t\t\t\t<div class=\"elementor-widget-container\">\n\t\t\t\t\t\t\t<ul class=\"elementor-icon-list-items\">\n\t\t\t\t\t\t\t<li class=\"elementor-icon-list-item\">\n\t\t\t\t\t\t\t\t\t\t\t<a href=\"\/1\/index.php\/projetos\/climatologia\/\">\n\n\t\t\t\t\t\t\t\t\t\t\t\t<span class=\"elementor-icon-list-icon\">\n\t\t\t\t\t\t\t<i aria-hidden=\"true\" class=\"fas fa-chevron-circle-right\"><\/i>\t\t\t\t\t\t<\/span>\n\t\t\t\t\t\t\t\t\t\t<span class=\"elementor-icon-list-text\"><strong style=\"font-size: 20px;text-align: left\">Projeto de Climatologia<\/strong><br>ECGPC - Estudo Climatol\u00f3gico das Grutas de Portugal Continental<\/span>\n\t\t\t\t\t\t\t\t\t\t\t<\/a>\n\t\t\t\t\t\t\t\t\t<\/li>\n\t\t\t\t\t\t\t\t<li class=\"elementor-icon-list-item\">\n\t\t\t\t\t\t\t\t\t\t\t<a href=\"\/1\/index.php\/projetos\/espeleo-polje\/\">\n\n\t\t\t\t\t\t\t\t\t\t\t\t<span class=\"elementor-icon-list-icon\">\n\t\t\t\t\t\t\t<i aria-hidden=\"true\" class=\"fas fa-chevron-circle-right\"><\/i>\t\t\t\t\t\t<\/span>\n\t\t\t\t\t\t\t\t\t\t<span class=\"elementor-icon-list-text\"><strong style=\"font-size: 20px;text-align: left\">Projeto Espeleo-Polje<\/strong><br>Explora\u00e7\u00e3o e estudo das grutas associadas \u00e0s nascentes c\u00e1rsicas do Polje de Minde<\/span>\n\t\t\t\t\t\t\t\t\t\t\t<\/a>\n\t\t\t\t\t\t\t\t\t<\/li>\n\t\t\t\t\t\t\t\t<li class=\"elementor-icon-list-item\">\n\t\t\t\t\t\t\t\t\t\t\t<a href=\"\/1\/index.php\/projetos\/prospecao-em-pnsac\/\">\n\n\t\t\t\t\t\t\t\t\t\t\t\t<span class=\"elementor-icon-list-icon\">\n\t\t\t\t\t\t\t<i aria-hidden=\"true\" class=\"fas fa-chevron-circle-right\"><\/i>\t\t\t\t\t\t<\/span>\n\t\t\t\t\t\t\t\t\t\t<span class=\"elementor-icon-list-text\"><strong style=\"font-size: 20px;text-align: left\">Projeto de Prospe\u00e7\u00e3o em PNSAC<\/strong><br>Projeto de prospe\u00e7\u00e3o e verifica\u00e7\u00e3o de pontos no Parque Natural das Serras de Aire e Candeeiros (PNSAC)<\/span>\n\t\t\t\t\t\t\t\t\t\t\t<\/a>\n\t\t\t\t\t\t\t\t\t<\/li>\n\t\t\t\t\t\t\t\t<li class=\"elementor-icon-list-item\">\n\t\t\t\t\t\t\t\t\t\t\t<a href=\"\/1\/index.php\/projetos\/cabelo-dos-alecrineiros\/\">\n\n\t\t\t\t\t\t\t\t\t\t\t\t<span class=\"elementor-icon-list-icon\">\n\t\t\t\t\t\t\t<i aria-hidden=\"true\" class=\"fas fa-chevron-circle-right\"><\/i>\t\t\t\t\t\t<\/span>\n\t\t\t\t\t\t\t\t\t\t<span class=\"elementor-icon-list-text\"><strong style=\"font-size: 20px;text-align: left\">Projeto Cabe\u00e7o dos Alecrineiros<\/strong><br>Prospe\u00e7\u00e3o, Levantamento e Explora\u00e7\u00e3o no Cabe\u00e7o dos Alecrineiros<\/span>\n\t\t\t\t\t\t\t\t\t\t\t<\/a>\n\t\t\t\t\t\t\t\t\t<\/li>\n\t\t\t\t\t\t\t\t<li class=\"elementor-icon-list-item\">\n\t\t\t\t\t\t\t\t\t\t\t<a href=\"\/1\/index.php\/projetos\/espeleocota\/\">\n\n\t\t\t\t\t\t\t\t\t\t\t\t<span class=\"elementor-icon-list-icon\">\n\t\t\t\t\t\t\t<i aria-hidden=\"true\" class=\"fas fa-chevron-circle-right\"><\/i>\t\t\t\t\t\t<\/span>\n\t\t\t\t\t\t\t\t\t\t<span class=\"elementor-icon-list-text\"><strong style=\"font-size: 20px;text-align: left\">Projeto Espeleocota<\/strong><br>Levantamento topogr\u00e1fico e geol\u00f3gico de cavidades de origem fre\u00e1tica do Maci\u00e7o Calc\u00e1rio Estremenho e sua envolvente<\/span>\n\t\t\t\t\t\t\t\t\t\t\t<\/a>\n\t\t\t\t\t\t\t\t\t<\/li>\n\t\t\t\t\t\t\t\t<li class=\"elementor-icon-list-item\">\n\t\t\t\t\t\t\t\t\t\t\t<a href=\"\/1\/index.php\/projetos\/olho-da-mata\/\">\n\n\t\t\t\t\t\t\t\t\t\t\t\t<span class=\"elementor-icon-list-icon\">\n\t\t\t\t\t\t\t<i aria-hidden=\"true\" class=\"fas fa-chevron-circle-right\"><\/i>\t\t\t\t\t\t<\/span>\n\t\t\t\t\t\t\t\t\t\t<span class=\"elementor-icon-list-text\"><strong style=\"font-size: 20px;text-align: left\">Projeto Vale da Trave \u2013 Moitas Venda<\/strong><br>Levantamento topogr\u00e1fico e geol\u00f3gico de cavidades c\u00e1rsicas situadas no corredor Vale da Trave \u2013 Moitas Venda<\/span>\n\t\t\t\t\t\t\t\t\t\t\t<\/a>\n\t\t\t\t\t\t\t\t\t<\/li>\n\t\t\t\t\t\t\t\t<li class=\"elementor-icon-list-item\">\n\t\t\t\t\t\t\t\t\t\t\t<a href=\"\/1\/index.php\/projetos\/espeleo-barlavento\/\">\n\n\t\t\t\t\t\t\t\t\t\t\t\t<span class=\"elementor-icon-list-icon\">\n\t\t\t\t\t\t\t<i aria-hidden=\"true\" class=\"fas fa-chevron-circle-right\"><\/i>\t\t\t\t\t\t<\/span>\n\t\t\t\t\t\t\t\t\t\t<span class=\"elementor-icon-list-text\"><strong style=\"font-size: 20px;text-align: left\">Projeto Espeleo-Barlavento<\/strong><br>Estudo, inventaria\u00e7\u00e3o e topografia das cavidades do litoral Algarvio<\/span>\n\t\t\t\t\t\t\t\t\t\t\t<\/a>\n\t\t\t\t\t\t\t\t\t<\/li>\n\t\t\t\t\t\t\t\t<li class=\"elementor-icon-list-item\">\n\t\t\t\t\t\t\t\t\t\t\t<a href=\"\/1\/index.php\/projetos\/projeto-espeleologico-valongo\/\">\n\n\t\t\t\t\t\t\t\t\t\t\t\t<span class=\"elementor-icon-list-icon\">\n\t\t\t\t\t\t\t<i aria-hidden=\"true\" class=\"fas fa-chevron-circle-right\"><\/i>\t\t\t\t\t\t<\/span>\n\t\t\t\t\t\t\t\t\t\t<span class=\"elementor-icon-list-text\"><strong style=\"font-size: 20px;text-align: left\">Projeto Espeleol\u00f3gico-Valongo<\/strong><br>Explora\u00e7\u00e3o espeleol\u00f3gica da vertente Nordeste da Serra de Sta. Justa, Valongo<\/span>\n\t\t\t\t\t\t\t\t\t\t\t<\/a>\n\t\t\t\t\t\t\t\t\t<\/li>\n\t\t\t\t\t\t\t\t<li class=\"elementor-icon-list-item\">\n\t\t\t\t\t\t\t\t\t\t\t<a href=\"\/1\/index.php\/projetos\/monitorizacao-de-morcegos\/\">\n\n\t\t\t\t\t\t\t\t\t\t\t\t<span class=\"elementor-icon-list-icon\">\n\t\t\t\t\t\t\t<i aria-hidden=\"true\" class=\"fas fa-chevron-circle-right\"><\/i>\t\t\t\t\t\t<\/span>\n\t\t\t\t\t\t\t\t\t\t<span class=\"elementor-icon-list-text\"><strong style=\"font-size: 20px;text-align: left\">Monitoriza\u00e7\u00e3o de Quir\u00f3pteros<\/strong><br>Monitoriza\u00e7\u00f5es de Morcegos Cavern\u00edcolas<\/span>\n\t\t\t\t\t\t\t\t\t\t\t<\/a>\n\t\t\t\t\t\t\t\t\t<\/li>\n\t\t\t\t\t\t\t\t<li class=\"elementor-icon-list-item\">\n\t\t\t\t\t\t\t\t\t\t\t<a href=\"\/1\/index.php\/projetos\/alcobertas\/\">\n\n\t\t\t\t\t\t\t\t\t\t\t\t<span class=\"elementor-icon-list-icon\">\n\t\t\t\t\t\t\t<i aria-hidden=\"true\" class=\"fas fa-chevron-circle-right\"><\/i>\t\t\t\t\t\t<\/span>\n\t\t\t\t\t\t\t\t\t\t<span class=\"elementor-icon-list-text\"><strong style=\"font-size: 20px;text-align: left\">Projeto Alcobertas<\/strong><br>Levantamento de coordenadas e topografia das cavidades da regi\u00e3o de Alcobertas<\/span>\n\t\t\t\t\t\t\t\t\t\t\t<\/a>\n\t\t\t\t\t\t\t\t\t<\/li>\n\t\t\t\t\t\t\t\t<li class=\"elementor-icon-list-item\">\n\t\t\t\t\t\t\t\t\t\t\t<a href=\"\/1\/index.php\/projetos\/projeto-espeleologico-parque-biologico-de-gaia\/\">\n\n\t\t\t\t\t\t\t\t\t\t\t\t<span class=\"elementor-icon-list-icon\">\n\t\t\t\t\t\t\t<i aria-hidden=\"true\" class=\"fas fa-chevron-circle-right\"><\/i>\t\t\t\t\t\t<\/span>\n\t\t\t\t\t\t\t\t\t\t<span class=\"elementor-icon-list-text\"><strong style=\"font-size: 20px;text-align: left\">Projeto Espeleol\u00f3gico Parque Biol\u00f3gico de Gaia<\/strong><br>Levantamento Espeleol\u00f3gico das Minas de \u00c1gua do Parque Biol\u00f3gico de Gaia \u2013 1\u00aa Fase<\/span>\n\t\t\t\t\t\t\t\t\t\t\t<\/a>\n\t\t\t\t\t\t\t\t\t<\/li>\n\t\t\t\t\t\t\t\t<li class=\"elementor-icon-list-item\">\n\t\t\t\t\t\t\t\t\t\t\t<a href=\"\/1\/index.php\/projetos\/projeto-espeleologico-de-valongo-ao-paraiso\/\">\n\n\t\t\t\t\t\t\t\t\t\t\t\t<span class=\"elementor-icon-list-icon\">\n\t\t\t\t\t\t\t<i aria-hidden=\"true\" class=\"fas fa-chevron-circle-right\"><\/i>\t\t\t\t\t\t<\/span>\n\t\t\t\t\t\t\t\t\t\t<span class=\"elementor-icon-list-text\"><strong style=\"font-size: 20px;text-align: left\">De Valongo ao Para\u00edso<\/strong><br>Projeto Espeleol\u00f3gico do patrim\u00f3nio mineiro do concelho de Valongo<\/span>\n\t\t\t\t\t\t\t\t\t\t\t<\/a>\n\t\t\t\t\t\t\t\t\t<\/li>\n\t\t\t\t\t\t<\/ul>\n\t\t\t\t\t\t<\/div>\n\t\t\t\t<\/div>\n\t\t\t\t\t<\/div>\n\t\t<\/div>\n\t\t\t\t\t<\/div>\n\t\t<\/section>\n\t\t\t\t<\/div>\n\t\t","protected":false},"excerpt":{"rendered":"<p>Projetos Que projetos existem no GEM? Em todas as \u00e1reas de atividade a que o GEM se dedica existem projetos espec\u00edficos que se encontram em desenvolvimento. Toda a din\u00e2mica destes se desenvolve, na sua totalidade ou em determinados per\u00edodos, por uma constante colabora\u00e7\u00e3o entre o GEM e outras associa\u00e7\u00f5es tanto nacionais, como internacionais \u00a0 \u00a0 [&hellip;]<\/p>\n","protected":false},"author":1,"featured_media":0,"parent":0,"menu_order":4,"comment_status":"closed","ping_status":"closed","template":"","meta":{"footnotes":""},"class_list":["post-850","page","type-page","status-publish","hentry"],"_links":{"self":[{"href":"https:\/\/www.gem.pt\/1\/wp-json\/wp\/v2\/pages\/850","targetHints":{"allow":["GET"]}}],"collection":[{"href":"https:\/\/www.gem.pt\/1\/wp-json\/wp\/v2\/pages"}],"about":[{"href":"https:\/\/www.gem.pt\/1\/wp-json\/wp\/v2\/types\/page"}],"author":[{"embeddable":true,"href":"https:\/\/www.gem.pt\/1\/wp-json\/wp\/v2\/users\/1"}],"replies":[{"embeddable":true,"href":"https:\/\/www.gem.pt\/1\/wp-json\/wp\/v2\/comments?post=850"}],"version-history":[{"count":0,"href":"https:\/\/www.gem.pt\/1\/wp-json\/wp\/v2\/pages\/850\/revisions"}],"wp:attachment":[{"href":"https:\/\/www.gem.pt\/1\/wp-json\/wp\/v2\/media?parent=850"}],"curies":[{"name":"wp","href":"https:\/\/api.w.org\/{rel}","templated":true}]}}