{"id":776,"date":"2020-05-18T18:55:07","date_gmt":"2020-05-18T18:55:07","guid":{"rendered":"https:\/\/www.gem.pt\/@teste\/?page_id=776"},"modified":"2025-08-09T15:06:52","modified_gmt":"2025-08-09T14:06:52","slug":"vantagens","status":"publish","type":"page","link":"https:\/\/www.gem.pt\/1\/socio-gem\/vantagens\/","title":{"rendered":"Vantagens"},"content":{"rendered":"<style>.elementor-776 .elementor-element.elementor-element-9bd6efa > .elementor-container{min-height:400px;}.elementor-776 .elementor-element.elementor-element-9bd6efa > .elementor-container > .elementor-column > .elementor-widget-wrap{align-content:center;align-items:center;}.elementor-776 .elementor-element.elementor-element-9bd6efa .elementor-background-slideshow__slide__image{background-size:cover;background-position:center center;}.elementor-776 .elementor-element.elementor-element-9bd6efa{transition:background 0.3s, border 0.3s, border-radius 0.3s, box-shadow 0.3s;max-height:400px;min-height:400px;}.elementor-776 .elementor-element.elementor-element-9bd6efa > .elementor-background-overlay{transition:background 0.3s, border-radius 0.3s, opacity 0.3s;}.elementor-776 .elementor-element.elementor-element-9bd6efa > .elementor-shape-bottom svg{width:calc(160% + 1.3px);height:170px;}.elementor-776 .elementor-element.elementor-element-f8b07de.elementor-column > .elementor-widget-wrap{justify-content:center;}.elementor-776 .elementor-element.elementor-element-f8b07de > .elementor-element-populated{margin:0px 0px -10px 0px;--e-column-margin-right:0px;--e-column-margin-left:0px;}.elementor-776 .elementor-element.elementor-element-d0f9003{text-align:start;max-width:1190px;}.elementor-776 .elementor-element.elementor-element-d0f9003 .elementor-heading-title{text-shadow:3px 3px 4px rgba(0,0,0,0.3);}.elementor-776 .elementor-element.elementor-element-38ede328{overflow:hidden;}.elementor-776 .elementor-element.elementor-element-38ede328 > .elementor-background-overlay{opacity:1;}@media(max-width:1024px){.elementor-776 .elementor-element.elementor-element-d0f9003{text-align:start;max-width:100%;}}@media(max-width:767px){.elementor-776 .elementor-element.elementor-element-d0f9003{max-width:100%;}}<\/style>\t\t<div data-elementor-type=\"wp-page\" data-elementor-id=\"776\" class=\"elementor elementor-776\">\n\t\t\t\t\t\t<section class=\"elementor-section elementor-top-section elementor-element elementor-element-9bd6efa elementor-section-full_width elementor-section-height-min-height elementor-section-items-bottom elementor-section-content-middle elementor-section-height-default\" data-id=\"9bd6efa\" data-element_type=\"section\" data-e-type=\"section\" data-settings=\"{&quot;background_background&quot;:&quot;slideshow&quot;,&quot;background_slideshow_gallery&quot;:[{&quot;id&quot;:778,&quot;url&quot;:&quot;https:\\\/\\\/www.gem.pt\\\/wp-content\\\/uploads\\\/2020\\\/05\\\/Socio_1_0-scaled-e1589829874119.jpg&quot;}],&quot;shape_divider_bottom&quot;:&quot;opacity-tilt&quot;,&quot;background_slideshow_slide_transition&quot;:&quot;fade&quot;}\">\n\t\t\t\t\t<div class=\"elementor-shape elementor-shape-bottom\" aria-hidden=\"true\" data-negative=\"false\">\n\t\t\t<svg xmlns=\"http:\/\/www.w3.org\/2000\/svg\" viewBox=\"0 0 2600 131.1\" preserveAspectRatio=\"none\">\n\t<path class=\"elementor-shape-fill\" d=\"M0 0L2600 0 2600 69.1 0 0z\"\/>\n\t<path class=\"elementor-shape-fill\" style=\"opacity:0.5\" d=\"M0 0L2600 0 2600 69.1 0 69.1z\"\/>\n\t<path class=\"elementor-shape-fill\" style=\"opacity:0.25\" d=\"M2600 0L0 0 0 130.1 2600 69.1z\"\/>\n<\/svg>\t\t<\/div>\n\t\t\t\t\t<div class=\"elementor-container elementor-column-gap-default\">\n\t\t\t\t\t<div class=\"aux-parallax-section elementor-column elementor-col-100 elementor-top-column elementor-element elementor-element-f8b07de\" data-id=\"f8b07de\" data-element_type=\"column\" data-e-type=\"column\">\n\t\t\t<div class=\"elementor-widget-wrap elementor-element-populated\">\n\t\t\t\t\t\t<div class=\"elementor-element elementor-element-d0f9003 elementor-widget elementor-widget-heading\" data-id=\"d0f9003\" data-element_type=\"widget\" data-e-type=\"widget\" data-widget_type=\"heading.default\">\n\t\t\t\t<div class=\"elementor-widget-container\">\n\t\t\t\t\t<h1 class=\"elementor-heading-title elementor-size-default\">Vantagens S\u00f3cio GEM<\/h1>\t\t\t\t<\/div>\n\t\t\t\t<\/div>\n\t\t\t\t\t<\/div>\n\t\t<\/div>\n\t\t\t\t\t<\/div>\n\t\t<\/section>\n\t\t\t\t<section class=\"elementor-section elementor-top-section elementor-element elementor-element-38ede328 elementor-section-boxed elementor-section-height-default elementor-section-height-default\" data-id=\"38ede328\" data-element_type=\"section\" data-e-type=\"section\">\n\t\t\t\t\t\t\t<div class=\"elementor-background-overlay\"><\/div>\n\t\t\t\t\t\t\t<div class=\"elementor-container elementor-column-gap-default\">\n\t\t\t\t\t<div class=\"aux-parallax-section elementor-column elementor-col-100 elementor-top-column elementor-element elementor-element-297eb977\" data-id=\"297eb977\" data-element_type=\"column\" data-e-type=\"column\">\n\t\t\t<div class=\"elementor-widget-wrap elementor-element-populated\">\n\t\t\t\t\t\t<div class=\"elementor-element elementor-element-2c266a0e elementor-widget elementor-widget-text-editor\" data-id=\"2c266a0e\" data-element_type=\"widget\" data-e-type=\"widget\" data-widget_type=\"text-editor.default\">\n\t\t\t\t<div class=\"elementor-widget-container\">\n\t\t\t\t\t\t\t\t\t<div style=\"text-align: left;\"><div style=\"letter-spacing: normal; margin: 0px; padding: 0px; caret-color: #000000; color: #000000; font-family: Questrial; text-align: justify; white-space: pre-line;\"><span style=\"caret-color: #e78b00; color: #e78b00; font-size: 20px;\">\u00a0<\/span><\/div><div style=\"letter-spacing: normal; margin: 0px; padding: 0px; caret-color: #000000; color: #000000; font-family: Questrial; text-align: justify; white-space: pre-line;\"><span style=\"caret-color: #e78b00; color: #e78b00; font-size: 20px;\">Descubra as vantagens de pertender \u00e0 fam\u00edlia\u00a0GEM<\/span><\/div><div>\u00a0<\/div><\/div><hr \/>\t\t\t\t\t\t\t\t<\/div>\n\t\t\t\t<\/div>\n\t\t\t\t\t<\/div>\n\t\t<\/div>\n\t\t\t\t\t<\/div>\n\t\t<\/section>\n\t\t\t\t<section class=\"elementor-section elementor-top-section elementor-element elementor-element-55f7513 elementor-section-boxed elementor-section-height-default elementor-section-height-default\" data-id=\"55f7513\" data-element_type=\"section\" data-e-type=\"section\">\n\t\t\t\t\t\t<div class=\"elementor-container elementor-column-gap-default\">\n\t\t\t\t\t<div class=\"aux-parallax-section elementor-column elementor-col-100 elementor-top-column elementor-element elementor-element-4cd71d9\" data-id=\"4cd71d9\" data-element_type=\"column\" data-e-type=\"column\">\n\t\t\t<div class=\"elementor-widget-wrap elementor-element-populated\">\n\t\t\t\t\t\t<div class=\"elementor-element elementor-element-e2d6353 elementor-widget elementor-widget-text-editor\" data-id=\"e2d6353\" data-element_type=\"widget\" data-e-type=\"widget\" data-widget_type=\"text-editor.default\">\n\t\t\t\t<div class=\"elementor-widget-container\">\n\t\t\t\t\t\t\t\t\t<div style=\"text-align: justify;\"><div style=\"letter-spacing: normal; margin: 0px; padding: 0px; font-family: Questrial; color: #000000; caret-color: #000000; white-space: pre-line; line-height: 1.6;\">Ao ser s\u00f3cio GEM,\u00a0passa a usufruir de diversos benef\u00edcios:<\/div><ul><li style=\"line-height: 1.6; letter-spacing: normal; font-family: Questrial; color: #000000; caret-color: #000000; white-space: pre-line;\">Descontos em atividades do GEM e\/ou parceiros que incluam inscri\u00e7\u00e3o;<\/li><li style=\"line-height: 1.6; letter-spacing: normal; font-family: Questrial; color: #000000; caret-color: #000000; white-space: pre-line;\">Prioridade na inscri\u00e7\u00e3o em atividades com n\u00ba de elementos limitado (desde que n\u00e3o sejam atividades de inicia\u00e7\u00e3o ou batismos);<\/li><li style=\"line-height: 1.6; letter-spacing: normal; font-family: Questrial; color: #000000; caret-color: #000000; white-space: pre-line;\">Descontos em seguros de grupo para\u00a0atividades exercidas ou n\u00e3o pelo GEM;<\/li><li style=\"line-height: 1.6; letter-spacing: normal; font-family: Questrial; color: #000000; caret-color: #000000; white-space: pre-line;\">Descontos em\u00a0forma\u00e7\u00f5es\u00a0realizadas pelo GEM, ou onde o GEM seja parceiro;<\/li><li style=\"line-height: 1.6; letter-spacing: normal; font-family: Questrial; color: #000000; caret-color: #000000; white-space: pre-line;\">Descontos em\u00a0produtos ou\u00a0servi\u00e7os dos nossos parceiros.<\/li><\/ul><\/div><div style=\"text-align: justify;\"><span style=\"caret-color: #000000; color: #000000; font-family: Questrial; letter-spacing: normal; white-space: pre-line;\">\u00a0<\/span><\/div><div style=\"text-align: justify; letter-spacing: normal; margin: 0px; padding: 0px; font-family: Questrial; color: #000000; caret-color: #000000; white-space: pre-line; line-height: 1.6;\">Para al\u00e9m disso:<\/div><ul style=\"text-align: justify;\"><li style=\"line-height: 1.6; letter-spacing: normal; font-family: Questrial; color: #000000; caret-color: #000000; white-space: pre-line;\">Recebe um cart\u00e3o digital personalizado que o identifica no grupo e junto dos nossos parceiros;<\/li><li style=\"line-height: 1.6; letter-spacing: normal; font-family: Questrial; color: #000000; caret-color: #000000; white-space: pre-line;\">Passa a poder participar nas reuni\u00f5es de s\u00f3cios, e\u00a0exercer o direito de voto nas elei\u00e7\u00f5es do grupo;<\/li><li style=\"line-height: 1.6; letter-spacing: normal; font-family: Questrial; color: #000000; caret-color: #000000; white-space: pre-line;\">Poder\u00e1 ser convidado a promover, organizar ou liderar atividades;<\/li><li style=\"line-height: 1.6; letter-spacing: normal; font-family: Questrial; color: #000000; caret-color: #000000; white-space: pre-line;\">Pode ainda\u00a0participar\u00a0em projetos existentes no GEM, ou mesmo\u00a0prop\u00f4r\u00a0novos projetos a serem apoiados pelo GEM.<span style=\"color: #444444; font-family: Questrial, Questrial; letter-spacing: -0.2px;\">\u00a0<\/span><\/li><\/ul>\t\t\t\t\t\t\t\t<\/div>\n\t\t\t\t<\/div>\n\t\t\t\t\t<\/div>\n\t\t<\/div>\n\t\t\t\t\t<\/div>\n\t\t<\/section>\n\t\t\t\t<\/div>\n\t\t","protected":false},"excerpt":{"rendered":"<p>Vantagens S\u00f3cio GEM \u00a0Descubra as vantagens de pertender \u00e0 fam\u00edlia\u00a0GEM\u00a0 Ao ser s\u00f3cio GEM,\u00a0passa a usufruir de diversos benef\u00edcios: Descontos em atividades do GEM e\/ou parceiros que incluam inscri\u00e7\u00e3o; Prioridade na inscri\u00e7\u00e3o em atividades com n\u00ba de elementos limitado (desde que n\u00e3o sejam atividades de inicia\u00e7\u00e3o ou batismos); Descontos em seguros de grupo para\u00a0atividades exercidas [&hellip;]<\/p>\n","protected":false},"author":1,"featured_media":0,"parent":768,"menu_order":0,"comment_status":"closed","ping_status":"closed","template":"","meta":{"footnotes":""},"class_list":["post-776","page","type-page","status-publish","hentry"],"_links":{"self":[{"href":"https:\/\/www.gem.pt\/1\/wp-json\/wp\/v2\/pages\/776","targetHints":{"allow":["GET"]}}],"collection":[{"href":"https:\/\/www.gem.pt\/1\/wp-json\/wp\/v2\/pages"}],"about":[{"href":"https:\/\/www.gem.pt\/1\/wp-json\/wp\/v2\/types\/page"}],"author":[{"embeddable":true,"href":"https:\/\/www.gem.pt\/1\/wp-json\/wp\/v2\/users\/1"}],"replies":[{"embeddable":true,"href":"https:\/\/www.gem.pt\/1\/wp-json\/wp\/v2\/comments?post=776"}],"version-history":[{"count":0,"href":"https:\/\/www.gem.pt\/1\/wp-json\/wp\/v2\/pages\/776\/revisions"}],"up":[{"embeddable":true,"href":"https:\/\/www.gem.pt\/1\/wp-json\/wp\/v2\/pages\/768"}],"wp:attachment":[{"href":"https:\/\/www.gem.pt\/1\/wp-json\/wp\/v2\/media?parent=776"}],"curies":[{"name":"wp","href":"https:\/\/api.w.org\/{rel}","templated":true}]}}