{"id":3328,"date":"2021-01-01T12:08:56","date_gmt":"2021-01-01T12:08:56","guid":{"rendered":"https:\/\/www.gem.pt\/@teste\/?page_id=3328"},"modified":"2021-02-06T17:53:37","modified_gmt":"2021-02-06T17:53:37","slug":"fojo-das-trincheiras","status":"publish","type":"page","link":"https:\/\/www.gem.pt\/1\/publicacoes\/cavidades-artificiais\/fojo-das-trincheiras\/","title":{"rendered":"Fojo das Trincheiras e G-9"},"content":{"rendered":"<style>.elementor-3328 .elementor-element.elementor-element-42d2622{overflow:hidden;}.elementor-3328 .elementor-element.elementor-element-ea19d18 > .elementor-element-populated{padding:0px 0px 0px 0px;}.elementor-3328 .elementor-element.elementor-element-cc72f5f img{width:100%;}.elementor-3328 .elementor-element.elementor-element-cc72f5f .widget-image-caption{text-align:start;color:#FFFFFF;background-color:rgba(0, 0, 0, 0.3);font-size:30px;font-weight:400;letter-spacing:-0.5px;margin-block-start:-65px;}.elementor-3328 .elementor-element.elementor-element-297eb977 > .elementor-widget-wrap > .elementor-widget:not(.elementor-widget__width-auto):not(.elementor-widget__width-initial):not(:last-child):not(.elementor-absolute){margin-block-end:0px;}.elementor-3328 .elementor-element.elementor-element-2c266a0e{color:#000000;}.elementor-3328 .elementor-element.elementor-element-791408b{color:#000000;}.elementor-3328 .elementor-element.elementor-element-67f5eec.elementor-column > .elementor-widget-wrap{justify-content:center;}.elementor-3328 .elementor-element.elementor-element-a8803df{width:initial;max-width:initial;}.elementor-3328 .elementor-element.elementor-element-bcac353.elementor-column > .elementor-widget-wrap{justify-content:center;}.elementor-3328 .elementor-element.elementor-element-cc4227f img{border-style:solid;border-width:1px 1px 1px 1px;border-color:#F0F0F0;}.elementor-3328 .elementor-element.elementor-element-cc4227f .widget-image-caption{text-align:start;font-size:14px;line-height:1.2em;}.elementor-3328 .elementor-element.elementor-element-cc4227f{width:auto;max-width:auto;}.elementor-3328 .elementor-element.elementor-element-84a559f.elementor-column > .elementor-widget-wrap{justify-content:center;}.elementor-3328 .elementor-element.elementor-element-2bfc3e1 img{border-style:solid;border-width:1px 1px 1px 1px;border-color:#F0F0F0;}.elementor-3328 .elementor-element.elementor-element-2bfc3e1 .widget-image-caption{text-align:start;font-size:14px;line-height:1.2em;}.elementor-3328 .elementor-element.elementor-element-2bfc3e1{width:auto;max-width:auto;}.elementor-3328 .elementor-element.elementor-element-1438bfc.elementor-column > .elementor-widget-wrap{justify-content:center;}.elementor-3328 .elementor-element.elementor-element-1818c14 img{border-style:solid;border-width:1px 1px 1px 1px;border-color:#F0F0F0;}.elementor-3328 .elementor-element.elementor-element-1818c14 .widget-image-caption{text-align:start;font-size:14px;line-height:1.2em;}.elementor-3328 .elementor-element.elementor-element-1818c14{width:auto;max-width:auto;}.elementor-3328 .elementor-element.elementor-element-3eaf031.elementor-column > .elementor-widget-wrap{justify-content:center;}.elementor-3328 .elementor-element.elementor-element-3715b8c{width:initial;max-width:initial;}@media(max-width:767px){.elementor-3328 .elementor-element.elementor-element-cc72f5f .widget-image-caption{line-height:1em;margin-block-start:0px;}}<\/style>\t\t<div data-elementor-type=\"wp-page\" data-elementor-id=\"3328\" class=\"elementor elementor-3328\">\n\t\t\t\t\t\t<section class=\"elementor-section elementor-top-section elementor-element elementor-element-42d2622 elementor-section-full_width elementor-section-height-default elementor-section-height-default\" data-id=\"42d2622\" data-element_type=\"section\" data-e-type=\"section\">\n\t\t\t\t\t\t<div class=\"elementor-container elementor-column-gap-default\">\n\t\t\t\t\t<div class=\"aux-parallax-section elementor-column elementor-col-100 elementor-top-column elementor-element elementor-element-ea19d18\" data-id=\"ea19d18\" data-element_type=\"column\" data-e-type=\"column\">\n\t\t\t<div class=\"elementor-widget-wrap elementor-element-populated\">\n\t\t\t\t\t\t<div class=\"elementor-element elementor-element-cc72f5f elementor-widget elementor-widget-image\" data-id=\"cc72f5f\" data-element_type=\"widget\" data-e-type=\"widget\" data-widget_type=\"image.default\">\n\t\t\t\t<div class=\"elementor-widget-container\">\n\t\t\t\t\t\t\t\t\t\t\t\t<figure class=\"wp-caption\">\n\t\t\t\t\t\t\t\t\t\t<img fetchpriority=\"high\" decoding=\"async\" width=\"1304\" height=\"435\" src=\"https:\/\/www.gem.pt\/wp-content\/uploads\/2020\/12\/Fojo-das-Trincheiras.jpg\" class=\"attachment-full size-full wp-image-3209\" alt=\"\" \/>\t\t\t\t\t\t\t\t\t\t\t<figcaption class=\"widget-image-caption wp-caption-text\">Fojo das Trincheiras e G-9<\/figcaption>\n\t\t\t\t\t\t\t\t\t\t<\/figure>\n\t\t\t\t\t\t\t\t\t<\/div>\n\t\t\t\t<\/div>\n\t\t\t\t\t<\/div>\n\t\t<\/div>\n\t\t\t\t\t<\/div>\n\t\t<\/section>\n\t\t\t\t<section class=\"elementor-section elementor-top-section elementor-element elementor-element-38ede328 elementor-section-boxed elementor-section-height-default elementor-section-height-default\" data-id=\"38ede328\" data-element_type=\"section\" data-e-type=\"section\">\n\t\t\t\t\t\t<div class=\"elementor-container elementor-column-gap-default\">\n\t\t\t\t\t<div class=\"aux-parallax-section elementor-column elementor-col-100 elementor-top-column elementor-element elementor-element-297eb977\" data-id=\"297eb977\" data-element_type=\"column\" data-e-type=\"column\">\n\t\t\t<div class=\"elementor-widget-wrap elementor-element-populated\">\n\t\t\t\t\t\t<div class=\"elementor-element elementor-element-2c266a0e elementor-widget elementor-widget-text-editor\" data-id=\"2c266a0e\" data-element_type=\"widget\" data-e-type=\"widget\" data-widget_type=\"text-editor.default\">\n\t\t\t\t<div class=\"elementor-widget-container\">\n\t\t\t\t\t\t\t\t\t<div style=\"text-align: right; line-height: 0.8;\"><span style=\"letter-spacing: normal; font-family: Questrial; font-size: 14px; white-space: pre-line;\">01 de Abril de 2018<\/span><\/div><div>\u00a0<\/div>\t\t\t\t\t\t\t\t<\/div>\n\t\t\t\t<\/div>\n\t\t\t\t<div class=\"elementor-element elementor-element-791408b elementor-widget elementor-widget-text-editor\" data-id=\"791408b\" data-element_type=\"widget\" data-e-type=\"widget\" data-widget_type=\"text-editor.default\">\n\t\t\t\t<div class=\"elementor-widget-container\">\n\t\t\t\t\t\t\t\t\t<p><span style=\"caret-color: #e78b00; color: #e78b00; font-family: Questrial; font-size: 20px; letter-spacing: normal; white-space: pre-line;\">Introdu\u00e7\u00e3o<\/span><\/p><div style=\"letter-spacing: normal; margin: 0px; padding: 0px; font-family: Questrial; font-size: 14px; text-align: justify; white-space: pre-line;\"><div style=\"margin: 0px; padding: 0px;\"><span style=\"font-size: 16px; letter-spacing: 0px;\">Este complexo composto por galerias, po\u00e7os e sanjas ou \u00abFojo das Trincheiras\u00bb, tal como fora designado em 1961 pelo Servi\u00e7o de Fomento Mineiro, \u00e9\u00a0gra\u00e7as \u00e0s suas dimens\u00f5es\u00a0um dos complexos de maior relevo da Serra de Santa Justa. Durante os trabalhos de campo\u00a0foram georreferenciados 5 sanjas e 5 po\u00e7os.<\/span><\/div><div style=\"margin: 0px; padding: 0px; line-height: 0.5;\" data-line-height=\"0.5\">\u00a0<\/div><div style=\"margin: 0px; padding: 0px;\"><span style=\"font-size: 16px; letter-spacing: 0px;\">A este complexo foi ainda estabelecida liga\u00e7\u00e3o com a galeria G-9, aumentando\u00a0assim\u00a0o desenvolvimento total do complexo. Atualmente\u00a0a G-9 serve de reservat\u00f3rio de \u00e1gua \u00e0 popula\u00e7\u00e3o\u00a0devido a uma represa constru\u00edda para o efeito no in\u00edcio da galeria. Na identifica\u00e7\u00e3o de concre\u00e7\u00f5es verific\u00e1mos forma\u00e7\u00f5es de \u00f3xidos de ferro como estalactites, estalagmites, bandeiras, entre outras.<\/span>\u00a0<\/div><\/div>\t\t\t\t\t\t\t\t<\/div>\n\t\t\t\t<\/div>\n\t\t\t\t\t<\/div>\n\t\t<\/div>\n\t\t\t\t\t<\/div>\n\t\t<\/section>\n\t\t\t\t<section class=\"elementor-section elementor-top-section elementor-element elementor-element-350d159 elementor-section-boxed elementor-section-height-default elementor-section-height-default\" data-id=\"350d159\" data-element_type=\"section\" data-e-type=\"section\">\n\t\t\t\t\t\t<div class=\"elementor-container elementor-column-gap-default\">\n\t\t\t\t\t<div class=\"aux-parallax-section elementor-column elementor-col-100 elementor-top-column elementor-element elementor-element-67f5eec\" data-id=\"67f5eec\" data-element_type=\"column\" data-e-type=\"column\">\n\t\t\t<div class=\"elementor-widget-wrap elementor-element-populated\">\n\t\t\t\t\t\t<div class=\"elementor-element elementor-element-a8803df elementor-widget__width-initial elementor-widget elementor-widget-image\" data-id=\"a8803df\" data-element_type=\"widget\" data-e-type=\"widget\" data-widget_type=\"image.default\">\n\t\t\t\t<div class=\"elementor-widget-container\">\n\t\t\t\t\t\t\t\t\t\t\t\t\t\t\t<img decoding=\"async\" src=\"https:\/\/www.gem.pt\/wp-content\/uploads\/elementor\/thumbs\/SFM-rm1kt96z1zblur90eejta7vojn6fjp52swehn89dds.png\" title=\"\" alt=\"\" loading=\"lazy\" \/>\t\t\t\t\t\t\t\t\t\t\t\t\t\t\t<\/div>\n\t\t\t\t<\/div>\n\t\t\t\t\t<\/div>\n\t\t<\/div>\n\t\t\t\t\t<\/div>\n\t\t<\/section>\n\t\t\t\t<section class=\"elementor-section elementor-top-section elementor-element elementor-element-caedf84 elementor-section-boxed elementor-section-height-default elementor-section-height-default\" data-id=\"caedf84\" data-element_type=\"section\" data-e-type=\"section\">\n\t\t\t\t\t\t<div class=\"elementor-container elementor-column-gap-default\">\n\t\t\t\t\t<div class=\"aux-parallax-section elementor-column elementor-col-100 elementor-top-column elementor-element elementor-element-c44feb8\" data-id=\"c44feb8\" data-element_type=\"column\" data-e-type=\"column\">\n\t\t\t<div class=\"elementor-widget-wrap elementor-element-populated\">\n\t\t\t\t\t\t<div class=\"elementor-element elementor-element-6ca4638 elementor-widget elementor-widget-text-editor\" data-id=\"6ca4638\" data-element_type=\"widget\" data-e-type=\"widget\" data-widget_type=\"text-editor.default\">\n\t\t\t\t<div class=\"elementor-widget-container\">\n\t\t\t\t\t\t\t\t\t<div style=\"letter-spacing: normal; margin: 0px; padding: 0px; caret-color: #000000; color: #000000; font-family: Questrial; font-size: 14px; text-align: justify; white-space: pre-line;\"><div style=\"margin: 0px; padding: 0px;\"><span style=\"font-size: 16px; letter-spacing: 0px;\">O complexo desenvolve-se pelo interior da serra, desde o sop\u00e9 da montanha a uma cota de 95 metros at\u00e9 aos 148 metros de altitude. Dos po\u00e7os georreferenciados\u00a0dois\u00a0encontravam-se entulhados e, dos outros tr\u00eas, dois tinham liga\u00e7\u00e3o direta com o complexo principal e um com as \u00abTrincheiras 2\u00bb.<\/span><\/div><div style=\"margin: 0px; padding: 0px; line-height: 0.5;\" data-line-height=\"0.5\">\u00a0<\/div><div style=\"margin: 0px; padding: 0px;\"><span style=\"font-size: 16px; letter-spacing: 0px;\">Ainda pertencente \u00e0s \u00abTrincheiras\u00bb existe uma cavidade que designamos por \u00abTrincheiras 2\u00bb, esta sem qualquer liga\u00e7\u00e3o ao complexo principal. A boca de entrada encontra-se localizada numa barroca (corta), a 101 metros de altitude com um desenvolvimento total de 34 metros e um desn\u00edvel de 26 metros.<\/span><\/div><div style=\"margin: 0px; padding: 0px; line-height: 0.5;\" data-line-height=\"0.5\">\u00a0<\/div><div style=\"margin: 0px; padding: 0px;\"><span style=\"font-size: 16px; letter-spacing: 0px;\">A fauna com relev\u00e2ncia\u00a0que pudemos identificar nestas cavidades, incluiu dois\u00a0Bufos Calamitas, cinco\u00a0Trituros Boscai e dois\u00a0Morcegos Ferradura Pequenos.<\/span><\/div><\/div>\t\t\t\t\t\t\t\t<\/div>\n\t\t\t\t<\/div>\n\t\t\t\t\t<\/div>\n\t\t<\/div>\n\t\t\t\t\t<\/div>\n\t\t<\/section>\n\t\t\t\t<section class=\"elementor-section elementor-top-section elementor-element elementor-element-fd91ec0 elementor-section-boxed elementor-section-height-default elementor-section-height-default\" data-id=\"fd91ec0\" data-element_type=\"section\" data-e-type=\"section\">\n\t\t\t\t\t\t<div class=\"elementor-container elementor-column-gap-default\">\n\t\t\t\t\t<div class=\"aux-parallax-section elementor-column elementor-col-100 elementor-top-column elementor-element elementor-element-bcac353\" data-id=\"bcac353\" data-element_type=\"column\" data-e-type=\"column\">\n\t\t\t<div class=\"elementor-widget-wrap elementor-element-populated\">\n\t\t\t\t\t\t<div class=\"elementor-element elementor-element-cc4227f elementor-widget__width-auto elementor-widget elementor-widget-image\" data-id=\"cc4227f\" data-element_type=\"widget\" data-e-type=\"widget\" data-widget_type=\"image.default\">\n\t\t\t\t<div class=\"elementor-widget-container\">\n\t\t\t\t\t\t\t\t\t\t\t\t<figure class=\"wp-caption\">\n\t\t\t\t\t\t\t\t\t\t\t<a href=\"\/wp-content\/uploads\/2020\/12\/Desenho-A3-SVG-Planta-e-Perfil1.pdf\" target=\"_blank\">\n\t\t\t\t\t\t\t<img decoding=\"async\" width=\"1000\" height=\"707\" src=\"https:\/\/www.gem.pt\/wp-content\/uploads\/2020\/12\/Desenho-A3-SVG-Planta-e-Perfil1.jpg\" class=\"attachment-full size-full wp-image-3205\" alt=\"\" \/>\t\t\t\t\t\t\t\t<\/a>\n\t\t\t\t\t\t\t\t\t\t\t<figcaption class=\"widget-image-caption wp-caption-text\">Figura 1 \u2013 Planta e Perfil Desdobrado da Mina - Fojo das Trincheiras<\/figcaption>\n\t\t\t\t\t\t\t\t\t\t<\/figure>\n\t\t\t\t\t\t\t\t\t<\/div>\n\t\t\t\t<\/div>\n\t\t\t\t\t<\/div>\n\t\t<\/div>\n\t\t\t\t\t<\/div>\n\t\t<\/section>\n\t\t\t\t<section class=\"elementor-section elementor-top-section elementor-element elementor-element-bd6d5a9 elementor-section-boxed elementor-section-height-default elementor-section-height-default\" data-id=\"bd6d5a9\" data-element_type=\"section\" data-e-type=\"section\">\n\t\t\t\t\t\t<div class=\"elementor-container elementor-column-gap-default\">\n\t\t\t\t\t<div class=\"aux-parallax-section elementor-column elementor-col-100 elementor-top-column elementor-element elementor-element-84a559f\" data-id=\"84a559f\" data-element_type=\"column\" data-e-type=\"column\">\n\t\t\t<div class=\"elementor-widget-wrap elementor-element-populated\">\n\t\t\t\t\t\t<div class=\"elementor-element elementor-element-2bfc3e1 elementor-widget__width-auto elementor-widget elementor-widget-image\" data-id=\"2bfc3e1\" data-element_type=\"widget\" data-e-type=\"widget\" data-widget_type=\"image.default\">\n\t\t\t\t<div class=\"elementor-widget-container\">\n\t\t\t\t\t\t\t\t\t\t\t\t<figure class=\"wp-caption\">\n\t\t\t\t\t\t\t\t\t\t\t<a href=\"\/wp-content\/uploads\/2020\/12\/Desenho-Planta-e-Perfil-SVG-G9.pdf\" target=\"_blank\">\n\t\t\t\t\t\t\t<img decoding=\"async\" width=\"1000\" height=\"707\" src=\"https:\/\/www.gem.pt\/wp-content\/uploads\/2020\/12\/Desenho-Planta-e-Perfil-SVG-G9.jpg\" class=\"attachment-full size-full wp-image-3207\" alt=\"\" \/>\t\t\t\t\t\t\t\t<\/a>\n\t\t\t\t\t\t\t\t\t\t\t<figcaption class=\"widget-image-caption wp-caption-text\">Figura 2 \u2013 Planta e Perfil Desdobrado da Mina - G-9<\/figcaption>\n\t\t\t\t\t\t\t\t\t\t<\/figure>\n\t\t\t\t\t\t\t\t\t<\/div>\n\t\t\t\t<\/div>\n\t\t\t\t\t<\/div>\n\t\t<\/div>\n\t\t\t\t\t<\/div>\n\t\t<\/section>\n\t\t\t\t<section class=\"elementor-section elementor-top-section elementor-element elementor-element-2ccbbdc elementor-section-boxed elementor-section-height-default elementor-section-height-default\" data-id=\"2ccbbdc\" data-element_type=\"section\" data-e-type=\"section\">\n\t\t\t\t\t\t<div class=\"elementor-container elementor-column-gap-default\">\n\t\t\t\t\t<div class=\"aux-parallax-section elementor-column elementor-col-100 elementor-top-column elementor-element elementor-element-1438bfc\" data-id=\"1438bfc\" data-element_type=\"column\" data-e-type=\"column\">\n\t\t\t<div class=\"elementor-widget-wrap elementor-element-populated\">\n\t\t\t\t\t\t<div class=\"elementor-element elementor-element-1818c14 elementor-widget__width-auto elementor-widget elementor-widget-image\" data-id=\"1818c14\" data-element_type=\"widget\" data-e-type=\"widget\" data-widget_type=\"image.default\">\n\t\t\t\t<div class=\"elementor-widget-container\">\n\t\t\t\t\t\t\t\t\t\t\t\t<figure class=\"wp-caption\">\n\t\t\t\t\t\t\t\t\t\t\t<a href=\"\/wp-content\/uploads\/2020\/12\/Desenho-A3-SVG-Planta-e-Perfil.pdf\" target=\"_blank\">\n\t\t\t\t\t\t\t<img loading=\"lazy\" decoding=\"async\" width=\"1000\" height=\"707\" src=\"https:\/\/www.gem.pt\/wp-content\/uploads\/2020\/12\/Desenho-A3-SVG-Planta-e-Perfil.jpg\" class=\"attachment-full size-full wp-image-3203\" alt=\"\" \/>\t\t\t\t\t\t\t\t<\/a>\n\t\t\t\t\t\t\t\t\t\t\t<figcaption class=\"widget-image-caption wp-caption-text\">Figura 3 \u2013 Planta e Perfil Desdobrado da Mina - Fojo das Trincheiras 2<\/figcaption>\n\t\t\t\t\t\t\t\t\t\t<\/figure>\n\t\t\t\t\t\t\t\t\t<\/div>\n\t\t\t\t<\/div>\n\t\t\t\t\t<\/div>\n\t\t<\/div>\n\t\t\t\t\t<\/div>\n\t\t<\/section>\n\t\t\t\t<section class=\"elementor-section elementor-top-section elementor-element elementor-element-2f821db elementor-section-boxed elementor-section-height-default elementor-section-height-default\" data-id=\"2f821db\" data-element_type=\"section\" data-e-type=\"section\">\n\t\t\t\t\t\t<div class=\"elementor-container elementor-column-gap-default\">\n\t\t\t\t\t<div class=\"aux-parallax-section elementor-column elementor-col-100 elementor-top-column elementor-element elementor-element-3eaf031\" data-id=\"3eaf031\" data-element_type=\"column\" data-e-type=\"column\">\n\t\t\t<div class=\"elementor-widget-wrap elementor-element-populated\">\n\t\t\t\t\t\t<div class=\"elementor-element elementor-element-3715b8c elementor-widget__width-initial elementor-widget elementor-widget-image\" data-id=\"3715b8c\" data-element_type=\"widget\" data-e-type=\"widget\" data-widget_type=\"image.default\">\n\t\t\t\t<div class=\"elementor-widget-container\">\n\t\t\t\t\t\t\t\t\t\t\t\t\t\t\t<img decoding=\"async\" src=\"https:\/\/www.gem.pt\/wp-content\/uploads\/elementor\/thumbs\/g9D-rm1ksqe79alvek0bg6f9wcmgnxr39r2g2bcs1p18u8.png\" title=\"\" alt=\"\" loading=\"lazy\" \/>\t\t\t\t\t\t\t\t\t\t\t\t\t\t\t<\/div>\n\t\t\t\t<\/div>\n\t\t\t\t\t<\/div>\n\t\t<\/div>\n\t\t\t\t\t<\/div>\n\t\t<\/section>\n\t\t\t\t<section class=\"elementor-section elementor-top-section elementor-element elementor-element-830ae7a elementor-section-boxed elementor-section-height-default elementor-section-height-default\" data-id=\"830ae7a\" data-element_type=\"section\" data-e-type=\"section\">\n\t\t\t\t\t\t<div class=\"elementor-container elementor-column-gap-default\">\n\t\t\t\t\t<div class=\"aux-parallax-section elementor-column elementor-col-100 elementor-top-column elementor-element elementor-element-9b48df9\" data-id=\"9b48df9\" data-element_type=\"column\" data-e-type=\"column\">\n\t\t\t<div class=\"elementor-widget-wrap elementor-element-populated\">\n\t\t\t\t\t\t<div class=\"elementor-element elementor-element-fcaaaf2 elementor-widget elementor-widget-text-editor\" data-id=\"fcaaaf2\" data-element_type=\"widget\" data-e-type=\"widget\" data-widget_type=\"text-editor.default\">\n\t\t\t\t<div class=\"elementor-widget-container\">\n\t\t\t\t\t\t\t\t\t<p><span style=\"letter-spacing: normal; caret-color: #000000; color: #000000; font-family: Questrial; text-align: justify; white-space: pre-line;\">Este trabalho \u00e9 parte integrante do projeto <\/span><em style=\"letter-spacing: normal; caret-color: #000000; color: #000000; font-family: Questrial; text-align: justify; white-space: pre-line;\">&#8220;Contributo espeleol\u00f3gico para o estudo da minera\u00e7\u00e3o antiga no Concelho de Valongo \u2013 Serra de Santa Justa&#8221;<\/em><span style=\"letter-spacing: normal; caret-color: #000000; color: #000000; font-family: Questrial; text-align: justify; white-space: pre-line;\">, levado a cabo pelo \u00abGEM Norte\u00bb que est\u00e1 a ser desenvolvido desde 2015 e que\u00a0oportunamente\u00a0ser\u00e1 publicado na \u00edntegra.<\/span><\/p>\t\t\t\t\t\t\t\t<\/div>\n\t\t\t\t<\/div>\n\t\t\t\t\t<\/div>\n\t\t<\/div>\n\t\t\t\t\t<\/div>\n\t\t<\/section>\n\t\t\t\t<section class=\"elementor-section elementor-top-section elementor-element elementor-element-f4bcdf1 elementor-section-boxed elementor-section-height-default elementor-section-height-default\" data-id=\"f4bcdf1\" data-element_type=\"section\" data-e-type=\"section\">\n\t\t\t\t\t\t<div class=\"elementor-container elementor-column-gap-default\">\n\t\t\t\t\t<div class=\"aux-parallax-section elementor-column elementor-col-100 elementor-top-column elementor-element elementor-element-0024faf\" data-id=\"0024faf\" data-element_type=\"column\" data-e-type=\"column\">\n\t\t\t<div class=\"elementor-widget-wrap elementor-element-populated\">\n\t\t\t\t\t\t<div class=\"elementor-element elementor-element-8266174 elementor-widget elementor-widget-text-editor\" data-id=\"8266174\" data-element_type=\"widget\" data-e-type=\"widget\" data-widget_type=\"text-editor.default\">\n\t\t\t\t<div class=\"elementor-widget-container\">\n\t\t\t\t\t\t\t\t\t<a href=\"https:\/\/www.gem.pt\/wp-content\/uploads\/2020\/12\/imagem1.jpg\"><img loading=\"lazy\" decoding=\"async\" class=\"alignleft wp-image-3211\" src=\"https:\/\/www.gem.pt\/wp-content\/uploads\/2020\/12\/imagem1.jpg\" alt=\"\" width=\"570\" height=\"389\" \/>\n<\/a><a href=\"https:\/\/www.gem.pt\/wp-content\/uploads\/2020\/12\/imagem2.jpg\"><img loading=\"lazy\" decoding=\"async\" class=\"alignright wp-image-3212\" src=\"https:\/\/www.gem.pt\/wp-content\/uploads\/2020\/12\/imagem2.jpg\" alt=\"\" width=\"570\" height=\"818\" \/><\/a>\n<div style=\"letter-spacing: normal; margin: 0px; padding: 0px; caret-color: #000000; color: #000000; font-family: Questrial; font-size: 14px; text-align: justify; white-space: pre-line; line-height: 1;\" data-line-height=\"1\">\n\n&nbsp;\n\n<\/div>\n<span style=\"letter-spacing: normal; caret-color: #000000; color: #000000; font-family: Questrial; text-align: justify; white-space: pre-line;\">Os trabalhos desenvolvidos nas \u00abTrincheiras\u00bb contaram com a participa\u00e7\u00e3o dos espele\u00f3logos: Eduardo Vieira (GEM), Andr\u00e9 Leite (GEM), Pedro Ferreira (GEM), Pedro Aguiar (GEM), Hugo Pardal (ARCM), Filipe Pl\u00e1cido (EPS) e Ant\u00f3nio Felgueiras (GEV).<\/span>\t\t\t\t\t\t\t\t<\/div>\n\t\t\t\t<\/div>\n\t\t\t\t\t<\/div>\n\t\t<\/div>\n\t\t\t\t\t<\/div>\n\t\t<\/section>\n\t\t\t\t<section class=\"elementor-section elementor-top-section elementor-element elementor-element-7b6fa62 elementor-section-boxed elementor-section-height-default elementor-section-height-default\" data-id=\"7b6fa62\" data-element_type=\"section\" data-e-type=\"section\">\n\t\t\t\t\t\t<div class=\"elementor-container elementor-column-gap-default\">\n\t\t\t\t\t<div class=\"aux-parallax-section elementor-column elementor-col-100 elementor-top-column elementor-element elementor-element-b69df85\" data-id=\"b69df85\" data-element_type=\"column\" data-e-type=\"column\">\n\t\t\t<div class=\"elementor-widget-wrap elementor-element-populated\">\n\t\t\t\t\t\t<div class=\"elementor-element elementor-element-21841c0 elementor-widget elementor-widget-text-editor\" data-id=\"21841c0\" data-element_type=\"widget\" data-e-type=\"widget\" data-widget_type=\"text-editor.default\">\n\t\t\t\t<div class=\"elementor-widget-container\">\n\t\t\t\t\t\t\t\t\t<div style=\"letter-spacing: normal; margin: 0px; padding: 0px; caret-color: #000000; color: #000000; font-family: Questrial; font-size: 14px; text-align: justify; white-space: pre-line;\"><div style=\"margin: 0px; padding: 0px; line-height: 1.6;\" data-line-height=\"1.6\"><span style=\"font-size: 16px;\"><span style=\"letter-spacing: 0px;\">Autores do projeto: Eduardo Vieira (GEM), Andr\u00e9 Leite (GEM), Pedro Ferreira (GEM) e Pedro Aguiar (GEM);<\/span><\/span><\/div><div style=\"margin: 0px; padding: 0px; line-height: 1.6;\" data-line-height=\"1.6\"><span style=\"font-size: 16px;\"><span style=\"letter-spacing: 0px;\">Coordena\u00e7\u00e3o: Eduardo Vieira (GEM);<\/span><\/span><\/div><div style=\"margin: 0px; padding: 0px; line-height: 1.6;\" data-line-height=\"1.6\"><span style=\"font-size: 16px;\"><span style=\"letter-spacing: 0px;\">Topografia: Eduardo Vieira (GEM), Andr\u00e9 Leite (GEM) e Filipe Pl\u00e1cido (EPS);<\/span><\/span><\/div><div style=\"margin: 0px; padding: 0px; line-height: 1.6;\" data-line-height=\"1.6\"><span style=\"font-size: 16px;\"><span style=\"letter-spacing: 0px;\">Fotografia: Eduardo Vieira (GEM), Andr\u00e9 Leite (GEM).<\/span><\/span><\/div><div style=\"margin: 0px; padding: 0px; line-height: 1.6;\" data-line-height=\"1.6\"><span style=\"font-size: 16px;\"><span style=\"letter-spacing: 0px;\">Texto: Eduardo Vieira (GEM).<\/span><\/span><\/div><div style=\"margin: 0px; padding: 0px; line-height: 1.6;\" data-line-height=\"1.6\"><span style=\"font-size: 16px;\"><span style=\"letter-spacing: 0px;\">Revis\u00e3o do texto: Sandra Flor.<\/span><\/span><\/div><\/div>\t\t\t\t\t\t\t\t<\/div>\n\t\t\t\t<\/div>\n\t\t\t\t\t<\/div>\n\t\t<\/div>\n\t\t\t\t\t<\/div>\n\t\t<\/section>\n\t\t\t\t<\/div>\n\t\t","protected":false},"excerpt":{"rendered":"<p>Fojo das Trincheiras e G-9 01 de Abril de 2018\u00a0 Introdu\u00e7\u00e3o Este complexo composto por galerias, po\u00e7os e sanjas ou \u00abFojo das Trincheiras\u00bb, tal como fora designado em 1961 pelo Servi\u00e7o de Fomento Mineiro, \u00e9\u00a0gra\u00e7as \u00e0s suas dimens\u00f5es\u00a0um dos complexos de maior relevo da Serra de Santa Justa. Durante os trabalhos de campo\u00a0foram georreferenciados 5 [&hellip;]<\/p>\n","protected":false},"author":13,"featured_media":0,"parent":2793,"menu_order":0,"comment_status":"closed","ping_status":"closed","template":"","meta":{"footnotes":""},"class_list":["post-3328","page","type-page","status-publish","hentry"],"_links":{"self":[{"href":"https:\/\/www.gem.pt\/1\/wp-json\/wp\/v2\/pages\/3328","targetHints":{"allow":["GET"]}}],"collection":[{"href":"https:\/\/www.gem.pt\/1\/wp-json\/wp\/v2\/pages"}],"about":[{"href":"https:\/\/www.gem.pt\/1\/wp-json\/wp\/v2\/types\/page"}],"author":[{"embeddable":true,"href":"https:\/\/www.gem.pt\/1\/wp-json\/wp\/v2\/users\/13"}],"replies":[{"embeddable":true,"href":"https:\/\/www.gem.pt\/1\/wp-json\/wp\/v2\/comments?post=3328"}],"version-history":[{"count":0,"href":"https:\/\/www.gem.pt\/1\/wp-json\/wp\/v2\/pages\/3328\/revisions"}],"up":[{"embeddable":true,"href":"https:\/\/www.gem.pt\/1\/wp-json\/wp\/v2\/pages\/2793"}],"wp:attachment":[{"href":"https:\/\/www.gem.pt\/1\/wp-json\/wp\/v2\/media?parent=3328"}],"curies":[{"name":"wp","href":"https:\/\/api.w.org\/{rel}","templated":true}]}}