{"id":3307,"date":"2020-12-31T20:43:46","date_gmt":"2020-12-31T20:43:46","guid":{"rendered":"https:\/\/www.gem.pt\/@teste\/?page_id=3307"},"modified":"2021-02-06T17:54:44","modified_gmt":"2021-02-06T17:54:44","slug":"mina-das-aguas-ferreas","status":"publish","type":"page","link":"https:\/\/www.gem.pt\/1\/publicacoes\/cavidades-artificiais\/mina-das-aguas-ferreas\/","title":{"rendered":"Mina das \u00c1guas F\u00e9rreas"},"content":{"rendered":"<style>.elementor-3307 .elementor-element.elementor-element-42d2622{overflow:hidden;}.elementor-3307 .elementor-element.elementor-element-ea19d18 > .elementor-element-populated{padding:0px 0px 0px 0px;}.elementor-3307 .elementor-element.elementor-element-cc72f5f img{width:100%;}.elementor-3307 .elementor-element.elementor-element-cc72f5f .widget-image-caption{text-align:start;color:#FFFFFF;background-color:rgba(0, 0, 0, 0.3);font-size:30px;font-weight:400;letter-spacing:-0.5px;margin-block-start:-65px;}.elementor-3307 .elementor-element.elementor-element-297eb977 > .elementor-widget-wrap > .elementor-widget:not(.elementor-widget__width-auto):not(.elementor-widget__width-initial):not(:last-child):not(.elementor-absolute){margin-block-end:0px;}.elementor-3307 .elementor-element.elementor-element-2c266a0e{color:#000000;}.elementor-3307 .elementor-element.elementor-element-791408b{color:#000000;}.elementor-3307 .elementor-element.elementor-element-67f5eec.elementor-column > .elementor-widget-wrap{justify-content:center;}.elementor-3307 .elementor-element.elementor-element-a8803df .widget-image-caption{text-align:start;font-size:14px;line-height:1.2em;}.elementor-3307 .elementor-element.elementor-element-a8803df{width:initial;max-width:initial;}.elementor-3307 .elementor-element.elementor-element-b853a2e img{border-style:solid;border-width:1px 1px 1px 1px;border-color:#F0F0F0;}.elementor-3307 .elementor-element.elementor-element-8a5f753 img{border-style:solid;border-width:1px 1px 1px 1px;border-color:#F0F0F0;}.elementor-3307 .elementor-element.elementor-element-9616d28 img{border-style:solid;border-width:1px 1px 1px 1px;border-color:#F0F0F0;}.elementor-3307 .elementor-element.elementor-element-029ee38 img{border-style:solid;border-width:1px 1px 1px 1px;border-color:#F0F0F0;}.elementor-3307 .elementor-element.elementor-element-eb84ba5.elementor-column > .elementor-widget-wrap{justify-content:center;}.elementor-3307 .elementor-element.elementor-element-7dfa6e0 img{border-style:solid;border-width:1px 1px 1px 1px;border-color:#F0F0F0;}.elementor-3307 .elementor-element.elementor-element-7dfa6e0 .widget-image-caption{text-align:start;font-size:14px;line-height:1.2em;}.elementor-3307 .elementor-element.elementor-element-7dfa6e0{width:auto;max-width:auto;}@media(max-width:767px){.elementor-3307 .elementor-element.elementor-element-cc72f5f .widget-image-caption{line-height:1em;margin-block-start:0px;}}<\/style>\t\t<div data-elementor-type=\"wp-page\" data-elementor-id=\"3307\" class=\"elementor elementor-3307\">\n\t\t\t\t\t\t<section class=\"elementor-section elementor-top-section elementor-element elementor-element-42d2622 elementor-section-full_width elementor-section-height-default elementor-section-height-default\" data-id=\"42d2622\" data-element_type=\"section\" data-e-type=\"section\">\n\t\t\t\t\t\t<div class=\"elementor-container elementor-column-gap-default\">\n\t\t\t\t\t<div class=\"aux-parallax-section elementor-column elementor-col-100 elementor-top-column elementor-element elementor-element-ea19d18\" data-id=\"ea19d18\" data-element_type=\"column\" data-e-type=\"column\">\n\t\t\t<div class=\"elementor-widget-wrap elementor-element-populated\">\n\t\t\t\t\t\t<div class=\"elementor-element elementor-element-cc72f5f elementor-widget elementor-widget-image\" data-id=\"cc72f5f\" data-element_type=\"widget\" data-e-type=\"widget\" data-widget_type=\"image.default\">\n\t\t\t\t<div class=\"elementor-widget-container\">\n\t\t\t\t\t\t\t\t\t\t\t\t<figure class=\"wp-caption\">\n\t\t\t\t\t\t\t\t\t\t<img fetchpriority=\"high\" decoding=\"async\" width=\"900\" height=\"300\" src=\"https:\/\/www.gem.pt\/wp-content\/uploads\/2020\/12\/Mina-das-Aguas-Ferreas.jpg\" class=\"attachment-full size-full wp-image-3239\" alt=\"\" \/>\t\t\t\t\t\t\t\t\t\t\t<figcaption class=\"widget-image-caption wp-caption-text\">Mina das \u00c1guas F\u00e9rreas<\/figcaption>\n\t\t\t\t\t\t\t\t\t\t<\/figure>\n\t\t\t\t\t\t\t\t\t<\/div>\n\t\t\t\t<\/div>\n\t\t\t\t\t<\/div>\n\t\t<\/div>\n\t\t\t\t\t<\/div>\n\t\t<\/section>\n\t\t\t\t<section class=\"elementor-section elementor-top-section elementor-element elementor-element-38ede328 elementor-section-boxed elementor-section-height-default elementor-section-height-default\" data-id=\"38ede328\" data-element_type=\"section\" data-e-type=\"section\">\n\t\t\t\t\t\t<div class=\"elementor-container elementor-column-gap-default\">\n\t\t\t\t\t<div class=\"aux-parallax-section elementor-column elementor-col-100 elementor-top-column elementor-element elementor-element-297eb977\" data-id=\"297eb977\" data-element_type=\"column\" data-e-type=\"column\">\n\t\t\t<div class=\"elementor-widget-wrap elementor-element-populated\">\n\t\t\t\t\t\t<div class=\"elementor-element elementor-element-2c266a0e elementor-widget elementor-widget-text-editor\" data-id=\"2c266a0e\" data-element_type=\"widget\" data-e-type=\"widget\" data-widget_type=\"text-editor.default\">\n\t\t\t\t<div class=\"elementor-widget-container\">\n\t\t\t\t\t\t\t\t\t<div style=\"text-align: right; line-height: 0.8;\"><span style=\"letter-spacing: normal; font-family: Questrial; font-size: 14px; white-space: pre-line;\"> 15 de Abril de 2018<\/span><\/div><div>\u00a0<\/div>\t\t\t\t\t\t\t\t<\/div>\n\t\t\t\t<\/div>\n\t\t\t\t<div class=\"elementor-element elementor-element-791408b elementor-widget elementor-widget-text-editor\" data-id=\"791408b\" data-element_type=\"widget\" data-e-type=\"widget\" data-widget_type=\"text-editor.default\">\n\t\t\t\t<div class=\"elementor-widget-container\">\n\t\t\t\t\t\t\t\t\t<p><span style=\"caret-color: #e78b00; color: #e78b00; font-family: Questrial; font-size: 20px; letter-spacing: normal; white-space: pre-line;\">Introdu\u00e7\u00e3o<\/span><\/p><div style=\"letter-spacing: normal; margin: 0px; padding: 0px; font-family: Questrial; font-size: 14px; text-align: justify; white-space: pre-line;\"><div style=\"margin: 0px; padding: 0px;\"><span style=\"font-size: 16px; letter-spacing: 0px;\">Designada pelo Servi\u00e7o de Fomento Mineiro como \u00abmina das \u00e1guas f\u00e9rreas\u00bb, esta mina com um desenvolvimento total de 218 metros localiza-se a 123 metros de altitude, junto do Ribeiro do Inferno.<\/span><\/div><div style=\"margin: 0px; padding: 0px; line-height: 0.5;\" data-line-height=\"0.5\">\u00a0<\/div><div style=\"margin: 0px; padding: 0px;\"><span style=\"font-size: 16px; letter-spacing: 0px;\">Cerca de metade da galeria (A)\u00a0referente \u00e0 entrada da mina, encontra-se com \u00e1gua durante todo ano. Completamente horizontal, \u00e9 uma cavidade de f\u00e1cil explora\u00e7\u00e3o\u00a0que ganha vida com centenas de salamandras que por ali proliferam.<\/span><\/div><\/div>\t\t\t\t\t\t\t\t<\/div>\n\t\t\t\t<\/div>\n\t\t\t\t\t<\/div>\n\t\t<\/div>\n\t\t\t\t\t<\/div>\n\t\t<\/section>\n\t\t\t\t<section class=\"elementor-section elementor-top-section elementor-element elementor-element-350d159 elementor-section-boxed elementor-section-height-default elementor-section-height-default\" data-id=\"350d159\" data-element_type=\"section\" data-e-type=\"section\">\n\t\t\t\t\t\t<div class=\"elementor-container elementor-column-gap-default\">\n\t\t\t\t\t<div class=\"aux-parallax-section elementor-column elementor-col-100 elementor-top-column elementor-element elementor-element-67f5eec\" data-id=\"67f5eec\" data-element_type=\"column\" data-e-type=\"column\">\n\t\t\t<div class=\"elementor-widget-wrap elementor-element-populated\">\n\t\t\t\t\t\t<div class=\"elementor-element elementor-element-a8803df elementor-widget__width-initial elementor-widget elementor-widget-image\" data-id=\"a8803df\" data-element_type=\"widget\" data-e-type=\"widget\" data-widget_type=\"image.default\">\n\t\t\t\t<div class=\"elementor-widget-container\">\n\t\t\t\t\t\t\t\t\t\t\t\t<figure class=\"wp-caption\">\n\t\t\t\t\t\t\t\t\t\t\t<a href=\"https:\/\/www.gem.pt\/wp-content\/uploads\/2020\/12\/Aguas_ferreas_fotos.pdf\">\n\t\t\t\t\t\t\t<img decoding=\"async\" width=\"800\" height=\"566\" src=\"https:\/\/www.gem.pt\/wp-content\/uploads\/2020\/12\/Aguas_ferreas_Jpeg__fotos_small.jpg\" class=\"attachment-full size-full wp-image-3232\" alt=\"\" \/>\t\t\t\t\t\t\t\t<\/a>\n\t\t\t\t\t\t\t\t\t\t\t<figcaption class=\"widget-image-caption wp-caption-text\">Figura 1 \u2013 Planta e Perfil Distendido com localiza\u00e7\u00e3o de algumas fotos da Mina das \u00c1guas F\u00e9rreas<\/figcaption>\n\t\t\t\t\t\t\t\t\t\t<\/figure>\n\t\t\t\t\t\t\t\t\t<\/div>\n\t\t\t\t<\/div>\n\t\t\t\t\t<\/div>\n\t\t<\/div>\n\t\t\t\t\t<\/div>\n\t\t<\/section>\n\t\t\t\t<section class=\"elementor-section elementor-top-section elementor-element elementor-element-caedf84 elementor-section-boxed elementor-section-height-default elementor-section-height-default\" data-id=\"caedf84\" data-element_type=\"section\" data-e-type=\"section\">\n\t\t\t\t\t\t<div class=\"elementor-container elementor-column-gap-default\">\n\t\t\t\t\t<div class=\"aux-parallax-section elementor-column elementor-col-100 elementor-top-column elementor-element elementor-element-c44feb8\" data-id=\"c44feb8\" data-element_type=\"column\" data-e-type=\"column\">\n\t\t\t<div class=\"elementor-widget-wrap elementor-element-populated\">\n\t\t\t\t\t\t<div class=\"elementor-element elementor-element-6ca4638 elementor-widget elementor-widget-text-editor\" data-id=\"6ca4638\" data-element_type=\"widget\" data-e-type=\"widget\" data-widget_type=\"text-editor.default\">\n\t\t\t\t<div class=\"elementor-widget-container\">\n\t\t\t\t\t\t\t\t\t<div style=\"letter-spacing: normal; margin: 0px; padding: 0px; caret-color: #000000; color: #000000; font-family: Questrial; font-size: 14px; text-align: justify; white-space: pre-line;\"><span style=\"font-size: 16px;\">A cavidade abre-se em terreno de xistos argilosos, ardos\u00edferos, designados \u00abXistos de Valongo\u00bb. As concre\u00e7\u00f5es ali existentes, todas elas de origem ferrosa, dotam-na de uma beleza singular.\u00a0<\/span><\/div>\t\t\t\t\t\t\t\t<\/div>\n\t\t\t\t<\/div>\n\t\t\t\t\t<\/div>\n\t\t<\/div>\n\t\t\t\t\t<\/div>\n\t\t<\/section>\n\t\t\t\t<section class=\"elementor-section elementor-top-section elementor-element elementor-element-132b2b1 elementor-section-boxed elementor-section-height-default elementor-section-height-default\" data-id=\"132b2b1\" data-element_type=\"section\" data-e-type=\"section\">\n\t\t\t\t\t\t<div class=\"elementor-container elementor-column-gap-default\">\n\t\t\t\t\t<div class=\"aux-parallax-section elementor-column elementor-col-50 elementor-top-column elementor-element elementor-element-c1bfdd3\" data-id=\"c1bfdd3\" data-element_type=\"column\" data-e-type=\"column\">\n\t\t\t<div class=\"elementor-widget-wrap elementor-element-populated\">\n\t\t\t\t\t\t<div class=\"elementor-element elementor-element-b853a2e elementor-widget elementor-widget-image\" data-id=\"b853a2e\" data-element_type=\"widget\" data-e-type=\"widget\" data-widget_type=\"image.default\">\n\t\t\t\t<div class=\"elementor-widget-container\">\n\t\t\t\t\t\t\t\t\t\t\t\t\t\t\t\t<a href=\"https:\/\/www.gem.pt\/wp-content\/uploads\/2020\/12\/DSC_8778.jpg\" data-elementor-open-lightbox=\"yes\" data-e-action-hash=\"#elementor-action%3Aaction%3Dlightbox%26settings%3DeyJpZCI6MzIzNiwidXJsIjoiaHR0cHM6XC9cL3d3dy5nZW0ucHRcL3dwLWNvbnRlbnRcL3VwbG9hZHNcLzIwMjBcLzEyXC9EU0NfODc3OC5qcGcifQ%3D%3D\">\n\t\t\t\t\t\t\t<img decoding=\"async\" width=\"535\" height=\"800\" src=\"https:\/\/www.gem.pt\/wp-content\/uploads\/2020\/12\/DSC_8778.jpg\" class=\"attachment-full size-full wp-image-3236\" alt=\"\" \/>\t\t\t\t\t\t\t\t<\/a>\n\t\t\t\t\t\t\t\t\t\t\t\t\t\t\t<\/div>\n\t\t\t\t<\/div>\n\t\t\t\t\t<\/div>\n\t\t<\/div>\n\t\t\t\t<div class=\"aux-parallax-section elementor-column elementor-col-50 elementor-top-column elementor-element elementor-element-16ec920\" data-id=\"16ec920\" data-element_type=\"column\" data-e-type=\"column\">\n\t\t\t<div class=\"elementor-widget-wrap elementor-element-populated\">\n\t\t\t\t\t\t<div class=\"elementor-element elementor-element-8a5f753 elementor-widget elementor-widget-image\" data-id=\"8a5f753\" data-element_type=\"widget\" data-e-type=\"widget\" data-widget_type=\"image.default\">\n\t\t\t\t<div class=\"elementor-widget-container\">\n\t\t\t\t\t\t\t\t\t\t\t\t\t\t\t\t<a href=\"https:\/\/www.gem.pt\/wp-content\/uploads\/2020\/12\/DSC_8781.jpg\" data-elementor-open-lightbox=\"yes\" data-e-action-hash=\"#elementor-action%3Aaction%3Dlightbox%26settings%3DeyJpZCI6MzIzNywidXJsIjoiaHR0cHM6XC9cL3d3dy5nZW0ucHRcL3dwLWNvbnRlbnRcL3VwbG9hZHNcLzIwMjBcLzEyXC9EU0NfODc4MS5qcGcifQ%3D%3D\">\n\t\t\t\t\t\t\t<img decoding=\"async\" src=\"https:\/\/www.gem.pt\/wp-content\/uploads\/elementor\/thumbs\/DSC_8781-rm1ksnkv7euhbpy8bdtqo8fp2e9ihq0f1ykkia4x6y.jpg\" title=\"\" alt=\"\" loading=\"lazy\" \/>\t\t\t\t\t\t\t\t<\/a>\n\t\t\t\t\t\t\t\t\t\t\t\t\t\t\t<\/div>\n\t\t\t\t<\/div>\n\t\t\t\t\t<\/div>\n\t\t<\/div>\n\t\t\t\t\t<\/div>\n\t\t<\/section>\n\t\t\t\t<section class=\"elementor-section elementor-top-section elementor-element elementor-element-1d54897 elementor-section-boxed elementor-section-height-default elementor-section-height-default\" data-id=\"1d54897\" data-element_type=\"section\" data-e-type=\"section\">\n\t\t\t\t\t\t<div class=\"elementor-container elementor-column-gap-default\">\n\t\t\t\t\t<div class=\"aux-parallax-section elementor-column elementor-col-100 elementor-top-column elementor-element elementor-element-5b37377\" data-id=\"5b37377\" data-element_type=\"column\" data-e-type=\"column\">\n\t\t\t<div class=\"elementor-widget-wrap elementor-element-populated\">\n\t\t\t\t\t\t<div class=\"elementor-element elementor-element-b3aaccd elementor-widget elementor-widget-text-editor\" data-id=\"b3aaccd\" data-element_type=\"widget\" data-e-type=\"widget\" data-widget_type=\"text-editor.default\">\n\t\t\t\t<div class=\"elementor-widget-container\">\n\t\t\t\t\t\t\t\t\t<div style=\"letter-spacing: normal; margin: 0px; padding: 0px; caret-color: #000000; color: #000000; font-family: Questrial; font-size: 14px; text-align: justify; white-space: pre-line;\"><span style=\"font-size: 16px;\">Entre estalactites, estalagmites e bandeiras, encontramos algumas delas danificadas n\u00e3o se sabe se pelo homem ou simplesmente pela sua fragilidade, tamanho e peso adquiridos ao longo dos anos.<\/span><\/div>\t\t\t\t\t\t\t\t<\/div>\n\t\t\t\t<\/div>\n\t\t\t\t\t<\/div>\n\t\t<\/div>\n\t\t\t\t\t<\/div>\n\t\t<\/section>\n\t\t\t\t<section class=\"elementor-section elementor-top-section elementor-element elementor-element-4f4a5bc elementor-section-boxed elementor-section-height-default elementor-section-height-default\" data-id=\"4f4a5bc\" data-element_type=\"section\" data-e-type=\"section\">\n\t\t\t\t\t\t<div class=\"elementor-container elementor-column-gap-default\">\n\t\t\t\t\t<div class=\"aux-parallax-section elementor-column elementor-col-100 elementor-top-column elementor-element elementor-element-12da3fa\" data-id=\"12da3fa\" data-element_type=\"column\" data-e-type=\"column\">\n\t\t\t<div class=\"elementor-widget-wrap elementor-element-populated\">\n\t\t\t\t\t\t<div class=\"elementor-element elementor-element-9616d28 elementor-widget elementor-widget-image\" data-id=\"9616d28\" data-element_type=\"widget\" data-e-type=\"widget\" data-widget_type=\"image.default\">\n\t\t\t\t<div class=\"elementor-widget-container\">\n\t\t\t\t\t\t\t\t\t\t\t\t\t\t\t\t<a href=\"https:\/\/www.gem.pt\/wp-content\/uploads\/2020\/12\/DSC_8793.jpg\" data-elementor-open-lightbox=\"yes\" data-e-action-hash=\"#elementor-action%3Aaction%3Dlightbox%26settings%3DeyJpZCI6MzIzOCwidXJsIjoiaHR0cHM6XC9cL3d3dy5nZW0ucHRcL3dwLWNvbnRlbnRcL3VwbG9hZHNcLzIwMjBcLzEyXC9EU0NfODc5My5qcGcifQ%3D%3D\">\n\t\t\t\t\t\t\t<img loading=\"lazy\" decoding=\"async\" width=\"900\" height=\"596\" src=\"https:\/\/www.gem.pt\/wp-content\/uploads\/2020\/12\/DSC_8793.jpg\" class=\"attachment-full size-full wp-image-3238\" alt=\"\" \/>\t\t\t\t\t\t\t\t<\/a>\n\t\t\t\t\t\t\t\t\t\t\t\t\t\t\t<\/div>\n\t\t\t\t<\/div>\n\t\t\t\t\t<\/div>\n\t\t<\/div>\n\t\t\t\t\t<\/div>\n\t\t<\/section>\n\t\t\t\t<section class=\"elementor-section elementor-top-section elementor-element elementor-element-35ccb7c elementor-section-boxed elementor-section-height-default elementor-section-height-default\" data-id=\"35ccb7c\" data-element_type=\"section\" data-e-type=\"section\">\n\t\t\t\t\t\t<div class=\"elementor-container elementor-column-gap-default\">\n\t\t\t\t\t<div class=\"aux-parallax-section elementor-column elementor-col-100 elementor-top-column elementor-element elementor-element-a21c630\" data-id=\"a21c630\" data-element_type=\"column\" data-e-type=\"column\">\n\t\t\t<div class=\"elementor-widget-wrap elementor-element-populated\">\n\t\t\t\t\t\t<div class=\"elementor-element elementor-element-4fbd5a4 elementor-widget elementor-widget-text-editor\" data-id=\"4fbd5a4\" data-element_type=\"widget\" data-e-type=\"widget\" data-widget_type=\"text-editor.default\">\n\t\t\t\t<div class=\"elementor-widget-container\">\n\t\t\t\t\t\t\t\t\t<div style=\"letter-spacing: normal; margin: 0px; padding: 0px; caret-color: #000000; color: #000000; font-family: Questrial; font-size: 14px; text-align: justify; white-space: pre-line;\"><span style=\"font-size: 16px;\">A cavidade tem uma classifica\u00e7\u00e3o UIS, E2 (anterior ao s\u00e9culo XIX) per\u00edodo entre (a) e (m), cuja identifica\u00e7\u00e3o do per\u00edodo em que se insere, carece de avalia\u00e7\u00e3o por elementos com compet\u00eancias para tal.<\/span><\/div>\t\t\t\t\t\t\t\t<\/div>\n\t\t\t\t<\/div>\n\t\t\t\t\t<\/div>\n\t\t<\/div>\n\t\t\t\t\t<\/div>\n\t\t<\/section>\n\t\t\t\t<section class=\"elementor-section elementor-top-section elementor-element elementor-element-30aa1da elementor-section-boxed elementor-section-height-default elementor-section-height-default\" data-id=\"30aa1da\" data-element_type=\"section\" data-e-type=\"section\">\n\t\t\t\t\t\t<div class=\"elementor-container elementor-column-gap-default\">\n\t\t\t\t\t<div class=\"aux-parallax-section elementor-column elementor-col-100 elementor-top-column elementor-element elementor-element-06d0cbf\" data-id=\"06d0cbf\" data-element_type=\"column\" data-e-type=\"column\">\n\t\t\t<div class=\"elementor-widget-wrap elementor-element-populated\">\n\t\t\t\t\t\t<div class=\"elementor-element elementor-element-029ee38 elementor-widget elementor-widget-image\" data-id=\"029ee38\" data-element_type=\"widget\" data-e-type=\"widget\" data-widget_type=\"image.default\">\n\t\t\t\t<div class=\"elementor-widget-container\">\n\t\t\t\t\t\t\t\t\t\t\t\t\t\t\t\t<a href=\"https:\/\/www.gem.pt\/wp-content\/uploads\/2020\/12\/Ponto9.jpg\" data-elementor-open-lightbox=\"yes\" data-e-action-hash=\"#elementor-action%3Aaction%3Dlightbox%26settings%3DeyJpZCI6MzI0MCwidXJsIjoiaHR0cHM6XC9cL3d3dy5nZW0ucHRcL3dwLWNvbnRlbnRcL3VwbG9hZHNcLzIwMjBcLzEyXC9Qb250bzkuanBnIn0%3D\">\n\t\t\t\t\t\t\t<img loading=\"lazy\" decoding=\"async\" width=\"900\" height=\"598\" src=\"https:\/\/www.gem.pt\/wp-content\/uploads\/2020\/12\/Ponto9.jpg\" class=\"attachment-full size-full wp-image-3240\" alt=\"\" \/>\t\t\t\t\t\t\t\t<\/a>\n\t\t\t\t\t\t\t\t\t\t\t\t\t\t\t<\/div>\n\t\t\t\t<\/div>\n\t\t\t\t\t<\/div>\n\t\t<\/div>\n\t\t\t\t\t<\/div>\n\t\t<\/section>\n\t\t\t\t<section class=\"elementor-section elementor-top-section elementor-element elementor-element-723e39e elementor-section-boxed elementor-section-height-default elementor-section-height-default\" data-id=\"723e39e\" data-element_type=\"section\" data-e-type=\"section\">\n\t\t\t\t\t\t<div class=\"elementor-container elementor-column-gap-default\">\n\t\t\t\t\t<div class=\"aux-parallax-section elementor-column elementor-col-100 elementor-top-column elementor-element elementor-element-af40699\" data-id=\"af40699\" data-element_type=\"column\" data-e-type=\"column\">\n\t\t\t<div class=\"elementor-widget-wrap elementor-element-populated\">\n\t\t\t\t\t\t<div class=\"elementor-element elementor-element-c0d02b8 elementor-widget elementor-widget-text-editor\" data-id=\"c0d02b8\" data-element_type=\"widget\" data-e-type=\"widget\" data-widget_type=\"text-editor.default\">\n\t\t\t\t<div class=\"elementor-widget-container\">\n\t\t\t\t\t\t\t\t\t<div style=\"letter-spacing: normal; margin: 0px; padding: 0px; caret-color: #000000; color: #000000; font-family: Questrial; font-size: 14px; text-align: justify; white-space: pre-line;\"><span style=\"font-size: 16px;\">Este trabalho \u00e9 parte integrante do projeto (Contributo espeleol\u00f3gico para o estudo da minera\u00e7\u00e3o antiga no Concelho de Valongo \u2013 Serra de Santa Justa), levado a cabo pelo \u00abGEM Norte\u00bb que est\u00e1 a ser desenvolvido desde 2015 e que, oportunamente, ser\u00e1 publicado na \u00edntegra.<\/span><\/div>\t\t\t\t\t\t\t\t<\/div>\n\t\t\t\t<\/div>\n\t\t\t\t\t<\/div>\n\t\t<\/div>\n\t\t\t\t\t<\/div>\n\t\t<\/section>\n\t\t\t\t<section class=\"elementor-section elementor-top-section elementor-element elementor-element-07b31a6 elementor-section-boxed elementor-section-height-default elementor-section-height-default\" data-id=\"07b31a6\" data-element_type=\"section\" data-e-type=\"section\">\n\t\t\t\t\t\t<div class=\"elementor-container elementor-column-gap-default\">\n\t\t\t\t\t<div class=\"aux-parallax-section elementor-column elementor-col-100 elementor-top-column elementor-element elementor-element-eb84ba5\" data-id=\"eb84ba5\" data-element_type=\"column\" data-e-type=\"column\">\n\t\t\t<div class=\"elementor-widget-wrap elementor-element-populated\">\n\t\t\t\t\t\t<div class=\"elementor-element elementor-element-7dfa6e0 elementor-widget__width-auto elementor-widget elementor-widget-image\" data-id=\"7dfa6e0\" data-element_type=\"widget\" data-e-type=\"widget\" data-widget_type=\"image.default\">\n\t\t\t\t<div class=\"elementor-widget-container\">\n\t\t\t\t\t\t\t\t\t\t\t\t<figure class=\"wp-caption\">\n\t\t\t\t\t\t\t\t\t\t\t<a href=\"\/wp-content\/uploads\/2020\/12\/Aguas_ferreas.pdf\" target=\"_blank\">\n\t\t\t\t\t\t\t<img loading=\"lazy\" decoding=\"async\" width=\"800\" height=\"566\" src=\"https:\/\/www.gem.pt\/wp-content\/uploads\/2020\/12\/Aguas_ferreas_Jpeg_small.jpg\" class=\"attachment-full size-full wp-image-3234\" alt=\"\" \/>\t\t\t\t\t\t\t\t<\/a>\n\t\t\t\t\t\t\t\t\t\t\t<figcaption class=\"widget-image-caption wp-caption-text\">Figura 2 \u2013 Planta e Perfil Distendido da Mina das \u00c1guas F\u00e9rreas<\/figcaption>\n\t\t\t\t\t\t\t\t\t\t<\/figure>\n\t\t\t\t\t\t\t\t\t<\/div>\n\t\t\t\t<\/div>\n\t\t\t\t\t<\/div>\n\t\t<\/div>\n\t\t\t\t\t<\/div>\n\t\t<\/section>\n\t\t\t\t<section class=\"elementor-section elementor-top-section elementor-element elementor-element-7b6fa62 elementor-section-boxed elementor-section-height-default elementor-section-height-default\" data-id=\"7b6fa62\" data-element_type=\"section\" data-e-type=\"section\">\n\t\t\t\t\t\t<div class=\"elementor-container elementor-column-gap-default\">\n\t\t\t\t\t<div class=\"aux-parallax-section elementor-column elementor-col-100 elementor-top-column elementor-element elementor-element-b69df85\" data-id=\"b69df85\" data-element_type=\"column\" data-e-type=\"column\">\n\t\t\t<div class=\"elementor-widget-wrap elementor-element-populated\">\n\t\t\t\t\t\t<div class=\"elementor-element elementor-element-21841c0 elementor-widget elementor-widget-text-editor\" data-id=\"21841c0\" data-element_type=\"widget\" data-e-type=\"widget\" data-widget_type=\"text-editor.default\">\n\t\t\t\t<div class=\"elementor-widget-container\">\n\t\t\t\t\t\t\t\t\t<div style=\"letter-spacing: normal; margin: 0px; padding: 0px; caret-color: #000000; color: #000000; font-family: Questrial; font-size: 14px; text-align: justify; white-space: pre-line;\"><span style=\"font-size: 16px;\">Os trabalhos desenvolvidos na \u00abMina das \u00c1guas F\u00e9rreas\u00bb contaram com a participa\u00e7\u00e3o dos espele\u00f3logos: Eduardo Vieira (GEM) e Andr\u00e9 Leite (GEM).<\/span><br><\/div>\n<div style=\"letter-spacing: normal; margin: 0px; padding: 0px; caret-color: #000000; color: #000000; font-family: Questrial; font-size: 14px; text-align: justify; white-space: pre-line;\"><br><div style=\"margin: 0px; padding: 0px;\"><span style=\"font-size: 16px;\"><span style=\"letter-spacing: 0px;\">Autores do projeto: Eduardo Vieira (GEM), Andr\u00e9 Leite (GEM), Pedro Ferreira (GEM) e Pedro Aguiar (GEM)<\/span><\/span><\/div><div style=\"margin: 0px; padding: 0px;\"><span style=\"font-size: 16px;\"><span style=\"letter-spacing: 0px;\">Coordena\u00e7\u00e3o: Eduardo Vieira (GEM)<\/span><\/span><\/div><div style=\"margin: 0px; padding: 0px;\"><span style=\"font-size: 16px;\"><span style=\"letter-spacing: 0px;\">Topografia: Eduardo Vieira (GEM), Andr\u00e9 Leite (GEM)<\/span><\/span><\/div><div style=\"margin: 0px; padding: 0px;\"><span style=\"font-size: 16px;\"><span style=\"letter-spacing: 0px;\">Fotografia: Eduardo Vieira (GEM), Andr\u00e9 Leite (GEM)<\/span><\/span><\/div><div style=\"margin: 0px; padding: 0px;\"><span style=\"font-size: 16px;\"><span style=\"letter-spacing: 0px;\">Texto: Eduardo Vieira (GEM)<\/span><\/span><\/div><div style=\"margin: 0px; padding: 0px;\"><span style=\"font-size: 16px;\"><span style=\"letter-spacing: 0px;\">Revis\u00e3o do texto: Sandra Flor<\/span><\/span><\/div><\/div>\t\t\t\t\t\t\t\t<\/div>\n\t\t\t\t<\/div>\n\t\t\t\t\t<\/div>\n\t\t<\/div>\n\t\t\t\t\t<\/div>\n\t\t<\/section>\n\t\t\t\t<\/div>\n\t\t","protected":false},"excerpt":{"rendered":"<p>Mina das \u00c1guas F\u00e9rreas 15 de Abril de 2018\u00a0 Introdu\u00e7\u00e3o Designada pelo Servi\u00e7o de Fomento Mineiro como \u00abmina das \u00e1guas f\u00e9rreas\u00bb, esta mina com um desenvolvimento total de 218 metros localiza-se a 123 metros de altitude, junto do Ribeiro do Inferno.\u00a0Cerca de metade da galeria (A)\u00a0referente \u00e0 entrada da mina, encontra-se com \u00e1gua durante todo [&hellip;]<\/p>\n","protected":false},"author":13,"featured_media":0,"parent":2793,"menu_order":0,"comment_status":"closed","ping_status":"closed","template":"","meta":{"footnotes":""},"class_list":["post-3307","page","type-page","status-publish","hentry"],"_links":{"self":[{"href":"https:\/\/www.gem.pt\/1\/wp-json\/wp\/v2\/pages\/3307","targetHints":{"allow":["GET"]}}],"collection":[{"href":"https:\/\/www.gem.pt\/1\/wp-json\/wp\/v2\/pages"}],"about":[{"href":"https:\/\/www.gem.pt\/1\/wp-json\/wp\/v2\/types\/page"}],"author":[{"embeddable":true,"href":"https:\/\/www.gem.pt\/1\/wp-json\/wp\/v2\/users\/13"}],"replies":[{"embeddable":true,"href":"https:\/\/www.gem.pt\/1\/wp-json\/wp\/v2\/comments?post=3307"}],"version-history":[{"count":0,"href":"https:\/\/www.gem.pt\/1\/wp-json\/wp\/v2\/pages\/3307\/revisions"}],"up":[{"embeddable":true,"href":"https:\/\/www.gem.pt\/1\/wp-json\/wp\/v2\/pages\/2793"}],"wp:attachment":[{"href":"https:\/\/www.gem.pt\/1\/wp-json\/wp\/v2\/media?parent=3307"}],"curies":[{"name":"wp","href":"https:\/\/api.w.org\/{rel}","templated":true}]}}