{"id":21135,"date":"2025-05-17T19:30:24","date_gmt":"2025-05-17T18:30:24","guid":{"rendered":"https:\/\/www.gem.pt\/1\/?page_id=21135"},"modified":"2025-05-17T20:07:26","modified_gmt":"2025-05-17T19:07:26","slug":"canyoning-autonomia","status":"publish","type":"page","link":"https:\/\/www.gem.pt\/1\/formacao\/canyoning-autonomia\/","title":{"rendered":"Canyoning Autonomia"},"content":{"rendered":"<style>.elementor-21135 .elementor-element.elementor-element-2c266a0e{color:#000000;}<\/style>\t\t<div data-elementor-type=\"wp-page\" data-elementor-id=\"21135\" class=\"elementor elementor-21135\">\n\t\t\t\t\t\t<section class=\"elementor-section elementor-top-section elementor-element elementor-element-38ede328 elementor-section-boxed elementor-section-height-default elementor-section-height-default\" data-id=\"38ede328\" data-element_type=\"section\" data-e-type=\"section\">\n\t\t\t\t\t\t<div class=\"elementor-container elementor-column-gap-default\">\n\t\t\t\t\t<div class=\"aux-parallax-section elementor-column elementor-col-100 elementor-top-column elementor-element elementor-element-297eb977\" data-id=\"297eb977\" data-element_type=\"column\" data-e-type=\"column\">\n\t\t\t<div class=\"elementor-widget-wrap elementor-element-populated\">\n\t\t\t\t\t\t<div class=\"elementor-element elementor-element-2c266a0e elementor-widget elementor-widget-text-editor\" data-id=\"2c266a0e\" data-element_type=\"widget\" data-e-type=\"widget\" data-widget_type=\"text-editor.default\">\n\t\t\t\t<div class=\"elementor-widget-container\">\n\t\t\t\t\t\t\t\t\t<p><span style=\"font-family: Questrial; font-size: 10px; letter-spacing: normal; white-space: pre-line;\">\u00a0<\/span><\/p><p><span style=\"letter-spacing: normal; caret-color: #444444; color: #444444; font-family: Questrial; font-size: 30px; white-space: pre-line;\">Canyoning &#8211; Curso de Autonomia<\/span><br \/><span style=\"letter-spacing: normal; caret-color: #e78b00; color: #e78b00; font-family: Questrial; font-size: 20px; white-space: pre-line;\">Curso de Autonomia<\/span><\/p><div style=\"text-align: left;\"><hr \/><\/div><div>\u00a0<\/div><div><span style=\"letter-spacing: normal; font-family: Questrial; text-align: justify; white-space: pre-line;\">Canyoning \u00e9 um desporto que consiste na explora\u00e7\u00e3o progressiva de um rio, transpondo os obst\u00e1culos verticais atrav\u00e9s de diversas t\u00e9cnicas e equipamentos. A emo\u00e7\u00e3o e adrenalina s\u00e3o as maiores atra\u00e7\u00f5es para os praticantes que se apaixonam pela explora\u00e7\u00e3o de canyons.<\/span><\/div><div style=\"text-align: left;\"><div style=\"letter-spacing: normal; margin: 0px; padding: 0px; caret-color: #000000; color: #000000; font-family: Questrial; white-space: pre-line; font-size: 5px; text-align: right;\">\u00a0<\/div><div style=\"letter-spacing: normal; margin: 0px; padding: 0px; caret-color: #000000; color: #000000; font-family: Questrial; text-align: justify; white-space: pre-line;\">Este curso, com Certifica\u00e7\u00e3o da Academia Internacional de Canyoning Associa\u00e7\u00e3o (ICA), \u00e9 composto por um m\u00f3dulo e-learning pr\u00e9vio, aula te\u00f3rica, aulas pr\u00e1ticas com treinos de verticais e descidas de rios com equipagens feitas pelos formandos para consolida\u00e7\u00e3o das t\u00e9cnicas aprendidas.<\/div><div>\u00a0<\/div><\/div><div style=\"letter-spacing: normal; margin: 0px; padding: 0px; caret-color: #000000; color: #000000; font-family: Questrial; text-align: justify; white-space: pre-line;\"><img fetchpriority=\"high\" decoding=\"async\" class=\"alignright wp-image-21144\" src=\"https:\/\/www.gem.pt\/wp-content\/uploads\/2025\/05\/canyoning-formacao.jpg\" alt=\"\" width=\"600\" height=\"392\" srcset=\"https:\/\/www.gem.pt\/wp-content\/uploads\/2025\/05\/canyoning-formacao.jpg 800w, https:\/\/www.gem.pt\/wp-content\/uploads\/2025\/05\/canyoning-formacao-18x12.jpg 18w\" sizes=\"(max-width: 600px) 100vw, 600px\" \/><\/div><div><div style=\"letter-spacing: normal; margin: 0px; padding: 0px; caret-color: #000000; color: #000000; font-family: Questrial; text-align: justify; white-space: pre-line;\"><span style=\"caret-color: #e78b00; color: #e78b00; font-size: 20px; text-align: left;\">Objetivo<\/span><\/div><div style=\"letter-spacing: normal; margin: 0px; padding: 0px; caret-color: #000000; color: #000000; font-family: Questrial; text-align: justify; white-space: pre-line;\">Garantir n\u00edvel de conhecimento t\u00e9cnico para autonomia na progress\u00e3o do rio.<\/div><div><div style=\"letter-spacing: normal; margin: 0px; padding: 0px; caret-color: #000000; color: #000000; font-family: Questrial; text-align: justify; white-space: pre-line;\">\u00a0<\/div><div><div style=\"letter-spacing: normal; margin: 0px; padding: 0px; caret-color: #000000; color: #000000; font-family: Questrial; text-align: justify; white-space: pre-line;\"><span style=\"caret-color: #e78b00; color: #e78b00; font-size: 20px; text-align: left;\">Conte\u00fados Gerais<\/span><\/div><div style=\"letter-spacing: normal; margin: 0px; padding: 0px; caret-color: #000000; color: #000000; font-family: Questrial; text-align: justify; white-space: pre-line;\">N\u00f3s essenciais, movimenta\u00e7\u00e3o descendente em corda, sistemas, equipagem, subida de corda, progress\u00e3o dentro do &#8220;canyon&#8221;.<\/div><div><div style=\"letter-spacing: normal; margin: 0px; padding: 0px; caret-color: #000000; color: #000000; font-family: Questrial; text-align: justify; white-space: pre-line;\">\u00a0<\/div><div><div style=\"letter-spacing: normal; margin: 0px; padding: 0px; caret-color: #000000; color: #000000; font-family: Questrial; text-align: justify; white-space: pre-line;\"><span style=\"caret-color: #e78b00; color: #e78b00; font-size: 20px; text-align: left;\">Requisitos<\/span><\/div><ul><li style=\"letter-spacing: normal; caret-color: #000000; color: #000000; font-family: Questrial; text-align: justify; white-space: pre-line;\">Sem nenhum requisito t\u00e9cnico obrigat\u00f3rio, embora seja importante j\u00e1 ter praticado canyoning anteriormente;<\/li><li style=\"letter-spacing: normal; caret-color: #000000; color: #000000; font-family: Questrial; text-align: justify; white-space: pre-line;\">Saber nadar.<\/li><\/ul><\/div><\/div><\/div><\/div><\/div><div style=\"text-align: left;\"><div style=\"letter-spacing: normal; margin: 0px; padding: 0px; caret-color: #000000; color: #000000; font-family: Questrial; text-align: justify; white-space: pre-line;\"><span style=\"caret-color: #e78b00; color: #e78b00; font-size: 20px; text-align: left;\">Calend\u00e1rio e Inscri\u00e7\u00f5es<\/span><\/div><div style=\"letter-spacing: normal; margin: 0px; padding: 0px; caret-color: #000000; color: #000000; font-family: Questrial; text-align: justify; white-space: pre-line;\">Consulte no <span style=\"color: #ff8200;\"><u><a style=\"color: inherit;\" title=\"\" href=\"https:\/\/www.gem.pt\/1\/atividades\/plano-atividades\/\" type=\"\" data-attached-link=\"{\">plano de <span style=\"color: #ff9900;\">atividades<\/span><\/a><\/u><\/span> as datas das pr\u00f3ximas forma\u00e7\u00f5es de Canyoning. Para grupos ou outras datas espec\u00edficas, contacte o GEM atrav\u00e9s do email <span style=\"color: #ff8200;\"><u><a style=\"color: inherit;\" title=\"\" href=\"mailto:geral@gem.pt\" type=\"\" data-attached-link=\"{\">geral@gem.pt<\/a><\/u><\/span>.<\/div><\/div><div>\u00a0<\/div><div style=\"letter-spacing: normal; margin: 0px; padding: 0px; caret-color: #000000; color: #000000; font-family: Questrial; text-align: justify; white-space: pre-line;\"><span style=\"caret-color: #e78b00; color: #e78b00; font-size: 20px; text-align: left;\">Valor de Inscri\u00e7\u00e3o<\/span><\/div><div style=\"text-align: left;\"><div style=\"letter-spacing: normal; margin: 0px; padding: 0px; caret-color: #000000; color: #000000; font-family: Questrial; text-align: justify; white-space: pre-line;\">Ver folheto do respetivo programa de forma\u00e7\u00e3o (inclui: equipamento pessoal, t\u00e9cnico e de seguran\u00e7a, seguro, acesso a videoteca do curso ICA e certificado de frequ\u00eancia da forma\u00e7\u00e3o).<\/div><div style=\"letter-spacing: normal; margin: 0px; padding: 0px; caret-color: #000000; color: #000000; font-family: Questrial; text-align: justify; white-space: pre-line;\"><div>\u00a0<\/div><div style=\"letter-spacing: normal; margin: 0px; padding: 0px; caret-color: #000000; color: #000000; font-family: Questrial; text-align: justify; white-space: pre-line;\"><span style=\"caret-color: #e78b00; color: #e78b00; font-size: 20px; text-align: left;\">Formul\u00e1rio de Inscri\u00e7\u00e3o<\/span><\/div><\/div><div style=\"letter-spacing: normal; margin: 0px; padding: 0px; caret-color: #000000; color: #000000; font-family: Questrial; text-align: justify; white-space: pre-line;\">Para se inscrever, envie o pedido para <span class=\"theme-text-color-4-2\" style=\"color: #ff8200;\"><u><a class=\"wz-link\" style=\"color: inherit;\" title=\"\" href=\"mailto:geral@gem.pt\" type=\"\" data-attached-link=\"{\">geral@gem.pt<\/a><\/u><\/span> dentro do prazo de inscri\u00e7\u00e3o, anexando o comprovativo do pagamento e seguindo as instru\u00e7\u00f5es constantes no folheto de divulga\u00e7\u00e3o da forma\u00e7\u00e3o.<\/div><\/div>\t\t\t\t\t\t\t\t<\/div>\n\t\t\t\t<\/div>\n\t\t\t\t\t<\/div>\n\t\t<\/div>\n\t\t\t\t\t<\/div>\n\t\t<\/section>\n\t\t\t\t<\/div>\n\t\t","protected":false},"excerpt":{"rendered":"<p>\u00a0 Canyoning &#8211; Curso de AutonomiaCurso de Autonomia \u00a0Canyoning \u00e9 um desporto que consiste na explora\u00e7\u00e3o progressiva de um rio, transpondo os obst\u00e1culos verticais atrav\u00e9s de diversas t\u00e9cnicas e equipamentos. A emo\u00e7\u00e3o e adrenalina s\u00e3o as maiores atra\u00e7\u00f5es para os praticantes que se apaixonam pela explora\u00e7\u00e3o de canyons.\u00a0Este curso, com Certifica\u00e7\u00e3o da Academia Internacional de [&hellip;]<\/p>\n","protected":false},"author":1,"featured_media":0,"parent":867,"menu_order":2,"comment_status":"closed","ping_status":"closed","template":"","meta":{"footnotes":""},"class_list":["post-21135","page","type-page","status-publish","hentry"],"_links":{"self":[{"href":"https:\/\/www.gem.pt\/1\/wp-json\/wp\/v2\/pages\/21135","targetHints":{"allow":["GET"]}}],"collection":[{"href":"https:\/\/www.gem.pt\/1\/wp-json\/wp\/v2\/pages"}],"about":[{"href":"https:\/\/www.gem.pt\/1\/wp-json\/wp\/v2\/types\/page"}],"author":[{"embeddable":true,"href":"https:\/\/www.gem.pt\/1\/wp-json\/wp\/v2\/users\/1"}],"replies":[{"embeddable":true,"href":"https:\/\/www.gem.pt\/1\/wp-json\/wp\/v2\/comments?post=21135"}],"version-history":[{"count":0,"href":"https:\/\/www.gem.pt\/1\/wp-json\/wp\/v2\/pages\/21135\/revisions"}],"up":[{"embeddable":true,"href":"https:\/\/www.gem.pt\/1\/wp-json\/wp\/v2\/pages\/867"}],"wp:attachment":[{"href":"https:\/\/www.gem.pt\/1\/wp-json\/wp\/v2\/media?parent=21135"}],"curies":[{"name":"wp","href":"https:\/\/api.w.org\/{rel}","templated":true}]}}