{"id":1585,"date":"2020-06-25T22:46:49","date_gmt":"2020-06-25T22:46:49","guid":{"rendered":"https:\/\/www.gem.pt\/@teste\/?page_id=1585"},"modified":"2020-06-25T23:12:25","modified_gmt":"2020-06-25T23:12:25","slug":"subscrever-divulgacoes","status":"publish","type":"page","link":"https:\/\/www.gem.pt\/1\/publicacoes\/subscrever-divulgacoes\/","title":{"rendered":"Subscrever Divulga\u00e7\u00f5es"},"content":{"rendered":"<style>.elementor-1585 .elementor-element.elementor-element-2c266a0e{color:#000000;}<\/style>\t\t<div data-elementor-type=\"wp-page\" data-elementor-id=\"1585\" class=\"elementor elementor-1585\">\n\t\t\t\t\t\t<section class=\"elementor-section elementor-top-section elementor-element elementor-element-38ede328 elementor-section-boxed elementor-section-height-default elementor-section-height-default\" data-id=\"38ede328\" data-element_type=\"section\" data-e-type=\"section\">\n\t\t\t\t\t\t<div class=\"elementor-container elementor-column-gap-default\">\n\t\t\t\t\t<div class=\"aux-parallax-section elementor-column elementor-col-100 elementor-top-column elementor-element elementor-element-297eb977\" data-id=\"297eb977\" data-element_type=\"column\" data-e-type=\"column\">\n\t\t\t<div class=\"elementor-widget-wrap elementor-element-populated\">\n\t\t\t\t\t\t<div class=\"elementor-element elementor-element-2c266a0e elementor-widget elementor-widget-text-editor\" data-id=\"2c266a0e\" data-element_type=\"widget\" data-e-type=\"widget\" data-widget_type=\"text-editor.default\">\n\t\t\t\t<div class=\"elementor-widget-container\">\n\t\t\t\t\t\t\t\t\t<p><span style=\"font-family: Questrial; font-size: 10px; letter-spacing: normal; white-space: pre-line;\">\u00a0<\/span><\/p><p><span style=\"caret-color: #444444; color: #444444; font-family: Questrial; font-size: 30px; letter-spacing: normal; white-space: pre-line;\">Subscrever Divulga\u00e7\u00f5es do GEM<\/span><\/p><div style=\"text-align: left;\"><hr \/><\/div><div>\u00a0<\/div><div><span style=\"letter-spacing: normal; caret-color: #e78b00; color: #e78b00; font-family: Questrial; font-size: 20px; white-space: pre-line;\">Receba as not\u00edcias e informa\u00e7\u00e3o sobre as pr\u00f3ximas\u00a0atividades do GEM<\/span><\/div>\t\t\t\t\t\t\t\t<\/div>\n\t\t\t\t<\/div>\n\t\t\t\t\t<\/div>\n\t\t<\/div>\n\t\t\t\t\t<\/div>\n\t\t<\/section>\n\t\t\t\t<section class=\"elementor-section elementor-top-section elementor-element elementor-element-8e5c178 elementor-section-boxed elementor-section-height-default elementor-section-height-default\" data-id=\"8e5c178\" data-element_type=\"section\" data-e-type=\"section\">\n\t\t\t\t\t\t<div class=\"elementor-container elementor-column-gap-default\">\n\t\t\t\t\t<div class=\"aux-parallax-section elementor-column elementor-col-100 elementor-top-column elementor-element elementor-element-a23035f\" data-id=\"a23035f\" data-element_type=\"column\" data-e-type=\"column\">\n\t\t\t<div class=\"elementor-widget-wrap elementor-element-populated\">\n\t\t\t\t\t\t<div class=\"elementor-element elementor-element-e67e8fc elementor-widget elementor-widget-text-editor\" data-id=\"e67e8fc\" data-element_type=\"widget\" data-e-type=\"widget\" data-widget_type=\"text-editor.default\">\n\t\t\t\t<div class=\"elementor-widget-container\">\n\t\t\t\t\t\t\t\t\t<div class=\"theme-text-style-bodyS\" style=\"letter-spacing: normal; margin: 0px; padding: 0px; font-family: Questrial; color: #000000; font-size: 14px; caret-color: #000000; text-align: justify; white-space: pre-line; line-height: 1.6;\" data-line-height=\"1.6\"><span style=\"font-size: 16px;\">Subscreva aqui as divulga\u00e7\u00f5es do GEM e receber\u00e1 no seu email as\u00a0not\u00edcias do GEM,\u00a0divulga\u00e7\u00f5es de atividades\u00a0e outras informa\u00e7\u00f5es\u00a0de interesse para todos os s\u00f3cios e n\u00e3o s\u00f3cios praticantes de atividades de ar livre.<\/span><\/div>\t\t\t\t\t\t\t\t<\/div>\n\t\t\t\t<\/div>\n\t\t\t\t\t<\/div>\n\t\t<\/div>\n\t\t\t\t\t<\/div>\n\t\t<\/section>\n\t\t\t\t<section class=\"elementor-section elementor-top-section elementor-element elementor-element-1124824 elementor-section-boxed elementor-section-height-default elementor-section-height-default\" data-id=\"1124824\" data-element_type=\"section\" data-e-type=\"section\">\n\t\t\t\t\t\t<div class=\"elementor-container elementor-column-gap-default\">\n\t\t\t\t\t<div class=\"aux-parallax-section elementor-column elementor-col-100 elementor-top-column elementor-element elementor-element-d4a8b23\" data-id=\"d4a8b23\" data-element_type=\"column\" data-e-type=\"column\">\n\t\t\t<div class=\"elementor-widget-wrap elementor-element-populated\">\n\t\t\t\t\t\t<div class=\"elementor-element elementor-element-01af65d elementor-widget elementor-widget-html\" data-id=\"01af65d\" data-element_type=\"widget\" data-e-type=\"widget\" data-widget_type=\"html.default\">\n\t\t\t\t<div class=\"elementor-widget-container\">\n\t\t\t\t\t<iframe src=\"https:\/\/docs.google.com\/forms\/d\/e\/1FAIpQLSfDPQTTH1_i5zvZAzvhgnr5c0Nv-Ir2XuHW78-I6X0zivsegg\/viewform?embedded=true\" width=\"100%\" height=\"1580px\" frameborder=\"0\" marginheight=\"0\" marginwidth=\"0\">A carregar...<\/iframe>\t\t\t\t<\/div>\n\t\t\t\t<\/div>\n\t\t\t\t\t<\/div>\n\t\t<\/div>\n\t\t\t\t\t<\/div>\n\t\t<\/section>\n\t\t\t\t<\/div>\n\t\t","protected":false},"excerpt":{"rendered":"<p>\u00a0 Subscrever Divulga\u00e7\u00f5es do GEM \u00a0Receba as not\u00edcias e informa\u00e7\u00e3o sobre as pr\u00f3ximas\u00a0atividades do GEMSubscreva aqui as divulga\u00e7\u00f5es do GEM e receber\u00e1 no seu email as\u00a0not\u00edcias do GEM,\u00a0divulga\u00e7\u00f5es de atividades\u00a0e outras informa\u00e7\u00f5es\u00a0de interesse para todos os s\u00f3cios e n\u00e3o s\u00f3cios praticantes de atividades de ar livre. A carregar&#8230;<\/p>\n","protected":false},"author":1,"featured_media":0,"parent":801,"menu_order":4,"comment_status":"closed","ping_status":"closed","template":"","meta":{"footnotes":""},"class_list":["post-1585","page","type-page","status-publish","hentry"],"_links":{"self":[{"href":"https:\/\/www.gem.pt\/1\/wp-json\/wp\/v2\/pages\/1585","targetHints":{"allow":["GET"]}}],"collection":[{"href":"https:\/\/www.gem.pt\/1\/wp-json\/wp\/v2\/pages"}],"about":[{"href":"https:\/\/www.gem.pt\/1\/wp-json\/wp\/v2\/types\/page"}],"author":[{"embeddable":true,"href":"https:\/\/www.gem.pt\/1\/wp-json\/wp\/v2\/users\/1"}],"replies":[{"embeddable":true,"href":"https:\/\/www.gem.pt\/1\/wp-json\/wp\/v2\/comments?post=1585"}],"version-history":[{"count":0,"href":"https:\/\/www.gem.pt\/1\/wp-json\/wp\/v2\/pages\/1585\/revisions"}],"up":[{"embeddable":true,"href":"https:\/\/www.gem.pt\/1\/wp-json\/wp\/v2\/pages\/801"}],"wp:attachment":[{"href":"https:\/\/www.gem.pt\/1\/wp-json\/wp\/v2\/media?parent=1585"}],"curies":[{"name":"wp","href":"https:\/\/api.w.org\/{rel}","templated":true}]}}