{"id":13449,"date":"2022-03-17T15:44:40","date_gmt":"2022-03-17T15:44:40","guid":{"rendered":"https:\/\/www.gem.pt\/1\/?page_id=13449"},"modified":"2025-08-09T13:01:01","modified_gmt":"2025-08-09T12:01:01","slug":"artigos-bioespeleologia","status":"publish","type":"page","link":"https:\/\/www.gem.pt\/1\/publicacoes\/artigos-bioespeleologia\/","title":{"rendered":"Artigos Bioespeleologia"},"content":{"rendered":"<style>.elementor-13449 .elementor-element.elementor-element-017080d{color:#000000;}.elementor-13449 .elementor-element.elementor-element-9206610 .eael-entry-thumbnail{height:200px;}.elementor-13449 .elementor-element.elementor-element-9206610 .eael-grid-post-holder{background-color:#fff;box-shadow:3px 3px 10px 1px rgba(0, 0, 0, 0.21);}.elementor-13449 .elementor-element.elementor-element-9206610 .eael-entry-meta .eael-posted-on{color:#02010180;}.elementor-13449 .elementor-element.elementor-element-9206610 .eael-post-grid-style-two .eael-entry-meta .eael-meta-posted-on{color:#02010180;}.elementor-13449 .elementor-element.elementor-element-9206610 .eael-grid-post .eael-entry-footer{justify-content:flex-end;}.elementor-13449 .elementor-element.elementor-element-9206610 .eael-grid-post .eael-entry-header-after{justify-content:flex-end;align-items:center;}.elementor-13449 .elementor-element.elementor-element-9206610 .eael-entry-meta > span{font-size:14px;}.elementor-13449 .elementor-element.elementor-element-9206610 .eael-entry-header-after{margin:5px -2px -5px 0px;}.elementor-13449 .elementor-element.elementor-element-9206610 .eael-entry-title a{color:#303133;}.elementor-13449 .elementor-element.elementor-element-9206610 .eael-entry-title{text-align:left;margin:-5px -5px 0px -5px;}.elementor-13449 .elementor-element.elementor-element-9206610 .eael-grid-post .eael-entry-overlay{background-color:#BEBEBE33;}.elementor-13449 .elementor-element.elementor-element-9206610 .eael-grid-post .eael-entry-overlay > i{color:#EFEFEF;font-size:60px;}.elementor-13449 .elementor-element.elementor-element-9206610 .eael-grid-post .eael-entry-overlay > img{height:60px;width:60px;}.elementor-13449 .elementor-element.elementor-element-9206610 .eael-load-more-button{padding:9px 16px 11px 15px;margin:10px 0px 0px 0px;color:#fff;background:#FF9900;border-radius:10px;box-shadow:2px 2px 5px 0px rgba(0,0,0,0.5);}.elementor-13449 .elementor-element.elementor-element-9206610 .eael-load-more-button:hover{color:#000000;background:#FFCD82;box-shadow:0px 0px 0px 0px rgba(0,0,0,0.5);}.elementor-13449 .elementor-element.elementor-element-9206610 .eael-load-more-button-wrap{justify-content:center;}<\/style>\t\t<div data-elementor-type=\"wp-page\" data-elementor-id=\"13449\" class=\"elementor elementor-13449\">\n\t\t\t\t\t\t<section class=\"elementor-section elementor-top-section elementor-element elementor-element-38ede328 elementor-section-boxed elementor-section-height-default elementor-section-height-default\" data-id=\"38ede328\" data-element_type=\"section\" data-e-type=\"section\">\n\t\t\t\t\t\t<div class=\"elementor-container elementor-column-gap-default\">\n\t\t\t\t\t<div class=\"aux-parallax-section elementor-column elementor-col-100 elementor-top-column elementor-element elementor-element-297eb977\" data-id=\"297eb977\" data-element_type=\"column\" data-e-type=\"column\">\n\t\t\t<div class=\"elementor-widget-wrap elementor-element-populated\">\n\t\t\t\t\t\t<div class=\"elementor-element elementor-element-017080d elementor-widget elementor-widget-text-editor\" data-id=\"017080d\" data-element_type=\"widget\" data-e-type=\"widget\" data-widget_type=\"text-editor.default\">\n\t\t\t\t<div class=\"elementor-widget-container\">\n\t\t\t\t\t\t\t\t\t<p><span style=\"font-family: Questrial; font-size: 10px; letter-spacing: normal; white-space: pre-line;\">\u00a0<\/span><\/p><p><span style=\"letter-spacing: normal; caret-color: #444444; color: #444444; font-family: Questrial; font-size: 30px; white-space: pre-line;\">Bioespeleologia<\/span><\/p><div style=\"text-align: left;\"><hr \/><\/div><div>\u00a0<\/div><div><span style=\"letter-spacing: normal; caret-color: #e78b00; color: #e78b00; font-family: Questrial; font-size: 20px; white-space: pre-line;\">Artigos e Observa\u00e7\u00f5es<\/span><\/div>\t\t\t\t\t\t\t\t<\/div>\n\t\t\t\t<\/div>\n\t\t\t\t\t<\/div>\n\t\t<\/div>\n\t\t\t\t\t<\/div>\n\t\t<\/section>\n\t\t\t\t<section class=\"elementor-section elementor-top-section elementor-element elementor-element-b0176df elementor-section-boxed elementor-section-height-default elementor-section-height-default\" data-id=\"b0176df\" data-element_type=\"section\" data-e-type=\"section\">\n\t\t\t\t\t\t<div class=\"elementor-container elementor-column-gap-default\">\n\t\t\t\t\t<div class=\"aux-parallax-section elementor-column elementor-col-100 elementor-top-column elementor-element elementor-element-768acda\" data-id=\"768acda\" data-element_type=\"column\" data-e-type=\"column\">\n\t\t\t<div class=\"elementor-widget-wrap elementor-element-populated\">\n\t\t\t\t\t\t<div class=\"elementor-element elementor-element-9206610 elementor-grid-eael-col-3 elementor-grid-tablet-eael-col-2 elementor-grid-mobile-eael-col-1 elementor-widget elementor-widget-eael-post-grid\" data-id=\"9206610\" data-element_type=\"widget\" data-e-type=\"widget\" data-settings=\"{&quot;eael_post_grid_columns&quot;:&quot;eael-col-3&quot;,&quot;eael_post_grid_columns_tablet&quot;:&quot;eael-col-2&quot;,&quot;eael_post_grid_columns_mobile&quot;:&quot;eael-col-1&quot;}\" data-widget_type=\"eael-post-grid.default\">\n\t\t\t\t<div class=\"elementor-widget-container\">\n\t\t\t\t\t<div id=\"eael-post-grid-9206610\" class=\"eael-post-grid-container\">\n            <div class=\"eael-post-grid eael-post-appender eael-post-appender-9206610 eael-post-grid-style-two\" data-layout-mode=\"grid\"><article class=\"eael-grid-post  eael-post-grid-column eael-pg-post-13568 category-anfibia-observacoes tags-anfibios-triturus\" data-id=\"13568\">\n    <div class=\"eael-grid-post-holder\">\n        <div class=\"eael-grid-post-holder-inner\"><div class=\"eael-entry-media\"><div class=\"eael-entry-overlay fade-in\"><i class=\"far fa-plus-square\" aria-hidden=\"true\"><\/i><a href=\"https:\/\/www.gem.pt\/1\/2022\/03\/tritao-marmoreado\/\"><\/a><\/div><div class=\"eael-entry-thumbnail \">\n                            <img fetchpriority=\"high\" decoding=\"async\" width=\"1672\" height=\"1254\" src=\"https:\/\/www.gem.pt\/wp-content\/uploads\/2022\/03\/P3260113.jpg\" class=\"attachment-full size-full wp-image-13570\" alt=\"\" \/>\n                            <\/div>\n                    <\/div><div class=\"eael-entry-wrapper\"><header class=\"eael-entry-header\"><h4 class=\"eael-entry-title\"><a class=\"eael-grid-post-link\" href=\"https:\/\/www.gem.pt\/1\/2022\/03\/tritao-marmoreado\/\" title=\"Trit\u00e3o-marmoreado\">Trit\u00e3o-marmoreado<\/a><\/h4><\/header><div class=\"eael-entry-header-after style-two\"><div class=\"eael-entry-meta\"><span class=\"eael-posted-on eael-meta-posted-on\"><i class=\"far fa-clock\"><\/i><time datetime=\"29 de Mar\u00e7o, 2022\">29 de Mar\u00e7o, 2022<\/time><\/span><\/div><\/div><\/div><\/div>\n    <\/div>\n<\/article><article class=\"eael-grid-post  eael-post-grid-column eael-pg-post-13565 category-anfibia-observacoes tags-anfibios-salamandra\" data-id=\"13565\">\n    <div class=\"eael-grid-post-holder\">\n        <div class=\"eael-grid-post-holder-inner\"><div class=\"eael-entry-media\"><div class=\"eael-entry-overlay fade-in\"><i class=\"far fa-plus-square\" aria-hidden=\"true\"><\/i><a href=\"https:\/\/www.gem.pt\/1\/2022\/03\/salamandra-de-pintas-amarelas\/\"><\/a><\/div><div class=\"eael-entry-thumbnail \">\n                            <img decoding=\"async\" width=\"1672\" height=\"1254\" src=\"https:\/\/www.gem.pt\/wp-content\/uploads\/2022\/03\/P3260091.jpg\" class=\"attachment-full size-full wp-image-13566\" alt=\"\" \/>\n                            <\/div>\n                    <\/div><div class=\"eael-entry-wrapper\"><header class=\"eael-entry-header\"><h4 class=\"eael-entry-title\"><a class=\"eael-grid-post-link\" href=\"https:\/\/www.gem.pt\/1\/2022\/03\/salamandra-de-pintas-amarelas\/\" title=\"Salamandra-de-pintas-amarelas\">Salamandra-de-pintas-amarelas<\/a><\/h4><\/header><div class=\"eael-entry-header-after style-two\"><div class=\"eael-entry-meta\"><span class=\"eael-posted-on eael-meta-posted-on\"><i class=\"far fa-clock\"><\/i><time datetime=\"29 de Mar\u00e7o, 2022\">29 de Mar\u00e7o, 2022<\/time><\/span><\/div><\/div><\/div><\/div>\n    <\/div>\n<\/article><article class=\"eael-grid-post  eael-post-grid-column eael-pg-post-13560 category-anfibia-observacoes tags-anfibios-bufo\" data-id=\"13560\">\n    <div class=\"eael-grid-post-holder\">\n        <div class=\"eael-grid-post-holder-inner\"><div class=\"eael-entry-media\"><div class=\"eael-entry-overlay fade-in\"><i class=\"far fa-plus-square\" aria-hidden=\"true\"><\/i><a href=\"https:\/\/www.gem.pt\/1\/2022\/03\/sapo-comum-2\/\"><\/a><\/div><div class=\"eael-entry-thumbnail \">\n                            <img decoding=\"async\" width=\"1672\" height=\"1254\" src=\"https:\/\/www.gem.pt\/wp-content\/uploads\/2022\/03\/P3260092.jpg\" class=\"attachment-full size-full wp-image-13562\" alt=\"\" \/>\n                            <\/div>\n                    <\/div><div class=\"eael-entry-wrapper\"><header class=\"eael-entry-header\"><h4 class=\"eael-entry-title\"><a class=\"eael-grid-post-link\" href=\"https:\/\/www.gem.pt\/1\/2022\/03\/sapo-comum-2\/\" title=\"Sapo-comum\">Sapo-comum<\/a><\/h4><\/header><div class=\"eael-entry-header-after style-two\"><div class=\"eael-entry-meta\"><span class=\"eael-posted-on eael-meta-posted-on\"><i class=\"far fa-clock\"><\/i><time datetime=\"29 de Mar\u00e7o, 2022\">29 de Mar\u00e7o, 2022<\/time><\/span><\/div><\/div><\/div><\/div>\n    <\/div>\n<\/article><article class=\"eael-grid-post  eael-post-grid-column eael-pg-post-13555 category-anfibia-observacoes tags-anfibios-bufo\" data-id=\"13555\">\n    <div class=\"eael-grid-post-holder\">\n        <div class=\"eael-grid-post-holder-inner\"><div class=\"eael-entry-media\"><div class=\"eael-entry-overlay fade-in\"><i class=\"far fa-plus-square\" aria-hidden=\"true\"><\/i><a href=\"https:\/\/www.gem.pt\/1\/2022\/03\/sapo-comum\/\"><\/a><\/div><div class=\"eael-entry-thumbnail \">\n                            <img loading=\"lazy\" decoding=\"async\" width=\"640\" height=\"480\" src=\"https:\/\/www.gem.pt\/wp-content\/uploads\/2022\/03\/P1080212.jpg\" class=\"attachment-full size-full wp-image-13556\" alt=\"\" \/>\n                            <\/div>\n                    <\/div><div class=\"eael-entry-wrapper\"><header class=\"eael-entry-header\"><h4 class=\"eael-entry-title\"><a class=\"eael-grid-post-link\" href=\"https:\/\/www.gem.pt\/1\/2022\/03\/sapo-comum\/\" title=\"Sapo-comum\">Sapo-comum<\/a><\/h4><\/header><div class=\"eael-entry-header-after style-two\"><div class=\"eael-entry-meta\"><span class=\"eael-posted-on eael-meta-posted-on\"><i class=\"far fa-clock\"><\/i><time datetime=\"22 de Mar\u00e7o, 2022\">22 de Mar\u00e7o, 2022<\/time><\/span><\/div><\/div><\/div><\/div>\n    <\/div>\n<\/article><article class=\"eael-grid-post  eael-post-grid-column eael-pg-post-13548 category-aracnida-observacoes tags-aranhas-nesticus\" data-id=\"13548\">\n    <div class=\"eael-grid-post-holder\">\n        <div class=\"eael-grid-post-holder-inner\"><div class=\"eael-entry-media\"><div class=\"eael-entry-overlay fade-in\"><i class=\"far fa-plus-square\" aria-hidden=\"true\"><\/i><a href=\"https:\/\/www.gem.pt\/1\/2022\/03\/nesticus-lusitanicus\/\"><\/a><\/div><div class=\"eael-entry-thumbnail \">\n                            <img loading=\"lazy\" decoding=\"async\" width=\"640\" height=\"480\" src=\"https:\/\/www.gem.pt\/wp-content\/uploads\/2022\/03\/P2200396.jpg\" class=\"attachment-full size-full wp-image-13553\" alt=\"\" \/>\n                            <\/div>\n                    <\/div><div class=\"eael-entry-wrapper\"><header class=\"eael-entry-header\"><h4 class=\"eael-entry-title\"><a class=\"eael-grid-post-link\" href=\"https:\/\/www.gem.pt\/1\/2022\/03\/nesticus-lusitanicus\/\" title=\"Nesticus lusitanicus\">Nesticus lusitanicus<\/a><\/h4><\/header><div class=\"eael-entry-header-after style-two\"><div class=\"eael-entry-meta\"><span class=\"eael-posted-on eael-meta-posted-on\"><i class=\"far fa-clock\"><\/i><time datetime=\"22 de Mar\u00e7o, 2022\">22 de Mar\u00e7o, 2022<\/time><\/span><\/div><\/div><\/div><\/div>\n    <\/div>\n<\/article><article class=\"eael-grid-post  eael-post-grid-column eael-pg-post-13544 category-observacoes-reptilia tags-macroprotodon-repteis\" data-id=\"13544\">\n    <div class=\"eael-grid-post-holder\">\n        <div class=\"eael-grid-post-holder-inner\"><div class=\"eael-entry-media\"><div class=\"eael-entry-overlay fade-in\"><i class=\"far fa-plus-square\" aria-hidden=\"true\"><\/i><a href=\"https:\/\/www.gem.pt\/1\/2022\/03\/cobra-de-capuz\/\"><\/a><\/div><div class=\"eael-entry-thumbnail \">\n                            <img loading=\"lazy\" decoding=\"async\" width=\"640\" height=\"480\" src=\"https:\/\/www.gem.pt\/wp-content\/uploads\/2022\/03\/Macroprotodum-Obs-no1.jpg\" class=\"attachment-full size-full wp-image-13545\" alt=\"\" \/>\n                            <\/div>\n                    <\/div><div class=\"eael-entry-wrapper\"><header class=\"eael-entry-header\"><h4 class=\"eael-entry-title\"><a class=\"eael-grid-post-link\" href=\"https:\/\/www.gem.pt\/1\/2022\/03\/cobra-de-capuz\/\" title=\"Cobra-de-capuz\">Cobra-de-capuz<\/a><\/h4><\/header><div class=\"eael-entry-header-after style-two\"><div class=\"eael-entry-meta\"><span class=\"eael-posted-on eael-meta-posted-on\"><i class=\"far fa-clock\"><\/i><time datetime=\"22 de Mar\u00e7o, 2022\">22 de Mar\u00e7o, 2022<\/time><\/span><\/div><\/div><\/div><\/div>\n    <\/div>\n<\/article><article class=\"eael-grid-post  eael-post-grid-column eael-pg-post-13537 category-mollusca-observacoes tags-moluscos-rumina\" data-id=\"13537\">\n    <div class=\"eael-grid-post-holder\">\n        <div class=\"eael-grid-post-holder-inner\"><div class=\"eael-entry-media\"><div class=\"eael-entry-overlay fade-in\"><i class=\"far fa-plus-square\" aria-hidden=\"true\"><\/i><a href=\"https:\/\/www.gem.pt\/1\/2022\/03\/rumina-decollata-2\/\"><\/a><\/div><div class=\"eael-entry-thumbnail \">\n                            <img loading=\"lazy\" decoding=\"async\" width=\"640\" height=\"480\" src=\"https:\/\/www.gem.pt\/wp-content\/uploads\/2022\/03\/P2260079.jpg\" class=\"attachment-full size-full wp-image-13541\" alt=\"\" \/>\n                            <\/div>\n                    <\/div><div class=\"eael-entry-wrapper\"><header class=\"eael-entry-header\"><h4 class=\"eael-entry-title\"><a class=\"eael-grid-post-link\" href=\"https:\/\/www.gem.pt\/1\/2022\/03\/rumina-decollata-2\/\" title=\"Rumina decollata\">Rumina decollata<\/a><\/h4><\/header><div class=\"eael-entry-header-after style-two\"><div class=\"eael-entry-meta\"><span class=\"eael-posted-on eael-meta-posted-on\"><i class=\"far fa-clock\"><\/i><time datetime=\"22 de Mar\u00e7o, 2022\">22 de Mar\u00e7o, 2022<\/time><\/span><\/div><\/div><\/div><\/div>\n    <\/div>\n<\/article><article class=\"eael-grid-post  eael-post-grid-column eael-pg-post-13530 category-observacoes-reptilia tags-elaphe-repteis\" data-id=\"13530\">\n    <div class=\"eael-grid-post-holder\">\n        <div class=\"eael-grid-post-holder-inner\"><div class=\"eael-entry-media\"><div class=\"eael-entry-overlay fade-in\"><i class=\"far fa-plus-square\" aria-hidden=\"true\"><\/i><a href=\"https:\/\/www.gem.pt\/1\/2022\/03\/cobra-de-escada\/\"><\/a><\/div><div class=\"eael-entry-thumbnail \">\n                            <img loading=\"lazy\" decoding=\"async\" width=\"2000\" height=\"1128\" src=\"https:\/\/www.gem.pt\/wp-content\/uploads\/2022\/03\/CobraEscada.jpeg\" class=\"attachment-full size-full wp-image-13531\" alt=\"\" \/>\n                            <\/div>\n                    <\/div><div class=\"eael-entry-wrapper\"><header class=\"eael-entry-header\"><h4 class=\"eael-entry-title\"><a class=\"eael-grid-post-link\" href=\"https:\/\/www.gem.pt\/1\/2022\/03\/cobra-de-escada\/\" title=\"Cobra-de-escada\">Cobra-de-escada<\/a><\/h4><\/header><div class=\"eael-entry-header-after style-two\"><div class=\"eael-entry-meta\"><span class=\"eael-posted-on eael-meta-posted-on\"><i class=\"far fa-clock\"><\/i><time datetime=\"22 de Mar\u00e7o, 2022\">22 de Mar\u00e7o, 2022<\/time><\/span><\/div><\/div><\/div><\/div>\n    <\/div>\n<\/article><article class=\"eael-grid-post  eael-post-grid-column eael-pg-post-13527 category-observacoes tags-eliomys-mammalia\" data-id=\"13527\">\n    <div class=\"eael-grid-post-holder\">\n        <div class=\"eael-grid-post-holder-inner\"><div class=\"eael-entry-media\"><div class=\"eael-entry-overlay fade-in\"><i class=\"far fa-plus-square\" aria-hidden=\"true\"><\/i><a href=\"https:\/\/www.gem.pt\/1\/2022\/03\/leirao\/\"><\/a><\/div><div class=\"eael-entry-thumbnail \">\n                            <img loading=\"lazy\" decoding=\"async\" width=\"640\" height=\"480\" src=\"https:\/\/www.gem.pt\/wp-content\/uploads\/2022\/03\/P3190036.jpg\" class=\"attachment-full size-full wp-image-13535\" alt=\"\" \/>\n                            <\/div>\n                    <\/div><div class=\"eael-entry-wrapper\"><header class=\"eael-entry-header\"><h4 class=\"eael-entry-title\"><a class=\"eael-grid-post-link\" href=\"https:\/\/www.gem.pt\/1\/2022\/03\/leirao\/\" title=\"Leir\u00e3o\">Leir\u00e3o<\/a><\/h4><\/header><div class=\"eael-entry-header-after style-two\"><div class=\"eael-entry-meta\"><span class=\"eael-posted-on eael-meta-posted-on\"><i class=\"far fa-clock\"><\/i><time datetime=\"21 de Mar\u00e7o, 2022\">21 de Mar\u00e7o, 2022<\/time><\/span><\/div><\/div><\/div><\/div>\n    <\/div>\n<\/article><\/div>\n            <div class=\"clearfix\"><\/div>\n        <\/div>            <div class=\"eael-load-more-button-wrap\">\n                <button class=\"eael-load-more-button\" id=\"eael-load-more-btn-9206610\" data-widget-id=\"9206610\" data-widget=\"9206610\" data-page-id=\"13449\" data-template=\"{&quot;dir&quot;:&quot;lite&quot;,&quot;file_name&quot;:&quot;two.php&quot;,&quot;name&quot;:&quot;Post-Grid&quot;}\" data-class=\"Essential_Addons_Elementor\\Elements\\Post_Grid\" data-layout=\"grid\" data-page=\"1\" data-args=\"orderby=date&amp;order=desc&amp;ignore_sticky_posts=1&amp;post_status=publish&amp;posts_per_page=9&amp;offset=0&amp;post_type=post&amp;tax_query%5B0%5D%5Btaxonomy%5D=category&amp;tax_query%5B0%5D%5Bfield%5D=term_id&amp;tax_query%5B0%5D%5Bterms%5D%5B0%5D=282&amp;tax_query%5Brelation%5D=AND\" data-max-page=\"2\">\n                    <span class=\"eael-btn-loader button__loader\"><\/span>\n                    <span class=\"eael_load_more_text\">Mais artigos<\/span>\n                <\/button>\n            <\/div>\n            \t\t\t\t<\/div>\n\t\t\t\t<\/div>\n\t\t\t\t\t<\/div>\n\t\t<\/div>\n\t\t\t\t\t<\/div>\n\t\t<\/section>\n\t\t\t\t<\/div>\n\t\t","protected":false},"excerpt":{"rendered":"<p>\u00a0 Bioespeleologia \u00a0Artigos e Observa\u00e7\u00f5es Salamandra-de-pintas-amarelas 1 de Abril, 2022 Trit\u00e3o-marmoreado 29 de Mar\u00e7o, 2022 Salamandra-de-pintas-amarelas 29 de Mar\u00e7o, 2022 Sapo-comum 29 de Mar\u00e7o, 2022 Sapo-comum 22 de Mar\u00e7o, 2022 Nesticus lusitanicus 22 de Mar\u00e7o, 2022 Cobra-de-capuz 22 de Mar\u00e7o, 2022 Rumina decollata 22 de Mar\u00e7o, 2022 Cobra-de-escada 22 de Mar\u00e7o, 2022 Mais artigos<\/p>\n","protected":false},"author":1,"featured_media":0,"parent":801,"menu_order":0,"comment_status":"closed","ping_status":"closed","template":"","meta":{"footnotes":""},"class_list":["post-13449","page","type-page","status-publish","hentry"],"_links":{"self":[{"href":"https:\/\/www.gem.pt\/1\/wp-json\/wp\/v2\/pages\/13449","targetHints":{"allow":["GET"]}}],"collection":[{"href":"https:\/\/www.gem.pt\/1\/wp-json\/wp\/v2\/pages"}],"about":[{"href":"https:\/\/www.gem.pt\/1\/wp-json\/wp\/v2\/types\/page"}],"author":[{"embeddable":true,"href":"https:\/\/www.gem.pt\/1\/wp-json\/wp\/v2\/users\/1"}],"replies":[{"embeddable":true,"href":"https:\/\/www.gem.pt\/1\/wp-json\/wp\/v2\/comments?post=13449"}],"version-history":[{"count":0,"href":"https:\/\/www.gem.pt\/1\/wp-json\/wp\/v2\/pages\/13449\/revisions"}],"up":[{"embeddable":true,"href":"https:\/\/www.gem.pt\/1\/wp-json\/wp\/v2\/pages\/801"}],"wp:attachment":[{"href":"https:\/\/www.gem.pt\/1\/wp-json\/wp\/v2\/media?parent=13449"}],"curies":[{"name":"wp","href":"https:\/\/api.w.org\/{rel}","templated":true}]}}