{"id":1326,"date":"2020-05-31T22:40:11","date_gmt":"2020-05-31T22:40:11","guid":{"rendered":"https:\/\/www.gem.pt\/@teste\/?page_id=1326"},"modified":"2025-11-19T19:40:26","modified_gmt":"2025-11-19T19:40:26","slug":"contactos","status":"publish","type":"page","link":"https:\/\/www.gem.pt\/1\/quemsomos\/contactos\/","title":{"rendered":"Contactos"},"content":{"rendered":"<style>.elementor-1326 .elementor-element.elementor-element-2c266a0e{color:#000000;}.elementor-1326 .elementor-element.elementor-element-3810081 > .elementor-widget-container{padding:20px 0px 0px 0px;}.elementor-1326 .elementor-element.elementor-element-6b8f52f > .elementor-widget-container{padding:20px 0px 0px 0px;}.elementor-1326 .elementor-element.elementor-element-a3c6ebf > .elementor-widget-wrap > .elementor-widget:not(.elementor-widget__width-auto):not(.elementor-widget__width-initial):not(:last-child):not(.elementor-absolute){margin-block-end:0px;}.elementor-1326 .elementor-element.elementor-element-63dc287 iframe{height:350px;}.elementor-1326 .elementor-element.elementor-element-63dc287 > .elementor-widget-container{padding:20px 0px 0px 0px;}.elementor-1326 .elementor-element.elementor-element-b603668 > .elementor-widget-container{padding:20px 50px 0px 0px;}.elementor-1326 .elementor-element.elementor-element-21a9827 > .elementor-widget-container{padding:20px 0px 0px 0px;}.elementor-1326 .elementor-element.elementor-element-871ecef .elementskit-clients-slider{--ekit_client_logo_left_right_spacing:0px;}.elementor-1326 .elementor-element.elementor-element-871ecef .ekit-price-card-slider{--ekit_client_logo_slidetosho:10;}.elementor-1326 .elementor-element.elementor-element-871ecef .elementskit-clients-slider .ekit-main-swiper{background-color:#02010100;}.elementor-1326 .elementor-element.elementor-element-871ecef .elementskit-clients-slider .single-client{min-height:45px;background-color:#FFFFFF00;border-radius:0px 0px 0px 0px;box-shadow:0px 0px 10px 0px rgba(0, 0, 0, 0);}.elementor-1326 .elementor-element.elementor-element-871ecef .elementskit-clients-slider.banner_logo_image .single-client:before, .elementor-1326 .elementor-element.elementor-element-871ecef .elementskit-clients-slider.hover-bg-gradient .single-client:before{background-color:#C9CDFF00;}.elementor-1326 .elementor-element.elementor-element-871ecef .elementskit-clients-slider.banner_logo_image .single-client:before{background-color:#02010100;}.elementor-1326 .elementor-element.elementor-element-871ecef .elementskit-clients-slider.simple_logo_image .single-client:hover{box-shadow:0px 0px 10px 0px rgba(0, 0, 0, 0);}.elementor-1326 .elementor-element.elementor-element-871ecef .elementskit-clients-slider .single-client:hover{border-style:solid;border-width:1px 1px 1px 1px;border-color:#02010100;}.elementor-1326 .elementor-element.elementor-element-871ecef .simple_logo_image .single-client .content-image .main-image{opacity:1;filter:alpha(opacity=1);}.elementor-1326 .elementor-element.elementor-element-871ecef .elementskit-clients-slider .single-client img{opacity:1;filter:alpha(opacity=1);}.elementor-1326 .elementor-element.elementor-element-871ecef .simple_logo_image .single-client:hover .content-image img{opacity:1;filter:alpha(opacity=1);}.elementor-1326 .elementor-element.elementor-element-871ecef .simple_logo_image .single-client:hover .content-image .main-image{opacity:1;filter:alpha(opacity=1);}@media(max-width:1024px){.elementor-1326 .elementor-element.elementor-element-b603668 > .elementor-widget-container{padding:20px 0px 0px 0px;}.elementor-1326 .elementor-element.elementor-element-871ecef .elementskit-clients-slider{--ekit_client_logo_left_right_spacing:10px;}.elementor-1326 .elementor-element.elementor-element-871ecef .ekit-price-card-slider{--ekit_client_logo_slidetosho:2;}}@media(max-width:767px){.elementor-1326 .elementor-element.elementor-element-b603668 > .elementor-widget-container{padding:0px 0px 0px 0px;}.elementor-1326 .elementor-element.elementor-element-871ecef .elementskit-clients-slider{--ekit_client_logo_left_right_spacing:10px;}.elementor-1326 .elementor-element.elementor-element-871ecef .ekit-price-card-slider{--ekit_client_logo_slidetosho:1;}}<\/style>\t\t<div data-elementor-type=\"wp-page\" data-elementor-id=\"1326\" class=\"elementor elementor-1326\">\n\t\t\t\t\t\t<section class=\"elementor-section elementor-top-section elementor-element elementor-element-38ede328 elementor-section-boxed elementor-section-height-default elementor-section-height-default\" data-id=\"38ede328\" data-element_type=\"section\" data-e-type=\"section\">\n\t\t\t\t\t\t<div class=\"elementor-container elementor-column-gap-default\">\n\t\t\t\t\t<div class=\"aux-parallax-section elementor-column elementor-col-100 elementor-top-column elementor-element elementor-element-297eb977\" data-id=\"297eb977\" data-element_type=\"column\" data-e-type=\"column\">\n\t\t\t<div class=\"elementor-widget-wrap elementor-element-populated\">\n\t\t\t\t\t\t<div class=\"elementor-element elementor-element-2c266a0e elementor-widget elementor-widget-text-editor\" data-id=\"2c266a0e\" data-element_type=\"widget\" data-e-type=\"widget\" data-widget_type=\"text-editor.default\">\n\t\t\t\t<div class=\"elementor-widget-container\">\n\t\t\t\t\t\t\t\t\t<p><span style=\"font-family: Questrial; font-size: 10px; letter-spacing: normal; white-space: pre-line;\">\u00a0<\/span><\/p><p><span style=\"letter-spacing: normal; caret-color: #444444; color: #444444; font-family: Questrial; font-size: 30px; white-space: pre-line;\">Contactos<\/span><\/p><div style=\"text-align: left;\"><hr \/><\/div><div>\u00a0<\/div><div><span style=\"letter-spacing: normal; caret-color: #e78b00; color: #e78b00; font-family: Questrial; font-size: 20px; white-space: pre-line;\">GEM &#8211; Grupo de Espeleologia e Montanhismo<\/span><span style=\"letter-spacing: normal; caret-color: #e78b00; color: #e78b00; font-family: Questrial; font-size: 20px; white-space: pre-line;\"><br \/><\/span><\/div><div style=\"letter-spacing: normal; caret-color: #0000ee; color: #0000ee; font-family: Arial, Helvetica, sans-serif; font-size: 13px;\">\u00a0<span style=\"text-align: justify; white-space: pre-line; color: #757575; font-family: Questrial; font-size: 16px; letter-spacing: 0px;\">www.gem.pt<\/span><\/div>\t\t\t\t\t\t\t\t<\/div>\n\t\t\t\t<\/div>\n\t\t\t\t\t<\/div>\n\t\t<\/div>\n\t\t\t\t\t<\/div>\n\t\t<\/section>\n\t\t\t\t<section class=\"elementor-section elementor-top-section elementor-element elementor-element-4f01996 elementor-section-boxed elementor-section-height-default elementor-section-height-default\" data-id=\"4f01996\" data-element_type=\"section\" data-e-type=\"section\">\n\t\t\t\t\t\t<div class=\"elementor-container elementor-column-gap-default\">\n\t\t\t\t\t<div class=\"aux-parallax-section elementor-column elementor-col-50 elementor-top-column elementor-element elementor-element-c6611b9\" data-id=\"c6611b9\" data-element_type=\"column\" data-e-type=\"column\">\n\t\t\t<div class=\"elementor-widget-wrap elementor-element-populated\">\n\t\t\t\t\t\t<div class=\"elementor-element elementor-element-3810081 elementor-widget elementor-widget-text-editor\" data-id=\"3810081\" data-element_type=\"widget\" data-e-type=\"widget\" data-widget_type=\"text-editor.default\">\n\t\t\t\t<div class=\"elementor-widget-container\">\n\t\t\t\t\t\t\t\t\t<p><span style=\"color: #e78b00; font-family: Questrial; caret-color: #000000; font-size: 20px; letter-spacing: normal; white-space: pre-line;\">CONTACTO GERAL<br \/><\/span><\/p><div style=\"letter-spacing: normal; margin: 0px; padding: 0px; caret-color: #000000; color: #000000; font-family: Questrial; font-size: 14px; text-align: justify; white-space: pre-line; line-height: 1;\">\u00a0<\/div><p><span style=\"color: #000000; font-family: Questrial; caret-color: #000000; font-size: 18px; letter-spacing: normal; white-space: pre-line; line-height: 1;\">Morada de\u00a0correspond\u00eancia<br \/><\/span><\/p><p><span style=\"letter-spacing: normal; caret-color: #757575; color: #757575; font-family: Questrial; white-space: pre-line;\">Rua Maria Veleda, n\u00ba 6 &#8211; 7\u00ba Esq, Alfornelos<\/span><br style=\"letter-spacing: normal; caret-color: #757575; color: #757575; font-family: Questrial; white-space: pre-line;\" \/><span style=\"letter-spacing: normal; caret-color: #757575; color: #757575; font-family: Questrial; white-space: pre-line;\">2650-186 AMADORA<br \/><\/span><\/p><div style=\"letter-spacing: normal; margin: 0px; padding: 0px; caret-color: #000000; color: #000000; font-family: Questrial; font-size: 14px; text-align: justify; white-space: pre-line; line-height: 1;\">\u00a0<\/div><p><span style=\"color: #000000; font-family: Questrial; caret-color: #000000; font-size: 18px; letter-spacing: normal; white-space: pre-line;\">Sede<br \/><\/span><\/p><p><span style=\"letter-spacing: normal; caret-color: #757575; color: #757575; font-family: Questrial; white-space: pre-line;\">Rua General Pereira de E\u00e7a, n.\u00ba 30<\/span><br style=\"letter-spacing: normal; caret-color: #757575; color: #757575; font-family: Questrial; white-space: pre-line;\" \/><span style=\"letter-spacing: normal; caret-color: #757575; color: #757575; font-family: Questrial; white-space: pre-line;\">2380-075 ALCANENA<br \/><\/span><\/p><div style=\"letter-spacing: normal; margin: 0px; padding: 0px; caret-color: #000000; color: #000000; font-family: Questrial; font-size: 14px; text-align: justify; white-space: pre-line; line-height: 1;\">\u00a0<\/div><p><span style=\"color: #000000; font-family: Questrial; caret-color: #000000; font-size: 18px; letter-spacing: normal; white-space: pre-line;\">Contacto<br \/><\/span><br \/><a href=\"mailto:geral@gem.pt\"><span style=\"caret-color: #757575; color: #757575; font-family: Questrial; letter-spacing: normal; white-space: pre-line;\">Tel.: +351 967 964 800 (Marta Borges)<br \/>Tel.: +351 968 145 281 (V\u00edtor Amendoeira)<\/span><\/a><\/p><div style=\"letter-spacing: normal; margin: 0px; padding: 0px; caret-color: #000000; color: #000000; font-family: Questrial; font-size: 14px; text-align: justify; white-space: pre-line; line-height: 1;\">\u00a0<\/div><p><span style=\"letter-spacing: normal; caret-color: #000000; color: #000000; font-family: Questrial; font-size: 18px; white-space: pre-line;\">E-mail<br \/><\/span><\/p><p><a href=\"mailto:geral@gem.pt\"><span style=\"caret-color: #757575; color: #757575; font-family: Questrial; letter-spacing: normal; white-space: pre-line;\">geral@gem.pt<br \/><\/span><\/a><\/p>\t\t\t\t\t\t\t\t<\/div>\n\t\t\t\t<\/div>\n\t\t\t\t<div class=\"elementor-element elementor-element-6b8f52f elementor-widget elementor-widget-text-editor\" data-id=\"6b8f52f\" data-element_type=\"widget\" data-e-type=\"widget\" data-widget_type=\"text-editor.default\">\n\t\t\t\t<div class=\"elementor-widget-container\">\n\t\t\t\t\t\t\t\t\t<div><span style=\"color: #e78b00; font-family: Questrial; caret-color: #000000; font-size: 20px; letter-spacing: normal; white-space: pre-line;\">CONTACTOS DOS RESPONS\u00c1VEIS DAS ATIVIDADES<\/span><\/div><div>\u00a0<\/div><div><span style=\"color: #000000; font-family: Questrial; caret-color: #000000; font-size: 18px; letter-spacing: normal; white-space: pre-line; line-height: 1;\">Caminhadas<\/span><\/div><p><span style=\"letter-spacing: normal; caret-color: #757575; color: #757575; font-family: Questrial; white-space: pre-line;\">Ana Anjo \/ Alda Reis<\/span><br \/><span style=\"color: #ff6600;\"><a style=\"color: #e78b00;\" href=\"mailto:caminhadas@gem.pt\"><span style=\"letter-spacing: normal; caret-color: #757575; font-family: Questrial; white-space: pre-line;\">caminhadas@gem.pt<\/span><\/a><\/span><\/p><div><span style=\"color: #000000; font-family: Questrial; caret-color: #000000; font-size: 18px; letter-spacing: normal; white-space: pre-line; line-height: 1;\">Espeleologia<\/span><\/div><p><span style=\"letter-spacing: normal; caret-color: #757575; color: #757575; font-family: Questrial; white-space: pre-line;\">Paulo Lopes<\/span><br \/><span style=\"color: #ff6600;\"><a style=\"color: #e78b00;\" href=\"mailto:espeleologia@gem.pt\"><span style=\"letter-spacing: normal; caret-color: #757575; font-family: Questrial; white-space: pre-line;\">espeleologia@gem.pt<\/span><\/a><\/span><\/p><div><span style=\"color: #000000; font-family: Questrial; caret-color: #000000; font-size: 18px; letter-spacing: normal; white-space: pre-line; line-height: 1;\">Canyoning<\/span><\/div><p><span style=\"letter-spacing: normal; caret-color: #757575; color: #757575; font-family: Questrial; white-space: pre-line;\">Pedro Santos<\/span><br \/><span style=\"color: #ff6600;\"><a style=\"color: #e78b00;\" href=\"mailto:canyoning@gem.pt\"><span style=\"letter-spacing: normal; caret-color: #757575; font-family: Questrial; white-space: pre-line;\">canyoning@gem.pt<\/span><\/a><\/span><\/p><div><span style=\"color: #000000; font-family: Questrial; caret-color: #000000; font-size: 18px; letter-spacing: normal; white-space: pre-line; line-height: 1;\">Vias Ferrata<\/span><\/div><p><span style=\"letter-spacing: normal; caret-color: #757575; color: #757575; font-family: Questrial; white-space: pre-line;\">M\u00f3nica Lim\u00e3o<\/span><br \/><span style=\"color: #ff6600;\"><a style=\"color: #e78b00;\" href=\"mailto:ferratas@gem.pt\"><span style=\"letter-spacing: normal; caret-color: #757575; font-family: Questrial; white-space: pre-line;\">ferratas@gem.pt<\/span><\/a><\/span><\/p><div><span style=\"color: #000000; font-family: Questrial; caret-color: #000000; font-size: 18px; letter-spacing: normal; white-space: pre-line; line-height: 1;\">Alpinismo\/Montanhismo\/Forma\u00e7\u00e3o\/Documenta\u00e7\u00e3o<\/span><\/div><p><span style=\"letter-spacing: normal; caret-color: #757575; color: #757575; font-family: Questrial; white-space: pre-line;\">Vitor Amendoeira \/ \u00c1lvaro Jalles<\/span><br \/><span style=\"color: #ff6600;\"><a style=\"color: #e78b00;\" href=\"mailto:montanhismo@gem.pt\"><span style=\"letter-spacing: normal; caret-color: #757575; font-family: Questrial; white-space: pre-line;\">montanhismo@gem.pt<\/span><\/a><\/span><\/p><div><span style=\"color: #000000; font-family: Questrial; caret-color: #000000; font-size: 18px; letter-spacing: normal; white-space: pre-line; line-height: 1;\">Fotografia<\/span><\/div><p><span style=\"letter-spacing: normal; caret-color: #757575; color: #757575; font-family: Questrial; white-space: pre-line;\">Maria Jo\u00e3o Branco \/ Maria Jos\u00e9 Silva<\/span><br \/><span style=\"color: #ff6600;\"><a style=\"color: #e78b00;\" href=\"mailto:fotografia@gem.pt\"><span style=\"letter-spacing: normal; caret-color: #757575; font-family: Questrial; white-space: pre-line;\">fotografia@gem.pt<\/span><\/a><\/span><\/p>\t\t\t\t\t\t\t\t<\/div>\n\t\t\t\t<\/div>\n\t\t\t\t\t<\/div>\n\t\t<\/div>\n\t\t\t\t<div class=\"aux-parallax-section elementor-column elementor-col-50 elementor-top-column elementor-element elementor-element-a3c6ebf\" data-id=\"a3c6ebf\" data-element_type=\"column\" data-e-type=\"column\">\n\t\t\t<div class=\"elementor-widget-wrap elementor-element-populated\">\n\t\t\t\t\t\t<div class=\"elementor-element elementor-element-63dc287 elementor-widget elementor-widget-google_maps\" data-id=\"63dc287\" data-element_type=\"widget\" data-e-type=\"widget\" data-widget_type=\"google_maps.default\">\n\t\t\t\t<div class=\"elementor-widget-container\">\n\t\t\t\t\t\t\t<div class=\"elementor-custom-embed\">\n\t\t\t<iframe loading=\"lazy\"\n\t\t\t\t\tsrc=\"https:\/\/maps.google.com\/maps?q=Rua%20General%20Pereira%20de%20E%C3%A7a%2C%202380-075%20Alcanena%2C%20Portugal&#038;t=m&#038;z=9&#038;output=embed&#038;iwloc=near\"\n\t\t\t\t\ttitle=\"Rua General Pereira de E\u00e7a, 2380-075 Alcanena, Portugal\"\n\t\t\t\t\taria-label=\"Rua General Pereira de E\u00e7a, 2380-075 Alcanena, Portugal\"\n\t\t\t><\/iframe>\n\t\t<\/div>\n\t\t\t\t\t\t<\/div>\n\t\t\t\t<\/div>\n\t\t\t\t<div class=\"elementor-element elementor-element-b603668 elementor-widget elementor-widget-text-editor\" data-id=\"b603668\" data-element_type=\"widget\" data-e-type=\"widget\" data-widget_type=\"text-editor.default\">\n\t\t\t\t<div class=\"elementor-widget-container\">\n\t\t\t\t\t\t\t\t\t<img decoding=\"async\" class=\"alignright wp-image-12929\" src=\"https:\/\/www.gem.pt\/wp-content\/uploads\/2022\/01\/gempt-QR-Code.jpg\" alt=\"\" width=\"200\" height=\"247\" \/>\n<br>Aceda \u00e0 p\u00e1gina do GEM no telem\u00f3vel seguindo este QR Code:\t\t\t\t\t\t\t\t<\/div>\n\t\t\t\t<\/div>\n\t\t\t\t<div class=\"elementor-element elementor-element-21a9827 elementor-widget elementor-widget-text-editor\" data-id=\"21a9827\" data-element_type=\"widget\" data-e-type=\"widget\" data-widget_type=\"text-editor.default\">\n\t\t\t\t<div class=\"elementor-widget-container\">\n\t\t\t\t\t\t\t\t\t<p><span style=\"letter-spacing: normal; caret-color: #000000; color: #000000; font-family: Questrial; font-size: 18px; white-space: pre-line;\">Siga-nos nas Redes Sociais<\/span><\/p>\t\t\t\t\t\t\t\t<\/div>\n\t\t\t\t<\/div>\n\t\t\t\t<div class=\"elementor-element elementor-element-871ecef elementor-widget elementor-widget-elementskit-client-logo\" data-id=\"871ecef\" data-element_type=\"widget\" data-e-type=\"widget\" data-widget_type=\"elementskit-client-logo.default\">\n\t\t\t\t<div class=\"elementor-widget-container\">\n\t\t\t\t\t<div class=\"ekit-wid-con\" >\t\t<div class=\"elementskit-clients-slider  hover_from_bottom banner_logo_image\" data-config=\"{&quot;rtl&quot;:false,&quot;arrows&quot;:false,&quot;dots&quot;:false,&quot;autoplay&quot;:false,&quot;speed&quot;:1000,&quot;slidesPerView&quot;:10,&quot;slidesPerGroup&quot;:1,&quot;pauseOnHover&quot;:false,&quot;loop&quot;:false,&quot;breakpoints&quot;:{&quot;320&quot;:{&quot;slidesPerView&quot;:1,&quot;slidesPerGroup&quot;:1,&quot;spaceBetween&quot;:10},&quot;768&quot;:{&quot;slidesPerView&quot;:2,&quot;slidesPerGroup&quot;:1,&quot;spaceBetween&quot;:10},&quot;1024&quot;:{&quot;slidesPerView&quot;:10,&quot;slidesPerGroup&quot;:1,&quot;spaceBetween&quot;:15}}}\" data-direction=\"hover_from_bottom\">\n\t\t\t<div class=\"ekit-main-swiper swiper\">\n\t\t\t\t<div class=\"swiper-wrapper\">\n\t\t\t\t\t\t\t\t\t\t\t<div class=\"elementskit-client-slider-item swiper-slide \">\n\t\t\t\t\t\t\t<div class=\"swiper-slide-inner\">\n\t\t\t\t\t\t\t\t<div class=\"single-client image-switcher\" title=\"Instagram\">\n\t\t\t\t\t\t\t\t\t\t\t\t\t\t\t\t\t\t\t<a href=\"https:\/\/www.instagram.com\/gem_espeleo\/\" target=\"_blank\">\n\t\t\t\t\t\t\t\t\t\t\t<span class=\"content-image\">\n\t\t\t\t\t\t\t\t\t\t\t\t<img fetchpriority=\"high\" decoding=\"async\" width=\"225\" height=\"224\" src=\"https:\/\/www.gem.pt\/wp-content\/uploads\/2021\/09\/Logo_Instagram.jpg\" class=\"\" alt=\"\" srcset=\"https:\/\/www.gem.pt\/wp-content\/uploads\/2021\/09\/Logo_Instagram.jpg 225w, https:\/\/www.gem.pt\/wp-content\/uploads\/2021\/09\/Logo_Instagram-150x150.jpg 150w, https:\/\/www.gem.pt\/wp-content\/uploads\/2021\/09\/elementor\/thumbs\/Logo_Instagram-r9285zbjfbstdnx62ppam8ds1q64x2zwi3z0t050bs.jpg 100w, https:\/\/www.gem.pt\/wp-content\/uploads\/2021\/09\/elementor\/thumbs\/Logo_Instagram-r9285zbjaxx67v3smtm6emhxxzqz1wobwxii6v3abo.jpg 90w, https:\/\/www.gem.pt\/wp-content\/uploads\/2021\/09\/elementor\/thumbs\/Logo_Instagram-raw5hp1bb4kj3wc59pugxlp5x7un923iv2o6ybq6n4.jpg 80w\" sizes=\"(max-width: 225px) 100vw, 225px\" \/>\t\t\t\t\t\t\t\t\t\t\t<\/span>\n\t\t\t\t\t\t\t\t\t\t<\/a>\n\t\t\t\t\t\t\t\t\t\t\t\t\t\t\t\t\t<\/div>\n\t\t\t\t\t\t\t<\/div>\n\t\t\t\t\t\t<\/div>\n\t\t\t\t\t\t\t\t\t\t\t<div class=\"elementskit-client-slider-item swiper-slide \">\n\t\t\t\t\t\t\t<div class=\"swiper-slide-inner\">\n\t\t\t\t\t\t\t\t<div class=\"single-client image-switcher\" title=\"Facebook\">\n\t\t\t\t\t\t\t\t\t\t\t\t\t\t\t\t\t\t\t<a href=\"https:\/\/www.facebook.com\/espeleoGEM\" target=\"_blank\">\n\t\t\t\t\t\t\t\t\t\t\t<span class=\"content-image\">\n\t\t\t\t\t\t\t\t\t\t\t\t<img decoding=\"async\" width=\"250\" height=\"250\" src=\"https:\/\/www.gem.pt\/wp-content\/uploads\/2020\/09\/Logo_FB.png\" class=\"\" alt=\"\" srcset=\"https:\/\/www.gem.pt\/wp-content\/uploads\/2020\/09\/Logo_FB.png 250w, https:\/\/www.gem.pt\/wp-content\/uploads\/2020\/09\/Logo_FB-150x150.png 150w, https:\/\/www.gem.pt\/wp-content\/uploads\/2020\/09\/elementor\/thumbs\/Logo_FB-raw53sz6b9jzjciidpoy33vxw8bdi2ybmblvn4bmlc.png 80w\" sizes=\"(max-width: 250px) 100vw, 250px\" \/>\t\t\t\t\t\t\t\t\t\t\t<\/span>\n\t\t\t\t\t\t\t\t\t\t<\/a>\n\t\t\t\t\t\t\t\t\t\t\t\t\t\t\t\t\t<\/div>\n\t\t\t\t\t\t\t<\/div>\n\t\t\t\t\t\t<\/div>\n\t\t\t\t\t\t\t\t\t\t\t<div class=\"elementskit-client-slider-item swiper-slide \">\n\t\t\t\t\t\t\t<div class=\"swiper-slide-inner\">\n\t\t\t\t\t\t\t\t<div class=\"single-client image-switcher\" title=\"Tiktok\">\n\t\t\t\t\t\t\t\t\t\t\t\t\t\t\t\t\t\t\t<a href=\"https:\/\/www.tiktok.com\/@grutaseaventurasgem\" target=\"_blank\">\n\t\t\t\t\t\t\t\t\t\t\t<span class=\"content-image\">\n\t\t\t\t\t\t\t\t\t\t\t\t<img loading=\"lazy\" decoding=\"async\" width=\"275\" height=\"275\" src=\"https:\/\/www.gem.pt\/wp-content\/uploads\/2025\/01\/logo_tiktok.png\" class=\"\" alt=\"\" srcset=\"https:\/\/www.gem.pt\/wp-content\/uploads\/2025\/01\/logo_tiktok.png 275w, https:\/\/www.gem.pt\/wp-content\/uploads\/2025\/01\/logo_tiktok-150x150.png 150w, https:\/\/www.gem.pt\/wp-content\/uploads\/2025\/01\/logo_tiktok-12x12.png 12w, https:\/\/www.gem.pt\/wp-content\/uploads\/2025\/01\/elementor\/thumbs\/logo_tiktok-raw5hpz5hyltfias4893i3gmilq0gr7977boflosgw.png 80w\" sizes=\"(max-width: 275px) 100vw, 275px\" \/>\t\t\t\t\t\t\t\t\t\t\t<\/span>\n\t\t\t\t\t\t\t\t\t\t<\/a>\n\t\t\t\t\t\t\t\t\t\t\t\t\t\t\t\t\t<\/div>\n\t\t\t\t\t\t\t<\/div>\n\t\t\t\t\t\t<\/div>\n\t\t\t\t\t\t\t\t\t\t\t<div class=\"elementskit-client-slider-item swiper-slide \">\n\t\t\t\t\t\t\t<div class=\"swiper-slide-inner\">\n\t\t\t\t\t\t\t\t<div class=\"single-client image-switcher\" title=\"YouTube\">\n\t\t\t\t\t\t\t\t\t\t\t\t\t\t\t\t\t\t\t<a href=\"https:\/\/www.youtube.com\/channel\/UCirDDhGzFagQ_781v7OlUew\" target=\"_blank\">\n\t\t\t\t\t\t\t\t\t\t\t<span class=\"content-image\">\n\t\t\t\t\t\t\t\t\t\t\t\t<img loading=\"lazy\" decoding=\"async\" width=\"143\" height=\"60\" src=\"https:\/\/www.gem.pt\/wp-content\/uploads\/2020\/09\/logo_youtube.png\" class=\"\" alt=\"\" \/>\t\t\t\t\t\t\t\t\t\t\t<\/span>\n\t\t\t\t\t\t\t\t\t\t<\/a>\n\t\t\t\t\t\t\t\t\t\t\t\t\t\t\t\t\t<\/div>\n\t\t\t\t\t\t\t<\/div>\n\t\t\t\t\t\t<\/div>\n\t\t\t\t\t\t\t\t\t\t\t<div class=\"elementskit-client-slider-item swiper-slide \">\n\t\t\t\t\t\t\t<div class=\"swiper-slide-inner\">\n\t\t\t\t\t\t\t\t<div class=\"single-client image-switcher\" title=\"Whatsapp\">\n\t\t\t\t\t\t\t\t\t\t\t\t\t\t\t\t\t\t\t<a href=\"https:\/\/api.whatsapp.com\/send\/?phone=967964800&#038;text&#038;type=phone_number&#038;app_absent=0\">\n\t\t\t\t\t\t\t\t\t\t\t<span class=\"content-image\">\n\t\t\t\t\t\t\t\t\t\t\t\t<img loading=\"lazy\" decoding=\"async\" width=\"100\" height=\"100\" src=\"https:\/\/www.gem.pt\/wp-content\/uploads\/2025\/07\/WhatsApp.png\" class=\"\" alt=\"\" srcset=\"https:\/\/www.gem.pt\/wp-content\/uploads\/2025\/07\/WhatsApp.png 100w, https:\/\/www.gem.pt\/wp-content\/uploads\/2025\/07\/WhatsApp-12x12.png 12w, https:\/\/www.gem.pt\/wp-content\/uploads\/2025\/07\/elementor\/thumbs\/WhatsApp.png 120w, https:\/\/www.gem.pt\/wp-content\/uploads\/2025\/07\/elementor\/thumbs\/WhatsApp-r93qparqb9k0ej9y8h73g6s9xasymgwuigb6f825tw.png 90w, https:\/\/www.gem.pt\/wp-content\/uploads\/2025\/07\/elementor\/thumbs\/WhatsApp-raw5hpz5hyltfias4893i3gmilq0gr7977boflosgw.png 80w\" sizes=\"(max-width: 100px) 100vw, 100px\" \/>\t\t\t\t\t\t\t\t\t\t\t<\/span>\n\t\t\t\t\t\t\t\t\t\t<\/a>\n\t\t\t\t\t\t\t\t\t\t\t\t\t\t\t\t\t<\/div>\n\t\t\t\t\t\t\t<\/div>\n\t\t\t\t\t\t<\/div>\n\t\t\t\t\t\t\t\t\t<\/div>\n\n\t\t\t\t\n\t\t\t\t\t\t\t<\/div><!-- .elementskit-clients-slider END -->\n\t\t<\/div>\n\t\t<\/div>\t\t\t\t<\/div>\n\t\t\t\t<\/div>\n\t\t\t\t\t<\/div>\n\t\t<\/div>\n\t\t\t\t\t<\/div>\n\t\t<\/section>\n\t\t\t\t<\/div>\n\t\t","protected":false},"excerpt":{"rendered":"<p>\u00a0 Contactos \u00a0GEM &#8211; Grupo de Espeleologia e Montanhismo\u00a0www.gem.pt CONTACTO GERAL \u00a0 Morada de\u00a0correspond\u00eancia Rua Maria Veleda, n\u00ba 6 &#8211; 7\u00ba Esq, Alfornelos2650-186 AMADORA \u00a0 Sede Rua General Pereira de E\u00e7a, n.\u00ba 302380-075 ALCANENA \u00a0 Contacto Tel.: +351 967 964 800 (Marta Borges)Tel.: +351 968 145 281 (V\u00edtor Amendoeira) \u00a0 E-mail geral@gem.pt CONTACTOS DOS RESPONS\u00c1VEIS [&hellip;]<\/p>\n","protected":false},"author":1,"featured_media":0,"parent":712,"menu_order":6,"comment_status":"closed","ping_status":"closed","template":"","meta":{"footnotes":""},"class_list":["post-1326","page","type-page","status-publish","hentry"],"_links":{"self":[{"href":"https:\/\/www.gem.pt\/1\/wp-json\/wp\/v2\/pages\/1326","targetHints":{"allow":["GET"]}}],"collection":[{"href":"https:\/\/www.gem.pt\/1\/wp-json\/wp\/v2\/pages"}],"about":[{"href":"https:\/\/www.gem.pt\/1\/wp-json\/wp\/v2\/types\/page"}],"author":[{"embeddable":true,"href":"https:\/\/www.gem.pt\/1\/wp-json\/wp\/v2\/users\/1"}],"replies":[{"embeddable":true,"href":"https:\/\/www.gem.pt\/1\/wp-json\/wp\/v2\/comments?post=1326"}],"version-history":[{"count":0,"href":"https:\/\/www.gem.pt\/1\/wp-json\/wp\/v2\/pages\/1326\/revisions"}],"up":[{"embeddable":true,"href":"https:\/\/www.gem.pt\/1\/wp-json\/wp\/v2\/pages\/712"}],"wp:attachment":[{"href":"https:\/\/www.gem.pt\/1\/wp-json\/wp\/v2\/media?parent=1326"}],"curies":[{"name":"wp","href":"https:\/\/api.w.org\/{rel}","templated":true}]}}