{"id":12982,"date":"2022-01-08T22:06:07","date_gmt":"2022-01-08T22:06:07","guid":{"rendered":"https:\/\/www.gem.pt\/1\/?page_id=12982"},"modified":"2022-10-22T14:58:07","modified_gmt":"2022-10-22T13:58:07","slug":"relatorios-carso-e-endocarso","status":"publish","type":"page","link":"https:\/\/www.gem.pt\/1\/publicacoes\/relatorios-carso-e-endocarso\/","title":{"rendered":"Relat\u00f3rios Carso e Endocarso"},"content":{"rendered":"<style>.elementor-12982 .elementor-element.elementor-element-3269421{color:#000000;}.elementor-12982 .elementor-element.elementor-element-8c14b9c{padding:20px 0px 300px 0px;}.elementor-12982 .elementor-element.elementor-element-ef930c7 .eael-feature-list-items.eael-feature-list-horizontal{gap:15px;}.elementor-12982 .elementor-element.elementor-element-ef930c7 .eael-feature-list-items.eael-feature-list-horizontal[data-layout-tablet=\"vertical\"] .eael-feature-list-item{padding-bottom:calc(15px\/2);}.elementor-12982 .elementor-element.elementor-element-ef930c7 .eael-feature-list-items.eael-feature-list-vertical .eael-feature-list-item{padding-bottom:calc(15px\/2);}body.rtl .elementor-12982 .elementor-element.elementor-element-ef930c7 .eael-feature-list-items.eael-feature-list-vertical .eael-feature-list-item:after{left:calc(-15px\/2);}.elementor-12982 .elementor-element.elementor-element-ef930c7 .eael-feature-list-items.eael-feature-list-vertical.connector-type-modern .eael-feature-list-item:not(:last-child):before{height:calc(100% + 15px);}.elementor-12982 .elementor-element.elementor-element-ef930c7 .eael-feature-list-items .eael-feature-list-icon-box .eael-feature-list-icon-inner{background-color:#37368e;}.elementor-12982 .elementor-element.elementor-element-ef930c7 .eael-feature-list-items.framed .eael-feature-list-icon{background-color:#07b4eb;}.elementor-12982 .elementor-element.elementor-element-ef930c7 .eael-feature-list-items .eael-feature-list-icon{color:#fff;}.elementor-12982 .elementor-element.elementor-element-ef930c7 .eael-feature-list-items .eael-feature-list-icon svg{fill:#fff;}.elementor-12982 .elementor-element.elementor-element-ef930c7 .eael-feature-list-icon-box .eael-feature-list-icon{height:80px;width:80px;padding:15px 40px 40px 40px !important;}.elementor-12982 .elementor-element.elementor-element-ef930c7 .eael-feature-list-items.connector-type-classic .connector{right:calc(100% - 80px);}.elementor-12982 .elementor-element.elementor-element-ef930c7 .eael-feature-list-icon-box .eael-feature-list-icon i{font-size:80px !important;}.elementor-12982 .elementor-element.elementor-element-ef930c7 .eael-feature-list-icon-box .eael-feature-list-icon svg{width:80px !important;height:80px !important;line-height:80px !important;}.elementor-12982 .elementor-element.elementor-element-ef930c7 .eael-feature-list-icon-box .eael-feature-list-icon img{width:80px;height:80px;}.elementor-12982 .elementor-element.elementor-element-ef930c7 .eael-feature-list-img{width:80px;height:80px;}.elementor-12982 .elementor-element.elementor-element-ef930c7 .-icon-position-left .eael-feature-list-content-box, .elementor-12982 .elementor-element.elementor-element-ef930c7 .-icon-position-right .eael-feature-list-content-box, .elementor-12982 .elementor-element.elementor-element-ef930c7 .-icon-position-top .eael-feature-list-content-box{margin:30px;}.elementor-12982 .elementor-element.elementor-element-ef930c7 .eael-feature-list-item .eael-feature-list-title{margin-bottom:0px;}.elementor-12982 .elementor-element.elementor-element-ef930c7 .eael-feature-list-content-box .eael-feature-list-title, .elementor-12982 .elementor-element.elementor-element-ef930c7 .eael-feature-list-content-box .eael-feature-list-title > a, .elementor-12982 .elementor-element.elementor-element-ef930c7 .eael-feature-list-content-box .eael-feature-list-title:visited{color:#000000;}.elementor-12982 .elementor-element.elementor-element-ef930c7 .eael-feature-list-content-box .eael-feature-list-content{color:#636363;}@media(max-width:1024px){.elementor-12982 .elementor-element.elementor-element-ef930c7 .-icon-position-left .eael-feature-list-content-box, .elementor-12982 .elementor-element.elementor-element-ef930c7 .-icon-position-right .eael-feature-list-content-box, .elementor-12982 .elementor-element.elementor-element-ef930c7 .-icon-position-top .eael-feature-list-content-box{margin:20px;}}@media(max-width:767px){.elementor-12982 .elementor-element.elementor-element-ef930c7 .-mobile-icon-position-left .eael-feature-list-content-box{margin:0 0 0 10px !important;}.elementor-12982 .elementor-element.elementor-element-ef930c7 .-mobile-icon-position-right .eael-feature-list-content-box{margin:0 10px 0 0 !important;}.elementor-12982 .elementor-element.elementor-element-ef930c7 .-icon-position-left .eael-feature-list-content-box, .elementor-12982 .elementor-element.elementor-element-ef930c7 .-icon-position-right .eael-feature-list-content-box, .elementor-12982 .elementor-element.elementor-element-ef930c7 .-icon-position-top .eael-feature-list-content-box{margin:10px;}}<\/style>\t\t<div data-elementor-type=\"wp-page\" data-elementor-id=\"12982\" class=\"elementor elementor-12982\">\n\t\t\t\t\t\t<section class=\"elementor-section elementor-top-section elementor-element elementor-element-8306967 elementor-section-boxed elementor-section-height-default elementor-section-height-default\" data-id=\"8306967\" data-element_type=\"section\" data-e-type=\"section\">\n\t\t\t\t\t\t<div class=\"elementor-container elementor-column-gap-default\">\n\t\t\t\t\t<div class=\"aux-parallax-section elementor-column elementor-col-100 elementor-top-column elementor-element elementor-element-0375d5e\" data-id=\"0375d5e\" data-element_type=\"column\" data-e-type=\"column\">\n\t\t\t<div class=\"elementor-widget-wrap elementor-element-populated\">\n\t\t\t\t\t\t<div class=\"elementor-element elementor-element-3269421 elementor-widget elementor-widget-text-editor\" data-id=\"3269421\" data-element_type=\"widget\" data-e-type=\"widget\" data-widget_type=\"text-editor.default\">\n\t\t\t\t<div class=\"elementor-widget-container\">\n\t\t\t\t\t\t\t\t\t<p><span style=\"font-family: Questrial; font-size: 10px; letter-spacing: normal; white-space: pre-line;\">\u00a0<\/span><\/p><p><span style=\"letter-spacing: normal; caret-color: #444444; color: #444444; font-family: Questrial; font-size: 30px; white-space: pre-line;\">Relat\u00f3rios<\/span><\/p><div style=\"text-align: left;\"><hr \/><\/div><div>\u00a0<\/div><div><span style=\"letter-spacing: normal; caret-color: #e78b00; color: #e78b00; font-family: Questrial; font-size: 20px; white-space: pre-line;\">Relat\u00f3rios\u00a0espeleol\u00f3gicos de trabalhos desenvolvidos em projetos do GEM<\/span><\/div>\t\t\t\t\t\t\t\t<\/div>\n\t\t\t\t<\/div>\n\t\t\t\t\t<\/div>\n\t\t<\/div>\n\t\t\t\t\t<\/div>\n\t\t<\/section>\n\t\t\t\t<section class=\"elementor-section elementor-top-section elementor-element elementor-element-8c14b9c elementor-section-boxed elementor-section-height-default elementor-section-height-default\" data-id=\"8c14b9c\" data-element_type=\"section\" data-e-type=\"section\">\n\t\t\t\t\t\t<div class=\"elementor-container elementor-column-gap-default\">\n\t\t\t\t\t<div class=\"aux-parallax-section elementor-column elementor-col-100 elementor-top-column elementor-element elementor-element-2a12910\" data-id=\"2a12910\" data-element_type=\"column\" data-e-type=\"column\">\n\t\t\t<div class=\"elementor-widget-wrap elementor-element-populated\">\n\t\t\t\t\t\t<div class=\"elementor-element elementor-element-ef930c7 elementor-widget elementor-widget-eael-feature-list\" data-id=\"ef930c7\" data-element_type=\"widget\" data-e-type=\"widget\" data-widget_type=\"eael-feature-list.default\">\n\t\t\t\t<div class=\"elementor-widget-container\">\n\t\t\t\t\t\t\t<div class=\"-icon-position-left -tablet-icon-position-left -mobile-icon-position-left\">\n\t\t\t<ul id=\"eael-feature-list-ef930c7\" class=\"eael-feature-list-items square framed  eael-feature-list-vertical\" data-layout-tablet=\"vertical\" data-layout-mobile=\"vertical\">\n\t\t\t                <li class=\"eael-feature-list-item elementor-repeater-item-2f57763\">\n                    \n\t\t\t\t\t\t<div class=\"eael-feature-list-icon-box\">\n\t\t\t\t\t\t\t<div class=\"eael-feature-list-icon-inner\">\n\n\t\t\t\t\t\t\t\t<a class=\"eael-feature-list-icon fl-icon-0\"href=\"https:\/\/www.gem.pt\/publicacoes\/relatorios\/relatorio-algar-da-lomba-e-gruta-do-regatinho\/\">\n\n\t\t<img decoding=\"async\" src=\"https:\/\/www.gem.pt\/wp-content\/uploads\/2021\/12\/fig2.jpg\" class=\"eael-feature-list-img\" alt=\"\">\t\t\t\t\t\t\t\t<\/a>\n\t\t\t\t\t\t\t<\/div>\n\t\t\t\t\t\t<\/div>\n\t\t\t\t\t\t<div class=\"eael-feature-list-content-box\">\n                            <h4 class=\"eael-feature-list-title\"><a href=\"https:\/\/www.gem.pt\/publicacoes\/relatorios\/relatorio-algar-da-lomba-e-gruta-do-regatinho\/\">Relat\u00f3rio - Algar da Lomba e Gruta do Regatinho<\/a><\/h4>\t\t\t\t\t\t<p class=\"eael-feature-list-content\">20 de Dezembro de 2021<\/p>\n\t\t\t\t\t\t<\/div>\n\n\t\t\t\t\t<\/li>\n\t\t\t\t                <li class=\"eael-feature-list-item elementor-repeater-item-dd3c7c7\">\n                    \n\t\t\t\t\t\t<div class=\"eael-feature-list-icon-box\">\n\t\t\t\t\t\t\t<div class=\"eael-feature-list-icon-inner\">\n\n\t\t\t\t\t\t\t\t<a class=\"eael-feature-list-icon fl-icon-1\"href=\"https:\/\/www.gem.pt\/publicacoes\/relatorios\/relatorio-vale-da-trave-moitas-venda\/\">\n\n\t\t<img decoding=\"async\" src=\"https:\/\/www.gem.pt\/wp-content\/uploads\/2022\/10\/Algar-Marradinhas-II.jpg\" class=\"eael-feature-list-img\" alt=\"\">\t\t\t\t\t\t\t\t<\/a>\n\t\t\t\t\t\t\t<\/div>\n\t\t\t\t\t\t<\/div>\n\t\t\t\t\t\t<div class=\"eael-feature-list-content-box\">\n                            <h4 class=\"eael-feature-list-title\"><a href=\"https:\/\/www.gem.pt\/publicacoes\/relatorios\/relatorio-vale-da-trave-moitas-venda\/\">Relat\u00f3rio - Vale da Trave - Moitas Venda<\/a><\/h4>\t\t\t\t\t\t<p class=\"eael-feature-list-content\">28 de Setembro de 2022<\/p>\n\t\t\t\t\t\t<\/div>\n\n\t\t\t\t\t<\/li>\n\t\t\t\t\t\t\t<\/ul>\n\t\t<\/div>\n\t\t\t\t\t\t<\/div>\n\t\t\t\t<\/div>\n\t\t\t\t\t<\/div>\n\t\t<\/div>\n\t\t\t\t\t<\/div>\n\t\t<\/section>\n\t\t\t\t<\/div>\n\t\t","protected":false},"excerpt":{"rendered":"<p>\u00a0 Relat\u00f3rios \u00a0Relat\u00f3rios\u00a0espeleol\u00f3gicos de trabalhos desenvolvidos em projetos do GEM Relat\u00f3rio &#8211; Algar da Lomba e Gruta do Regatinho 20 de Dezembro de 2021 Relat\u00f3rio &#8211; Vale da Trave &#8211; Moitas Venda 28 de Setembro de 2022<\/p>\n","protected":false},"author":1,"featured_media":0,"parent":801,"menu_order":4,"comment_status":"closed","ping_status":"closed","template":"","meta":{"footnotes":""},"class_list":["post-12982","page","type-page","status-publish","hentry"],"_links":{"self":[{"href":"https:\/\/www.gem.pt\/1\/wp-json\/wp\/v2\/pages\/12982","targetHints":{"allow":["GET"]}}],"collection":[{"href":"https:\/\/www.gem.pt\/1\/wp-json\/wp\/v2\/pages"}],"about":[{"href":"https:\/\/www.gem.pt\/1\/wp-json\/wp\/v2\/types\/page"}],"author":[{"embeddable":true,"href":"https:\/\/www.gem.pt\/1\/wp-json\/wp\/v2\/users\/1"}],"replies":[{"embeddable":true,"href":"https:\/\/www.gem.pt\/1\/wp-json\/wp\/v2\/comments?post=12982"}],"version-history":[{"count":0,"href":"https:\/\/www.gem.pt\/1\/wp-json\/wp\/v2\/pages\/12982\/revisions"}],"up":[{"embeddable":true,"href":"https:\/\/www.gem.pt\/1\/wp-json\/wp\/v2\/pages\/801"}],"wp:attachment":[{"href":"https:\/\/www.gem.pt\/1\/wp-json\/wp\/v2\/media?parent=12982"}],"curies":[{"name":"wp","href":"https:\/\/api.w.org\/{rel}","templated":true}]}}