{"id":1214,"date":"2020-05-30T22:41:10","date_gmt":"2020-05-30T22:41:10","guid":{"rendered":"https:\/\/www.gem.pt\/@teste\/?page_id=1214"},"modified":"2025-08-09T14:20:36","modified_gmt":"2025-08-09T13:20:36","slug":"bioespeleologia","status":"publish","type":"page","link":"https:\/\/www.gem.pt\/1\/publicacoes\/bioespeleologia\/","title":{"rendered":"Bioespeleologia"},"content":{"rendered":"<style>.elementor-1214 .elementor-element.elementor-element-9bd6efa > .elementor-container{min-height:400px;}.elementor-1214 .elementor-element.elementor-element-9bd6efa > .elementor-container > .elementor-column > .elementor-widget-wrap{align-content:center;align-items:center;}.elementor-1214 .elementor-element.elementor-element-9bd6efa .elementor-background-slideshow__slide__image{background-size:cover;background-position:center center;}.elementor-1214 .elementor-element.elementor-element-9bd6efa{transition:background 0.3s, border 0.3s, border-radius 0.3s, box-shadow 0.3s;max-height:400px;min-height:400px;}.elementor-1214 .elementor-element.elementor-element-9bd6efa > .elementor-background-overlay{transition:background 0.3s, border-radius 0.3s, opacity 0.3s;}.elementor-1214 .elementor-element.elementor-element-9bd6efa > .elementor-shape-bottom svg{width:calc(160% + 1.3px);height:140px;transform:translateX(-50%) rotateY(180deg);}.elementor-1214 .elementor-element.elementor-element-f8b07de.elementor-column > .elementor-widget-wrap{justify-content:center;}.elementor-1214 .elementor-element.elementor-element-f8b07de > .elementor-element-populated{margin:0px 0px -10px 0px;--e-column-margin-right:0px;--e-column-margin-left:0px;}.elementor-1214 .elementor-element.elementor-element-d0f9003{text-align:end;max-width:1190px;}.elementor-1214 .elementor-element.elementor-element-d0f9003 .elementor-heading-title{text-shadow:3px 3px 4px rgba(0,0,0,0.3);}.elementor-1214 .elementor-element.elementor-element-0338c83{color:#000000;}@media(max-width:1024px){.elementor-1214 .elementor-element.elementor-element-d0f9003{text-align:start;max-width:100%;}}@media(max-width:767px){.elementor-1214 .elementor-element.elementor-element-d0f9003{max-width:100%;}}<\/style>\t\t<div data-elementor-type=\"wp-page\" data-elementor-id=\"1214\" class=\"elementor elementor-1214\">\n\t\t\t\t\t\t<section class=\"elementor-section elementor-top-section elementor-element elementor-element-9bd6efa elementor-section-full_width elementor-section-height-min-height elementor-section-items-bottom elementor-section-content-middle elementor-section-height-default\" data-id=\"9bd6efa\" data-element_type=\"section\" data-e-type=\"section\" data-settings=\"{&quot;background_background&quot;:&quot;slideshow&quot;,&quot;background_slideshow_gallery&quot;:[{&quot;id&quot;:1234,&quot;url&quot;:&quot;https:\\\/\\\/www.gem.pt\\\/wp-content\\\/uploads\\\/2020\\\/05\\\/Atividades_8_0-1.jpg&quot;}],&quot;shape_divider_bottom&quot;:&quot;opacity-tilt&quot;,&quot;background_slideshow_slide_transition&quot;:&quot;fade&quot;}\">\n\t\t\t\t\t<div class=\"elementor-shape elementor-shape-bottom\" aria-hidden=\"true\" data-negative=\"false\">\n\t\t\t<svg xmlns=\"http:\/\/www.w3.org\/2000\/svg\" viewBox=\"0 0 2600 131.1\" preserveAspectRatio=\"none\">\n\t<path class=\"elementor-shape-fill\" d=\"M0 0L2600 0 2600 69.1 0 0z\"\/>\n\t<path class=\"elementor-shape-fill\" style=\"opacity:0.5\" d=\"M0 0L2600 0 2600 69.1 0 69.1z\"\/>\n\t<path class=\"elementor-shape-fill\" style=\"opacity:0.25\" d=\"M2600 0L0 0 0 130.1 2600 69.1z\"\/>\n<\/svg>\t\t<\/div>\n\t\t\t\t\t<div class=\"elementor-container elementor-column-gap-default\">\n\t\t\t\t\t<div class=\"aux-parallax-section elementor-column elementor-col-100 elementor-top-column elementor-element elementor-element-f8b07de\" data-id=\"f8b07de\" data-element_type=\"column\" data-e-type=\"column\">\n\t\t\t<div class=\"elementor-widget-wrap elementor-element-populated\">\n\t\t\t\t\t\t<div class=\"elementor-element elementor-element-d0f9003 elementor-widget elementor-widget-heading\" data-id=\"d0f9003\" data-element_type=\"widget\" data-e-type=\"widget\" data-widget_type=\"heading.default\">\n\t\t\t\t<div class=\"elementor-widget-container\">\n\t\t\t\t\t<h1 class=\"elementor-heading-title elementor-size-default\">Bioespeleologia<\/h1>\t\t\t\t<\/div>\n\t\t\t\t<\/div>\n\t\t\t\t\t<\/div>\n\t\t<\/div>\n\t\t\t\t\t<\/div>\n\t\t<\/section>\n\t\t\t\t<section class=\"elementor-section elementor-top-section elementor-element elementor-element-2d69bba elementor-section-boxed elementor-section-height-default elementor-section-height-default\" data-id=\"2d69bba\" data-element_type=\"section\" data-e-type=\"section\">\n\t\t\t\t\t\t<div class=\"elementor-container elementor-column-gap-default\">\n\t\t\t\t\t<div class=\"aux-parallax-section elementor-column elementor-col-100 elementor-top-column elementor-element elementor-element-023f42b\" data-id=\"023f42b\" data-element_type=\"column\" data-e-type=\"column\">\n\t\t\t<div class=\"elementor-widget-wrap elementor-element-populated\">\n\t\t\t\t\t\t<div class=\"elementor-element elementor-element-c8fc423 elementor-widget elementor-widget-text-editor\" data-id=\"c8fc423\" data-element_type=\"widget\" data-e-type=\"widget\" data-widget_type=\"text-editor.default\">\n\t\t\t\t<div class=\"elementor-widget-container\">\n\t\t\t\t\t\t\t\t\t<p><span style=\"caret-color: #000000; color: #000000; font-family: Questrial; letter-spacing: normal; text-align: justify; white-space: pre-line;\">\u00a0<\/span><\/p><div style=\"caret-color: #e78b00; color: #e78b00; font-family: Questrial; font-size: 20px; letter-spacing: normal; white-space: pre-line;\"><img fetchpriority=\"high\" decoding=\"async\" class=\"alignright wp-image-1222\" src=\"https:\/\/www.gem.pt\/wp-content\/uploads\/2020\/05\/Atividades_8_1.jpg\" alt=\"\" width=\"524\" height=\"348\" \/>Bioespeleologia no GEM<\/div><div style=\"letter-spacing: normal; margin: 0px; padding: 0px; caret-color: #000000; color: #000000; font-family: Questrial; text-align: justify; white-space: pre-line; line-height: 0.5;\">\u00a0<\/div><div style=\"letter-spacing: normal; margin: 0px; padding: 0px; caret-color: #000000; color: #000000; font-family: Questrial; text-align: justify; white-space: pre-line;\">Uma cavidade c\u00e1rsica \u00e9, antes de toda a sua dimens\u00e3o de aventura e explora\u00e7\u00e3o, um bi\u00f3topo de m\u00faltiplas caracter\u00edsticas ecol\u00f3gicas \u00fanicas, que permitem o aparecimento de comunidades biol\u00f3gicas de grande interesse conservacionista e patrimonial.<\/div><div style=\"letter-spacing: normal; margin: 0px; padding: 0px; caret-color: #000000; color: #000000; font-family: Questrial; text-align: justify; white-space: pre-line; line-height: 0.5;\">\u00a0<\/div><div style=\"letter-spacing: normal; margin: 0px; padding: 0px; caret-color: #000000; color: #000000; font-family: Questrial; text-align: justify; white-space: pre-line;\">A Bioespeleologia \u00e9 precisamente o ramo da ci\u00eancia que se dedica a esta componente. Mais do que recolher, identificar e classificar os organismos vivos, interessa-nos compreender o funcionamento dos ecossistemas cavern\u00edcolas na sua globalidade e como os organismos desenvolvem as suas estrat\u00e9gias de sobreviv\u00eancia e adapta\u00e7\u00e3o.<div style=\"letter-spacing: normal; margin: 0px; padding: 0px; caret-color: #000000; color: #000000; font-family: Questrial; text-align: justify; white-space: pre-line; line-height: 0.5;\">\u00a0<\/div><div style=\"letter-spacing: normal; margin: 0px; padding: 0px; caret-color: #000000; color: #000000; font-family: Questrial; text-align: justify; white-space: pre-line;\">Mas a espeleologia \u00e9 tamb\u00e9m uma oportunidade de viver a natureza, desfrut\u00e1-la e contribuir para o seu conhecimento e conserva\u00e7\u00e3o.<\/div><\/div>\t\t\t\t\t\t\t\t<\/div>\n\t\t\t\t<\/div>\n\t\t\t\t\t<\/div>\n\t\t<\/div>\n\t\t\t\t\t<\/div>\n\t\t<\/section>\n\t\t\t\t<section class=\"elementor-section elementor-top-section elementor-element elementor-element-daeb15c elementor-section-boxed elementor-section-height-default elementor-section-height-default\" data-id=\"daeb15c\" data-element_type=\"section\" data-e-type=\"section\">\n\t\t\t\t\t\t<div class=\"elementor-container elementor-column-gap-default\">\n\t\t\t\t\t<div class=\"aux-parallax-section elementor-column elementor-col-100 elementor-top-column elementor-element elementor-element-66cdb77\" data-id=\"66cdb77\" data-element_type=\"column\" data-e-type=\"column\">\n\t\t\t<div class=\"elementor-widget-wrap elementor-element-populated\">\n\t\t\t\t\t\t<div class=\"elementor-element elementor-element-e0caa0b elementor-widget elementor-widget-text-editor\" data-id=\"e0caa0b\" data-element_type=\"widget\" data-e-type=\"widget\" data-widget_type=\"text-editor.default\">\n\t\t\t\t<div class=\"elementor-widget-container\">\n\t\t\t\t\t\t\t\t\t<div style=\"caret-color: #e78b00; color: #e78b00; font-family: Questrial; font-size: 20px; letter-spacing: normal; white-space: pre-line;\">Como participar<\/div><div style=\"letter-spacing: normal; margin: 0px; padding: 0px; caret-color: #000000; color: #000000; font-family: Questrial; text-align: justify; white-space: pre-line; line-height: 0.5;\">\u00a0<\/div><div style=\"letter-spacing: normal; margin: 0px; padding: 0px; caret-color: #000000; color: #000000; font-family: Questrial; text-align: justify; white-space: pre-line;\">Durante uma atividade de campo \u00e9 poss\u00edvel realizar in\u00fameras observa\u00e7\u00f5es de organismos vivos. A principal forma de participa\u00e7\u00e3o \u00e9 essa mesma: <strong>Observar!<\/strong><\/div><div style=\"letter-spacing: normal; margin: 0px; padding: 0px; caret-color: #000000; color: #000000; font-family: Questrial; text-align: justify; white-space: pre-line; line-height: 0.5;\">\u00a0<\/div><div style=\"letter-spacing: normal; margin: 0px; padding: 0px; caret-color: #000000; color: #000000; font-family: Questrial; text-align: justify; white-space: pre-line;\"><p>Depois, queremos que nos fa\u00e7am chegar as vossas observa\u00e7\u00f5es, no seguinte formato:<\/p><ul><li style=\"list-style-type: none;\"><ul><li>Taxon &#8211; Identifica\u00e7\u00e3o taxon\u00f3mica se conhecida e\/ou nome comum<\/li><li>Data<\/li><li>Cavidade e Localidade<\/li><li>Zona de recolha (na cavidade) e breve descri\u00e7\u00e3o<\/li><li>Fotos (muitas fotos!) que ajudem na identifica\u00e7\u00e3o e ilustrem um potencial artigo.<\/li><\/ul><\/li><\/ul><div style=\"letter-spacing: normal; margin: 0px; padding: 0px; caret-color: #000000; color: #000000; font-family: Questrial; text-align: justify; white-space: pre-line; line-height: 0.5;\">\u00a0<\/div><div style=\"letter-spacing: normal; margin: 0px; padding: 0px; caret-color: #000000; color: #000000; font-family: Questrial; text-align: justify; white-space: pre-line;\"><p>Podem enviar as vossas observa\u00e7\u00f5es para <a href=\"mailto:plnauta@gmail.com\">plnauta@gmail.com<\/a> ou para <a href=\"mailto:geral@gem.pt\">geral@gem.pt<\/a>.<\/p><div style=\"letter-spacing: normal; margin: 0px; padding: 0px; caret-color: #000000; color: #000000; font-family: Questrial; text-align: justify; white-space: pre-line; line-height: 0.5;\">\u00a0<\/div><div style=\"letter-spacing: normal; margin: 0px; padding: 0px; caret-color: #000000; color: #000000; font-family: Questrial; text-align: justify; white-space: pre-line;\"><p>As observa\u00e7\u00f5es s\u00e3o depois catalogadas e introduzidas em ficheiro excel pr\u00f3prio (partilhado a pedido) e as observa\u00e7\u00f5es &#8220;carism\u00e1ticas&#8221; ficar\u00e3o tamb\u00e9m dispon\u00edveis nas nossas <a href=\"https:\/\/www.gem.pt\/1\/publicacoes\/artigos-bioespeleologia\/\">publica\u00e7\u00f5es de Bioespeleologia<\/a>.<\/p><div style=\"letter-spacing: normal; margin: 0px; padding: 0px; caret-color: #000000; color: #000000; font-family: Questrial; text-align: justify; white-space: pre-line;\"><p>O objetivo principal do projeto de Bioespeleologia do GEM \u00e9 produzir uma lista de esp\u00e9cies animais e vegetais, observadas durante as visitas \u00e0s cavidades c\u00e1rsicas e que acrescente informa\u00e7\u00e3o para os interessados e especialistas dos grupos assim registados.<\/p><div style=\"letter-spacing: normal; margin: 0px; padding: 0px; caret-color: #000000; color: #000000; font-family: Questrial; text-align: justify; white-space: pre-line;\"><p>Paralelamente recomentamos vivamente que os mais entusiastas se registem no <a href=\"https:\/\/www.inaturalist.org\/\" target=\"_blank\" rel=\"noopener\">iNaturalist<\/a> e contribuam para o conhecimento do patrim\u00f3nio natural.<\/p><\/div><\/div><\/div><\/div><\/div>\t\t\t\t\t\t\t\t<\/div>\n\t\t\t\t<\/div>\n\t\t\t\t\t<\/div>\n\t\t<\/div>\n\t\t\t\t\t<\/div>\n\t\t<\/section>\n\t\t\t\t<section class=\"elementor-section elementor-top-section elementor-element elementor-element-148fa88 elementor-section-boxed elementor-section-height-default elementor-section-height-default\" data-id=\"148fa88\" data-element_type=\"section\" data-e-type=\"section\">\n\t\t\t\t\t\t<div class=\"elementor-container elementor-column-gap-default\">\n\t\t\t\t\t<div class=\"aux-parallax-section elementor-column elementor-col-100 elementor-top-column elementor-element elementor-element-0e8ed81\" data-id=\"0e8ed81\" data-element_type=\"column\" data-e-type=\"column\">\n\t\t\t<div class=\"elementor-widget-wrap elementor-element-populated\">\n\t\t\t\t\t\t<div class=\"elementor-element elementor-element-0338c83 elementor-widget elementor-widget-text-editor\" data-id=\"0338c83\" data-element_type=\"widget\" data-e-type=\"widget\" data-widget_type=\"text-editor.default\">\n\t\t\t\t<div class=\"elementor-widget-container\">\n\t\t\t\t\t\t\t\t\t<p><span style=\"font-family: Questrial; font-size: 10px; letter-spacing: normal; white-space: pre-line;\">\u00a0<\/span><\/p><div style=\"text-align: left;\"><hr \/><\/div><div>\u00a0<\/div><div>\u00a0<\/div><div><a href=\"https:\/\/www.gem.pt\/1\/publicacoes\/artigos-bioespeleologia\/\"><span style=\"caret-color: #e78b00; color: #e78b00; font-family: Questrial; font-size: 20px; letter-spacing: normal; white-space: pre-line;\">\u2192 Artigos e Observa\u00e7\u00f5es de Bioespeleologia<\/span><\/a><\/div>\t\t\t\t\t\t\t\t<\/div>\n\t\t\t\t<\/div>\n\t\t\t\t\t<\/div>\n\t\t<\/div>\n\t\t\t\t\t<\/div>\n\t\t<\/section>\n\t\t\t\t<\/div>\n\t\t","protected":false},"excerpt":{"rendered":"<p>Bioespeleologia \u00a0 Bioespeleologia no GEM\u00a0Uma cavidade c\u00e1rsica \u00e9, antes de toda a sua dimens\u00e3o de aventura e explora\u00e7\u00e3o, um bi\u00f3topo de m\u00faltiplas caracter\u00edsticas ecol\u00f3gicas \u00fanicas, que permitem o aparecimento de comunidades biol\u00f3gicas de grande interesse conservacionista e patrimonial.\u00a0A Bioespeleologia \u00e9 precisamente o ramo da ci\u00eancia que se dedica a esta componente. Mais do que recolher, [&hellip;]<\/p>\n","protected":false},"author":1,"featured_media":0,"parent":801,"menu_order":7,"comment_status":"closed","ping_status":"closed","template":"","meta":{"footnotes":""},"class_list":["post-1214","page","type-page","status-publish","hentry"],"_links":{"self":[{"href":"https:\/\/www.gem.pt\/1\/wp-json\/wp\/v2\/pages\/1214","targetHints":{"allow":["GET"]}}],"collection":[{"href":"https:\/\/www.gem.pt\/1\/wp-json\/wp\/v2\/pages"}],"about":[{"href":"https:\/\/www.gem.pt\/1\/wp-json\/wp\/v2\/types\/page"}],"author":[{"embeddable":true,"href":"https:\/\/www.gem.pt\/1\/wp-json\/wp\/v2\/users\/1"}],"replies":[{"embeddable":true,"href":"https:\/\/www.gem.pt\/1\/wp-json\/wp\/v2\/comments?post=1214"}],"version-history":[{"count":0,"href":"https:\/\/www.gem.pt\/1\/wp-json\/wp\/v2\/pages\/1214\/revisions"}],"up":[{"embeddable":true,"href":"https:\/\/www.gem.pt\/1\/wp-json\/wp\/v2\/pages\/801"}],"wp:attachment":[{"href":"https:\/\/www.gem.pt\/1\/wp-json\/wp\/v2\/media?parent=1214"}],"curies":[{"name":"wp","href":"https:\/\/api.w.org\/{rel}","templated":true}]}}