{"id":1212,"date":"2020-05-30T22:40:08","date_gmt":"2020-05-30T22:40:08","guid":{"rendered":"https:\/\/www.gem.pt\/@teste\/?page_id=1212"},"modified":"2025-08-05T22:13:21","modified_gmt":"2025-08-05T21:13:21","slug":"fotografia","status":"publish","type":"page","link":"https:\/\/www.gem.pt\/1\/atividades\/fotografia\/","title":{"rendered":"Fotografia"},"content":{"rendered":"<style>.elementor-1212 .elementor-element.elementor-element-9bd6efa > .elementor-container{min-height:400px;}.elementor-1212 .elementor-element.elementor-element-9bd6efa > .elementor-container > .elementor-column > .elementor-widget-wrap{align-content:center;align-items:center;}.elementor-1212 .elementor-element.elementor-element-9bd6efa .elementor-background-slideshow__slide__image{background-size:cover;background-position:center center;}.elementor-1212 .elementor-element.elementor-element-9bd6efa{transition:background 0.3s, border 0.3s, border-radius 0.3s, box-shadow 0.3s;max-height:400px;min-height:400px;}.elementor-1212 .elementor-element.elementor-element-9bd6efa > .elementor-background-overlay{transition:background 0.3s, border-radius 0.3s, opacity 0.3s;}.elementor-1212 .elementor-element.elementor-element-9bd6efa > .elementor-shape-bottom svg{width:calc(160% + 1.3px);height:140px;}.elementor-1212 .elementor-element.elementor-element-f8b07de.elementor-column > .elementor-widget-wrap{justify-content:center;}.elementor-1212 .elementor-element.elementor-element-f8b07de > .elementor-element-populated{margin:0px 0px -10px 0px;--e-column-margin-right:0px;--e-column-margin-left:0px;}.elementor-1212 .elementor-element.elementor-element-d0f9003{text-align:start;max-width:1190px;}.elementor-1212 .elementor-element.elementor-element-d0f9003 .elementor-heading-title{text-shadow:3px 3px 4px rgba(0,0,0,0.3);}@media(max-width:1024px){.elementor-1212 .elementor-element.elementor-element-d0f9003{text-align:start;max-width:100%;}}@media(max-width:767px){.elementor-1212 .elementor-element.elementor-element-d0f9003{max-width:100%;}}<\/style>\t\t<div data-elementor-type=\"wp-page\" data-elementor-id=\"1212\" class=\"elementor elementor-1212\">\n\t\t\t\t\t\t<section class=\"elementor-section elementor-top-section elementor-element elementor-element-9bd6efa elementor-section-full_width elementor-section-height-min-height elementor-section-items-bottom elementor-section-content-middle elementor-section-height-default\" data-id=\"9bd6efa\" data-element_type=\"section\" data-e-type=\"section\" data-settings=\"{&quot;background_background&quot;:&quot;slideshow&quot;,&quot;background_slideshow_gallery&quot;:[{&quot;id&quot;:1230,&quot;url&quot;:&quot;https:\\\/\\\/www.gem.pt\\\/wp-content\\\/uploads\\\/2020\\\/05\\\/Atividades_7_0a-scaled.jpg&quot;}],&quot;shape_divider_bottom&quot;:&quot;opacity-tilt&quot;,&quot;background_slideshow_slide_transition&quot;:&quot;fade&quot;}\">\n\t\t\t\t\t<div class=\"elementor-shape elementor-shape-bottom\" aria-hidden=\"true\" data-negative=\"false\">\n\t\t\t<svg xmlns=\"http:\/\/www.w3.org\/2000\/svg\" viewBox=\"0 0 2600 131.1\" preserveAspectRatio=\"none\">\n\t<path class=\"elementor-shape-fill\" d=\"M0 0L2600 0 2600 69.1 0 0z\"\/>\n\t<path class=\"elementor-shape-fill\" style=\"opacity:0.5\" d=\"M0 0L2600 0 2600 69.1 0 69.1z\"\/>\n\t<path class=\"elementor-shape-fill\" style=\"opacity:0.25\" d=\"M2600 0L0 0 0 130.1 2600 69.1z\"\/>\n<\/svg>\t\t<\/div>\n\t\t\t\t\t<div class=\"elementor-container elementor-column-gap-default\">\n\t\t\t\t\t<div class=\"aux-parallax-section elementor-column elementor-col-100 elementor-top-column elementor-element elementor-element-f8b07de\" data-id=\"f8b07de\" data-element_type=\"column\" data-e-type=\"column\">\n\t\t\t<div class=\"elementor-widget-wrap elementor-element-populated\">\n\t\t\t\t\t\t<div class=\"elementor-element elementor-element-d0f9003 elementor-widget elementor-widget-heading\" data-id=\"d0f9003\" data-element_type=\"widget\" data-e-type=\"widget\" data-widget_type=\"heading.default\">\n\t\t\t\t<div class=\"elementor-widget-container\">\n\t\t\t\t\t<h1 class=\"elementor-heading-title elementor-size-default\">Fotografia<\/h1>\t\t\t\t<\/div>\n\t\t\t\t<\/div>\n\t\t\t\t\t<\/div>\n\t\t<\/div>\n\t\t\t\t\t<\/div>\n\t\t<\/section>\n\t\t\t\t<section class=\"elementor-section elementor-top-section elementor-element elementor-element-2d69bba elementor-section-boxed elementor-section-height-default elementor-section-height-default\" data-id=\"2d69bba\" data-element_type=\"section\" data-e-type=\"section\">\n\t\t\t\t\t\t<div class=\"elementor-container elementor-column-gap-default\">\n\t\t\t\t\t<div class=\"aux-parallax-section elementor-column elementor-col-100 elementor-top-column elementor-element elementor-element-023f42b\" data-id=\"023f42b\" data-element_type=\"column\" data-e-type=\"column\">\n\t\t\t<div class=\"elementor-widget-wrap elementor-element-populated\">\n\t\t\t\t\t\t<div class=\"elementor-element elementor-element-c8fc423 elementor-widget elementor-widget-text-editor\" data-id=\"c8fc423\" data-element_type=\"widget\" data-e-type=\"widget\" data-widget_type=\"text-editor.default\">\n\t\t\t\t<div class=\"elementor-widget-container\">\n\t\t\t\t\t\t\t\t\t<p>\u00a0<\/p><div style=\"caret-color: #e78b00; color: #e78b00; font-family: Questrial; font-size: 20px; letter-spacing: normal; white-space: pre-line;\">Fotografia no GEM<\/div><div style=\"letter-spacing: normal; margin: 0px; padding: 0px; caret-color: #000000; color: #000000; font-family: Questrial; text-align: justify; white-space: pre-line; line-height: 0.5;\">\u00a0<\/div><div style=\"letter-spacing: normal; margin: 0px; padding: 0px; caret-color: #000000; color: #000000; font-family: Questrial; text-align: justify; white-space: pre-line;\"><img fetchpriority=\"high\" decoding=\"async\" class=\"alignright wp-image-1220\" src=\"https:\/\/www.gem.pt\/wp-content\/uploads\/2020\/05\/Atividades_7_1.jpg\" alt=\"\" width=\"450\" height=\"299\" \/>Ver para al\u00e9m do \u00f3bvio.<div style=\"letter-spacing: normal; margin: 0px; padding: 0px; caret-color: #000000; color: #000000; font-family: Questrial; text-align: justify; white-space: pre-line; line-height: 0.5;\">\u00a0<\/div><div style=\"letter-spacing: normal; margin: 0px; padding: 0px; caret-color: #000000; color: #000000; font-family: Questrial; text-align: justify; white-space: pre-line;\">No GEM a fotografia est\u00e1 sempre presente em todas as atividades praticadas. No entanto, por haver cada vez mais s\u00f3cios a levar este hobby a s\u00e9rio, foi criado um espa\u00e7o pr\u00f3prio que distingue e privilegia o conceito fotogr\u00e1fico como atividade principal, num ambiente calmo e descontra\u00eddo sem a preocupa\u00e7\u00e3o de se estar envolvido noutra atividade mais exigente fisicamente.<\/div><\/div><div style=\"letter-spacing: normal; margin: 0px; padding: 0px; caret-color: #000000; color: #000000; font-family: Questrial; text-align: justify; white-space: pre-line; line-height: 0.5;\">\u00a0<\/div><div style=\"letter-spacing: normal; margin: 0px; padding: 0px; caret-color: #000000; color: #000000; font-family: Questrial; text-align: justify; white-space: pre-line;\">A fotografia no GEM \u00e9 mais do que registar imagens \u2014 \u00e9 uma forma de olhar o mundo com aten\u00e7\u00e3o, curiosidade e respeito. Entre montanhas, grutas, rios e trilhos, h\u00e1 sempre uma hist\u00f3ria \u00e0 espera de ser contada atrav\u00e9s da luz, da sombra e do enquadramento certo.<\/div><div style=\"letter-spacing: normal; margin: 0px; padding: 0px; caret-color: #000000; color: #000000; font-family: Questrial; text-align: justify; white-space: pre-line; line-height: 0.5;\">\u00a0<\/div><div style=\"letter-spacing: normal; margin: 0px; padding: 0px; caret-color: #000000; color: #000000; font-family: Questrial; text-align: justify; white-space: pre-line;\">Muitos dos nossos membros s\u00e3o fot\u00f3grafos apaixonados pela natureza e pela aventura. Partilhamos t\u00e9cnicas, olhares, truques e, acima de tudo, a vontade de eternizar o ef\u00e9mero \u2014 aquele instante de luz perfeita, o salto no rio, o sorriso c\u00famplice durante uma caminhada.<div style=\"letter-spacing: normal; margin: 0px; padding: 0px; caret-color: #000000; color: #000000; font-family: Questrial; text-align: justify; white-space: pre-line; line-height: 0.5;\">\u00a0<\/div><div style=\"letter-spacing: normal; margin: 0px; padding: 0px; caret-color: #000000; color: #000000; font-family: Questrial; text-align: justify; white-space: pre-line;\">A fotografia tamb\u00e9m \u00e9 uma ferramenta de sensibiliza\u00e7\u00e3o. As imagens que criamos ajudam a dar a conhecer a beleza e fragilidade dos lugares que exploramos, incentivando \u00e0 sua preserva\u00e7\u00e3o.<div style=\"letter-spacing: normal; margin: 0px; padding: 0px; caret-color: #000000; color: #000000; font-family: Questrial; text-align: justify; white-space: pre-line; line-height: 0.5;\">\u00a0<\/div><div style=\"letter-spacing: normal; margin: 0px; padding: 0px; caret-color: #000000; color: #000000; font-family: Questrial; text-align: justify; white-space: pre-line;\">Com o GEM, fotografar \u00e9 viver intensamente cada momento \u2014 e depois, poder reviv\u00ea-lo e partilh\u00e1-lo. \u00c9 captar a alma das nossas aventuras e guard\u00e1-la num clique<\/div><\/div><\/div>\t\t\t\t\t\t\t\t<\/div>\n\t\t\t\t<\/div>\n\t\t\t\t\t<\/div>\n\t\t<\/div>\n\t\t\t\t\t<\/div>\n\t\t<\/section>\n\t\t\t\t<\/div>\n\t\t","protected":false},"excerpt":{"rendered":"<p>Fotografia \u00a0 Fotografia no GEM\u00a0Ver para al\u00e9m do \u00f3bvio.\u00a0No GEM a fotografia est\u00e1 sempre presente em todas as atividades praticadas. No entanto, por haver cada vez mais s\u00f3cios a levar este hobby a s\u00e9rio, foi criado um espa\u00e7o pr\u00f3prio que distingue e privilegia o conceito fotogr\u00e1fico como atividade principal, num ambiente calmo e descontra\u00eddo sem [&hellip;]<\/p>\n","protected":false},"author":1,"featured_media":0,"parent":890,"menu_order":6,"comment_status":"closed","ping_status":"closed","template":"","meta":{"footnotes":""},"class_list":["post-1212","page","type-page","status-publish","hentry"],"_links":{"self":[{"href":"https:\/\/www.gem.pt\/1\/wp-json\/wp\/v2\/pages\/1212","targetHints":{"allow":["GET"]}}],"collection":[{"href":"https:\/\/www.gem.pt\/1\/wp-json\/wp\/v2\/pages"}],"about":[{"href":"https:\/\/www.gem.pt\/1\/wp-json\/wp\/v2\/types\/page"}],"author":[{"embeddable":true,"href":"https:\/\/www.gem.pt\/1\/wp-json\/wp\/v2\/users\/1"}],"replies":[{"embeddable":true,"href":"https:\/\/www.gem.pt\/1\/wp-json\/wp\/v2\/comments?post=1212"}],"version-history":[{"count":0,"href":"https:\/\/www.gem.pt\/1\/wp-json\/wp\/v2\/pages\/1212\/revisions"}],"up":[{"embeddable":true,"href":"https:\/\/www.gem.pt\/1\/wp-json\/wp\/v2\/pages\/890"}],"wp:attachment":[{"href":"https:\/\/www.gem.pt\/1\/wp-json\/wp\/v2\/media?parent=1212"}],"curies":[{"name":"wp","href":"https:\/\/api.w.org\/{rel}","templated":true}]}}