{"id":1142,"date":"2020-05-28T23:31:17","date_gmt":"2020-05-28T23:31:17","guid":{"rendered":"https:\/\/www.gem.pt\/@teste\/?page_id=1142"},"modified":"2025-08-05T20:22:48","modified_gmt":"2025-08-05T19:22:48","slug":"espeleologia","status":"publish","type":"page","link":"https:\/\/www.gem.pt\/1\/atividades\/espeleologia\/","title":{"rendered":"Espeleologia"},"content":{"rendered":"<style>.elementor-1142 .elementor-element.elementor-element-9bd6efa > .elementor-container{min-height:400px;}.elementor-1142 .elementor-element.elementor-element-9bd6efa > .elementor-container > .elementor-column > .elementor-widget-wrap{align-content:center;align-items:center;}.elementor-1142 .elementor-element.elementor-element-9bd6efa .elementor-background-slideshow__slide__image{background-size:cover;background-position:center center;}.elementor-1142 .elementor-element.elementor-element-9bd6efa{transition:background 0.3s, border 0.3s, border-radius 0.3s, box-shadow 0.3s;max-height:400px;min-height:400px;}.elementor-1142 .elementor-element.elementor-element-9bd6efa > .elementor-background-overlay{transition:background 0.3s, border-radius 0.3s, opacity 0.3s;}.elementor-1142 .elementor-element.elementor-element-9bd6efa > .elementor-shape-bottom svg{width:calc(160% + 1.3px);height:140px;}.elementor-1142 .elementor-element.elementor-element-f8b07de.elementor-column > .elementor-widget-wrap{justify-content:center;}.elementor-1142 .elementor-element.elementor-element-f8b07de > .elementor-element-populated{margin:0px 0px -10px 0px;--e-column-margin-right:0px;--e-column-margin-left:0px;}.elementor-1142 .elementor-element.elementor-element-d0f9003{text-align:start;max-width:1190px;}.elementor-1142 .elementor-element.elementor-element-d0f9003 .elementor-heading-title{text-shadow:3px 3px 4px rgba(0,0,0,0.3);}.elementor-1142 .elementor-element.elementor-element-854820f{text-align:center;}.elementor-1142 .elementor-element.elementor-element-412c7e6{text-align:start;}@media(max-width:1024px){.elementor-1142 .elementor-element.elementor-element-d0f9003{text-align:start;max-width:100%;}}@media(max-width:767px){.elementor-1142 .elementor-element.elementor-element-d0f9003{max-width:100%;}}<\/style>\t\t<div data-elementor-type=\"wp-page\" data-elementor-id=\"1142\" class=\"elementor elementor-1142\">\n\t\t\t\t\t\t<section class=\"elementor-section elementor-top-section elementor-element elementor-element-9bd6efa elementor-section-full_width elementor-section-height-min-height elementor-section-items-bottom elementor-section-content-middle elementor-section-height-default\" data-id=\"9bd6efa\" data-element_type=\"section\" data-e-type=\"section\" data-settings=\"{&quot;background_background&quot;:&quot;slideshow&quot;,&quot;background_slideshow_gallery&quot;:[{&quot;id&quot;:1666,&quot;url&quot;:&quot;https:\\\/\\\/www.gem.pt\\\/wp-content\\\/uploads\\\/2020\\\/09\\\/Atividades_3_0-scaled.jpg&quot;}],&quot;shape_divider_bottom&quot;:&quot;opacity-tilt&quot;,&quot;background_slideshow_slide_transition&quot;:&quot;fade&quot;}\">\n\t\t\t\t\t<div class=\"elementor-shape elementor-shape-bottom\" aria-hidden=\"true\" data-negative=\"false\">\n\t\t\t<svg xmlns=\"http:\/\/www.w3.org\/2000\/svg\" viewBox=\"0 0 2600 131.1\" preserveAspectRatio=\"none\">\n\t<path class=\"elementor-shape-fill\" d=\"M0 0L2600 0 2600 69.1 0 0z\"\/>\n\t<path class=\"elementor-shape-fill\" style=\"opacity:0.5\" d=\"M0 0L2600 0 2600 69.1 0 69.1z\"\/>\n\t<path class=\"elementor-shape-fill\" style=\"opacity:0.25\" d=\"M2600 0L0 0 0 130.1 2600 69.1z\"\/>\n<\/svg>\t\t<\/div>\n\t\t\t\t\t<div class=\"elementor-container elementor-column-gap-default\">\n\t\t\t\t\t<div class=\"aux-parallax-section elementor-column elementor-col-100 elementor-top-column elementor-element elementor-element-f8b07de\" data-id=\"f8b07de\" data-element_type=\"column\" data-e-type=\"column\">\n\t\t\t<div class=\"elementor-widget-wrap elementor-element-populated\">\n\t\t\t\t\t\t<div class=\"elementor-element elementor-element-d0f9003 elementor-widget elementor-widget-heading\" data-id=\"d0f9003\" data-element_type=\"widget\" data-e-type=\"widget\" data-widget_type=\"heading.default\">\n\t\t\t\t<div class=\"elementor-widget-container\">\n\t\t\t\t\t<h1 class=\"elementor-heading-title elementor-size-default\">Espeleologia<\/h1>\t\t\t\t<\/div>\n\t\t\t\t<\/div>\n\t\t\t\t\t<\/div>\n\t\t<\/div>\n\t\t\t\t\t<\/div>\n\t\t<\/section>\n\t\t\t\t<section class=\"elementor-section elementor-top-section elementor-element elementor-element-2d69bba elementor-section-boxed elementor-section-height-default elementor-section-height-default\" data-id=\"2d69bba\" data-element_type=\"section\" data-e-type=\"section\">\n\t\t\t\t\t\t<div class=\"elementor-container elementor-column-gap-default\">\n\t\t\t\t\t<div class=\"aux-parallax-section elementor-column elementor-col-100 elementor-top-column elementor-element elementor-element-023f42b\" data-id=\"023f42b\" data-element_type=\"column\" data-e-type=\"column\">\n\t\t\t<div class=\"elementor-widget-wrap elementor-element-populated\">\n\t\t\t\t\t\t<div class=\"elementor-element elementor-element-c8fc423 elementor-widget elementor-widget-text-editor\" data-id=\"c8fc423\" data-element_type=\"widget\" data-e-type=\"widget\" data-widget_type=\"text-editor.default\">\n\t\t\t\t<div class=\"elementor-widget-container\">\n\t\t\t\t\t\t\t\t\t<p><span style=\"caret-color: #000000; color: #000000; font-family: Questrial; letter-spacing: normal; text-align: justify; white-space: pre-line;\">\u00a0<\/span><\/p><p style=\"caret-color: #e78b00; color: #e78b00; font-family: Questrial; font-size: 20px; letter-spacing: normal; white-space: pre-line;\">Espeleologia no GEM<\/p><div style=\"letter-spacing: normal; margin: 0px; padding: 0px; caret-color: #000000; color: #000000; font-family: Questrial; text-align: justify; white-space: pre-line;\">Esplorar o mundo debaixo dos nossos p\u00e9s.<\/div><div style=\"letter-spacing: normal; margin: 0px; padding: 0px; caret-color: #000000; color: #000000; font-family: Questrial; text-align: justify; white-space: pre-line; line-height: 0.5;\">\u00a0<\/div><div style=\"letter-spacing: normal; margin: 0px; padding: 0px; caret-color: #000000; color: #000000; font-family: Questrial; text-align: justify; white-space: pre-line;\">A espeleologia \u00e9 a ci\u00eancia e a arte de explorar grutas. \u00c9 descer \u00e0 escurid\u00e3o da terra, guiado apenas pela luz do frontal, \u00e0 procura de paisagens escondidas, sil\u00eancios profundos e hist\u00f3rias gravadas nas rochas ao longo de milh\u00f5es de anos.<\/div><div style=\"letter-spacing: normal; margin: 0px; padding: 0px; caret-color: #000000; color: #000000; font-family: Questrial; text-align: justify; white-space: pre-line; line-height: 0.5;\">\u00a0<\/div><div style=\"letter-spacing: normal; margin: 0px; padding: 0px; caret-color: #000000; color: #000000; font-family: Questrial; text-align: justify; white-space: pre-line;\">No GEM, praticamos a espeleologia com paix\u00e3o e rigor. N\u00e3o se trata apenas de aventura \u2014 \u00e9 tamb\u00e9m ci\u00eancia, conserva\u00e7\u00e3o e aprendizagem. Estudamos e topografamos as grutas, documentamos a sua geologia, biologia e hist\u00f3ria, e contribu\u00edmos ativamente para a sua prote\u00e7\u00e3o.<\/div><div style=\"letter-spacing: normal; margin: 0px; padding: 0px; caret-color: #000000; color: #000000; font-family: Questrial; text-align: justify; white-space: pre-line; line-height: 0.5;\">\u00a0<\/div><div style=\"letter-spacing: normal; margin: 0px; padding: 0px; caret-color: #000000; color: #000000; font-family: Questrial; text-align: justify; white-space: pre-line;\">Cada expedi\u00e7\u00e3o \u00e9 um misto de t\u00e9cnica e sensibilidade: usar cordas para descer po\u00e7os vertiginosos, rastejar por galerias estreitas, caminhar entre estalactites e estalagmites com o m\u00e1ximo cuidado. E, acima de tudo, saber ouvir e respeitar este mundo silencioso e fr\u00e1gil.<\/div><div style=\"letter-spacing: normal; margin: 0px; padding: 0px; caret-color: #000000; color: #000000; font-family: Questrial; text-align: justify; white-space: pre-line; line-height: 0.5;\">\u00a0<\/div><div style=\"letter-spacing: normal; margin: 0px; padding: 0px; caret-color: #000000; color: #000000; font-family: Questrial; text-align: justify; white-space: pre-line;\">A espeleologia ensina-nos a ver o invis\u00edvel, a valorizar o que est\u00e1 escondido, e a trabalhar em equipa como nunca \u2014 porque no interior da terra, a confian\u00e7a entre companheiros \u00e9 essencial.<\/div><div style=\"letter-spacing: normal; margin: 0px; padding: 0px; caret-color: #000000; color: #000000; font-family: Questrial; text-align: justify; white-space: pre-line; line-height: 0.5;\">\u00a0<\/div><div style=\"letter-spacing: normal; margin: 0px; padding: 0px; caret-color: #000000; color: #000000; font-family: Questrial; text-align: justify; white-space: pre-line;\">Explorar uma gruta com o GEM \u00e9 como abrir uma porta para outro planeta. E regressar \u00e0 superf\u00edcie&#8230; \u00e9 voltar transformado.<\/div>\t\t\t\t\t\t\t\t<\/div>\n\t\t\t\t<\/div>\n\t\t\t\t\t<\/div>\n\t\t<\/div>\n\t\t\t\t\t<\/div>\n\t\t<\/section>\n\t\t\t\t<section class=\"elementor-section elementor-top-section elementor-element elementor-element-5958861 elementor-section-boxed elementor-section-height-default elementor-section-height-default\" data-id=\"5958861\" data-element_type=\"section\" data-e-type=\"section\">\n\t\t\t\t\t\t<div class=\"elementor-container elementor-column-gap-default\">\n\t\t\t\t\t<div class=\"aux-parallax-section elementor-column elementor-col-100 elementor-top-column elementor-element elementor-element-7bed3a9\" data-id=\"7bed3a9\" data-element_type=\"column\" data-e-type=\"column\">\n\t\t\t<div class=\"elementor-widget-wrap elementor-element-populated\">\n\t\t\t\t\t\t<div class=\"elementor-element elementor-element-3389722 elementor-widget elementor-widget-text-editor\" data-id=\"3389722\" data-element_type=\"widget\" data-e-type=\"widget\" data-widget_type=\"text-editor.default\">\n\t\t\t\t<div class=\"elementor-widget-container\">\n\t\t\t\t\t\t\t\t\t<p><span style=\"caret-color: #000000; color: #000000; font-family: Questrial; letter-spacing: normal; text-align: justify; white-space: pre-line;\">\u00a0<\/span><\/p><div style=\"caret-color: #e78b00; color: #e78b00; font-family: Questrial; font-size: 20px; letter-spacing: normal; white-space: pre-line;\">O que \u00e9 a Espeleologia?<\/div><div style=\"letter-spacing: normal; margin: 0px; padding: 0px; caret-color: #000000; color: #000000; font-family: Questrial; text-align: justify; white-space: pre-line; line-height: 0.5;\">\u00a0<\/div><div style=\"letter-spacing: normal; margin: 0px; padding: 0px; caret-color: #000000; color: #000000; font-family: Questrial; text-align: justify; white-space: pre-line;\">Sendo uma atividade que se dedica ao estudo das cavernas, a Espeleologia n\u00e3o se resume aos aspectos t\u00e9cnico desportivos da progress\u00e3o em grutas.<\/div><div style=\"letter-spacing: normal; margin: 0px; padding: 0px; caret-color: #000000; color: #000000; font-family: Questrial; text-align: justify; white-space: pre-line; line-height: 0.5;\">\u00a0<\/div><div style=\"letter-spacing: normal; margin: 0px; padding: 0px; caret-color: #000000; color: #000000; font-family: Questrial; text-align: justify; white-space: pre-line;\">Ao estudar a g\u00e9nese, a evolu\u00e7\u00e3o, o meio f\u00edsico e biol\u00f3gico do mundo subterr\u00e2neo, a espeleologia \u00e9 igualmente uma disciplina t\u00e9cnico cient\u00edfica que se interliga com ci\u00eancias como a Geologia, Biologia, Arqueologia e Antropologia.<\/div><div style=\"letter-spacing: normal; margin: 0px; padding: 0px; caret-color: #000000; color: #000000; font-family: Questrial; text-align: justify; white-space: pre-line; line-height: 0.5;\">\u00a0<\/div><div style=\"letter-spacing: normal; margin: 0px; padding: 0px; caret-color: #000000; color: #000000; font-family: Questrial; text-align: justify; white-space: pre-line;\">Outras t\u00e9cnicas utilizadas e igualmente importantes s\u00e3o a Fotografia, Topografia e Cartografia, que complementam a atividade do espele\u00f3logo.<\/div><div style=\"letter-spacing: normal; margin: 0px; padding: 0px; caret-color: #000000; color: #000000; font-family: Questrial; text-align: justify; white-space: pre-line; line-height: 0.5;\">\u00a0<\/div><div style=\"letter-spacing: normal; margin: 0px; padding: 0px; caret-color: #000000; color: #000000; font-family: Questrial; text-align: justify; white-space: pre-line;\"><img fetchpriority=\"high\" decoding=\"async\" class=\"alignright wp-image-1146 size-full\" src=\"https:\/\/www.gem.pt\/wp-content\/uploads\/2020\/05\/atividades_1_1.jpg\" alt=\"\" width=\"531\" height=\"800\" \/>Desde tempos imemoriais que o homem se sente atra\u00eddo pelas cavernas, quer como abrigo tempor\u00e1rio ou definitivo quer como local m\u00e1gico religioso dedicado ao culto dos deuses ou encantamento de inimigos, quer ainda como antec\u00e2mara do inferno ou local de atividades ligadas \u00e0 magia negra. Tamb\u00e9m como um simples local que lhe chama a aten\u00e7\u00e3o e desperta a curiosidade, convidando a uma simples olhadela curiosa, a uma visita tur\u00edstico desportiva ou a um paciente e apurado trabalho de estudo e investiga\u00e7\u00e3o cient\u00edfica.<\/div><div style=\"letter-spacing: normal; margin: 0px; padding: 0px; caret-color: #000000; color: #000000; font-family: Questrial; text-align: justify; white-space: pre-line; line-height: 0.5;\">\u00a0<\/div><div style=\"letter-spacing: normal; margin: 0px; padding: 0px; caret-color: #000000; color: #000000; font-family: Questrial; text-align: justify; white-space: pre-line;\">Mais ou menos em todos os locais existem cavidades no solo (naturais ou artificiais) mas \u00e9 sobretudo, nas regi\u00f5es onde existem extens\u00f5es de rocha calc\u00e1ria que se encontram, verdadeiramente, o que \u00e9 uso e costume designar-se por cavernas ou, mais popularmente, por grutas, covas, furnas ou algares.<\/div><div style=\"letter-spacing: normal; margin: 0px; padding: 0px; caret-color: #000000; color: #000000; font-family: Questrial; text-align: justify; white-space: pre-line; line-height: 0.5;\">\u00a0<\/div><div style=\"letter-spacing: normal; margin: 0px; padding: 0px; caret-color: #000000; color: #000000; font-family: Questrial; text-align: justify; white-space: pre-line;\">Apesar de em todas as \u00e9pocas, desde a mais remota antiguidade, haver refer\u00eancias escritas, mais ou menos interpretativas, sobre a exist\u00eancia das cavernas, \u00e9 s\u00f3 no \u00faltimo quartel do s\u00e9culo passado que come\u00e7a o estudo propriamente dito dos fen\u00f3menos que est\u00e3o na origem, evolu\u00e7\u00e3o e morte das cavernas, atrav\u00e9s de um homem (franc\u00eas de nascimento e forma\u00e7\u00e3o) que, enfrentando as mais variadas e por vezes rocambolescas e incr\u00edveis dificuldades, se &#8220;atirou&#8221; \u00e0 explora\u00e7\u00e3o e primeiros estudos de car\u00e1cter cient\u00edfico das cavernas. Esse homem \u00e9 o famoso e inesquec\u00edvel Eduard Alfred Martel, verdadeiro pai da Espeleologia Moderna que, primeiro em Fran\u00e7a e depois noutros pa\u00edses, lan\u00e7ou as sementes do que viria a ser o grandioso e \u00fatil movimento espeleol\u00f3gico mundial. Seria, todavia, injusto n\u00e3o real\u00e7ar igualmente a coragem, dedica\u00e7\u00e3o e esfor\u00e7o dos continuadores da obra de Martel que com ele v\u00eam construindo e dignificando todo um edif\u00edcio de saber t\u00e9cnico cient\u00edfico que d\u00e1 pelo nome de ESPELEOLOGIA.<\/div><div style=\"letter-spacing: normal; margin: 0px; padding: 0px; caret-color: #000000; color: #000000; font-family: Questrial; text-align: justify; white-space: pre-line; line-height: 0.5;\">\u00a0<\/div><div style=\"letter-spacing: normal; margin: 0px; padding: 0px; caret-color: #000000; color: #000000; font-family: Questrial; text-align: justify; white-space: pre-line;\">Neste ponto \u00e9 natural colocarem-se as quest\u00f5es: O que \u00e9 a Espeleologia? Do que trata? Qual ou quais os seus dom\u00ednios e instrumentos de trabalho? Qual a sua utilidade?<\/div><div style=\"letter-spacing: normal; margin: 0px; padding: 0px; caret-color: #000000; color: #000000; font-family: Questrial; text-align: justify; white-space: pre-line; line-height: 0.5;\">\u00a0<\/div><div style=\"letter-spacing: normal; margin: 0px; padding: 0px; caret-color: #000000; color: #000000; font-family: Questrial; text-align: justify; white-space: pre-line;\">Comecemos, ent\u00e3o, pela defini\u00e7\u00e3o do termo ESPELEOLOGIA que prov\u00e9m dos voc\u00e1bulos gregos SPELAION (caverna) e LOGOS (tratado ou estudo). Pelo que a espeleologia consiste, essencialmente, no estudo das cavernas. Mais elucidativa, por\u00e9m, \u00e9 a defini\u00e7\u00e3o de um consagrado estudioso das cavernas B. G\u00e9ze e que diz o seguinte: &#8220;Espeleologia \u00e9 a disciplina consagrada ao estudo das cavernas, da sua g\u00e9nese e evolu\u00e7\u00e3o, do meio f\u00edsico que representa, do meio biol\u00f3gico actual ou passado, assim como do meio e das t\u00e9cnicas adequadas ao seu estudo&#8221;. Por estas defini\u00e7\u00f5es j\u00e1 se fica a saber o que \u00e9, do que se trata e qual o dom\u00ednio da Espeleologia.<\/div><div style=\"letter-spacing: normal; margin: 0px; padding: 0px; caret-color: #000000; color: #000000; font-family: Questrial; text-align: justify; white-space: pre-line; line-height: 2;\">\u00a0<\/div><div style=\"caret-color: #e78b00; color: #e78b00; font-family: Questrial; font-size: 20px; letter-spacing: normal; white-space: pre-line;\">A Espeleologia e a Ci\u00eancia<\/div><div style=\"letter-spacing: normal; margin: 0px; padding: 0px; caret-color: #000000; color: #000000; font-family: Questrial; text-align: justify; white-space: pre-line; line-height: 0.5;\">\u00a0<\/div><div style=\"letter-spacing: normal; margin: 0px; padding: 0px; caret-color: #000000; color: #000000; font-family: Questrial; text-align: justify; white-space: pre-line;\">Para que se possa explorar e estudar uma caverna, a Espeleologia teve necessidade de recorrer aos conhecimentos j\u00e1 existentes em outros ramos do conhecimento para poder levar a bom termo o seu objectivo. \u00c9 assim que podemos considerar a atividade espeleol\u00f3gica sob o duplo aspecto desportivo e cient\u00edfico. O aspecto desportivo prende-se, fundamentalmente, com as t\u00e9cnicas relacionadas com o alpinismo, al\u00e9m das propriamente espeleol\u00f3gicas, j\u00e1 que \u00e9 necess\u00e1rio vencer in\u00fameros e, por vezes, dif\u00edceis obst\u00e1culos em que s\u00f3 uma boa resist\u00eancia f\u00edsica, aliada a um bom conhecimento das t\u00e9cnicas existentes, permite ultrapassar. Est\u00e3o neste caso a descida de po\u00e7os, a escalada de chamin\u00e9s e paredes ou a progress\u00e3o em passagens estreitas, como exemplos.<\/div><div style=\"letter-spacing: normal; margin: 0px; padding: 0px; caret-color: #000000; color: #000000; font-family: Questrial; text-align: justify; white-space: pre-line; line-height: 0.5;\">\u00a0<\/div><div><span style=\"letter-spacing: normal; caret-color: #000000; color: #000000; font-family: Questrial; text-align: justify; white-space: pre-line;\"><img decoding=\"async\" class=\"alignleft wp-image-1149\" src=\"https:\/\/www.gem.pt\/wp-content\/uploads\/2020\/05\/Atividades_1_2.jpg\" alt=\"\" width=\"450\" height=\"347\" \/>Do aspecto cient\u00edfico, imensamente vasto e complexo, destacaremos apenas, devido ao seu peso no conjunto da atividade espeleol\u00f3gica, o agregado das ci\u00eancias geol\u00f3gicas (Geologia, Hidrologia, Tect\u00f3nica, Morfologia &#8211; superficial e subterr\u00e2nea, Paleontologia, etc), a Biologia, a Arqueologia e as t\u00e9cnicas da Topografia, a Fotografia, o Cinema, entre muitas outras.<\/span><\/div><div style=\"letter-spacing: normal; margin: 0px; padding: 0px; caret-color: #000000; color: #000000; font-family: Questrial; text-align: justify; white-space: pre-line; line-height: 0.5;\">\u00a0<\/div><div style=\"letter-spacing: normal; margin: 0px; padding: 0px; caret-color: #000000; color: #000000; font-family: Questrial; text-align: justify; white-space: pre-line;\">Quanto \u00e0 utilidade da Espeleologia apenas chamaremos a aten\u00e7\u00e3o para os aproveitamentos das reservas h\u00eddricas existentes nos calc\u00e1rios, instala\u00e7\u00f5es hospitalares para doen\u00e7as espec\u00edficas, instala\u00e7\u00f5es cient\u00edficas para investiga\u00e7\u00e3o, ref\u00fagio e protec\u00e7\u00e3o de popula\u00e7\u00f5es em caso de conflito ou como aproveitamento tur\u00edstico.<\/div><div style=\"letter-spacing: normal; margin: 0px; padding: 0px; caret-color: #000000; color: #000000; font-family: Questrial; text-align: justify; white-space: pre-line; line-height: 0.5;\">\u00a0<\/div><div><span style=\"letter-spacing: normal; caret-color: #000000; color: #000000; font-family: Questrial; text-align: justify; white-space: pre-line;\">Estas s\u00e3o muito resumidamente as partes boas da utilidade das cavernas, mas tamb\u00e9m aqui existe o reverso da medalha com utiliza\u00e7\u00f5es que consideramos abusivas do patrim\u00f3nio natural perten\u00e7a de todos n\u00f3s, centrado no aproveitamento para fins militares das redes subterr\u00e2neas ou, ent\u00e3o, como aut\u00eantico caixote de lixo ou esgoto, sem qualquer respeito pelos outros indiv\u00edduos, afectando, deste modo, popula\u00e7\u00f5es por vezes bastante distantes devido \u00e0s caracter\u00edsticas peculiares de circula\u00e7\u00e3o h\u00eddrica nos maci\u00e7os calc\u00e1rios.<\/span><\/div><div style=\"letter-spacing: normal; margin: 0px; padding: 0px; caret-color: #000000; color: #000000; font-family: Questrial; text-align: justify; white-space: pre-line; line-height: 2;\">\u00a0<\/div><p><span style=\"font-family: Questrial; letter-spacing: normal; text-align: justify; white-space: pre-line; caret-color: #e78b00; color: #e78b00; font-size: 20px;\">Cuidados ao explorar uma gruta:<\/span><span style=\"font-family: Questrial; letter-spacing: normal; text-align: justify; white-space: pre-line; caret-color: #e78b00; color: #e78b00; font-size: 20px;\">\u00a0<\/span><\/p><ul><li style=\"letter-spacing: normal; caret-color: #000000; color: #000000; font-family: Questrial; text-align: justify; white-space: pre-line; line-height: 2;\">Nunca entre numa gruta desacompanhado. Procure uma Associa\u00e7\u00e3o que trabalhe na regi\u00e3o e se poss\u00edvel enquadre uma equipa de espele\u00f3logos;<\/li><li style=\"letter-spacing: normal; caret-color: #000000; color: #000000; font-family: Questrial; text-align: justify; white-space: pre-line; line-height: 2;\">N\u00e3o deixe nem retire nada do seu interior;<\/li><li style=\"letter-spacing: normal; caret-color: #000000; color: #000000; font-family: Questrial; text-align: justify; white-space: pre-line; line-height: 2;\">N\u00e3o danifique os espeleotemas (evite pis\u00e1-los ou quebr\u00e1-los durante a sua progress\u00e3o).<\/li><\/ul><div style=\"text-align: justify;\">\u00a0<\/div>\t\t\t\t\t\t\t\t<\/div>\n\t\t\t\t<\/div>\n\t\t\t\t\t<\/div>\n\t\t<\/div>\n\t\t\t\t\t<\/div>\n\t\t<\/section>\n\t\t\t\t<section class=\"elementor-section elementor-top-section elementor-element elementor-element-41e7909 elementor-section-boxed elementor-section-height-default elementor-section-height-default\" data-id=\"41e7909\" data-element_type=\"section\" data-e-type=\"section\">\n\t\t\t\t\t\t<div class=\"elementor-container elementor-column-gap-default\">\n\t\t\t\t\t<div class=\"aux-parallax-section elementor-column elementor-col-100 elementor-top-column elementor-element elementor-element-66ad002\" data-id=\"66ad002\" data-element_type=\"column\" data-e-type=\"column\">\n\t\t\t<div class=\"elementor-widget-wrap elementor-element-populated\">\n\t\t\t\t\t\t<div class=\"elementor-element elementor-element-854820f elementor-widget elementor-widget-text-editor\" data-id=\"854820f\" data-element_type=\"widget\" data-e-type=\"widget\" data-widget_type=\"text-editor.default\">\n\t\t\t\t<div class=\"elementor-widget-container\">\n\t\t\t\t\t\t\t\t\t<p style=\"caret-color: #e78b00; color: #e78b00; font-family: Questrial; font-size: 20px; letter-spacing: normal; white-space: pre-line; text-align: center;\"><span style=\"text-align: center;\">Ajude a preservar as Grutas, elas s\u00e3o patrim\u00f3nio da Humanidade!!!<\/span><\/p>\t\t\t\t\t\t\t\t<\/div>\n\t\t\t\t<\/div>\n\t\t\t\t\t<\/div>\n\t\t<\/div>\n\t\t\t\t\t<\/div>\n\t\t<\/section>\n\t\t\t\t<section class=\"elementor-section elementor-top-section elementor-element elementor-element-b01b287 elementor-section-boxed elementor-section-height-default elementor-section-height-default\" data-id=\"b01b287\" data-element_type=\"section\" data-e-type=\"section\">\n\t\t\t\t\t\t<div class=\"elementor-container elementor-column-gap-default\">\n\t\t\t\t\t<div class=\"aux-parallax-section elementor-column elementor-col-100 elementor-top-column elementor-element elementor-element-c2e12cf\" data-id=\"c2e12cf\" data-element_type=\"column\" data-e-type=\"column\">\n\t\t\t<div class=\"elementor-widget-wrap elementor-element-populated\">\n\t\t\t\t\t\t<div class=\"elementor-element elementor-element-412c7e6 elementor-widget elementor-widget-text-editor\" data-id=\"412c7e6\" data-element_type=\"widget\" data-e-type=\"widget\" data-widget_type=\"text-editor.default\">\n\t\t\t\t<div class=\"elementor-widget-container\">\n\t\t\t\t\t\t\t\t\t<p style=\"caret-color: #e78b00; color: #e78b00; font-family: Questrial; font-size: 16px; letter-spacing: normal; white-space: pre-line; text-align: left;\"><span style=\"text-align: center; color: #000000;\">Veja tamb\u00e9m: <\/span><\/p><ul><li style=\"caret-color: #e78b00; color: #e78b00; font-family: Questrial; font-size: 16px; letter-spacing: normal; white-space: pre-line; text-align: left;\"><a href=\"https:\/\/www.gem.pt\/1\/atividades\/espeleologia\/codigo-de-etica\/\"><span style=\"font-size: 15pt;\">C\u00f3digo de \u00c9tica Espeleol\u00f3gica<\/span><\/a><\/li><\/ul>\t\t\t\t\t\t\t\t<\/div>\n\t\t\t\t<\/div>\n\t\t\t\t\t<\/div>\n\t\t<\/div>\n\t\t\t\t\t<\/div>\n\t\t<\/section>\n\t\t\t\t<\/div>\n\t\t","protected":false},"excerpt":{"rendered":"<p>Espeleologia \u00a0 Espeleologia no GEM Esplorar o mundo debaixo dos nossos p\u00e9s.\u00a0A espeleologia \u00e9 a ci\u00eancia e a arte de explorar grutas. \u00c9 descer \u00e0 escurid\u00e3o da terra, guiado apenas pela luz do frontal, \u00e0 procura de paisagens escondidas, sil\u00eancios profundos e hist\u00f3rias gravadas nas rochas ao longo de milh\u00f5es de anos.\u00a0No GEM, praticamos a [&hellip;]<\/p>\n","protected":false},"author":1,"featured_media":0,"parent":890,"menu_order":2,"comment_status":"closed","ping_status":"closed","template":"","meta":{"footnotes":""},"class_list":["post-1142","page","type-page","status-publish","hentry"],"_links":{"self":[{"href":"https:\/\/www.gem.pt\/1\/wp-json\/wp\/v2\/pages\/1142","targetHints":{"allow":["GET"]}}],"collection":[{"href":"https:\/\/www.gem.pt\/1\/wp-json\/wp\/v2\/pages"}],"about":[{"href":"https:\/\/www.gem.pt\/1\/wp-json\/wp\/v2\/types\/page"}],"author":[{"embeddable":true,"href":"https:\/\/www.gem.pt\/1\/wp-json\/wp\/v2\/users\/1"}],"replies":[{"embeddable":true,"href":"https:\/\/www.gem.pt\/1\/wp-json\/wp\/v2\/comments?post=1142"}],"version-history":[{"count":0,"href":"https:\/\/www.gem.pt\/1\/wp-json\/wp\/v2\/pages\/1142\/revisions"}],"up":[{"embeddable":true,"href":"https:\/\/www.gem.pt\/1\/wp-json\/wp\/v2\/pages\/890"}],"wp:attachment":[{"href":"https:\/\/www.gem.pt\/1\/wp-json\/wp\/v2\/media?parent=1142"}],"curies":[{"name":"wp","href":"https:\/\/api.w.org\/{rel}","templated":true}]}}