{"id":1052,"date":"2020-05-27T20:10:24","date_gmt":"2020-05-27T20:10:24","guid":{"rendered":"https:\/\/www.gem.pt\/@teste\/?page_id=1052"},"modified":"2021-01-08T11:09:41","modified_gmt":"2021-01-08T11:09:41","slug":"cabelo-dos-alecrineiros","status":"publish","type":"page","link":"https:\/\/www.gem.pt\/1\/projetos\/cabelo-dos-alecrineiros\/","title":{"rendered":"Cabe\u00e7o dos Alecrineiros"},"content":{"rendered":"<style>.elementor-1052 .elementor-element.elementor-element-2c266a0e{color:#000000;}<\/style>\t\t<div data-elementor-type=\"wp-page\" data-elementor-id=\"1052\" class=\"elementor elementor-1052\">\n\t\t\t\t\t\t<section class=\"elementor-section elementor-top-section elementor-element elementor-element-38ede328 elementor-section-boxed elementor-section-height-default elementor-section-height-default\" data-id=\"38ede328\" data-element_type=\"section\" data-e-type=\"section\">\n\t\t\t\t\t\t<div class=\"elementor-container elementor-column-gap-default\">\n\t\t\t\t\t<div class=\"aux-parallax-section elementor-column elementor-col-100 elementor-top-column elementor-element elementor-element-297eb977\" data-id=\"297eb977\" data-element_type=\"column\" data-e-type=\"column\">\n\t\t\t<div class=\"elementor-widget-wrap elementor-element-populated\">\n\t\t\t\t\t\t<div class=\"elementor-element elementor-element-2c266a0e elementor-widget elementor-widget-text-editor\" data-id=\"2c266a0e\" data-element_type=\"widget\" data-e-type=\"widget\" data-widget_type=\"text-editor.default\">\n\t\t\t\t<div class=\"elementor-widget-container\">\n\t\t\t\t\t\t\t\t\t<div><span style=\"letter-spacing: normal; caret-color: #444444; color: #444444; font-family: Questrial; font-size: 30px; white-space: pre-line;\">\u00a0<\/span><\/div>\n<div><span style=\"letter-spacing: normal; caret-color: #444444; color: #444444; font-family: Questrial; font-size: 30px; white-space: pre-line;\">Cabe\u00e7o dos Alecrineiros<\/span><\/div>\n<div><span style=\"letter-spacing: normal; caret-color: #e78b00; color: #e78b00; font-family: Questrial; font-size: 20px; white-space: pre-line;\">Prospe\u00e7\u00e3o, Levantamento e Explora\u00e7\u00e3o no Cabe\u00e7o dos Alecrineiros<\/span><\/div>\n<div style=\"letter-spacing: normal; margin: 0px; padding: 0px; caret-color: #000000; color: #000000; font-family: Questrial; text-align: justify; white-space: pre-line;\">\n<\/div>\n<hr \/>\n\n<div style=\"letter-spacing: normal; margin: 0px; padding: 0px; caret-color: #000000; color: #000000; font-family: Questrial; text-align: justify; white-space: pre-line;\">\n<\/div><div style=\"caret-color: #e78b00; color: #e78b00; font-family: Questrial; font-size: 20px; letter-spacing: normal; white-space: pre-line;\">Introdu\u00e7\u00e3o<\/div>\n<div style=\"text-align: left;\"><div style=\"letter-spacing: normal; margin: 0px; padding: 0px; font-family: Questrial; text-align: justify; white-space: pre-line; line-height: 1.6;\" data-line-height=\"1.6\">Bem no cora\u00e7\u00e3o do Planalto de Sto. Ant\u00f3nio encontra-se o cabe\u00e7o dos Alecrineiros, assinalado pelo v\u00e9rtice geod\u00e9sico com o mesmo nome. Este cabe\u00e7o \u00e9 j\u00e1 bem conhecido da comunidade espeleol\u00f3gica nacional e internacional, pela abund\u00e2ncia de algares. Dos trabalhos j\u00e1 realizados destacamos os seguintes, realizados no \u00e2mbito do grupo de S\u00e3o Bento:\n<div style=\"-webkit-tap-highlight-color: rgba(255, 255, 255, 0); margin: 0px; padding: 0px; font-size: 14px; text-align: left; line-height: 0.5;\" data-line-height=\"0.5\">\n<\/div><div style=\"-webkit-tap-highlight-color: rgba(255, 255, 255, 0); margin: 0px 0px 0px 40px; padding: 0px; font-size: 14px; text-align: left; line-height: 1.6;\" data-line-height=\"1.6\"><span style=\"-webkit-tap-highlight-color: rgba(255, 255, 255, 0);\"><u style=\"-webkit-tap-highlight-color: rgba(255, 255, 255, 0);\"><a style=\"-webkit-tap-highlight-color: rgba(255, 255, 255, 0); color: inherit;\" title=\"\" href=\"https:\/\/nalga.wordpress.com\/algar-dos-alecrineiros-resultado-dos-trabalhos\/\" target=\"\" rel=\"noopener\" type=\"\" data-attached-link=\"{\"><span style=\"-webkit-tap-highlight-color: rgba(255, 255, 255, 0); font-size: 16px;\">Algar dos Alecrineiros \u2013 Resultado dos\u00a0Trabalhos<\/span><\/a><\/u><\/span><span style=\"-webkit-tap-highlight-color: rgba(255, 255, 255, 0); font-size: 16px;\"><br style=\"-webkit-tap-highlight-color: rgba(255, 255, 255, 0);\" \/><\/span><\/div><div style=\"-webkit-tap-highlight-color: rgba(255, 255, 255, 0); margin: 0px 0px 0px 40px; padding: 0px; font-size: 14px; text-align: left; line-height: 1.6;\" data-line-height=\"1.6\"><span style=\"-webkit-tap-highlight-color: rgba(255, 255, 255, 0); font-size: 16px;\"><span style=\"-webkit-tap-highlight-color: rgba(255, 255, 255, 0);\"><u style=\"-webkit-tap-highlight-color: rgba(255, 255, 255, 0);\"><a style=\"-webkit-tap-highlight-color: rgba(255, 255, 255, 0); color: inherit;\" title=\"\" href=\"https:\/\/nalga.wordpress.com\/2013\/12\/30\/algar-dos-alecrineiros-sul-uma-resenha-dos-trabalhos\/\" target=\"\" rel=\"noopener\" type=\"\" data-attached-link=\"{\">Algar dos Alecrineiros Sul \u2013 Uma resenha dos\u00a0trabalhos<\/a><\/u><\/span><\/span><\/div><div style=\"-webkit-tap-highlight-color: rgba(255, 255, 255, 0); margin: 0px 0px 0px 40px; padding: 0px; font-size: 14px; text-align: left; line-height: 1.6;\" data-line-height=\"1.6\"><span style=\"-webkit-tap-highlight-color: rgba(255, 255, 255, 0); font-size: 16px;\"><span style=\"-webkit-tap-highlight-color: rgba(255, 255, 255, 0);\"><u style=\"-webkit-tap-highlight-color: rgba(255, 255, 255, 0);\"><a style=\"-webkit-tap-highlight-color: rgba(255, 255, 255, 0); color: inherit;\" title=\"\" href=\"https:\/\/nalga.wordpress.com\/2009\/04\/28\/regresso-a-sbento-alecrineiros-sul-e-pena-traseira-ii-o-gesb-faz-novas-descobertas\/\" target=\"\" rel=\"noopener\" type=\"\" data-attached-link=\"{\">Regresso a S.Bento \u2013 Alecrineiros Sul e Pena Traseira II \u2013 O GESB faz novas\u00a0descobertas<\/a><\/u><\/span><\/span><\/div><div style=\"-webkit-tap-highlight-color: rgba(255, 255, 255, 0); margin: 0px 0px 0px 40px; padding: 0px; font-size: 14px; text-align: left; line-height: 1.6;\" data-line-height=\"1.6\"><span style=\"-webkit-tap-highlight-color: rgba(255, 255, 255, 0); font-size: 16px;\"><u style=\"-webkit-tap-highlight-color: rgba(255, 255, 255, 0);\"><span style=\"-webkit-tap-highlight-color: rgba(255, 255, 255, 0);\"><a style=\"-webkit-tap-highlight-color: rgba(255, 255, 255, 0); color: inherit;\" title=\"\" href=\"https:\/\/nalga.wordpress.com\/2013\/01\/18\/algar-dos-cos-carvalhos\/\" target=\"\" rel=\"noopener\" type=\"\" data-attached-link=\"{\">Algar dos C\u00f3s\u00a0Carvalhos<\/a><\/span><\/u><u style=\"-webkit-tap-highlight-color: rgba(255, 255, 255, 0);\"><\/u><\/span><\/div><div style=\"-webkit-tap-highlight-color: rgba(255, 255, 255, 0); margin: 0px 0px 0px 40px; padding: 0px; font-size: 14px; text-align: left; line-height: 1.6;\" data-line-height=\"1.6\"><span style=\"-webkit-tap-highlight-color: rgba(255, 255, 255, 0); font-size: 16px;\"><u style=\"-webkit-tap-highlight-color: rgba(255, 255, 255, 0);\"><span style=\"-webkit-tap-highlight-color: rgba(255, 255, 255, 0);\"><a style=\"-webkit-tap-highlight-color: rgba(255, 255, 255, 0); color: inherit;\" title=\"\" href=\"https:\/\/nalga.wordpress.com\/2008\/12\/07\/o-nalga-fez-anos-3%C2%AA-expedicao-grupo-espeleo-sben\" target=\"\" rel=\"noopener\" type=\"\" data-attached-link=\"{\">O NALGA fez anos \u2013 3\u00aa Expedi\u00e7\u00e3o Grupo Espeleo\u00a0S.Bento<\/a><\/span><\/u><u style=\"-webkit-tap-highlight-color: rgba(255, 255, 255, 0);\"><\/u><\/span><\/div><div style=\"-webkit-tap-highlight-color: rgba(255, 255, 255, 0); margin: 0px 0px 0px 40px; padding: 0px; font-size: 14px; text-align: left; line-height: 1.6;\" data-line-height=\"1.6\"><u style=\"-webkit-tap-highlight-color: rgba(255, 255, 255, 0);\"><span style=\"-webkit-tap-highlight-color: rgba(255, 255, 255, 0);\"><a style=\"-webkit-tap-highlight-color: rgba(255, 255, 255, 0); color: inherit;\" title=\"\" href=\"\/index.php\/publicacoes\/carso-e-endocarso\/apontamentos-sobre-algares-a102a-e-a102b\/\" type=\"\" data-attached-link=\"{\"><span style=\"-webkit-tap-highlight-color: rgba(255, 255, 255, 0); font-size: 16px;\">Alguns apontamentos sobre os algares A102A e\u00a0A102B<\/span><\/a><\/span><\/u><u style=\"-webkit-tap-highlight-color: rgba(255, 255, 255, 0);\"><\/u><\/div><div style=\"-webkit-tap-highlight-color: rgba(255, 255, 255, 0); margin: 0px; padding: 0px; font-size: 14px; text-align: left; line-height: 0.5;\" data-line-height=\"0.5\"><\/div><div style=\"-webkit-tap-highlight-color: rgba(255, 255, 255, 0); margin: 0px; padding: 0px; font-size: 14px; line-height: 1.6;\" data-line-height=\"1.6\">\n<div style=\"-webkit-tap-highlight-color: rgba(255, 255, 255, 0); margin: 0px; padding: 0px; line-height: 1.6;\" data-line-height=\"1.6\"><span style=\"-webkit-tap-highlight-color: rgba(255, 255, 255, 0); font-size: 16px;\">O SSAC (Societe Speleo Arch\u00e9ologique de Caussade) nos seus relat\u00f3rios das atividades realizadas em Portugal apresenta a localiza\u00e7\u00e3o de abundantes cavidades, bem como de algumas topografias e esbo\u00e7os de v\u00e1rios algares desta zona.<\/span><\/div>\n<div style=\"-webkit-tap-highlight-color: rgba(255, 255, 255, 0); margin: 0px; padding: 0px; line-height: 1.6;\" data-line-height=\"1.6\"><span style=\"-webkit-tap-highlight-color: rgba(255, 255, 255, 0); font-size: 16px;\"><img fetchpriority=\"high\" decoding=\"async\" class=\"alignright\" style=\"font-size: medium;\" src=\"https:\/\/www.gem.pt\/wp-content\/uploads\/2020\/05\/Projetos_9_1.jpg\" alt=\"\" width=\"500\" height=\"300\" \/><\/span><\/div><\/div><\/div>\n<div style=\"letter-spacing: normal; margin: 0px; padding: 0px; font-family: Questrial; text-align: justify; white-space: pre-line;\"><span style=\"caret-color: #e78b00; color: #e78b00; font-size: 20px; text-align: left;\">Objetivos<\/span><\/div>\n<div style=\"letter-spacing: normal; margin: 0px; padding: 0px; font-family: Questrial; text-align: justify; white-space: pre-line;\"><span style=\"font-family: Questrial, Questrial; letter-spacing: -0.2px; text-align: left;\">O trabalho efetuado pode e deve servir para suporte da comunidade espele\u00f3loga em todas as suas vertentes. As publica\u00e7\u00f5es s\u00e3o lan\u00e7adas por fasc\u00edculos e peri\u00f3dicamente.<\/span><\/div>\n<div style=\"letter-spacing: normal; margin: 0px; padding: 0px; font-family: Questrial; font-size: 14px; white-space: pre-line; line-height: 0.5;\" data-line-height=\"0.5\"><span style=\"font-size: 16px;\">\u00a0<\/span><\/div>\n<div style=\"letter-spacing: normal; margin: 0px; padding: 0px; font-family: Questrial; font-size: 14px; white-space: pre-line; text-align: justify;\"><span style=\"font-size: 16px;\">Pode seguir os resultados deste projeto nas <u><a style=\"color: inherit;\" title=\"\" href=\"https:\/\/www.gem.pt\/@teste\/index.php\/publicacoes\/carso-e-endocarso\/\" type=\"\" data-attached-link=\"{\">publica\u00e7\u00f5es<\/a><\/u>.<\/span><span style=\"font-size: 16px;\">Dentro do \u00e2mbito do grupo de S\u00e3o Bento, o Grupo de Espeleologia e Montanhismo (GEM) criou um plano de trabalho que visa alimentar o cadastro de S\u00e3o Bento, com: a localiza\u00e7\u00e3o de novas cavidades, verifica\u00e7\u00e3o e corre\u00e7\u00e3o da localiza\u00e7\u00e3o de cavidades j\u00e1 cadastradas, topografia das grutas e produ\u00e7\u00e3o de fichas de equipagem das mesmas. O plano contempla tamb\u00e9m os aspetos geol\u00f3gicos das cavidades estudadas.<\/span><\/div>\n<div style=\"-webkit-tap-highlight-color: rgba(255, 255, 255, 0); margin: 0px; padding: 0px; font-family: Questrial; font-size: 14px; letter-spacing: normal; text-align: justify; white-space: pre-line; line-height: 0.5;\" data-line-height=\"0.5\">\n<\/div>\n<div style=\"-webkit-tap-highlight-color: rgba(255, 255, 255, 0); margin: 0px; padding: 0px; font-family: Questrial; font-size: 14px; letter-spacing: normal; text-align: justify; white-space: pre-line;\"><span style=\"-webkit-tap-highlight-color: rgba(255, 255, 255, 0); font-size: 16px;\">Dada a extens\u00e3o do Planalto de Sto. Ant\u00f3nio, alvo dos trabalhos do grupo de S\u00e3o Bento, o GEM, em colabora\u00e7\u00e3o com a WIND, optou por trabalhar sistematicamente uma \u00e1rea limitada do planalto, e apenas depois seguir para outras zonas. A \u00e1rea escolhida foi o cabe\u00e7o dos Alecrineiros.\u00a0\u00a0<\/span><\/div>\n\t\t\t\t\t\t\t\t<\/div>\n\t\t\t\t<\/div>\n\t\t\t\t\t<\/div>\n\t\t<\/div>\n\t\t\t\t\t<\/div>\n\t\t<\/section>\n\t\t\t\t<\/div>\n\t\t","protected":false},"excerpt":{"rendered":"<p>\u00a0 Cabe\u00e7o dos Alecrineiros Prospe\u00e7\u00e3o, Levantamento e Explora\u00e7\u00e3o no Cabe\u00e7o dos Alecrineiros Introdu\u00e7\u00e3o Bem no cora\u00e7\u00e3o do Planalto de Sto. Ant\u00f3nio encontra-se o cabe\u00e7o dos Alecrineiros, assinalado pelo v\u00e9rtice geod\u00e9sico com o mesmo nome. Este cabe\u00e7o \u00e9 j\u00e1 bem conhecido da comunidade espeleol\u00f3gica nacional e internacional, pela abund\u00e2ncia de algares. Dos trabalhos j\u00e1 realizados destacamos [&hellip;]<\/p>\n","protected":false},"author":1,"featured_media":0,"parent":850,"menu_order":9,"comment_status":"closed","ping_status":"closed","template":"","meta":{"footnotes":""},"class_list":["post-1052","page","type-page","status-publish","hentry"],"_links":{"self":[{"href":"https:\/\/www.gem.pt\/1\/wp-json\/wp\/v2\/pages\/1052","targetHints":{"allow":["GET"]}}],"collection":[{"href":"https:\/\/www.gem.pt\/1\/wp-json\/wp\/v2\/pages"}],"about":[{"href":"https:\/\/www.gem.pt\/1\/wp-json\/wp\/v2\/types\/page"}],"author":[{"embeddable":true,"href":"https:\/\/www.gem.pt\/1\/wp-json\/wp\/v2\/users\/1"}],"replies":[{"embeddable":true,"href":"https:\/\/www.gem.pt\/1\/wp-json\/wp\/v2\/comments?post=1052"}],"version-history":[{"count":0,"href":"https:\/\/www.gem.pt\/1\/wp-json\/wp\/v2\/pages\/1052\/revisions"}],"up":[{"embeddable":true,"href":"https:\/\/www.gem.pt\/1\/wp-json\/wp\/v2\/pages\/850"}],"wp:attachment":[{"href":"https:\/\/www.gem.pt\/1\/wp-json\/wp\/v2\/media?parent=1052"}],"curies":[{"name":"wp","href":"https:\/\/api.w.org\/{rel}","templated":true}]}}