{"id":1045,"date":"2020-05-27T19:57:20","date_gmt":"2020-05-27T19:57:20","guid":{"rendered":"https:\/\/www.gem.pt\/@teste\/?page_id=1045"},"modified":"2020-09-24T11:26:54","modified_gmt":"2020-09-24T11:26:54","slug":"monitorizacao-de-morcegos","status":"publish","type":"page","link":"https:\/\/www.gem.pt\/1\/projetos\/monitorizacao-de-morcegos\/","title":{"rendered":"Monitoriza\u00e7\u00e3o de Morcegos"},"content":{"rendered":"\t\t<div data-elementor-type=\"wp-page\" data-elementor-id=\"1045\" class=\"elementor elementor-1045\">\n\t\t\t\t\t\t<section class=\"elementor-section elementor-top-section elementor-element elementor-element-38ede328 elementor-section-boxed elementor-section-height-default elementor-section-height-default\" data-id=\"38ede328\" data-element_type=\"section\" data-e-type=\"section\">\n\t\t\t\t\t\t<div class=\"elementor-container elementor-column-gap-default\">\n\t\t\t\t\t<div class=\"aux-parallax-section elementor-column elementor-col-100 elementor-top-column elementor-element elementor-element-297eb977\" data-id=\"297eb977\" data-element_type=\"column\" data-e-type=\"column\">\n\t\t\t<div class=\"elementor-widget-wrap elementor-element-populated\">\n\t\t\t\t\t\t<div class=\"elementor-element elementor-element-2c266a0e elementor-widget elementor-widget-text-editor\" data-id=\"2c266a0e\" data-element_type=\"widget\" data-e-type=\"widget\" data-widget_type=\"text-editor.default\">\n\t\t\t\t<div class=\"elementor-widget-container\">\n\t\t\t\t\t\t\t\t\t<p><span style=\"font-family: Questrial; font-size: 10px; letter-spacing: normal; white-space: pre-line;\">\u00a0<\/span><\/p><p><span style=\"letter-spacing: normal; caret-color: #444444; color: #444444; font-family: Questrial; font-size: 30px; white-space: pre-line;\">Monitoriza\u00e7\u00e3o de Quir\u00f3pteros<\/span><br \/><span style=\"letter-spacing: normal; caret-color: #e78b00; color: #e78b00; font-family: Questrial; font-size: 20px; white-space: pre-line;\">Monitoriza\u00e7\u00f5es de Morcegos Cavern\u00edcolas<\/span><\/p><div style=\"text-align: left;\"><hr \/><\/div><div>\u00a0<\/div><div><span style=\"letter-spacing: normal; caret-color: #e78b00; color: #e78b00; font-family: Questrial; font-size: 20px; white-space: pre-line;\">Projeto Morcegos<\/span><\/div><div style=\"text-align: left;\"><div style=\"letter-spacing: normal; margin: 0px; padding: 0px; font-family: Questrial; text-align: justify; white-space: pre-line; line-height: 1.6;\" data-line-height=\"1.6\"><span style=\"font-size: medium;\"><img fetchpriority=\"high\" decoding=\"async\" class=\"alignright wp-image-1047\" src=\"https:\/\/www.gem.pt\/wp-content\/uploads\/2020\/05\/Projetos_8_1.jpg\" alt=\"\" width=\"429\" height=\"300\" \/> Em Julho de 1987 iniciou-se em Portugal o \u201cPrograma de Monitoriza\u00e7\u00e3o de Abrigos Subterr\u00e2neos de Import\u00e2ncia Nacional de Morcegos\u201d, um dos primeiros programas a ser estabelecido na Europa<\/span>.<\/div><div style=\"letter-spacing: normal; margin: 0px; padding: 0px; font-family: Questrial; text-align: justify; white-space: pre-line; line-height: 0.5;\" data-line-height=\"0.5\">\u00a0<\/div><div style=\"letter-spacing: normal; margin: 0px; padding: 0px; font-family: Questrial; text-align: justify; white-space: pre-line;\"><span style=\"font-size: medium;\">O Programa foi planeado pelo Prof. Jorge Palmeirim da Faculdade de Ci\u00eancias da Universidade de Lisboa, no \u00e2mbito do Projecto Ecologia de Quir\u00f3pteros, financiado pelo ent\u00e3o Servi\u00e7o Nacional de Parques, Reservas e Conserva\u00e7\u00e3o da Natureza.<\/span><\/div><div style=\"letter-spacing: normal; margin: 0px; padding: 0px; font-family: Questrial; text-align: justify; white-space: pre-line; line-height: 0.5;\" data-line-height=\"0.5\">\u00a0<\/div><div style=\"letter-spacing: normal; margin: 0px; padding: 0px; font-family: Questrial; text-align: justify; white-space: pre-line;\"><span style=\"font-family: Questrial; letter-spacing: normal; text-align: justify; white-space: pre-line;\"><img decoding=\"async\" class=\"alignleft wp-image-1048\" src=\"https:\/\/www.gem.pt\/wp-content\/uploads\/2020\/05\/Projetos_8_2.jpg\" alt=\"\" width=\"265\" height=\"400\" \/><\/span>Em 1993 foram publicados crit\u00e9rios de avalia\u00e7\u00e3o da import\u00e2ncia de locais de abrigo de morcegos (Palmeirim &amp; Rodrigues 1993) e a lista de abrigos a visitar foi sendo revista e completada com base nos crit\u00e9rios.<\/div><div style=\"letter-spacing: normal; margin: 0px; padding: 0px; font-family: Questrial; text-align: justify; white-space: pre-line; line-height: 0.5;\" data-line-height=\"0.5\">\u00a0<\/div><div style=\"letter-spacing: normal; margin: 0px; padding: 0px; caret-color: #000000; color: #000000; font-family: Questrial; text-align: justify; white-space: pre-line;\">A monitoriza\u00e7\u00e3o faz-se idealmente em duas \u00e9pocas, na hiberna\u00e7\u00e3o (dezembro a fevereiro) e na maternidade (abril a julho).<\/div><div style=\"letter-spacing: normal; margin: 0px; padding: 0px; font-family: Questrial; text-align: justify; white-space: pre-line; line-height: 0.5;\" data-line-height=\"0.5\">\u00a0<\/div><div><span style=\"font-family: Questrial; letter-spacing: normal; text-align: justify; white-space: pre-line;\">At\u00e9 cerca de 2004 a maioria das visitas foi realizada por t\u00e9cnicos do ICNB ou alunos da Faculdade de Ci\u00eancias de Lisboa, mas nos \u00faltimos anos a recolha de dados alargou-se \u00e0s Universidades do Porto, Aveiro e \u00c9vora, e \u00e0 Federa\u00e7\u00e3o Portuguesa de Espeleologia (FPE)<\/span><span style=\"font-family: Questrial; letter-spacing: normal; text-align: justify; white-space: pre-line;\">.<\/span><\/div><div style=\"letter-spacing: normal; margin: 0px; padding: 0px; font-family: Questrial; text-align: justify; white-space: pre-line; line-height: 0.5;\" data-line-height=\"0.5\">\u00a0<\/div><div style=\"letter-spacing: normal; margin: 0px; padding: 0px; font-family: Questrial; text-align: justify; white-space: pre-line;\">A partir de 2009 o GEM passou a acompanhar\u00a0t\u00e9cnicos da BIO3, hoje Bioinsight, na monitoriza\u00e7\u00e3o de morcegos cavernicolas durante as\u00a0\u00e9pocas de hiberna\u00e7\u00e3o e maternidade.<\/div><div style=\"letter-spacing: normal; margin: 0px; padding: 0px; font-family: Questrial; text-align: justify; white-space: pre-line; line-height: 0.5;\" data-line-height=\"0.5\">\u00a0<\/div><div style=\"letter-spacing: normal; margin: 0px; padding: 0px; font-family: Questrial; text-align: justify; white-space: pre-line;\">Em 2010, com a ades\u00e3o \u00e0 FPE, o GEM passou\u00a0a integrar o grupo de monitoriza\u00e7\u00e3o de quir\u00f3pteros da FPE que contribui para o \u201cPrograma de Monitoriza\u00e7\u00e3o de Abrigos Subterr\u00e2neos de Import\u00e2ncia Nacional de Morcegos\u201d.<\/div><div style=\"letter-spacing: normal; margin: 0px; padding: 0px; font-family: Questrial; text-align: justify; white-space: pre-line; line-height: 0.5;\" data-line-height=\"0.5\">\u00a0<\/div><div style=\"letter-spacing: normal; margin: 0px; padding: 0px; font-family: Questrial; text-align: justify; white-space: pre-line;\"><span style=\"letter-spacing: 0px;\">Para mais informa\u00e7\u00e3o sobre os Abrigos de Import\u00e2ncia Nacional de Quir\u00f3pteros: \u00e9pocas de hiberna\u00e7\u00e3o e de cria\u00e7\u00e3o, <\/span><span class=\"theme-text-color-3-4\"><u><a class=\"wz-link\" style=\"color: inherit;\" href=\"http:\/\/www.fpe-espeleo.org\/index.php\/quiropteros\" target=\"_blank\" rel=\"noopener\" data-attached-link=\"{&quot;type&quot;:&quot;Web&quot;,&quot;url&quot;:&quot;http:\/\/www.fpe-espeleo.org\/index.php\/quiropteros&quot;,&quot;title&quot;:&quot;http:\/\/www.fpe-espeleo.org\/index.php\/quiropteros&quot;,&quot;target&quot;:&quot;_blank&quot;}\" data-cke-saved-href=\"http:\/\/www.fpe-espeleo.org\/index.php\/quiropteros\">consulte aqui a\u00a0p\u00e1gina da FPE<\/a><\/u><\/span>.<\/div><div>\u00a0<\/div><div style=\"letter-spacing: normal; margin: 0px; padding: 0px; font-family: Questrial; text-align: justify; white-space: pre-line;\"><img decoding=\"async\" class=\"aligncenter wp-image-1049 size-full\" src=\"https:\/\/www.gem.pt\/wp-content\/uploads\/2020\/05\/Projetos_8_3.jpg\" alt=\"\" width=\"1024\" height=\"678\" \/><\/div><\/div>\t\t\t\t\t\t\t\t<\/div>\n\t\t\t\t<\/div>\n\t\t\t\t\t<\/div>\n\t\t<\/div>\n\t\t\t\t\t<\/div>\n\t\t<\/section>\n\t\t\t\t<\/div>\n\t\t","protected":false},"excerpt":{"rendered":"<p>\u00a0 Monitoriza\u00e7\u00e3o de Quir\u00f3pterosMonitoriza\u00e7\u00f5es de Morcegos Cavern\u00edcolas \u00a0Projeto Morcegos Em Julho de 1987 iniciou-se em Portugal o \u201cPrograma de Monitoriza\u00e7\u00e3o de Abrigos Subterr\u00e2neos de Import\u00e2ncia Nacional de Morcegos\u201d, um dos primeiros programas a ser estabelecido na Europa.\u00a0O Programa foi planeado pelo Prof. Jorge Palmeirim da Faculdade de Ci\u00eancias da Universidade de Lisboa, no \u00e2mbito do [&hellip;]<\/p>\n","protected":false},"author":1,"featured_media":0,"parent":850,"menu_order":8,"comment_status":"closed","ping_status":"closed","template":"","meta":{"footnotes":""},"class_list":["post-1045","page","type-page","status-publish","hentry"],"_links":{"self":[{"href":"https:\/\/www.gem.pt\/1\/wp-json\/wp\/v2\/pages\/1045","targetHints":{"allow":["GET"]}}],"collection":[{"href":"https:\/\/www.gem.pt\/1\/wp-json\/wp\/v2\/pages"}],"about":[{"href":"https:\/\/www.gem.pt\/1\/wp-json\/wp\/v2\/types\/page"}],"author":[{"embeddable":true,"href":"https:\/\/www.gem.pt\/1\/wp-json\/wp\/v2\/users\/1"}],"replies":[{"embeddable":true,"href":"https:\/\/www.gem.pt\/1\/wp-json\/wp\/v2\/comments?post=1045"}],"version-history":[{"count":0,"href":"https:\/\/www.gem.pt\/1\/wp-json\/wp\/v2\/pages\/1045\/revisions"}],"up":[{"embeddable":true,"href":"https:\/\/www.gem.pt\/1\/wp-json\/wp\/v2\/pages\/850"}],"wp:attachment":[{"href":"https:\/\/www.gem.pt\/1\/wp-json\/wp\/v2\/media?parent=1045"}],"curies":[{"name":"wp","href":"https:\/\/api.w.org\/{rel}","templated":true}]}}