{"id":1001,"date":"2020-05-26T21:29:55","date_gmt":"2020-05-26T21:29:55","guid":{"rendered":"https:\/\/www.gem.pt\/@teste\/?page_id=1001"},"modified":"2020-05-28T23:08:55","modified_gmt":"2020-05-28T23:08:55","slug":"espeleo-barlavento","status":"publish","type":"page","link":"https:\/\/www.gem.pt\/1\/projetos\/espeleo-barlavento\/","title":{"rendered":"Espeleo-Barlavento"},"content":{"rendered":"<style>.elementor-1001 .elementor-element.elementor-element-2c266a0e{color:#000000;}<\/style>\t\t<div data-elementor-type=\"wp-page\" data-elementor-id=\"1001\" class=\"elementor elementor-1001\">\n\t\t\t\t\t\t<section class=\"elementor-section elementor-top-section elementor-element elementor-element-38ede328 elementor-section-boxed elementor-section-height-default elementor-section-height-default\" data-id=\"38ede328\" data-element_type=\"section\" data-e-type=\"section\">\n\t\t\t\t\t\t<div class=\"elementor-container elementor-column-gap-default\">\n\t\t\t\t\t<div class=\"aux-parallax-section elementor-column elementor-col-100 elementor-top-column elementor-element elementor-element-297eb977\" data-id=\"297eb977\" data-element_type=\"column\" data-e-type=\"column\">\n\t\t\t<div class=\"elementor-widget-wrap elementor-element-populated\">\n\t\t\t\t\t\t<div class=\"elementor-element elementor-element-2c266a0e elementor-widget elementor-widget-text-editor\" data-id=\"2c266a0e\" data-element_type=\"widget\" data-e-type=\"widget\" data-widget_type=\"text-editor.default\">\n\t\t\t\t<div class=\"elementor-widget-container\">\n\t\t\t\t\t\t\t\t\t<p><span style=\"font-family: Questrial; font-size: 10px; letter-spacing: normal; white-space: pre-line;\">\u00a0<\/span><\/p><p><span style=\"font-family: Questrial; font-size: 30px; letter-spacing: normal; white-space: pre-line;\">Espeleo-Barlavento<\/span><\/p><div style=\"text-align: left;\"><hr \/><\/div><div>\u00a0<\/div><div><span style=\"caret-color: #e78b00; color: #e78b00; font-size: 20px; font-family: Questrial; letter-spacing: normal; white-space: pre-line;\">Introdu\u00e7\u00e3o<img fetchpriority=\"high\" decoding=\"async\" class=\"alignright wp-image-1008\" src=\"https:\/\/www.gem.pt\/wp-content\/uploads\/2020\/05\/Projetos_4_1.jpg\" alt=\"\" width=\"266\" height=\"400\" \/><\/span><\/div><div style=\"text-align: left;\"><div style=\"letter-spacing: normal; margin: 0px; padding: 0px; caret-color: #000000; color: #000000; font-family: Questrial; text-align: justify; white-space: pre-line;\">O Barlavento engloba a franja costeira entre a praia do Burgau e a foz da ribeira de Quarteira e corresponde \u00e0 unidade central do Algarve, onde se concentra o n\u00facleo da actividade tur\u00edstica da regi\u00e3o. Ocupando apenas cerca de 30% do comprimento total da franja costeira do Algarve, o litoral do Barlavento acolhe 60% dos turistas que visitam ou utilizam as praias da regi\u00e3o.<\/div><div style=\"letter-spacing: normal; margin: 0px; padding: 0px; caret-color: #000000; color: #000000; font-family: Questrial; text-align: justify; white-space: pre-line; font-size: 5px;\">\u00a0<\/div><div style=\"letter-spacing: normal; margin: 0px; padding: 0px; caret-color: #000000; color: #000000; font-family: Questrial; text-align: justify; white-space: pre-line;\">A faixa costeira com arribas amarelas, talhadas em calcoarenitos mioc\u00e9nicos, que suportam praias encaixadas de pequenas dimens\u00f5es, acumuladas nas reentr\u00e2ncias geradas pela irregularidade da eros\u00e3o costeira. Nesta sequ\u00eancia descont\u00ednua e intermitente de movimentos de massa que se revestem de m\u00faltiplas formas, desde os grandes movimentos associados ao colapso de cavidades c\u00e1rsicas.<\/div><div style=\"letter-spacing: normal; margin: 0px; padding: 0px; caret-color: #000000; color: #000000; font-family: Questrial; text-align: justify; white-space: pre-line; font-size: 5px;\">\u00a0<\/div><div style=\"letter-spacing: normal; margin: 0px; padding: 0px; caret-color: #000000; color: #000000; font-family: Questrial; text-align: justify; white-space: pre-line;\">A geodin\u00e2mica natural das arribas e o modelo de ocupa\u00e7\u00e3o tur\u00edstica do Barlavento determinam a exist\u00eancia de risco quer para os utentes das praias por elas suportadas, quer para as estruturas implantadas no topo das costeiras, quer ainda para embarca\u00e7\u00f5es que naveguem junto \u00e0 costa.<\/div><\/div><div>\u00a0<\/div><div style=\"text-align: left;\"><div style=\"letter-spacing: normal; margin: 0px; padding: 0px; caret-color: #000000; color: #000000; font-family: Questrial; text-align: justify; white-space: pre-line;\"><span style=\"caret-color: #e78b00; color: #e78b00; font-size: 20px; text-align: left;\">Objetivo<\/span><\/div><div style=\"letter-spacing: normal; margin: 0px; padding: 0px; caret-color: #000000; color: #000000; font-family: Questrial; text-align: justify; white-space: pre-line;\">Estudar, inventariar e topografar as cavidades do litoral Algarvio entre Arma\u00e7\u00e3o de Pera e Lagos.<\/div><div style=\"letter-spacing: normal; margin: 0px; padding: 0px; caret-color: #000000; color: #000000; font-family: Questrial; text-align: justify; white-space: pre-line; font-size: 5px;\">\u00a0<\/div><div style=\"letter-spacing: normal; margin: 0px; padding: 0px; caret-color: #000000; color: #000000; font-family: Questrial; text-align: justify; white-space: pre-line;\">Numa primeira abordagem entre furnas e algares foram identificadas 34 cavidades.<\/div><div style=\"letter-spacing: normal; margin: 0px; padding: 0px; caret-color: #000000; color: #000000; font-family: Questrial; text-align: justify; white-space: pre-line;\">\u00a0<\/div><\/div><div><img decoding=\"async\" class=\"wp-image-1004 size-full aligncenter\" src=\"https:\/\/www.gem.pt\/wp-content\/uploads\/2020\/05\/Projetos_4_2.png\" alt=\"\" width=\"800\" height=\"366\" data-wp-editing=\"1\" \/><\/div><div style=\"text-align: center;\">\u00a0<span style=\"font-family: Questrial; font-size: 14px; letter-spacing: normal; text-align: center; white-space: pre-line;\">Implanta\u00e7\u00e3o da georefer\u00eancia\u00e7\u00e3o das cavidades em Google Earth por Vitor Amendoeira (GEM)<\/span><\/div>\t\t\t\t\t\t\t\t<\/div>\n\t\t\t\t<\/div>\n\t\t\t\t\t<\/div>\n\t\t<\/div>\n\t\t\t\t\t<\/div>\n\t\t<\/section>\n\t\t\t\t<\/div>\n\t\t","protected":false},"excerpt":{"rendered":"<p>\u00a0 Espeleo-Barlavento \u00a0Introdu\u00e7\u00e3oO Barlavento engloba a franja costeira entre a praia do Burgau e a foz da ribeira de Quarteira e corresponde \u00e0 unidade central do Algarve, onde se concentra o n\u00facleo da actividade tur\u00edstica da regi\u00e3o. Ocupando apenas cerca de 30% do comprimento total da franja costeira do Algarve, o litoral do Barlavento acolhe [&hellip;]<\/p>\n","protected":false},"author":1,"featured_media":0,"parent":850,"menu_order":3,"comment_status":"closed","ping_status":"closed","template":"","meta":{"footnotes":""},"class_list":["post-1001","page","type-page","status-publish","hentry"],"_links":{"self":[{"href":"https:\/\/www.gem.pt\/1\/wp-json\/wp\/v2\/pages\/1001","targetHints":{"allow":["GET"]}}],"collection":[{"href":"https:\/\/www.gem.pt\/1\/wp-json\/wp\/v2\/pages"}],"about":[{"href":"https:\/\/www.gem.pt\/1\/wp-json\/wp\/v2\/types\/page"}],"author":[{"embeddable":true,"href":"https:\/\/www.gem.pt\/1\/wp-json\/wp\/v2\/users\/1"}],"replies":[{"embeddable":true,"href":"https:\/\/www.gem.pt\/1\/wp-json\/wp\/v2\/comments?post=1001"}],"version-history":[{"count":0,"href":"https:\/\/www.gem.pt\/1\/wp-json\/wp\/v2\/pages\/1001\/revisions"}],"up":[{"embeddable":true,"href":"https:\/\/www.gem.pt\/1\/wp-json\/wp\/v2\/pages\/850"}],"wp:attachment":[{"href":"https:\/\/www.gem.pt\/1\/wp-json\/wp\/v2\/media?parent=1001"}],"curies":[{"name":"wp","href":"https:\/\/api.w.org\/{rel}","templated":true}]}}