{"id":9152,"date":"2021-02-09T21:40:16","date_gmt":"2021-02-09T21:40:16","guid":{"rendered":"https:\/\/www.gem.pt\/1\/?page_id=9152"},"modified":"2021-03-16T23:49:11","modified_gmt":"2021-03-16T23:49:11","slug":"iniciar-sessao","status":"publish","type":"page","link":"https:\/\/www.gem.pt\/1\/en\/iniciar-sessao\/","title":{"rendered":"Login"},"content":{"rendered":"<style>.elementor-9152 .elementor-element.elementor-element-7f0a67ac > .elementor-container{min-height:800px;}.elementor-9152 .elementor-element.elementor-element-7f0a67ac{transition:background 0.3s, border 0.3s, border-radius 0.3s, box-shadow 0.3s;}.elementor-9152 .elementor-element.elementor-element-7f0a67ac > .elementor-background-overlay{transition:background 0.3s, border-radius 0.3s, opacity 0.3s;}.elementor-9152 .elementor-element.elementor-element-3f59e2a{text-align:center;font-family:\"Questrial\", Questrial;font-size:35px;font-weight:bold;color:#FFFFFF;}.elementor-9152 .elementor-element.elementor-element-3f59e2a > .elementor-widget-container{margin:2% 10% 00% 10%;padding:10px 0px 10px 0px;background-color:#7E7E7EB8;}.elementor-9152 .elementor-element.elementor-element-e0c408d > .elementor-widget-container{margin:04% 0% 0% 0%;}.elementor-9152 .elementor-element.elementor-element-e0c408d{min-height:70%;}.elementor-9152 .elementor-element.elementor-element-cc99634 > .elementor-widget-container{margin:3% 3% 0% 3%;padding:10px 10px 10px 10px;background-color:#FF9900;}@media(max-width:1024px){.elementor-9152 .elementor-element.elementor-element-5a2130a4.elementor-column > .elementor-widget-wrap{justify-content:center;}.elementor-9152 .elementor-element.elementor-element-3f59e2a > .elementor-widget-container{margin:3% 8% 0% 08%;}.elementor-9152 .elementor-element.elementor-element-cc99634{width:initial;max-width:initial;}}@media(max-width:767px){.elementor-9152 .elementor-element.elementor-element-7f0a67ac > .elementor-container{min-height:100vh;}.elementor-9152 .elementor-element.elementor-element-5a2130a4 > .elementor-element-populated{margin:0px 0px 0px 0px;--e-column-margin-right:0px;--e-column-margin-left:0px;padding:0px 0px 0px 0px;}.elementor-9152 .elementor-element.elementor-element-5a2130a4{min-height:0%;}.elementor-9152 .elementor-element.elementor-element-3f59e2a > .elementor-widget-container{margin:0px 0px 0px 0px;}.elementor-9152 .elementor-element.elementor-element-cc99634 > .elementor-widget-container{margin:0px 0px 0px 0px;}}\/* Start custom CSS for shortcode, class: .elementor-element-e0c408d *\/.elementor-9152 .elementor-element.elementor-element-e0c408d .cleanlogin-container { \n    background-color: #FFFFFF;\n}\n.elementor-9152 .elementor-element.elementor-element-e0c408d .cleanlogin-container h4 > small{ \n    font-style: normal;\n}\n.elementor-9152 .elementor-element.elementor-element-e0c408d .cleanlogin-form label {\n\tfont-size: 16px;\n\ttext-transform: none;\n}\/* End custom CSS *\/<\/style>\t\t<div data-elementor-type=\"wp-page\" data-elementor-id=\"9152\" class=\"elementor elementor-9152\">\n\t\t\t\t\t\t<section class=\"elementor-section elementor-top-section elementor-element elementor-element-7f0a67ac elementor-section-full_width elementor-section-height-min-height elementor-section-items-stretch elementor-section-height-default\" data-id=\"7f0a67ac\" data-element_type=\"section\" data-e-type=\"section\" data-settings=\"{&quot;background_background&quot;:&quot;slideshow&quot;,&quot;background_slideshow_gallery&quot;:[{&quot;id&quot;:9208,&quot;url&quot;:&quot;https:\\\/\\\/www.gem.pt\\\/wp-content\\\/uploads\\\/2021\\\/02\\\/Login_08.jpg&quot;},{&quot;id&quot;:9202,&quot;url&quot;:&quot;https:\\\/\\\/www.gem.pt\\\/wp-content\\\/uploads\\\/2021\\\/02\\\/Login_02.jpg&quot;},{&quot;id&quot;:9205,&quot;url&quot;:&quot;https:\\\/\\\/www.gem.pt\\\/wp-content\\\/uploads\\\/2021\\\/02\\\/Login_05.jpg&quot;},{&quot;id&quot;:9207,&quot;url&quot;:&quot;https:\\\/\\\/www.gem.pt\\\/wp-content\\\/uploads\\\/2021\\\/02\\\/Login_07.jpg&quot;},{&quot;id&quot;:9201,&quot;url&quot;:&quot;https:\\\/\\\/www.gem.pt\\\/wp-content\\\/uploads\\\/2021\\\/02\\\/Login_01.jpg&quot;},{&quot;id&quot;:9206,&quot;url&quot;:&quot;https:\\\/\\\/www.gem.pt\\\/wp-content\\\/uploads\\\/2021\\\/02\\\/Login_06.jpg&quot;},{&quot;id&quot;:9203,&quot;url&quot;:&quot;https:\\\/\\\/www.gem.pt\\\/wp-content\\\/uploads\\\/2021\\\/02\\\/Login_03.jpg&quot;},{&quot;id&quot;:9204,&quot;url&quot;:&quot;https:\\\/\\\/www.gem.pt\\\/wp-content\\\/uploads\\\/2021\\\/02\\\/Login_04.jpg&quot;}],&quot;background_slideshow_slide_duration&quot;:10000,&quot;background_slideshow_transition_duration&quot;:1000,&quot;background_slideshow_ken_burns&quot;:&quot;yes&quot;,&quot;background_slideshow_ken_burns_zoom_direction&quot;:&quot;out&quot;,&quot;background_slideshow_loop&quot;:&quot;yes&quot;,&quot;background_slideshow_slide_transition&quot;:&quot;fade&quot;}\">\n\t\t\t\t\t\t<div class=\"elementor-container elementor-column-gap-default\">\n\t\t\t\t\t<div class=\"aux-parallax-section elementor-column elementor-col-100 elementor-top-column elementor-element elementor-element-5a2130a4\" data-id=\"5a2130a4\" data-element_type=\"column\" data-e-type=\"column\">\n\t\t\t<div class=\"elementor-widget-wrap elementor-element-populated\">\n\t\t\t\t\t\t<div class=\"elementor-element elementor-element-3f59e2a elementor-widget elementor-widget-text-editor\" data-id=\"3f59e2a\" data-element_type=\"widget\" data-e-type=\"widget\" data-widget_type=\"text-editor.default\">\n\t\t\t\t<div class=\"elementor-widget-container\">\n\t\t\t\t\t\t\t\t\tAcesso reservado a s\u00f3cios GEM\n\t\t\t\t\t\t\t\t<\/div>\n\t\t\t\t<\/div>\n\t\t\t\t<div class=\"elementor-element elementor-element-e0c408d elementor-widget elementor-widget-shortcode\" data-id=\"e0c408d\" data-element_type=\"widget\" data-e-type=\"widget\" data-widget_type=\"shortcode.default\">\n\t\t\t\t<div class=\"elementor-widget-container\">\n\t\t\t\t\t\t\t<div class=\"elementor-shortcode\">[clean-login]<\/div>\n\t\t\t\t\t\t<\/div>\n\t\t\t\t<\/div>\n\t\t\t\t<div class=\"elementor-element elementor-element-cc99634 elementor-widget-tablet__width-initial elementor-widget elementor-widget-text-editor\" data-id=\"cc99634\" data-element_type=\"widget\" data-e-type=\"widget\" data-widget_type=\"text-editor.default\">\n\t\t\t\t<div class=\"elementor-widget-container\">\n\t\t\t\t\t\t\t\t\t<div style=\"letter-spacing: normal; margin: 0px; padding: 0px; caret-color: #000000; color: #000000; font-family: Questrial; font-size: 18px; white-space: pre-line; line-height: 1; text-align: center;\" data-line-height=\"1\"><span style=\"color: #000000;\">Se ainda n\u00e3o \u00e9 s\u00f3cio inscreva-se j\u00e1 para aceder a mais atividades, mais conte\u00fados e muitas outras vantagens<\/span><\/div>\t\t\t\t\t\t\t\t<\/div>\n\t\t\t\t<\/div>\n\t\t\t\t\t<\/div>\n\t\t<\/div>\n\t\t\t\t\t<\/div>\n\t\t<\/section>\n\t\t\t\t<\/div>\n\t\t","protected":false},"excerpt":{"rendered":"<p>Acesso reservado a s\u00f3cios GEM [clean-login]Se ainda n\u00e3o \u00e9 s\u00f3cio inscreva-se j\u00e1 para aceder a mais atividades, mais conte\u00fados e muitas outras vantagens<\/p>\n","protected":false},"author":1,"featured_media":0,"parent":0,"menu_order":0,"comment_status":"closed","ping_status":"closed","template":"elementor_header_footer","meta":{"footnotes":""},"class_list":["post-9152","page","type-page","status-publish","hentry"],"_links":{"self":[{"href":"https:\/\/www.gem.pt\/1\/en\/wp-json\/wp\/v2\/pages\/9152","targetHints":{"allow":["GET"]}}],"collection":[{"href":"https:\/\/www.gem.pt\/1\/en\/wp-json\/wp\/v2\/pages"}],"about":[{"href":"https:\/\/www.gem.pt\/1\/en\/wp-json\/wp\/v2\/types\/page"}],"author":[{"embeddable":true,"href":"https:\/\/www.gem.pt\/1\/en\/wp-json\/wp\/v2\/users\/1"}],"replies":[{"embeddable":true,"href":"https:\/\/www.gem.pt\/1\/en\/wp-json\/wp\/v2\/comments?post=9152"}],"version-history":[{"count":0,"href":"https:\/\/www.gem.pt\/1\/en\/wp-json\/wp\/v2\/pages\/9152\/revisions"}],"wp:attachment":[{"href":"https:\/\/www.gem.pt\/1\/en\/wp-json\/wp\/v2\/media?parent=9152"}],"curies":[{"name":"wp","href":"https:\/\/api.w.org\/{rel}","templated":true}]}}