{"id":19727,"date":"2024-10-21T21:10:21","date_gmt":"2024-10-21T20:10:21","guid":{"rendered":"https:\/\/www.gem.pt\/1\/?page_id=19727"},"modified":"2024-10-21T21:51:28","modified_gmt":"2024-10-21T20:51:28","slug":"projeto-espeleologico-de-valongo-ao-paraiso","status":"publish","type":"page","link":"https:\/\/www.gem.pt\/1\/en\/projetos\/projeto-espeleologico-de-valongo-ao-paraiso\/","title":{"rendered":"Projeto Espeleol\u00f3gico De Valongo Ao Para\u00edso"},"content":{"rendered":"<style>.elementor-19727 .elementor-element.elementor-element-01856eb > .elementor-container{min-height:400px;}.elementor-19727 .elementor-element.elementor-element-01856eb > .elementor-container > .elementor-column > .elementor-widget-wrap{align-content:center;align-items:center;}.elementor-19727 .elementor-element.elementor-element-01856eb .elementor-background-slideshow__slide__image{background-size:cover;background-position:top center;}.elementor-19727 .elementor-element.elementor-element-01856eb{transition:background 0.3s, border 0.3s, border-radius 0.3s, box-shadow 0.3s;max-height:400px;min-height:400px;}.elementor-19727 .elementor-element.elementor-element-01856eb > .elementor-background-overlay{transition:background 0.3s, border-radius 0.3s, opacity 0.3s;}.elementor-19727 .elementor-element.elementor-element-01856eb > .elementor-shape-bottom svg{width:calc(160% + 1.3px);height:140px;}.elementor-19727 .elementor-element.elementor-element-ece2bc3.elementor-column > .elementor-widget-wrap{justify-content:center;}.elementor-19727 .elementor-element.elementor-element-ece2bc3 > .elementor-element-populated{margin:0px 0px -10px 0px;--e-column-margin-right:0px;--e-column-margin-left:0px;}.elementor-19727 .elementor-element.elementor-element-9c47d11{text-align:start;max-width:1190px;}.elementor-19727 .elementor-element.elementor-element-9c47d11 .elementor-heading-title{text-shadow:3px 3px 4px rgba(0,0,0,0.3);}.elementor-19727 .elementor-element.elementor-element-297eb977 > .elementor-widget-wrap > .elementor-widget:not(.elementor-widget__width-auto):not(.elementor-widget__width-initial):not(:last-child):not(.elementor-absolute){margin-block-end:0px;}.elementor-19727 .elementor-element.elementor-element-2c266a0e{color:#000000;}.elementor-19727 .elementor-element.elementor-element-fdc9d30{color:#000000;}.elementor-19727 .elementor-element.elementor-element-8ccff52{color:#000000;}.elementor-19727 .elementor-element.elementor-element-039c244{color:#000000;}.elementor-19727 .elementor-element.elementor-element-bd25481{color:#000000;}@media(max-width:1024px){.elementor-19727 .elementor-element.elementor-element-9c47d11{text-align:start;max-width:100%;}}@media(max-width:767px){.elementor-19727 .elementor-element.elementor-element-9c47d11{max-width:100%;}}<\/style>\t\t<div data-elementor-type=\"wp-page\" data-elementor-id=\"19727\" class=\"elementor elementor-19727\">\n\t\t\t\t\t\t<section class=\"elementor-section elementor-top-section elementor-element elementor-element-01856eb elementor-section-full_width elementor-section-height-min-height elementor-section-items-bottom elementor-section-content-middle elementor-section-height-default\" data-id=\"01856eb\" data-element_type=\"section\" data-e-type=\"section\" data-settings=\"{&quot;background_background&quot;:&quot;slideshow&quot;,&quot;background_slideshow_gallery&quot;:[{&quot;id&quot;:19733,&quot;url&quot;:&quot;https:\\\/\\\/www.gem.pt\\\/wp-content\\\/uploads\\\/2024\\\/10\\\/PAN_DE-VALONGO-Ao-PARAISO_01.jpg&quot;}],&quot;shape_divider_bottom&quot;:&quot;opacity-tilt&quot;,&quot;background_slideshow_slide_transition&quot;:&quot;fade&quot;}\">\n\t\t\t\t\t<div class=\"elementor-shape elementor-shape-bottom\" aria-hidden=\"true\" data-negative=\"false\">\n\t\t\t<svg xmlns=\"http:\/\/www.w3.org\/2000\/svg\" viewBox=\"0 0 2600 131.1\" preserveAspectRatio=\"none\">\n\t<path class=\"elementor-shape-fill\" d=\"M0 0L2600 0 2600 69.1 0 0z\"\/>\n\t<path class=\"elementor-shape-fill\" style=\"opacity:0.5\" d=\"M0 0L2600 0 2600 69.1 0 69.1z\"\/>\n\t<path class=\"elementor-shape-fill\" style=\"opacity:0.25\" d=\"M2600 0L0 0 0 130.1 2600 69.1z\"\/>\n<\/svg>\t\t<\/div>\n\t\t\t\t\t<div class=\"elementor-container elementor-column-gap-default\">\n\t\t\t\t\t<div class=\"aux-parallax-section elementor-column elementor-col-100 elementor-top-column elementor-element elementor-element-ece2bc3\" data-id=\"ece2bc3\" data-element_type=\"column\" data-e-type=\"column\">\n\t\t\t<div class=\"elementor-widget-wrap elementor-element-populated\">\n\t\t\t\t\t\t<div class=\"elementor-element elementor-element-9c47d11 elementor-widget elementor-widget-heading\" data-id=\"9c47d11\" data-element_type=\"widget\" data-e-type=\"widget\" data-widget_type=\"heading.default\">\n\t\t\t\t<div class=\"elementor-widget-container\">\n\t\t\t\t\t<h1 class=\"elementor-heading-title elementor-size-default\">De Valongo Ao Para\u00edso<\/h1>\t\t\t\t<\/div>\n\t\t\t\t<\/div>\n\t\t\t\t\t<\/div>\n\t\t<\/div>\n\t\t\t\t\t<\/div>\n\t\t<\/section>\n\t\t\t\t<section class=\"elementor-section elementor-top-section elementor-element elementor-element-38ede328 elementor-section-boxed elementor-section-height-default elementor-section-height-default\" data-id=\"38ede328\" data-element_type=\"section\" data-e-type=\"section\">\n\t\t\t\t\t\t<div class=\"elementor-container elementor-column-gap-default\">\n\t\t\t\t\t<div class=\"aux-parallax-section elementor-column elementor-col-100 elementor-top-column elementor-element elementor-element-297eb977\" data-id=\"297eb977\" data-element_type=\"column\" data-e-type=\"column\">\n\t\t\t<div class=\"elementor-widget-wrap elementor-element-populated\">\n\t\t\t\t\t\t<div class=\"elementor-element elementor-element-2c266a0e elementor-widget elementor-widget-text-editor\" data-id=\"2c266a0e\" data-element_type=\"widget\" data-e-type=\"widget\" data-widget_type=\"text-editor.default\">\n\t\t\t\t<div class=\"elementor-widget-container\">\n\t\t\t\t\t\t\t\t\t<div><span style=\"caret-color: #e78b00; color: #e78b00; font-family: Questrial; font-size: 20px; letter-spacing: normal; white-space: pre-line;\">Projeto Espeleol\u00f3gico<\/span><\/div><div style=\"text-align: left;\"><p><span style=\"font-weight: 600; letter-spacing: normal; caret-color: #444444; color: #444444; font-family: Questrial; font-size: 12px; white-space: pre-line;\">Entidade<\/span><span style=\"letter-spacing: normal; caret-color: #444444; color: #444444; font-family: Questrial; font-size: 12px; white-space: pre-line;\">:\u00a0GEM &#8211; Grupo de Espeleologia e Montanhismo<\/span><br style=\"letter-spacing: normal; font-family: Questrial; font-size: 12px; white-space: pre-line;\" \/><span style=\"font-weight: 600; letter-spacing: normal; caret-color: #444444; color: #444444; font-family: Questrial; font-size: 12px; white-space: pre-line;\">Coordena\u00e7\u00e3o<\/span><span style=\"letter-spacing: normal; caret-color: #444444; color: #444444; font-family: Questrial; font-size: 12px; white-space: pre-line;\">: (N3) Pedro Agiuar; pedroaguiar.espeleo@gmail.com<\/span><\/p><div><hr \/><\/div><div style=\"letter-spacing: normal; margin: 0px; padding: 0px; caret-color: #000000; color: #000000; font-family: Questrial; font-size: 14px; text-align: justify; white-space: pre-line; line-height: 1.6;\" data-line-height=\"1.6\">\u00a0<\/div><\/div>\t\t\t\t\t\t\t\t<\/div>\n\t\t\t\t<\/div>\n\t\t\t\t<div class=\"elementor-element elementor-element-fdc9d30 elementor-widget elementor-widget-text-editor\" data-id=\"fdc9d30\" data-element_type=\"widget\" data-e-type=\"widget\" data-widget_type=\"text-editor.default\">\n\t\t\t\t<div class=\"elementor-widget-container\">\n\t\t\t\t\t\t\t\t\t<p><span style=\"caret-color: #e78b00; color: #e78b00; font-family: Questrial; font-size: 20px; letter-spacing: normal; white-space: pre-line;\"><a href=\"https:\/\/www.gem.pt\/wp-content\/uploads\/2024\/10\/DE-VALONGO-Ao-PARAISO_02.jpg\"><img fetchpriority=\"high\" decoding=\"async\" class=\"wp-image-19730 alignright\" src=\"https:\/\/www.gem.pt\/wp-content\/uploads\/2024\/10\/DE-VALONGO-Ao-PARAISO_02.jpg\" alt=\"\" width=\"450\" height=\"300\" srcset=\"https:\/\/www.gem.pt\/wp-content\/uploads\/2024\/10\/DE-VALONGO-Ao-PARAISO_02.jpg 1200w, https:\/\/www.gem.pt\/wp-content\/uploads\/2024\/10\/DE-VALONGO-Ao-PARAISO_02-18x12.jpg 18w\" sizes=\"(max-width: 450px) 100vw, 450px\" \/><\/a>Contextualiza\u00e7\u00e3o<\/span><\/p><div style=\"letter-spacing: normal; margin: 0px; padding: 0px; caret-color: #000000; color: #000000; font-family: Questrial; text-align: justify; white-space: pre-line; line-height: 1.6;\" data-line-height=\"1.6\"><span style=\"caret-color: #000000; color: #000000; font-family: Questrial; text-align: justify; white-space: pre-line;\">Com o culminar da primeira fase do Projeto Espeleol\u00f3gico de Valongo, levado a cabo pelo GEM- Norte <sup>[1]<\/sup>, denominado \u201c<strong>Contributo para o conhecimento do patrim\u00f3nio mineiro do concelho de Valongo \u2013 explora\u00e7\u00e3o espeleol\u00f3gica da vertente Nordeste da Serra de Sta. Justa<\/strong>\u201d <sup>[2]<\/sup>, com uma leitura atenta das mais recentes publica\u00e7\u00f5es sobre o patrim\u00f3nio do concelho de Valongo <sup>[3]<\/sup>, e com as diversas incurs\u00f5es espeleol\u00f3gicas no territ\u00f3rio que o GEM tem desenvolvido desde 2014, permanece evidente que o patrim\u00f3nio mineiro abandonado, em especial associado \u00e0 explora\u00e7\u00e3o de ouro da \u00e9poca romana, trespassa os limites do concelho, os limites do atual Parque das Serras do Porto e dispersa-se por todo o distrito auri-antimon\u00edfero D\u00farico-Beir\u00e3o <sup>[4]<\/sup>, tanto em trabalhos de minera\u00e7\u00e3o prim\u00e1ria como secund\u00e1ria <sup>[5]<\/sup>.<\/span><span style=\"caret-color: #000000; color: #000000; font-family: Questrial; text-align: justify; white-space: pre-line;\"><br \/><\/span><\/div><div style=\"letter-spacing: normal; margin: 0px; padding: 0px; caret-color: #000000; color: #000000; font-family: Questrial; font-size: 14px; text-align: justify; white-space: pre-line; line-height: 0.8;\" data-line-height=\"0.8\">\u00a0<\/div><div style=\"letter-spacing: normal; margin: 0px; padding: 0px; caret-color: #000000; color: #000000; font-family: Questrial; text-align: justify; white-space: pre-line; line-height: 1.6;\" data-line-height=\"1.6\"><span style=\"caret-color: #000000; color: #000000; font-family: Questrial; text-align: justify; white-space: pre-line;\">Torna-se tamb\u00e9m claro que a zona urbana de Valongo se expandiu sobre cavidades artificiais, cuja consci\u00eancia atual \u00e9 diminuta devido a aterros, em prol do desenvolvimento urbano e da seguran\u00e7a, ou porque simplesmente se encontram em propriedade privada cujo acesso \u00e9 condicionado.<\/span><span style=\"caret-color: #000000; color: #000000; font-family: Questrial; text-align: justify; white-space: pre-line;\"><br \/><\/span><\/div><div style=\"letter-spacing: normal; margin: 0px; padding: 0px; caret-color: #000000; color: #000000; font-family: Questrial; font-size: 14px; text-align: justify; white-space: pre-line; line-height: 0.8;\" data-line-height=\"0.8\">\u00a0<\/div><div style=\"letter-spacing: normal; margin: 0px; padding: 0px; caret-color: #000000; color: #000000; font-family: Questrial; text-align: justify; white-space: pre-line; line-height: 1.6;\" data-line-height=\"1.6\"><span style=\"caret-color: #000000; color: #000000; font-family: Questrial; text-align: justify; white-space: pre-line;\">O conceito de cavidades artificiais 6 engloba, entre outras, tanto minas metal\u00edferas, como as de capta\u00e7\u00e3o e\/ou dep\u00f3sitos de \u00e1gua, cujo conhecimento \u00e9 tamb\u00e9m reduzido e muitas vezes confundido, o que torna de extrema relev\u00e2ncia o seu estudo, por conterem \u00e1gua, bem essencial e escasso, do qual as popula\u00e7\u00f5es se servem para consumo pr\u00f3prio ou apoio \u00e0 agricultura.<\/span><\/div><div style=\"letter-spacing: normal; margin: 0px; padding: 0px; caret-color: #000000; color: #000000; font-family: Questrial; font-size: 14px; text-align: justify; white-space: pre-line; line-height: 0.8;\" data-line-height=\"0.8\">\u00a0<\/div><div style=\"letter-spacing: normal; margin: 0px; padding: 0px; caret-color: #000000; color: #000000; font-family: Questrial; text-align: justify; white-space: pre-line; line-height: 1.6;\" data-line-height=\"1.6\"><span style=\"caret-color: #000000; color: #000000; font-family: Questrial; text-align: justify; white-space: pre-line;\">O apuramento do estado da arte, relativamente ao estudo de cavidades artificiais, impelem \u00e0 investiga\u00e7\u00e3o multidisciplinar com apoio preponderante da espeleologia em \u00e1reas mais condicionadas, como \u00e9 o caso de centros urbanos, ou \u00e1reas geogr\u00e1ficas hostis, como as zonas montanhosas densamente arborizadas e escarpadas de dif\u00edcil acesso cujos meios mais recentes de dete\u00e7\u00e3o remota (LiDAR), encontram ainda algumas barreiras de processamento \u00e0 superf\u00edcie.<\/span><\/div>\t\t\t\t\t\t\t\t<\/div>\n\t\t\t\t<\/div>\n\t\t\t\t\t<\/div>\n\t\t<\/div>\n\t\t\t\t\t<\/div>\n\t\t<\/section>\n\t\t\t\t<section class=\"elementor-section elementor-top-section elementor-element elementor-element-5c0ac78 elementor-section-boxed elementor-section-height-default elementor-section-height-default\" data-id=\"5c0ac78\" data-element_type=\"section\" data-e-type=\"section\">\n\t\t\t\t\t\t<div class=\"elementor-container elementor-column-gap-default\">\n\t\t\t\t\t<div class=\"aux-parallax-section elementor-column elementor-col-50 elementor-top-column elementor-element elementor-element-076d89a\" data-id=\"076d89a\" data-element_type=\"column\" data-e-type=\"column\">\n\t\t\t<div class=\"elementor-widget-wrap elementor-element-populated\">\n\t\t\t\t\t\t<div class=\"elementor-element elementor-element-1180a64 elementor-widget elementor-widget-image\" data-id=\"1180a64\" data-element_type=\"widget\" data-e-type=\"widget\" data-widget_type=\"image.default\">\n\t\t\t\t<div class=\"elementor-widget-container\">\n\t\t\t\t\t\t\t\t\t\t\t\t\t\t\t<img decoding=\"async\" width=\"800\" height=\"1200\" src=\"https:\/\/www.gem.pt\/wp-content\/uploads\/2024\/10\/DE-VALONGO-Ao-PARAISO_04.jpg\" class=\"attachment-large size-large wp-image-19731\" alt=\"\" srcset=\"https:\/\/www.gem.pt\/wp-content\/uploads\/2024\/10\/DE-VALONGO-Ao-PARAISO_04.jpg 800w, https:\/\/www.gem.pt\/wp-content\/uploads\/2024\/10\/DE-VALONGO-Ao-PARAISO_04-8x12.jpg 8w\" sizes=\"(max-width: 800px) 100vw, 800px\" \/>\t\t\t\t\t\t\t\t\t\t\t\t\t\t\t<\/div>\n\t\t\t\t<\/div>\n\t\t\t\t\t<\/div>\n\t\t<\/div>\n\t\t\t\t<div class=\"aux-parallax-section elementor-column elementor-col-50 elementor-top-column elementor-element elementor-element-04c8fcc\" data-id=\"04c8fcc\" data-element_type=\"column\" data-e-type=\"column\">\n\t\t\t<div class=\"elementor-widget-wrap elementor-element-populated\">\n\t\t\t\t\t\t<div class=\"elementor-element elementor-element-40a00f2 elementor-widget elementor-widget-image\" data-id=\"40a00f2\" data-element_type=\"widget\" data-e-type=\"widget\" data-widget_type=\"image.default\">\n\t\t\t\t<div class=\"elementor-widget-container\">\n\t\t\t\t\t\t\t\t\t\t\t\t\t\t\t<img decoding=\"async\" width=\"800\" height=\"1200\" src=\"https:\/\/www.gem.pt\/wp-content\/uploads\/2024\/10\/DE-VALONGO-Ao-PARAISO_05.jpg\" class=\"attachment-large size-large wp-image-19732\" alt=\"\" srcset=\"https:\/\/www.gem.pt\/wp-content\/uploads\/2024\/10\/DE-VALONGO-Ao-PARAISO_05.jpg 800w, https:\/\/www.gem.pt\/wp-content\/uploads\/2024\/10\/DE-VALONGO-Ao-PARAISO_05-8x12.jpg 8w\" sizes=\"(max-width: 800px) 100vw, 800px\" \/>\t\t\t\t\t\t\t\t\t\t\t\t\t\t\t<\/div>\n\t\t\t\t<\/div>\n\t\t\t\t\t<\/div>\n\t\t<\/div>\n\t\t\t\t\t<\/div>\n\t\t<\/section>\n\t\t\t\t<section class=\"elementor-section elementor-top-section elementor-element elementor-element-6be9127 elementor-section-boxed elementor-section-height-default elementor-section-height-default\" data-id=\"6be9127\" data-element_type=\"section\" data-e-type=\"section\">\n\t\t\t\t\t\t<div class=\"elementor-container elementor-column-gap-default\">\n\t\t\t\t\t<div class=\"aux-parallax-section elementor-column elementor-col-100 elementor-top-column elementor-element elementor-element-b05fc46\" data-id=\"b05fc46\" data-element_type=\"column\" data-e-type=\"column\">\n\t\t\t<div class=\"elementor-widget-wrap elementor-element-populated\">\n\t\t\t\t\t\t<div class=\"elementor-element elementor-element-8ccff52 elementor-widget elementor-widget-text-editor\" data-id=\"8ccff52\" data-element_type=\"widget\" data-e-type=\"widget\" data-widget_type=\"text-editor.default\">\n\t\t\t\t<div class=\"elementor-widget-container\">\n\t\t\t\t\t\t\t\t\t<span style=\"caret-color: #e78b00; color: #e78b00; font-family: Questrial; font-size: 20px; letter-spacing: normal; white-space: pre-line;\">Objetivo<\/span>\n<div style=\"letter-spacing: normal; margin: 0px; padding: 0px; caret-color: #000000; color: #000000; font-family: Questrial; font-size: 14px; text-align: justify; white-space: pre-line; line-height: 0.5;\" data-line-height=\"0.5\"><\/div>\n<div style=\"letter-spacing: normal; margin: 0px; padding: 0px; caret-color: #000000; color: #000000; font-family: Questrial; text-align: justify; white-space: pre-line; line-height: 1.6;\" data-line-height=\"1.6\"><span style=\"caret-color: #000000; color: #000000; font-family: Questrial; text-align: justify; white-space: pre-line;\">Pesquisa, prospe\u00e7\u00e3o e explora\u00e7\u00e3o espeleol\u00f3gica em zonas espec\u00edficas do centro urbano de Valongo, e em toda a \u00e1rea a sudoeste do mesmo concelho, em dire\u00e7\u00e3o \u00e0 localidade de Para\u00edso, Castelo de Paiva, com especial enfoque nos meandros de rios e ribeiros.<\/span><\/div>\t\t\t\t\t\t\t\t<\/div>\n\t\t\t\t<\/div>\n\t\t\t\t\t<\/div>\n\t\t<\/div>\n\t\t\t\t\t<\/div>\n\t\t<\/section>\n\t\t\t\t<section class=\"elementor-section elementor-top-section elementor-element elementor-element-ee90a54 elementor-section-boxed elementor-section-height-default elementor-section-height-default\" data-id=\"ee90a54\" data-element_type=\"section\" data-e-type=\"section\">\n\t\t\t\t\t\t<div class=\"elementor-container elementor-column-gap-default\">\n\t\t\t\t\t<div class=\"aux-parallax-section elementor-column elementor-col-100 elementor-top-column elementor-element elementor-element-32338ec\" data-id=\"32338ec\" data-element_type=\"column\" data-e-type=\"column\">\n\t\t\t<div class=\"elementor-widget-wrap elementor-element-populated\">\n\t\t\t\t\t\t<div class=\"elementor-element elementor-element-039c244 elementor-widget elementor-widget-text-editor\" data-id=\"039c244\" data-element_type=\"widget\" data-e-type=\"widget\" data-widget_type=\"text-editor.default\">\n\t\t\t\t<div class=\"elementor-widget-container\">\n\t\t\t\t\t\t\t\t\t<span style=\"caret-color: #e78b00; color: #e78b00; font-family: Questrial; font-size: 20px; letter-spacing: normal; white-space: pre-line;\">Calendariza\u00e7\u00e3o<\/span>\n<div style=\"letter-spacing: normal; margin: 0px; padding: 0px; caret-color: #000000; color: #000000; font-family: Questrial; font-size: 14px; text-align: justify; white-space: pre-line; line-height: 0.5;\" data-line-height=\"0.5\"><\/div>\n<div style=\"letter-spacing: normal; margin: 0px; padding: 0px; caret-color: #000000; color: #000000; font-family: Questrial; text-align: justify; white-space: pre-line; line-height: 1.6;\" data-line-height=\"1.6\"><span style=\"caret-color: #000000; color: #000000; font-family: Questrial; text-align: justify; white-space: pre-line;\">Atividades a definir em fun\u00e7\u00e3o da meteorologia e da disponibilidade das equipas envolvidas.\nDatas previstas: Mar; 14 Abr; 12 Mai; 9 Jun; 14 Jul; 11 Ago; 8 Set; 13 Out; 10 Nov.<\/span><\/div>\t\t\t\t\t\t\t\t<\/div>\n\t\t\t\t<\/div>\n\t\t\t\t\t<\/div>\n\t\t<\/div>\n\t\t\t\t\t<\/div>\n\t\t<\/section>\n\t\t\t\t<section class=\"elementor-section elementor-top-section elementor-element elementor-element-9965469 elementor-section-boxed elementor-section-height-default elementor-section-height-default\" data-id=\"9965469\" data-element_type=\"section\" data-e-type=\"section\">\n\t\t\t\t\t\t<div class=\"elementor-container elementor-column-gap-default\">\n\t\t\t\t\t<div class=\"aux-parallax-section elementor-column elementor-col-100 elementor-top-column elementor-element elementor-element-f03dc76\" data-id=\"f03dc76\" data-element_type=\"column\" data-e-type=\"column\">\n\t\t\t<div class=\"elementor-widget-wrap elementor-element-populated\">\n\t\t\t\t\t\t<div class=\"elementor-element elementor-element-bd25481 elementor-widget elementor-widget-text-editor\" data-id=\"bd25481\" data-element_type=\"widget\" data-e-type=\"widget\" data-widget_type=\"text-editor.default\">\n\t\t\t\t<div class=\"elementor-widget-container\">\n\t\t\t\t\t\t\t\t\t<div style=\"letter-spacing: normal; margin: 0px; padding: 0px; caret-color: #000000; color: #000000; font-family: Questrial; text-align: justify; white-space: pre-line; line-height: 1.6;\" data-line-height=\"1.6\">\n<hr>\n<p><span style=\"font-size: 12px; text-align: start;\">[1] GEM &#8211; Grupo de Espeleologia e Montanhismo [<span style=\"color: #0000ff;\"><a style=\"color: #0000ff;\" href=\"https:\/\/www.gem.pt\/\">https:\/\/www.gem.pt\/<\/a><\/span>].<\/span><br><span style=\"font-size: 12px; text-align: start;\">[2] Publica\u00e7\u00f5es GEM [<span style=\"color: #0000ff;\"><a style=\"color: #0000ff;\" href=\"https:\/\/www.gem.pt\/1\/publicacoes\/cavidades-artificiais\/\">https:\/\/www.gem.pt\/1\/publicacoes\/cavidades-artificiais\/<\/a><\/span>].<\/span><br><span style=\"font-size: 12px; text-align: start;\">[3] Dias, Lino et. al.; <strong>Os romanos em Valongo. Vol. 1<\/strong>; C\u00e2mara Municipal de Valongo; Valongo, 2022; ISBN:978- 989-54573-5-9.<\/span><br><span style=\"font-size: 12px; text-align: start;\">[4] Couto, Helena; <strong>As Mineraliza\u00e7\u00f5es de Sb-Au da Regi\u00e3o D\u00farico-Beir\u00e3<\/strong>, Tese Doutoramento; Centro de Geologia da Faculdade de Ci\u00eancias da Universidade do Porto; Porto, 1993.<\/span><br><span style=\"font-size: 12px; text-align: start;\">[5] Rodr\u00edguez, Roberto; <strong>La Miner\u00eda Aur\u00edfera Romana del Noroeste Hispano: una visi\u00f3n desde la ingenier\u00eda de minas actual<\/strong>; Tesis Doctoral; Escuela T\u00e9cnica Superior de Ingenieros de Minas; Universidad Polit\u00e9cnica de Madrid; Madrid, 2021.<\/span><br><span style=\"font-size: 12px; text-align: start;\">[6] Parise, Mario et. al.; <strong>Classification of Artificial Cavities: A First Contribution by the UIS Comission<\/strong>; 16th International Congress of Speleology; Czech Republic, Brno; July 21 \u201328, 2013.<\/span><\/p><\/div>\t\t\t\t\t\t\t\t<\/div>\n\t\t\t\t<\/div>\n\t\t\t\t\t<\/div>\n\t\t<\/div>\n\t\t\t\t\t<\/div>\n\t\t<\/section>\n\t\t\t\t<\/div>\n\t\t","protected":false},"excerpt":{"rendered":"<p>De Valongo Ao Para\u00edso Projeto Espeleol\u00f3gico Entidade:\u00a0GEM &#8211; Grupo de Espeleologia e MontanhismoCoordena\u00e7\u00e3o: (N3) Pedro Agiuar; pedroaguiar.espeleo@gmail.com \u00a0 Contextualiza\u00e7\u00e3o Com o culminar da primeira fase do Projeto Espeleol\u00f3gico de Valongo, levado a cabo pelo GEM- Norte [1], denominado \u201cContributo para o conhecimento do patrim\u00f3nio mineiro do concelho de Valongo \u2013 explora\u00e7\u00e3o espeleol\u00f3gica da vertente Nordeste [&hellip;]<\/p>\n","protected":false},"author":1,"featured_media":0,"parent":850,"menu_order":10,"comment_status":"closed","ping_status":"closed","template":"","meta":{"footnotes":""},"class_list":["post-19727","page","type-page","status-publish","hentry"],"_links":{"self":[{"href":"https:\/\/www.gem.pt\/1\/en\/wp-json\/wp\/v2\/pages\/19727","targetHints":{"allow":["GET"]}}],"collection":[{"href":"https:\/\/www.gem.pt\/1\/en\/wp-json\/wp\/v2\/pages"}],"about":[{"href":"https:\/\/www.gem.pt\/1\/en\/wp-json\/wp\/v2\/types\/page"}],"author":[{"embeddable":true,"href":"https:\/\/www.gem.pt\/1\/en\/wp-json\/wp\/v2\/users\/1"}],"replies":[{"embeddable":true,"href":"https:\/\/www.gem.pt\/1\/en\/wp-json\/wp\/v2\/comments?post=19727"}],"version-history":[{"count":0,"href":"https:\/\/www.gem.pt\/1\/en\/wp-json\/wp\/v2\/pages\/19727\/revisions"}],"up":[{"embeddable":true,"href":"https:\/\/www.gem.pt\/1\/en\/wp-json\/wp\/v2\/pages\/850"}],"wp:attachment":[{"href":"https:\/\/www.gem.pt\/1\/en\/wp-json\/wp\/v2\/media?parent=19727"}],"curies":[{"name":"wp","href":"https:\/\/api.w.org\/{rel}","templated":true}]}}