{"id":1900,"date":"2020-09-24T15:57:05","date_gmt":"2020-09-24T15:57:05","guid":{"rendered":"https:\/\/www.gem.pt\/@teste\/?page_id=1900"},"modified":"2021-12-28T19:08:51","modified_gmt":"2021-12-28T19:08:51","slug":"vale-da-trave-moitas-venda","status":"publish","type":"page","link":"https:\/\/www.gem.pt\/1\/en\/projetos\/vale-da-trave-moitas-venda\/","title":{"rendered":"Vale da Trave &#8211; Moitas Venda"},"content":{"rendered":"<style>.elementor-1900 .elementor-element.elementor-element-9bd6efa > .elementor-container{min-height:400px;}.elementor-1900 .elementor-element.elementor-element-9bd6efa > .elementor-container > .elementor-column > .elementor-widget-wrap{align-content:center;align-items:center;}.elementor-1900 .elementor-element.elementor-element-9bd6efa .elementor-background-slideshow__slide__image{background-size:cover;background-position:top center;}.elementor-1900 .elementor-element.elementor-element-9bd6efa{transition:background 0.3s, border 0.3s, border-radius 0.3s, box-shadow 0.3s;max-height:400px;min-height:400px;}.elementor-1900 .elementor-element.elementor-element-9bd6efa > .elementor-background-overlay{transition:background 0.3s, border-radius 0.3s, opacity 0.3s;}.elementor-1900 .elementor-element.elementor-element-9bd6efa > .elementor-shape-bottom svg{width:calc(160% + 1.3px);height:140px;}.elementor-1900 .elementor-element.elementor-element-f8b07de.elementor-column > .elementor-widget-wrap{justify-content:center;}.elementor-1900 .elementor-element.elementor-element-f8b07de > .elementor-element-populated{margin:0px 0px -10px 0px;--e-column-margin-right:0px;--e-column-margin-left:0px;}.elementor-1900 .elementor-element.elementor-element-d0f9003{text-align:start;max-width:1190px;}.elementor-1900 .elementor-element.elementor-element-d0f9003 .elementor-heading-title{text-shadow:3px 3px 4px rgba(0,0,0,0.3);}@media(max-width:1024px){.elementor-1900 .elementor-element.elementor-element-d0f9003{text-align:start;max-width:100%;}}@media(max-width:767px){.elementor-1900 .elementor-element.elementor-element-d0f9003{max-width:100%;}}<\/style>\t\t<div data-elementor-type=\"wp-page\" data-elementor-id=\"1900\" class=\"elementor elementor-1900\">\n\t\t\t\t\t\t<section class=\"elementor-section elementor-top-section elementor-element elementor-element-9bd6efa elementor-section-full_width elementor-section-height-min-height elementor-section-items-bottom elementor-section-content-middle elementor-section-height-default\" data-id=\"9bd6efa\" data-element_type=\"section\" data-e-type=\"section\" data-settings=\"{&quot;background_background&quot;:&quot;slideshow&quot;,&quot;background_slideshow_gallery&quot;:[{&quot;id&quot;:978,&quot;url&quot;:&quot;https:\\\/\\\/www.gem.pt\\\/wp-content\\\/uploads\\\/2020\\\/05\\\/Projetos_2_0.jpg&quot;}],&quot;shape_divider_bottom&quot;:&quot;opacity-tilt&quot;,&quot;background_slideshow_slide_transition&quot;:&quot;fade&quot;}\">\n\t\t\t\t\t<div class=\"elementor-shape elementor-shape-bottom\" aria-hidden=\"true\" data-negative=\"false\">\n\t\t\t<svg xmlns=\"http:\/\/www.w3.org\/2000\/svg\" viewBox=\"0 0 2600 131.1\" preserveAspectRatio=\"none\">\n\t<path class=\"elementor-shape-fill\" d=\"M0 0L2600 0 2600 69.1 0 0z\"\/>\n\t<path class=\"elementor-shape-fill\" style=\"opacity:0.5\" d=\"M0 0L2600 0 2600 69.1 0 69.1z\"\/>\n\t<path class=\"elementor-shape-fill\" style=\"opacity:0.25\" d=\"M2600 0L0 0 0 130.1 2600 69.1z\"\/>\n<\/svg>\t\t<\/div>\n\t\t\t\t\t<div class=\"elementor-container elementor-column-gap-default\">\n\t\t\t\t\t<div class=\"aux-parallax-section elementor-column elementor-col-100 elementor-top-column elementor-element elementor-element-f8b07de\" data-id=\"f8b07de\" data-element_type=\"column\" data-e-type=\"column\">\n\t\t\t<div class=\"elementor-widget-wrap elementor-element-populated\">\n\t\t\t\t\t\t<div class=\"elementor-element elementor-element-d0f9003 elementor-widget elementor-widget-heading\" data-id=\"d0f9003\" data-element_type=\"widget\" data-e-type=\"widget\" data-widget_type=\"heading.default\">\n\t\t\t\t<div class=\"elementor-widget-container\">\n\t\t\t\t\t<h1 class=\"elementor-heading-title elementor-size-default\">Corredor Vale da Trave - Moitas Venda<\/h1>\t\t\t\t<\/div>\n\t\t\t\t<\/div>\n\t\t\t\t\t<\/div>\n\t\t<\/div>\n\t\t\t\t\t<\/div>\n\t\t<\/section>\n\t\t\t\t<section class=\"elementor-section elementor-top-section elementor-element elementor-element-3769d73 elementor-section-boxed elementor-section-height-default elementor-section-height-default\" data-id=\"3769d73\" data-element_type=\"section\" data-e-type=\"section\">\n\t\t\t\t\t\t<div class=\"elementor-container elementor-column-gap-default\">\n\t\t\t\t\t<div class=\"aux-parallax-section elementor-column elementor-col-100 elementor-top-column elementor-element elementor-element-d22c399\" data-id=\"d22c399\" data-element_type=\"column\" data-e-type=\"column\">\n\t\t\t<div class=\"elementor-widget-wrap elementor-element-populated\">\n\t\t\t\t\t\t<div class=\"elementor-element elementor-element-3778d76 elementor-widget elementor-widget-text-editor\" data-id=\"3778d76\" data-element_type=\"widget\" data-e-type=\"widget\" data-widget_type=\"text-editor.default\">\n\t\t\t\t<div class=\"elementor-widget-container\">\n\t\t\t\t\t\t\t\t\t<p><span style=\"caret-color: #e78b00; color: #e78b00; font-family: Questrial; font-size: 20px; letter-spacing: normal; white-space: pre-line;\">O projeto consiste no levantamento topogr\u00e1fico e geol\u00f3gico de cavidades c\u00e1rsicas situadas\nno corredor Vale da Trave &#8211; Moitas Venda<\/span><\/p>\n<hr>\n<div style=\"caret-color: #e78b00; color: #e78b00; font-family: Questrial; font-size: 20px; letter-spacing: normal; white-space: pre-line;\">\n<\/div>\n<div style=\"caret-color: #e78b00; color: #e78b00; font-family: Questrial; font-size: 20px; letter-spacing: normal; white-space: pre-line;\">Localiza\u00e7\u00e3o<\/div>\n<div style=\"letter-spacing: normal; margin: 0px; padding: 0px; caret-color: #000000; color: #000000; font-family: Questrial; text-align: justify; white-space: pre-line; line-height: 0.5;\">\n<\/div>\n<div style=\"letter-spacing: normal; margin: 0px; padding: 0px; caret-color: #000000; color: #000000; font-family: Questrial; text-align: justify; white-space: pre-line;\">O corredor Vale da Trave &#8211; Moitas Venda \u00e9 definido como uma faixa entre Vale da Trave, Casais da Mureta, Cov\u00e3o do Feto e Moitas Venda. Neste corredor \u00e9 conhecida uma maior densidade de grutas de origem fre\u00e1tica, que no restante do Maci\u00e7o Calc\u00e1rio Estremenho (MCE). O corredor fica situado na freguesia de Monsanto, Concelho de Alcanena, distrito de Santar\u00e9m, Portugal.<\/div>\n<div style=\"letter-spacing: normal; margin: 0px; padding: 0px; caret-color: #000000; color: #000000; font-family: Questrial; font-size: 14px; text-align: justify; white-space: pre-line; line-height: 1.5;\" data-line-height=\"1.5\">\n<\/div>\n<div style=\"caret-color: #e78b00; color: #e78b00; font-family: Questrial; font-size: 20px; letter-spacing: normal; white-space: pre-line;\">Enquadramento geol\u00f3gico<\/div>\n<div style=\"letter-spacing: normal; margin: 0px; padding: 0px; caret-color: #000000; color: #000000; font-family: Questrial; text-align: justify; white-space: pre-line; line-height: 0.5;\">\n<\/div>\n<div style=\"letter-spacing: normal; margin: 0px; padding: 0px; caret-color: #000000; color: #000000; font-family: Questrial; text-align: justify; white-space: pre-line;\">O corredor fica situado no Maci\u00e7o Calc\u00e1rio Estremenho (MCE), uma \u00e1rea do centro de Portugal caracterizado pela abund\u00e2ncia de calc\u00e1rios carsific\u00e1veis e de morfologias exo e endoc\u00e1rsicas.<\/div>\n<div style=\"letter-spacing: normal; margin: 0px; padding: 0px; caret-color: #000000; color: #000000; font-family: Questrial; font-size: 16px; text-align: justify; white-space: pre-line; line-height: 0.5;\" data-line-height=\"0.5\">&nbsp;<\/div>\n<div style=\"letter-spacing: normal; margin: 0px; padding: 0px; caret-color: #000000; color: #000000; font-family: Questrial; text-align: justify; white-space: pre-line;\">Os terrenos s\u00e3o compostos por forma\u00e7\u00f5es carbonatadas do Jur\u00e1ssico M\u00e9dio, as forma\u00e7\u00f5es c\u00e1rsicas por excel\u00eancia do MCE. Os calc\u00e1rios s\u00e3o atravessados pela falha Casais da Mureta\u2013Cov\u00e3o do Feto, e por uma s\u00e9rie de falhas subparalelas a esta, que ter\u00e3o influenciado a forma\u00e7\u00e3o deste corredor. A falha Casais da Mureta\u2013Cov\u00e3o do Feto faz a liga\u00e7\u00e3o entre o cavalgamento do Arrife e a falha Alvados\u2013Minde.<\/div>\n<div style=\"letter-spacing: normal; margin: 0px; padding: 0px; caret-color: #000000; color: #000000; font-family: Questrial; font-size: 14px; text-align: justify; white-space: pre-line; line-height: 1.5;\" data-line-height=\"1.5\">\n<\/div>\n<div style=\"caret-color: #e78b00; color: #e78b00; font-family: Questrial; font-size: 20px; letter-spacing: normal; white-space: pre-line;\"><\/div>\n<div style=\"caret-color: #e78b00; color: #e78b00; font-family: Questrial; font-size: 20px; letter-spacing: normal; white-space: pre-line;\">Enquadramento Hidrogeol\u00f3gico<\/div>\n<div style=\"letter-spacing: normal; margin: 0px; padding: 0px; caret-color: #000000; color: #000000; font-family: Questrial; text-align: justify; white-space: pre-line; line-height: 0.5;\">\n<\/div>\n<div style=\"letter-spacing: normal; margin: 0px; padding: 0px; caret-color: #000000; color: #000000; font-family: Questrial; text-align: justify; white-space: pre-line;\">As grutas de origem fre\u00e1ticas do corredor marcam uma antiga posi\u00e7\u00e3o do n\u00edvel de \u00e1gua no MCE, mais elevado que o n\u00edvel atual que faria a circula\u00e7\u00e3o no bordo sul do MCE. Este n\u00edvel est\u00e1 materializado por uma s\u00e9rie de grutas de origem fre\u00e1tica que como foi acima referido abundam no corredor. A falha Casais da Mureta \u2013 Cov\u00e3o do Feto promove o desenvolvimento do corredor e a liga\u00e7\u00e3o entre as grutas do corredor e a nascente permanente do Alviela, a maior nascente c\u00e1rsica do pa\u00eds, bem como a uma s\u00e9rie de nascentes tempor\u00e1rias situadas no bordo Sul do MCE, e paleonascentes situadas no alinhamento da falha Alvados- Minde.<\/div>\n<div style=\"letter-spacing: normal; margin: 0px; padding: 0px; caret-color: #000000; color: #000000; font-family: Questrial; font-size: 14px; text-align: justify; white-space: pre-line; line-height: 1.5;\" data-line-height=\"1.5\">\n<\/div>\n<div style=\"caret-color: #e78b00; color: #e78b00; font-family: Questrial; font-size: 20px; letter-spacing: normal; white-space: pre-line;\"><\/div>\n<div style=\"caret-color: #e78b00; color: #e78b00; font-family: Questrial; font-size: 20px; letter-spacing: normal; white-space: pre-line;\">Potencial espeleol\u00f3gico<\/div>\n<div style=\"letter-spacing: normal; margin: 0px; padding: 0px; caret-color: #000000; color: #000000; font-family: Questrial; text-align: justify; white-space: pre-line; line-height: 0.5;\">\n<\/div>\n<div style=\"letter-spacing: normal; margin: 0px; padding: 0px; caret-color: #000000; color: #000000; font-family: Questrial; text-align: justify; white-space: pre-line;\">Algumas das grutas de origem fre\u00e1ticas s\u00e3o h\u00e1 muito conhecidas pela comunidade espeleol\u00f3gica nacional. S\u00e3o exemplos destas cavidades os algares Marradinhas II, do Z\u00e9 do Braga, Marradinhas do Daniel, algar das Cotovias e algar das Couves.<div style=\"letter-spacing: normal; margin: 0px; padding: 0px; caret-color: #000000; color: #000000; font-family: Questrial; font-size: 16px; text-align: justify; white-space: pre-line; line-height: 0.5;\" data-line-height=\"0.5\">&nbsp;<\/div>O potencial da zona \u00e9 muito elevado sendo altamente expect\u00e1vel. Um trabalho sistem\u00e1tico nesta zona levar\u00e1 decerto \u00e0 descoberta de mais cavidades de origem fre\u00e1tica, f\u00f3sseis ou mesmo ainda ativas, dada a proximidade da superf\u00edcie, em algumas zonas do corredor a n\u00edveis de \u00e1gua atuais do MCE. Caso se encontrem grutas fre\u00e1ticas estas poder\u00e3o estar potencialmente ligadas \u00e0s nascentes do bordo Sul do MCE ou mesmo as nascentes associadas \u00e0 falha Alvados- Minde.<div style=\"letter-spacing: normal; margin: 0px; padding: 0px; caret-color: #000000; color: #000000; font-family: Questrial; font-size: 16px; text-align: justify; white-space: pre-line; line-height: 0.5;\" data-line-height=\"0.5\">&nbsp;<\/div>As grutas f\u00f3sseis j\u00e1 conhecidas nesta zona s\u00e3o consideradas de grande beleza, sendo espect\u00e1vel que novas grutas tenham um potencial tur\u00edstico elevado quer ao n\u00edvel do espele\u00edsmo, quer do turismo mais tradicional.<\/div>\t\t\t\t\t\t\t\t<\/div>\n\t\t\t\t<\/div>\n\t\t\t\t\t<\/div>\n\t\t<\/div>\n\t\t\t\t\t<\/div>\n\t\t<\/section>\n\t\t\t\t<\/div>\n\t\t","protected":false},"excerpt":{"rendered":"<p>Corredor Vale da Trave &#8211; Moitas Venda O projeto consiste no levantamento topogr\u00e1fico e geol\u00f3gico de cavidades c\u00e1rsicas situadas no corredor Vale da Trave &#8211; Moitas Venda Localiza\u00e7\u00e3o O corredor Vale da Trave &#8211; Moitas Venda \u00e9 definido como uma faixa entre Vale da Trave, Casais da Mureta, Cov\u00e3o do Feto e Moitas Venda. Neste [&hellip;]<\/p>\n","protected":false},"author":3,"featured_media":0,"parent":850,"menu_order":4,"comment_status":"closed","ping_status":"closed","template":"","meta":{"footnotes":""},"class_list":["post-1900","page","type-page","status-publish","hentry"],"_links":{"self":[{"href":"https:\/\/www.gem.pt\/1\/en\/wp-json\/wp\/v2\/pages\/1900","targetHints":{"allow":["GET"]}}],"collection":[{"href":"https:\/\/www.gem.pt\/1\/en\/wp-json\/wp\/v2\/pages"}],"about":[{"href":"https:\/\/www.gem.pt\/1\/en\/wp-json\/wp\/v2\/types\/page"}],"author":[{"embeddable":true,"href":"https:\/\/www.gem.pt\/1\/en\/wp-json\/wp\/v2\/users\/3"}],"replies":[{"embeddable":true,"href":"https:\/\/www.gem.pt\/1\/en\/wp-json\/wp\/v2\/comments?post=1900"}],"version-history":[{"count":0,"href":"https:\/\/www.gem.pt\/1\/en\/wp-json\/wp\/v2\/pages\/1900\/revisions"}],"up":[{"embeddable":true,"href":"https:\/\/www.gem.pt\/1\/en\/wp-json\/wp\/v2\/pages\/850"}],"wp:attachment":[{"href":"https:\/\/www.gem.pt\/1\/en\/wp-json\/wp\/v2\/media?parent=1900"}],"curies":[{"name":"wp","href":"https:\/\/api.w.org\/{rel}","templated":true}]}}