{"id":1395,"date":"2020-06-04T23:34:09","date_gmt":"2020-06-04T23:34:09","guid":{"rendered":"https:\/\/www.gem.pt\/@teste\/?page_id=1395"},"modified":"2021-01-08T09:59:40","modified_gmt":"2021-01-08T09:59:40","slug":"pre-inscricao-para-socio-efetivo","status":"publish","type":"page","link":"https:\/\/www.gem.pt\/1\/en\/socio-gem\/pre-inscricao-para-socio-efetivo\/","title":{"rendered":"Pre-Registration for Effective Member"},"content":{"rendered":"<style>.elementor-1395 .elementor-element.elementor-element-2c266a0e{color:#000000;}<\/style>\t\t<div data-elementor-type=\"wp-page\" data-elementor-id=\"1395\" class=\"elementor elementor-1395\">\n\t\t\t\t\t\t<section class=\"elementor-section elementor-top-section elementor-element elementor-element-38ede328 elementor-section-boxed elementor-section-height-default elementor-section-height-default\" data-id=\"38ede328\" data-element_type=\"section\" data-e-type=\"section\">\n\t\t\t\t\t\t<div class=\"elementor-container elementor-column-gap-default\">\n\t\t\t\t\t<div class=\"aux-parallax-section elementor-column elementor-col-100 elementor-top-column elementor-element elementor-element-297eb977\" data-id=\"297eb977\" data-element_type=\"column\" data-e-type=\"column\">\n\t\t\t<div class=\"elementor-widget-wrap elementor-element-populated\">\n\t\t\t\t\t\t<div class=\"elementor-element elementor-element-2c266a0e elementor-widget elementor-widget-text-editor\" data-id=\"2c266a0e\" data-element_type=\"widget\" data-e-type=\"widget\" data-widget_type=\"text-editor.default\">\n\t\t\t\t<div class=\"elementor-widget-container\">\n\t\t\t\t\t\t\t\t\t<p><span style=\"font-family: Questrial; font-size: 10px; letter-spacing: normal; white-space: pre-line;\">\u00a0<\/span><\/p><p><span style=\"letter-spacing: normal; caret-color: #444444; color: #444444; font-family: Questrial; font-size: 30px; white-space: pre-line;\">Pre-Registration for Effective Member<\/span><br \/><span style=\"letter-spacing: normal; caret-color: #e78b00; color: #e78b00; font-family: Questrial; font-size: 20px; text-align: justify; white-space: pre-line;\">Pr\u00e9-Inscri\u00e7\u00e3o online para S\u00f3cio Efetivo do GEM<\/span><\/p><div style=\"text-align: left;\"><hr \/><\/div><div>\u00a0<\/div><div><span style=\"letter-spacing: normal; font-family: Questrial; text-align: justify; white-space: pre-line;\">Torne-se S\u00f3cio Efetivo e usufrua de <\/span><span style=\"letter-spacing: normal; color: #e78b00; font-family: Questrial; text-align: justify; white-space: pre-line;\"><u><a style=\"color: #e78b00;\" title=\"\" href=\"\/index.php\/socio-gem\/vantagens\/\" rel=\"noopener\" type=\"\" data-attached-link=\"{\" data-cke-saved-href=\"#!id1476007695556\">vantagens <\/a><\/u><\/span><span style=\"letter-spacing: normal; font-family: Questrial; text-align: justify; white-space: pre-line;\">e <\/span><a href=\"\/index.php\/socio-gem\/parcerias\/\"><span style=\"color: #e78b00;\"><u style=\"letter-spacing: normal; font-family: Questrial; text-align: justify; white-space: pre-line;\">ofertas<\/u><\/span><\/a><span style=\"letter-spacing: normal; font-family: Questrial; text-align: justify; white-space: pre-line;\">\u00a0que temos para si como associado do Grupo de Espeleologia e Montanhismo.<\/span><\/div><div style=\"text-align: left;\"><div style=\"letter-spacing: normal; margin: 0px; padding: 0px; caret-color: #000000; color: #000000; font-family: Questrial; text-align: justify; white-space: pre-line; font-size: 5px;\">\u00a0<\/div><div style=\"letter-spacing: normal; margin: 0px; padding: 0px; caret-color: #000000; color: #000000; font-family: Questrial; text-align: justify; white-space: pre-line;\">Utilize o seguinte formul\u00e1rio para solicitar uma pr\u00e9-inscri\u00e7\u00e3o para S\u00f3cio Efetivo, e receber\u00e1 no seu email as condi\u00e7\u00f5es e o modo de finalizar a sua inscri\u00e7\u00e3o.<\/div><\/div><div>\u00a0<\/div><div>\u00a0<\/div>\t\t\t\t\t\t\t\t<\/div>\n\t\t\t\t<\/div>\n\t\t\t\t\t<\/div>\n\t\t<\/div>\n\t\t\t\t\t<\/div>\n\t\t<\/section>\n\t\t\t\t<section class=\"elementor-section elementor-top-section elementor-element elementor-element-623504c elementor-section-boxed elementor-section-height-default elementor-section-height-default\" data-id=\"623504c\" data-element_type=\"section\" data-e-type=\"section\">\n\t\t\t\t\t\t<div class=\"elementor-container elementor-column-gap-default\">\n\t\t\t\t\t<div class=\"aux-parallax-section elementor-column elementor-col-100 elementor-top-column elementor-element elementor-element-5157438\" data-id=\"5157438\" data-element_type=\"column\" data-e-type=\"column\">\n\t\t\t<div class=\"elementor-widget-wrap elementor-element-populated\">\n\t\t\t\t\t\t<div class=\"elementor-element elementor-element-8baf033 elementor-widget elementor-widget-html\" data-id=\"8baf033\" data-element_type=\"widget\" data-e-type=\"widget\" data-widget_type=\"html.default\">\n\t\t\t\t<div class=\"elementor-widget-container\">\n\t\t\t\t\t<iframe src=\"https:\/\/docs.google.com\/forms\/d\/e\/1FAIpQLSfyfQ2MJUqqz-IZ7guy5Jm_Ngcdv2T62_wdc4CmhNJi5AYPig\/viewform?embedded=true\" width=\"100%\" height=\"2200px\" frameborder=\"0\" marginheight=\"0\" marginwidth=\"0\">A carregar...<\/iframe>\t\t\t\t<\/div>\n\t\t\t\t<\/div>\n\t\t\t\t\t<\/div>\n\t\t<\/div>\n\t\t\t\t\t<\/div>\n\t\t<\/section>\n\t\t\t\t<\/div>","protected":false},"excerpt":{"rendered":"<p>\u00a0 Pr\u00e9-Inscri\u00e7\u00e3o para S\u00f3cio EfetivoPr\u00e9-Inscri\u00e7\u00e3o online para S\u00f3cio Efetivo do GEM \u00a0Torne-se S\u00f3cio Efetivo e usufrua de vantagens e ofertas\u00a0que temos para si como associado do Grupo de Espeleologia e Montanhismo.\u00a0Utilize o seguinte formul\u00e1rio para solicitar uma pr\u00e9-inscri\u00e7\u00e3o para S\u00f3cio Efetivo, e receber\u00e1 no seu email as condi\u00e7\u00f5es e o modo de finalizar a sua [&hellip;]<\/p>\n","protected":false},"author":1,"featured_media":0,"parent":768,"menu_order":5,"comment_status":"closed","ping_status":"closed","template":"","meta":{"footnotes":""},"class_list":["post-1395","page","type-page","status-publish","hentry"],"_links":{"self":[{"href":"https:\/\/www.gem.pt\/1\/en\/wp-json\/wp\/v2\/pages\/1395","targetHints":{"allow":["GET"]}}],"collection":[{"href":"https:\/\/www.gem.pt\/1\/en\/wp-json\/wp\/v2\/pages"}],"about":[{"href":"https:\/\/www.gem.pt\/1\/en\/wp-json\/wp\/v2\/types\/page"}],"author":[{"embeddable":true,"href":"https:\/\/www.gem.pt\/1\/en\/wp-json\/wp\/v2\/users\/1"}],"replies":[{"embeddable":true,"href":"https:\/\/www.gem.pt\/1\/en\/wp-json\/wp\/v2\/comments?post=1395"}],"version-history":[{"count":0,"href":"https:\/\/www.gem.pt\/1\/en\/wp-json\/wp\/v2\/pages\/1395\/revisions"}],"up":[{"embeddable":true,"href":"https:\/\/www.gem.pt\/1\/en\/wp-json\/wp\/v2\/pages\/768"}],"wp:attachment":[{"href":"https:\/\/www.gem.pt\/1\/en\/wp-json\/wp\/v2\/media?parent=1395"}],"curies":[{"name":"wp","href":"https:\/\/api.w.org\/{rel}","templated":true}]}}