{"id":1216,"date":"2020-05-30T22:42:14","date_gmt":"2020-05-30T22:42:14","guid":{"rendered":"https:\/\/www.gem.pt\/@teste\/?page_id=1216"},"modified":"2025-08-05T23:35:33","modified_gmt":"2025-08-05T22:35:33","slug":"outras-atividades","status":"publish","type":"page","link":"https:\/\/www.gem.pt\/1\/en\/atividades\/outras-atividades\/","title":{"rendered":"Other Activities"},"content":{"rendered":"<style>.elementor-1216 .elementor-element.elementor-element-9bd6efa > .elementor-container{min-height:400px;}.elementor-1216 .elementor-element.elementor-element-9bd6efa > .elementor-container > .elementor-column > .elementor-widget-wrap{align-content:center;align-items:center;}.elementor-1216 .elementor-element.elementor-element-9bd6efa .elementor-background-slideshow__slide__image{background-size:cover;background-position:center center;}.elementor-1216 .elementor-element.elementor-element-9bd6efa{transition:background 0.3s, border 0.3s, border-radius 0.3s, box-shadow 0.3s;max-height:400px;min-height:400px;}.elementor-1216 .elementor-element.elementor-element-9bd6efa > .elementor-background-overlay{transition:background 0.3s, border-radius 0.3s, opacity 0.3s;}.elementor-1216 .elementor-element.elementor-element-9bd6efa > .elementor-shape-bottom svg{width:calc(160% + 1.3px);height:140px;}.elementor-1216 .elementor-element.elementor-element-f8b07de.elementor-column > .elementor-widget-wrap{justify-content:center;}.elementor-1216 .elementor-element.elementor-element-f8b07de > .elementor-element-populated{margin:0px 0px -10px 0px;--e-column-margin-right:0px;--e-column-margin-left:0px;}.elementor-1216 .elementor-element.elementor-element-d0f9003{text-align:start;max-width:1190px;}.elementor-1216 .elementor-element.elementor-element-d0f9003 .elementor-heading-title{text-shadow:3px 3px 4px rgba(0,0,0,0.3);}.elementor-1216 .elementor-element.elementor-element-f61b756{--e-image-carousel-slides-to-show:5;}.elementor-1216 .elementor-element.elementor-element-f61b756 .swiper-pagination-bullet{--swiper-pagination-bullet-horizontal-gap:4px;--swiper-pagination-bullet-vertical-gap:4px;width:8px;height:8px;background:#FFAA00;}.elementor-1216 .elementor-element.elementor-element-f61b756 .swiper-pagination-bullet:not(.swiper-pagination-bullet-active){background:#8D8D8D;opacity:1;}.elementor-1216 .elementor-element.elementor-element-f61b756 .elementor-image-carousel-caption{text-align:center;color:#000000;}.elementor-1216 .elementor-element.elementor-element-f61b756 > .elementor-widget-container{padding:10px 0px 0px 0px;}@media(max-width:1024px){.elementor-1216 .elementor-element.elementor-element-d0f9003{text-align:start;max-width:100%;}}@media(max-width:767px){.elementor-1216 .elementor-element.elementor-element-d0f9003{max-width:100%;}}<\/style>\t\t<div data-elementor-type=\"wp-page\" data-elementor-id=\"1216\" class=\"elementor elementor-1216\">\n\t\t\t\t\t\t<section class=\"elementor-section elementor-top-section elementor-element elementor-element-9bd6efa elementor-section-full_width elementor-section-height-min-height elementor-section-items-bottom elementor-section-content-middle elementor-section-height-default\" data-id=\"9bd6efa\" data-element_type=\"section\" data-e-type=\"section\" data-settings=\"{&quot;background_background&quot;:&quot;slideshow&quot;,&quot;background_slideshow_gallery&quot;:[{&quot;id&quot;:1223,&quot;url&quot;:&quot;https:\\\/\\\/www.gem.pt\\\/wp-content\\\/uploads\\\/2020\\\/05\\\/Atividades_9_0.jpg&quot;}],&quot;shape_divider_bottom&quot;:&quot;opacity-tilt&quot;,&quot;background_slideshow_slide_transition&quot;:&quot;fade&quot;}\">\n\t\t\t\t\t<div class=\"elementor-shape elementor-shape-bottom\" aria-hidden=\"true\" data-negative=\"false\">\n\t\t\t<svg xmlns=\"http:\/\/www.w3.org\/2000\/svg\" viewBox=\"0 0 2600 131.1\" preserveAspectRatio=\"none\">\n\t<path class=\"elementor-shape-fill\" d=\"M0 0L2600 0 2600 69.1 0 0z\"\/>\n\t<path class=\"elementor-shape-fill\" style=\"opacity:0.5\" d=\"M0 0L2600 0 2600 69.1 0 69.1z\"\/>\n\t<path class=\"elementor-shape-fill\" style=\"opacity:0.25\" d=\"M2600 0L0 0 0 130.1 2600 69.1z\"\/>\n<\/svg>\t\t<\/div>\n\t\t\t\t\t<div class=\"elementor-container elementor-column-gap-default\">\n\t\t\t\t\t<div class=\"aux-parallax-section elementor-column elementor-col-100 elementor-top-column elementor-element elementor-element-f8b07de\" data-id=\"f8b07de\" data-element_type=\"column\" data-e-type=\"column\">\n\t\t\t<div class=\"elementor-widget-wrap elementor-element-populated\">\n\t\t\t\t\t\t<div class=\"elementor-element elementor-element-d0f9003 elementor-widget elementor-widget-heading\" data-id=\"d0f9003\" data-element_type=\"widget\" data-e-type=\"widget\" data-widget_type=\"heading.default\">\n\t\t\t\t<div class=\"elementor-widget-container\">\n\t\t\t\t\t<h1 class=\"elementor-heading-title elementor-size-default\">Outras Atividades<\/h1>\t\t\t\t<\/div>\n\t\t\t\t<\/div>\n\t\t\t\t\t<\/div>\n\t\t<\/div>\n\t\t\t\t\t<\/div>\n\t\t<\/section>\n\t\t\t\t<section class=\"elementor-section elementor-top-section elementor-element elementor-element-2d69bba elementor-section-boxed elementor-section-height-default elementor-section-height-default\" data-id=\"2d69bba\" data-element_type=\"section\" data-e-type=\"section\">\n\t\t\t\t\t\t<div class=\"elementor-container elementor-column-gap-default\">\n\t\t\t\t\t<div class=\"aux-parallax-section elementor-column elementor-col-100 elementor-top-column elementor-element elementor-element-023f42b\" data-id=\"023f42b\" data-element_type=\"column\" data-e-type=\"column\">\n\t\t\t<div class=\"elementor-widget-wrap elementor-element-populated\">\n\t\t\t\t\t\t<div class=\"elementor-element elementor-element-c8fc423 elementor-widget elementor-widget-text-editor\" data-id=\"c8fc423\" data-element_type=\"widget\" data-e-type=\"widget\" data-widget_type=\"text-editor.default\">\n\t\t\t\t<div class=\"elementor-widget-container\">\n\t\t\t\t\t\t\t\t\t<p><img fetchpriority=\"high\" decoding=\"async\" class=\"alignright wp-image-943\" src=\"https:\/\/www.gem.pt\/wp-content\/uploads\/2020\/05\/Atividades_0_11.jpg\" alt=\"\" width=\"400\" height=\"265\"><\/p>\n<div style=\"caret-color: #e78b00; color: #e78b00; font-family: Questrial; font-size: 20px; letter-spacing: normal; white-space: pre-line;\">Atividades de Ar Livre<\/div>\n<div style=\"letter-spacing: normal; margin: 0px; padding: 0px; caret-color: #000000; color: #000000; font-family: Questrial; text-align: justify; white-space: pre-line; line-height: 0.5;\">&nbsp;<\/div>\n<div style=\"letter-spacing: normal; margin: 0px; padding: 0px; caret-color: #000000; color: #000000; font-family: Questrial; text-align: justify; white-space: pre-line;\">Atualmente o&nbsp;GEM&nbsp;organiza tamb\u00e9m&nbsp;outras atividades para al\u00e9m das que&nbsp;originaram&nbsp;o grupo. S\u00e3o elas o alpinismo, canoagem, snorkeling, mergulho, coastering, canorafting, entre outras.<\/div>\n<div style=\"letter-spacing: normal; margin: 0px; padding: 0px; caret-color: #000000; color: #000000; font-family: Questrial; text-align: justify; white-space: pre-line; line-height: 0.5;\">&nbsp;<\/div>\n<div style=\"letter-spacing: normal; margin: 0px; padding: 0px; caret-color: #000000; color: #000000; font-family: Questrial; text-align: justify; white-space: pre-line;\">Seja no mar, no rio ou na&nbsp;montanha, s\u00e3o v\u00e1rias as atividades que podemos praticar no GEM, algumas em estreita colabora\u00e7\u00e3o com os nossos parceiros, como \u00e9 o caso da <span class=\"theme-text-color-4-2\" style=\"color: #ff8200;\"><u><a class=\"wz-link\" style=\"color: inherit;\" title=\"\" href=\"http:\/\/www.wind-cam.pt\/\" target=\"_blank\" rel=\"noopener\" type=\"\" data-attached-link=\"{\" data-cke-saved-href=\"http:\/\/www.wind-cam.pt\/\">Wind &#8211; Centro de Actividades de Montanha<\/a><\/u><\/span>.<\/div>\n<div style=\"letter-spacing: normal; margin: 0px; padding: 0px; caret-color: #000000; color: #000000; font-family: Questrial; text-align: justify; white-space: pre-line; line-height: 0.5;\">&nbsp;<\/div>\n<div style=\"letter-spacing: normal; margin: 0px; padding: 0px; caret-color: #000000; color: #000000; font-family: Questrial; text-align: justify; white-space: pre-line;\">Para qualquer uma&nbsp;destas atividades, o GEM tem tamb\u00e9m a capacidade de organizar,&nbsp;a pedido,&nbsp;sa\u00eddas especiais para grupos, criando atividades espec\u00edficas adaptadas \u00e0s preten\u00e7\u00f5es e espetat\u00edvas dos praticantes.<\/div>\n<div style=\"letter-spacing: normal; margin: 0px; padding: 0px; caret-color: #000000; color: #000000; font-family: Questrial; text-align: justify; white-space: pre-line; line-height: 0.5;\">&nbsp;<\/div>\n<div style=\"letter-spacing: normal; margin: 0px; padding: 0px; caret-color: #000000; color: #000000; font-family: Questrial; text-align: justify; white-space: pre-line;\">Para mais informa\u00e7\u00f5es e solicita\u00e7\u00f5es, contacte-nos&nbsp;atrav\u00e9s do email <span style=\"color: #ff9900;\"><span class=\"theme-text-color-3-4\"><u><a class=\"wz-link\" style=\"color: #ff9900;\" title=\"\" href=\"mailto:geral@gem.pt\" type=\"\" data-attached-link=\"{\">geral@gem.pt<\/a><\/u><\/span>.<\/span><\/div>\t\t\t\t\t\t\t\t<\/div>\n\t\t\t\t<\/div>\n\t\t\t\t\t<\/div>\n\t\t<\/div>\n\t\t\t\t\t<\/div>\n\t\t<\/section>\n\t\t\t\t<section class=\"elementor-section elementor-top-section elementor-element elementor-element-feadfe3 elementor-section-full_width elementor-section-height-default elementor-section-height-default\" data-id=\"feadfe3\" data-element_type=\"section\" data-e-type=\"section\">\n\t\t\t\t\t\t<div class=\"elementor-container elementor-column-gap-default\">\n\t\t\t\t\t<div class=\"aux-parallax-section elementor-column elementor-col-100 elementor-top-column elementor-element elementor-element-515d899\" data-id=\"515d899\" data-element_type=\"column\" data-e-type=\"column\">\n\t\t\t<div class=\"elementor-widget-wrap elementor-element-populated\">\n\t\t\t\t\t\t<div class=\"elementor-element elementor-element-f61b756 elementor-pagination-position-outside elementor-widget elementor-widget-image-carousel\" data-id=\"f61b756\" data-element_type=\"widget\" data-e-type=\"widget\" data-settings=\"{&quot;navigation&quot;:&quot;dots&quot;,&quot;autoplay_speed&quot;:1000,&quot;image_spacing_custom&quot;:{&quot;unit&quot;:&quot;px&quot;,&quot;size&quot;:10,&quot;sizes&quot;:[]},&quot;slides_to_show&quot;:&quot;5&quot;,&quot;speed&quot;:3000,&quot;autoplay&quot;:&quot;yes&quot;,&quot;infinite&quot;:&quot;yes&quot;,&quot;image_spacing_custom_tablet&quot;:{&quot;unit&quot;:&quot;px&quot;,&quot;size&quot;:&quot;&quot;,&quot;sizes&quot;:[]},&quot;image_spacing_custom_mobile&quot;:{&quot;unit&quot;:&quot;px&quot;,&quot;size&quot;:&quot;&quot;,&quot;sizes&quot;:[]}}\" data-widget_type=\"image-carousel.default\">\n\t\t\t\t<div class=\"elementor-widget-container\">\n\t\t\t\t\t\t\t<div class=\"elementor-image-carousel-wrapper swiper\" role=\"region\" aria-roledescription=\"carousel\" aria-label=\"Carrossel de imagens\" dir=\"ltr\">\n\t\t\t<div class=\"elementor-image-carousel swiper-wrapper swiper-image-stretch\" aria-live=\"off\">\n\t\t\t\t\t\t\t\t<div class=\"swiper-slide\" role=\"group\" aria-roledescription=\"slide\" aria-label=\"1 of 9\"><a data-elementor-open-lightbox=\"yes\" data-elementor-lightbox-slideshow=\"f61b756\" data-elementor-lightbox-title=\"Atividades_0_18\" data-e-action-hash=\"#elementor-action%3Aaction%3Dlightbox%26settings%3DeyJpZCI6MjE0NjksInVybCI6Imh0dHBzOlwvXC93d3cuZ2VtLnB0XC93cC1jb250ZW50XC91cGxvYWRzXC8yMDI1XC8wOFwvQXRpdmlkYWRlc18wXzE4LmpwZyIsInNsaWRlc2hvdyI6ImY2MWI3NTYifQ%3D%3D\" href=\"https:\/\/www.gem.pt\/1\/atividades\/\"><figure class=\"swiper-slide-inner\"><img decoding=\"async\" class=\"swiper-slide-image\" src=\"https:\/\/www.gem.pt\/wp-content\/uploads\/2025\/08\/Atividades_0_18.jpg\" alt=\"Multiatividades\" \/><figcaption class=\"elementor-image-carousel-caption\">Multiatividades<\/figcaption><\/figure><\/a><\/div><div class=\"swiper-slide\" role=\"group\" aria-roledescription=\"slide\" aria-label=\"2 of 9\"><a data-elementor-open-lightbox=\"yes\" data-elementor-lightbox-slideshow=\"f61b756\" data-elementor-lightbox-title=\"Atividades_0_9\" data-e-action-hash=\"#elementor-action%3Aaction%3Dlightbox%26settings%3DeyJpZCI6OTQxLCJ1cmwiOiJodHRwczpcL1wvd3d3LmdlbS5wdFwvd3AtY29udGVudFwvdXBsb2Fkc1wvMjAyMFwvMDVcL0F0aXZpZGFkZXNfMF85LmpwZyIsInNsaWRlc2hvdyI6ImY2MWI3NTYifQ%3D%3D\" href=\"https:\/\/www.gem.pt\/1\/atividades\/\"><figure class=\"swiper-slide-inner\"><img decoding=\"async\" class=\"swiper-slide-image\" src=\"https:\/\/www.gem.pt\/wp-content\/uploads\/2020\/05\/Atividades_0_9.jpg\" alt=\"Travessias\" \/><figcaption class=\"elementor-image-carousel-caption\">Travessias<\/figcaption><\/figure><\/a><\/div><div class=\"swiper-slide\" role=\"group\" aria-roledescription=\"slide\" aria-label=\"3 of 9\"><a data-elementor-open-lightbox=\"yes\" data-elementor-lightbox-slideshow=\"f61b756\" data-elementor-lightbox-title=\"Atividades_0_8\" data-e-action-hash=\"#elementor-action%3Aaction%3Dlightbox%26settings%3DeyJpZCI6OTQwLCJ1cmwiOiJodHRwczpcL1wvd3d3LmdlbS5wdFwvd3AtY29udGVudFwvdXBsb2Fkc1wvMjAyMFwvMDVcL0F0aXZpZGFkZXNfMF84LmpwZyIsInNsaWRlc2hvdyI6ImY2MWI3NTYifQ%3D%3D\" href=\"https:\/\/www.gem.pt\/1\/atividades\/\"><figure class=\"swiper-slide-inner\"><img decoding=\"async\" class=\"swiper-slide-image\" src=\"https:\/\/www.gem.pt\/wp-content\/uploads\/2020\/05\/Atividades_0_8.jpg\" alt=\"Alpinismo\" \/><figcaption class=\"elementor-image-carousel-caption\">Alpinismo<\/figcaption><\/figure><\/a><\/div><div class=\"swiper-slide\" role=\"group\" aria-roledescription=\"slide\" aria-label=\"4 of 9\"><a data-elementor-open-lightbox=\"yes\" data-elementor-lightbox-slideshow=\"f61b756\" data-elementor-lightbox-title=\"Atividades_0_14-1\" data-e-action-hash=\"#elementor-action%3Aaction%3Dlightbox%26settings%3DeyJpZCI6OTQ2LCJ1cmwiOiJodHRwczpcL1wvd3d3LmdlbS5wdFwvd3AtY29udGVudFwvdXBsb2Fkc1wvMjAyMFwvMDVcL0F0aXZpZGFkZXNfMF8xNC0xLmpwZyIsInNsaWRlc2hvdyI6ImY2MWI3NTYifQ%3D%3D\" href=\"https:\/\/www.gem.pt\/1\/atividades\/\"><figure class=\"swiper-slide-inner\"><img decoding=\"async\" class=\"swiper-slide-image\" src=\"https:\/\/www.gem.pt\/wp-content\/uploads\/2020\/05\/Atividades_0_14-1.jpg\" alt=\"Canoagem\" \/><figcaption class=\"elementor-image-carousel-caption\">Canoagem<\/figcaption><\/figure><\/a><\/div><div class=\"swiper-slide\" role=\"group\" aria-roledescription=\"slide\" aria-label=\"5 of 9\"><a data-elementor-open-lightbox=\"yes\" data-elementor-lightbox-slideshow=\"f61b756\" data-elementor-lightbox-title=\"Atividades_0_15\" data-e-action-hash=\"#elementor-action%3Aaction%3Dlightbox%26settings%3DeyJpZCI6MjE0NjYsInVybCI6Imh0dHBzOlwvXC93d3cuZ2VtLnB0XC93cC1jb250ZW50XC91cGxvYWRzXC8yMDI1XC8wOFwvQXRpdmlkYWRlc18wXzE1LmpwZyIsInNsaWRlc2hvdyI6ImY2MWI3NTYifQ%3D%3D\" href=\"https:\/\/www.gem.pt\/1\/atividades\/\"><figure class=\"swiper-slide-inner\"><img decoding=\"async\" class=\"swiper-slide-image\" src=\"https:\/\/www.gem.pt\/wp-content\/uploads\/2025\/08\/Atividades_0_15.jpg\" alt=\"Limpeza Ambiental\" \/><figcaption class=\"elementor-image-carousel-caption\">Limpeza Ambiental<\/figcaption><\/figure><\/a><\/div><div class=\"swiper-slide\" role=\"group\" aria-roledescription=\"slide\" aria-label=\"6 of 9\"><a data-elementor-open-lightbox=\"yes\" data-elementor-lightbox-slideshow=\"f61b756\" data-elementor-lightbox-title=\"Atividades_0_16\" data-e-action-hash=\"#elementor-action%3Aaction%3Dlightbox%26settings%3DeyJpZCI6MjE0NjcsInVybCI6Imh0dHBzOlwvXC93d3cuZ2VtLnB0XC93cC1jb250ZW50XC91cGxvYWRzXC8yMDI1XC8wOFwvQXRpdmlkYWRlc18wXzE2LmpwZyIsInNsaWRlc2hvdyI6ImY2MWI3NTYifQ%3D%3D\" href=\"https:\/\/www.gem.pt\/1\/atividades\/\"><figure class=\"swiper-slide-inner\"><img decoding=\"async\" class=\"swiper-slide-image\" src=\"https:\/\/www.gem.pt\/wp-content\/uploads\/2025\/08\/Atividades_0_16.jpg\" alt=\"Dia da Crian\u00e7a\" \/><figcaption class=\"elementor-image-carousel-caption\">Dia da Crian\u00e7a<\/figcaption><\/figure><\/a><\/div><div class=\"swiper-slide\" role=\"group\" aria-roledescription=\"slide\" aria-label=\"7 of 9\"><a data-elementor-open-lightbox=\"yes\" data-elementor-lightbox-slideshow=\"f61b756\" data-elementor-lightbox-title=\"Atividades_0_17\" data-e-action-hash=\"#elementor-action%3Aaction%3Dlightbox%26settings%3DeyJpZCI6MjE0NjgsInVybCI6Imh0dHBzOlwvXC93d3cuZ2VtLnB0XC93cC1jb250ZW50XC91cGxvYWRzXC8yMDI1XC8wOFwvQXRpdmlkYWRlc18wXzE3LmpwZyIsInNsaWRlc2hvdyI6ImY2MWI3NTYifQ%3D%3D\" href=\"https:\/\/www.gem.pt\/1\/atividades\/\"><figure class=\"swiper-slide-inner\"><img decoding=\"async\" class=\"swiper-slide-image\" src=\"https:\/\/www.gem.pt\/wp-content\/uploads\/2025\/08\/Atividades_0_17.jpg\" alt=\"Colabora\u00e7\u00e3o com Institui\u00e7\u00f5es\" \/><figcaption class=\"elementor-image-carousel-caption\">Colabora\u00e7\u00e3o com Institui\u00e7\u00f5es<\/figcaption><\/figure><\/a><\/div><div class=\"swiper-slide\" role=\"group\" aria-roledescription=\"slide\" aria-label=\"8 of 9\"><a data-elementor-open-lightbox=\"yes\" data-elementor-lightbox-slideshow=\"f61b756\" data-elementor-lightbox-title=\"Atividades_0_7-1\" data-e-action-hash=\"#elementor-action%3Aaction%3Dlightbox%26settings%3DeyJpZCI6OTM5LCJ1cmwiOiJodHRwczpcL1wvd3d3LmdlbS5wdFwvd3AtY29udGVudFwvdXBsb2Fkc1wvMjAyMFwvMDVcL0F0aXZpZGFkZXNfMF83LTEuanBnIiwic2xpZGVzaG93IjoiZjYxYjc1NiJ9\" href=\"https:\/\/www.gem.pt\/1\/atividades\/\"><figure class=\"swiper-slide-inner\"><img decoding=\"async\" class=\"swiper-slide-image\" src=\"https:\/\/www.gem.pt\/wp-content\/uploads\/2020\/05\/Atividades_0_7-1.jpg\" alt=\"Snorkeling\" \/><figcaption class=\"elementor-image-carousel-caption\">Snorkeling<\/figcaption><\/figure><\/a><\/div><div class=\"swiper-slide\" role=\"group\" aria-roledescription=\"slide\" aria-label=\"9 of 9\"><a data-elementor-open-lightbox=\"yes\" data-elementor-lightbox-slideshow=\"f61b756\" data-elementor-lightbox-title=\"Atividades_0_10-1\" data-e-action-hash=\"#elementor-action%3Aaction%3Dlightbox%26settings%3DeyJpZCI6OTQyLCJ1cmwiOiJodHRwczpcL1wvd3d3LmdlbS5wdFwvd3AtY29udGVudFwvdXBsb2Fkc1wvMjAyMFwvMDVcL0F0aXZpZGFkZXNfMF8xMC0xLmpwZyIsInNsaWRlc2hvdyI6ImY2MWI3NTYifQ%3D%3D\" href=\"https:\/\/www.gem.pt\/1\/atividades\/\"><figure class=\"swiper-slide-inner\"><img decoding=\"async\" class=\"swiper-slide-image\" src=\"https:\/\/www.gem.pt\/wp-content\/uploads\/2020\/05\/Atividades_0_10-1.jpg\" alt=\"Mergulho\" \/><figcaption class=\"elementor-image-carousel-caption\">Mergulho<\/figcaption><\/figure><\/a><\/div>\t\t\t<\/div>\n\t\t\t\t\t\t\t\n\t\t\t\t\t\t\t\t\t<div class=\"swiper-pagination\"><\/div>\n\t\t\t\t\t\t\t\t\t<\/div>\n\t\t\t\t\t\t<\/div>\n\t\t\t\t<\/div>\n\t\t\t\t\t<\/div>\n\t\t<\/div>\n\t\t\t\t\t<\/div>\n\t\t<\/section>\n\t\t\t\t<\/div>\n\t\t","protected":false},"excerpt":{"rendered":"<p>Outras Atividades Atividades de Ar Livre &nbsp; Atualmente o&nbsp;GEM&nbsp;organiza tamb\u00e9m&nbsp;outras atividades para al\u00e9m das que&nbsp;originaram&nbsp;o grupo. S\u00e3o elas o alpinismo, canoagem, snorkeling, mergulho, coastering, canorafting, entre outras. &nbsp; Seja no mar, no rio ou na&nbsp;montanha, s\u00e3o v\u00e1rias as atividades que podemos praticar no GEM, algumas em estreita colabora\u00e7\u00e3o com os nossos parceiros, como \u00e9 o [&hellip;]<\/p>\n","protected":false},"author":1,"featured_media":0,"parent":890,"menu_order":8,"comment_status":"closed","ping_status":"closed","template":"","meta":{"footnotes":""},"class_list":["post-1216","page","type-page","status-publish","hentry"],"_links":{"self":[{"href":"https:\/\/www.gem.pt\/1\/en\/wp-json\/wp\/v2\/pages\/1216","targetHints":{"allow":["GET"]}}],"collection":[{"href":"https:\/\/www.gem.pt\/1\/en\/wp-json\/wp\/v2\/pages"}],"about":[{"href":"https:\/\/www.gem.pt\/1\/en\/wp-json\/wp\/v2\/types\/page"}],"author":[{"embeddable":true,"href":"https:\/\/www.gem.pt\/1\/en\/wp-json\/wp\/v2\/users\/1"}],"replies":[{"embeddable":true,"href":"https:\/\/www.gem.pt\/1\/en\/wp-json\/wp\/v2\/comments?post=1216"}],"version-history":[{"count":0,"href":"https:\/\/www.gem.pt\/1\/en\/wp-json\/wp\/v2\/pages\/1216\/revisions"}],"up":[{"embeddable":true,"href":"https:\/\/www.gem.pt\/1\/en\/wp-json\/wp\/v2\/pages\/890"}],"wp:attachment":[{"href":"https:\/\/www.gem.pt\/1\/en\/wp-json\/wp\/v2\/media?parent=1216"}],"curies":[{"name":"wp","href":"https:\/\/api.w.org\/{rel}","templated":true}]}}