{"id":1198,"date":"2020-05-30T21:15:44","date_gmt":"2020-05-30T20:15:44","guid":{"rendered":"https:\/\/www.gem.pt\/@teste\/?page_id=1198"},"modified":"2025-08-05T20:47:23","modified_gmt":"2025-08-05T19:47:23","slug":"canyoning","status":"publish","type":"page","link":"https:\/\/www.gem.pt\/1\/en\/atividades\/canyoning\/","title":{"rendered":"Canyoning"},"content":{"rendered":"<style>.elementor-1198 .elementor-element.elementor-element-9bd6efa > .elementor-container{min-height:400px;}.elementor-1198 .elementor-element.elementor-element-9bd6efa > .elementor-container > .elementor-column > .elementor-widget-wrap{align-content:center;align-items:center;}.elementor-1198 .elementor-element.elementor-element-9bd6efa .elementor-background-slideshow__slide__image{background-size:cover;background-position:center center;}.elementor-1198 .elementor-element.elementor-element-9bd6efa{transition:background 0.3s, border 0.3s, border-radius 0.3s, box-shadow 0.3s;max-height:400px;min-height:400px;}.elementor-1198 .elementor-element.elementor-element-9bd6efa > .elementor-background-overlay{transition:background 0.3s, border-radius 0.3s, opacity 0.3s;}.elementor-1198 .elementor-element.elementor-element-9bd6efa > .elementor-shape-bottom svg{width:calc(160% + 1.3px);height:140px;transform:translateX(-50%) rotateY(180deg);}.elementor-1198 .elementor-element.elementor-element-f8b07de.elementor-column > .elementor-widget-wrap{justify-content:center;}.elementor-1198 .elementor-element.elementor-element-f8b07de > .elementor-element-populated{margin:0px 0px -10px 0px;--e-column-margin-right:0px;--e-column-margin-left:0px;}.elementor-1198 .elementor-element.elementor-element-d0f9003{text-align:end;max-width:1190px;}.elementor-1198 .elementor-element.elementor-element-d0f9003 .elementor-heading-title{text-shadow:3px 3px 4px rgba(0,0,0,0.3);}.elementor-1198 .elementor-element.elementor-element-2d69bba{margin-top:20px;margin-bottom:0px;}.elementor-1198 .elementor-element.elementor-element-023f42b.elementor-column > .elementor-widget-wrap{justify-content:center;}.elementor-1198 .elementor-element.elementor-element-26f86ef.elementor-column > .elementor-widget-wrap{justify-content:center;}.elementor-1198 .elementor-element.elementor-element-6c38c16.ekit-equal-height-enable,\n\t\t\t\t\t.elementor-1198 .elementor-element.elementor-element-6c38c16.ekit-equal-height-enable > div,\n\t\t\t\t\t.elementor-1198 .elementor-element.elementor-element-6c38c16.ekit-equal-height-enable .ekit-wid-con,\n\t\t\t\t\t.elementor-1198 .elementor-element.elementor-element-6c38c16.ekit-equal-height-enable .ekit-wid-con .elementskit-infobox{height:100%;}.elementor-1198 .elementor-element.elementor-element-6c38c16 .elementskit-infobox{background-color:#F2F2F2;padding:10px 20px 10px 20px;box-shadow:0px 0px 10px 0px rgba(0,0,0,0.5);border-style:solid;border-width:1px 1px 1px 1px;border-color:#f5f5f5;border-radius:20px 20px 20px 20px;}.elementor-1198 .elementor-element.elementor-element-6c38c16 .elementskit-infobox:hover{box-shadow:0px 0px 5px 0px rgba(0,0,0,0.5);}.elementor-1198 .elementor-element.elementor-element-6c38c16 .elementskit-infobox .elementskit-info-box-title{margin:4px 0px 0px 0px;padding:0px 0px 0px 0px;color:#000000;font-size:20px;}.elementor-1198 .elementor-element.elementor-element-6c38c16 .elementskit-infobox:hover .elementskit-info-box-title{color:#000000;}.elementor-1198 .elementor-element.elementor-element-6c38c16 .elementskit-infobox .box-body > p{color:#656565;}.elementor-1198 .elementor-element.elementor-element-6c38c16 .elementskit-infobox:hover .box-body > p{color:#656565;}.elementor-1198 .elementor-element.elementor-element-6c38c16 .elementskit-info-box-icon{color:#656565;fill:#656565;}.elementor-1198 .elementor-element.elementor-element-6c38c16 .elementskit-infobox .elementskit-info-box-icon{font-size:40px;transform:rotate(0deg);}.elementor-1198 .elementor-element.elementor-element-6c38c16 .elementskit-infobox .elementskit-box-header .elementskit-info-box-icon{margin:0px 20px 0px 0px;}.elementor-1198 .elementor-element.elementor-element-6c38c16 .elementskit-infobox.gradient-active::before{background-color:transparent;background-image:radial-gradient(at center center, #FFA600 0%, #FFE9BB 100%);}.elementor-1198 .elementor-element.elementor-element-6c38c16{max-width:450px;}.elementor-1198 .elementor-element.elementor-element-42f0f77.elementor-column > .elementor-widget-wrap{justify-content:center;}@media(max-width:1024px){.elementor-1198 .elementor-element.elementor-element-d0f9003{text-align:end;max-width:100%;}}@media(max-width:767px){.elementor-1198 .elementor-element.elementor-element-d0f9003{text-align:end;max-width:100%;}}<\/style>\t\t<div data-elementor-type=\"wp-page\" data-elementor-id=\"1198\" class=\"elementor elementor-1198\">\n\t\t\t\t\t\t<section class=\"elementor-section elementor-top-section elementor-element elementor-element-9bd6efa elementor-section-full_width elementor-section-height-min-height elementor-section-items-bottom elementor-section-content-middle elementor-section-height-default\" data-id=\"9bd6efa\" data-element_type=\"section\" data-e-type=\"section\" data-settings=\"{&quot;background_background&quot;:&quot;slideshow&quot;,&quot;background_slideshow_gallery&quot;:[{&quot;id&quot;:1442,&quot;url&quot;:&quot;https:\\\/\\\/www.gem.pt\\\/wp-content\\\/uploads\\\/2020\\\/06\\\/Atividades_5_0.jpg&quot;}],&quot;shape_divider_bottom&quot;:&quot;opacity-tilt&quot;,&quot;background_slideshow_slide_transition&quot;:&quot;fade&quot;}\">\n\t\t\t\t\t<div class=\"elementor-shape elementor-shape-bottom\" aria-hidden=\"true\" data-negative=\"false\">\n\t\t\t<svg xmlns=\"http:\/\/www.w3.org\/2000\/svg\" viewBox=\"0 0 2600 131.1\" preserveAspectRatio=\"none\">\n\t<path class=\"elementor-shape-fill\" d=\"M0 0L2600 0 2600 69.1 0 0z\"\/>\n\t<path class=\"elementor-shape-fill\" style=\"opacity:0.5\" d=\"M0 0L2600 0 2600 69.1 0 69.1z\"\/>\n\t<path class=\"elementor-shape-fill\" style=\"opacity:0.25\" d=\"M2600 0L0 0 0 130.1 2600 69.1z\"\/>\n<\/svg>\t\t<\/div>\n\t\t\t\t\t<div class=\"elementor-container elementor-column-gap-default\">\n\t\t\t\t\t<div class=\"aux-parallax-section elementor-column elementor-col-100 elementor-top-column elementor-element elementor-element-f8b07de\" data-id=\"f8b07de\" data-element_type=\"column\" data-e-type=\"column\">\n\t\t\t<div class=\"elementor-widget-wrap elementor-element-populated\">\n\t\t\t\t\t\t<div class=\"elementor-element elementor-element-d0f9003 elementor-widget elementor-widget-heading\" data-id=\"d0f9003\" data-element_type=\"widget\" data-e-type=\"widget\" data-widget_type=\"heading.default\">\n\t\t\t\t<div class=\"elementor-widget-container\">\n\t\t\t\t\t<h1 class=\"elementor-heading-title elementor-size-default\">Canyoning<\/h1>\t\t\t\t<\/div>\n\t\t\t\t<\/div>\n\t\t\t\t\t<\/div>\n\t\t<\/div>\n\t\t\t\t\t<\/div>\n\t\t<\/section>\n\t\t\t\t<section class=\"elementor-section elementor-top-section elementor-element elementor-element-2d69bba elementor-section-boxed elementor-section-height-default elementor-section-height-default\" data-id=\"2d69bba\" data-element_type=\"section\" data-e-type=\"section\">\n\t\t\t\t\t\t<div class=\"elementor-container elementor-column-gap-default\">\n\t\t\t\t\t<div class=\"aux-parallax-section elementor-column elementor-col-100 elementor-top-column elementor-element elementor-element-023f42b\" data-id=\"023f42b\" data-element_type=\"column\" data-e-type=\"column\">\n\t\t\t<div class=\"elementor-widget-wrap elementor-element-populated\">\n\t\t\t\t\t\t<div class=\"elementor-element elementor-element-c8fc423 elementor-widget elementor-widget-text-editor\" data-id=\"c8fc423\" data-element_type=\"widget\" data-e-type=\"widget\" data-widget_type=\"text-editor.default\">\n\t\t\t\t<div class=\"elementor-widget-container\">\n\t\t\t\t\t\t\t\t\t<p><span style=\"caret-color: #e78b00; color: #e78b00; font-family: Questrial; font-size: 20px; letter-spacing: normal; white-space: pre-line;\">Canyoning no GEM<\/span><\/p><div style=\"letter-spacing: normal; margin: 0px; padding: 0px; caret-color: #000000; color: #000000; font-family: Questrial; text-align: justify; white-space: pre-line; line-height: 0.5;\">\u00a0<\/div><p><img fetchpriority=\"high\" decoding=\"async\" class=\"alignright wp-image-1207\" src=\"https:\/\/www.gem.pt\/wp-content\/uploads\/2020\/05\/Atividades_5_1.jpg\" alt=\"\" width=\"375\" height=\"500\" \/><\/p><div style=\"letter-spacing: normal; margin: 0px; padding: 0px; caret-color: #000000; color: #000000; font-family: Questrial; text-align: justify; white-space: pre-line;\">O Canyoning \u00e9 a arte de explorar os cursos de \u00e1gua encaixados em montanhas \u2014 descendo rios selvagens, saltando em po\u00e7os cristalinos, escorregando por tobog\u00e3s naturais, e rapelando cascatas vertiginosas. \u00c9 uma experi\u00eancia intensa, onde o corpo e a mente se ligam ao ritmo da \u00e1gua e \u00e0 for\u00e7a da natureza. \u00c9 um desporto para quem gosta de aventuras. Consiste na explora\u00e7\u00e3o progressiva de um rio, transpondo os obst\u00e1culos verticais e anf\u00edbios, atrav\u00e9s de diversas t\u00e9cnicas e equipamentos.<\/div><div>\u00a0<\/div><div style=\"letter-spacing: normal; margin: 0px; padding: 0px; caret-color: #000000; color: #000000; font-family: Questrial; text-align: justify; white-space: pre-line;\">Cada canyon \u00e9 \u00fanico. A progress\u00e3o faz-se passo a passo, metro a metro, sempre com uma pitada de surpresa: uma nova queda de \u00e1gua, um lago escondido, um estreito desafiante. Este dinamismo faz do canyoning uma atividade viciante, onde cada descida \u00e9 uma hist\u00f3ria diferente.<\/div><div>\u00a0<\/div><div style=\"letter-spacing: normal; margin: 0px; padding: 0px; caret-color: #000000; color: #000000; font-family: Questrial; text-align: justify; white-space: pre-line;\">Apesar de parecer radical, o canyoning praticado com o GEM \u00e9 seguro e acess\u00edvel. Usamos equipamentos de alta qualidade, t\u00e9cnicas comprovadas e privilegiamos sempre a forma\u00e7\u00e3o cont\u00ednua. A seguran\u00e7a nasce do conhecimento \u2014 e \u00e9 por isso que, no GEM, a aprendizagem anda de m\u00e3os dadas com a aventura.<\/div><div>\u00a0<\/div><div style=\"letter-spacing: normal; margin: 0px; padding: 0px; caret-color: #000000; color: #000000; font-family: Questrial; text-align: justify; white-space: pre-line;\">Mais do que uma pr\u00e1tica desportiva, o canyoning \u00e9 um mergulho no cora\u00e7\u00e3o da natureza, onde o esp\u00edrito de equipa, a supera\u00e7\u00e3o pessoal e o respeito pelo ambiente s\u00e3o insepar\u00e1veis. No GEM, vivemos o canyoning como um desafio&#8230; e uma celebra\u00e7\u00e3o da vida ao ar livre.<\/div><div>\u00a0<\/div><div style=\"letter-spacing: normal; margin: 0px; padding: 0px; caret-color: #000000; color: #000000; font-family: Questrial; text-align: justify; white-space: pre-line;\">Em Portugal poder\u00e1 realizar Canyoning essencialmente na Serra da Freita, Serra da Arada, Serra de Montemuro, Serra do Ger\u00eas, Serra Amarela, Serra da Peneda, Serra de Arga, Serra da Estrela, Zona de Vila Real, Zona de Leiria e centro).<\/div>\t\t\t\t\t\t\t\t<\/div>\n\t\t\t\t<\/div>\n\t\t\t\t\t<\/div>\n\t\t<\/div>\n\t\t\t\t\t<\/div>\n\t\t<\/section>\n\t\t\t\t<section class=\"elementor-section elementor-top-section elementor-element elementor-element-2a7dcdd elementor-section-boxed elementor-section-height-default elementor-section-height-default\" data-id=\"2a7dcdd\" data-element_type=\"section\" data-e-type=\"section\">\n\t\t\t\t\t\t<div class=\"elementor-container elementor-column-gap-default\">\n\t\t\t\t\t<div class=\"aux-parallax-section elementor-column elementor-col-100 elementor-top-column elementor-element elementor-element-26f86ef\" data-id=\"26f86ef\" data-element_type=\"column\" data-e-type=\"column\">\n\t\t\t<div class=\"elementor-widget-wrap elementor-element-populated\">\n\t\t\t\t\t\t<div class=\"elementor-element elementor-element-9d0c8c2 elementor-widget elementor-widget-text-editor\" data-id=\"9d0c8c2\" data-element_type=\"widget\" data-e-type=\"widget\" data-widget_type=\"text-editor.default\">\n\t\t\t\t<div class=\"elementor-widget-container\">\n\t\t\t\t\t\t\t\t\t<div style=\"letter-spacing: normal; margin: 0px; padding: 0px; caret-color: #000000; color: #000000; font-family: Questrial; text-align: justify; white-space: pre-line;\">Poder\u00e1 ainda praticar Canyoning nas Ilhas da <a href=\"https:\/\/canyoning.camadeira.com\/canyons\/\">Madeira<\/a> e <a href=\"https:\/\/desnivel.pt\/product\/por-caminhos-de-agua-nos-acores-guia-de-canyoning\/\">A\u00e7ores<\/a>. Caso pretenda ter mais informa\u00e7\u00e3o e croquis dos rios de Portugal, poder\u00e1 adquirir <a href=\"https:\/\/desnivel.pt\/product\/canyoning-em-portugal-continente-madeira-e-acores\/\">o melhor livro da atualidade na Desnivel<\/a>.<\/div><div>\u00a0<\/div><div style=\"letter-spacing: normal; margin: 0px; padding: 0px; caret-color: #000000; color: #000000; font-family: Questrial; text-align: justify; white-space: pre-line;\"><strong>No mapa abaixo poder\u00e1 encontrar toda a informa\u00e7\u00e3o que necessita sobre Canyoning em Portugal Continental. Sendo provavelmente o s\u00edtio mais completo que poder\u00e1 consultar, aqui poder\u00e1 aceder aos pontos importantes de todos os rios conhecidos (Estacionamentos, Inicio e Fim dos rios, navegar trajetos Wikiloc\/GPX, ver os croquis p\u00fablicos ou outra informa\u00e7\u00e3o relevante sempre no ponto de in\u00edcio de cada rio assinalado a verde. Tamb\u00e9m pode ver sugest\u00f5es de alojamentos ou restaurantes nas redondezas, entre outros).<\/strong><\/div><div>\u00a0<\/div><div style=\"letter-spacing: normal; margin: 0px; padding: 0px; caret-color: #000000; color: #000000; font-family: Questrial; text-align: justify; white-space: pre-line;\"><em>Para sugest\u00f5es\/corre\u00e7\u00f5es, melhoramentos ou informa\u00e7\u00e3o para adicionar ao mapa, por favor envie email para <\/em><a href=\"mailto:canyoning@gem.pt\"><em>canyoning@gem.pt<\/em><\/a>.<\/div>\t\t\t\t\t\t\t\t<\/div>\n\t\t\t\t<\/div>\n\t\t\t\t<div class=\"elementor-element elementor-element-6c38c16 ekit-equal-height-disable elementor-widget elementor-widget-elementskit-icon-box\" data-id=\"6c38c16\" data-element_type=\"widget\" data-e-type=\"widget\" data-widget_type=\"elementskit-icon-box.default\">\n\t\t\t\t<div class=\"elementor-widget-container\">\n\t\t\t\t\t<div class=\"ekit-wid-con\" >        <!-- link opening -->\n                <a href=\"\/index.php\/canyoning\/mapa-de-canyoning\/\" class=\"ekit_global_links\">\n                <!-- end link opening -->\n\n        <div class=\"elementskit-infobox text-left text-left icon-lef-right-aligin elementor-animation-grow media gradient-active  hover_from_left\">\n                    <div class=\"elementskit-box-header elementor-animation-\">\n                <div class=\"elementskit-info-box-icon  text-center\">\n                    <i aria-hidden=\"true\" class=\"elementkit-infobox-icon fas fa-map-marked-alt\"><\/i>\n                <\/div>\n          <\/div>\n                        <div class=\"box-body\">\n                            <h3 class=\"elementskit-info-box-title\">\n                    Mapa de Canyoning em Portugal                <\/h3>\n                                            <\/div>\n        \n        \n                <\/div>\n                <\/a>\n        <\/div>\t\t\t\t<\/div>\n\t\t\t\t<\/div>\n\t\t\t\t\t<\/div>\n\t\t<\/div>\n\t\t\t\t\t<\/div>\n\t\t<\/section>\n\t\t\t\t<section class=\"elementor-section elementor-top-section elementor-element elementor-element-fd28f72 elementor-section-boxed elementor-section-height-default elementor-section-height-default\" data-id=\"fd28f72\" data-element_type=\"section\" data-e-type=\"section\">\n\t\t\t\t\t\t<div class=\"elementor-container elementor-column-gap-default\">\n\t\t\t\t\t<div class=\"aux-parallax-section elementor-column elementor-col-100 elementor-top-column elementor-element elementor-element-42f0f77\" data-id=\"42f0f77\" data-element_type=\"column\" data-e-type=\"column\">\n\t\t\t<div class=\"elementor-widget-wrap elementor-element-populated\">\n\t\t\t\t\t\t<div class=\"elementor-element elementor-element-6f28d7a elementor-widget elementor-widget-text-editor\" data-id=\"6f28d7a\" data-element_type=\"widget\" data-e-type=\"widget\" data-widget_type=\"text-editor.default\">\n\t\t\t\t<div class=\"elementor-widget-container\">\n\t\t\t\t\t\t\t\t\t<div>\u00a0<\/div><div style=\"letter-spacing: normal; margin: 0px; padding: 0px; caret-color: #000000; color: #000000; font-family: Questrial; text-align: justify; white-space: pre-line;\">Caso pretenda ajudar no desenvolvimento deste trabalho e participar nas equipagens de rios para melhorar a seguran\u00e7a de todos os praticantes, poder\u00e1 efetuar um donativo ao GEM atrav\u00e9s do IBAN PT50 0035 0257 00015951130 62, ou participar numa atividade de Canyoning (poder\u00e1 escolher desde sa\u00eddas para iniciantes, aut\u00f3nomos ou at\u00e9 explora\u00e7\u00e3o e reconhecimento, bem como participar numa forma\u00e7\u00e3o de autonomia certificada pela ICA).<\/div><div>\u00a0<\/div><div style=\"letter-spacing: normal; margin: 0px; padding: 0px; caret-color: #000000; color: #000000; font-family: Questrial; text-align: justify; white-space: pre-line;\"><p>Vejam o nosso <a href=\"https:\/\/www.gem.pt\/1\/atividades\/plano-atividades\/\">Plano de Atividades Anual<\/a> para mais informa\u00e7\u00f5es.<\/p><p>Desfrutem!<\/p><\/div>\t\t\t\t\t\t\t\t<\/div>\n\t\t\t\t<\/div>\n\t\t\t\t\t<\/div>\n\t\t<\/div>\n\t\t\t\t\t<\/div>\n\t\t<\/section>\n\t\t\t\t<\/div>\n\t\t","protected":false},"excerpt":{"rendered":"<p>Canyoning Canyoning no GEM \u00a0 O Canyoning \u00e9 a arte de explorar os cursos de \u00e1gua encaixados em montanhas \u2014 descendo rios selvagens, saltando em po\u00e7os cristalinos, escorregando por tobog\u00e3s naturais, e rapelando cascatas vertiginosas. \u00c9 uma experi\u00eancia intensa, onde o corpo e a mente se ligam ao ritmo da \u00e1gua e \u00e0 for\u00e7a da [&hellip;]<\/p>\n","protected":false},"author":1,"featured_media":0,"parent":890,"menu_order":3,"comment_status":"closed","ping_status":"closed","template":"","meta":{"footnotes":""},"class_list":["post-1198","page","type-page","status-publish","hentry"],"_links":{"self":[{"href":"https:\/\/www.gem.pt\/1\/en\/wp-json\/wp\/v2\/pages\/1198","targetHints":{"allow":["GET"]}}],"collection":[{"href":"https:\/\/www.gem.pt\/1\/en\/wp-json\/wp\/v2\/pages"}],"about":[{"href":"https:\/\/www.gem.pt\/1\/en\/wp-json\/wp\/v2\/types\/page"}],"author":[{"embeddable":true,"href":"https:\/\/www.gem.pt\/1\/en\/wp-json\/wp\/v2\/users\/1"}],"replies":[{"embeddable":true,"href":"https:\/\/www.gem.pt\/1\/en\/wp-json\/wp\/v2\/comments?post=1198"}],"version-history":[{"count":0,"href":"https:\/\/www.gem.pt\/1\/en\/wp-json\/wp\/v2\/pages\/1198\/revisions"}],"up":[{"embeddable":true,"href":"https:\/\/www.gem.pt\/1\/en\/wp-json\/wp\/v2\/pages\/890"}],"wp:attachment":[{"href":"https:\/\/www.gem.pt\/1\/en\/wp-json\/wp\/v2\/media?parent=1198"}],"curies":[{"name":"wp","href":"https:\/\/api.w.org\/{rel}","templated":true}]}}