{"id":1088,"date":"2020-05-27T23:09:55","date_gmt":"2020-05-27T23:09:55","guid":{"rendered":"https:\/\/www.gem.pt\/@teste\/?page_id=1088"},"modified":"2025-05-17T20:02:16","modified_gmt":"2025-05-17T19:02:16","slug":"iniciacao-ao-alpinismo","status":"publish","type":"page","link":"https:\/\/www.gem.pt\/1\/en\/formacao\/iniciacao-ao-alpinismo\/","title":{"rendered":"Alpinism Initiation"},"content":{"rendered":"<style>.elementor-1088 .elementor-element.elementor-element-2c266a0e{color:#000000;}<\/style>\t\t<div data-elementor-type=\"wp-page\" data-elementor-id=\"1088\" class=\"elementor elementor-1088\">\n\t\t\t\t\t\t<section class=\"elementor-section elementor-top-section elementor-element elementor-element-38ede328 elementor-section-boxed elementor-section-height-default elementor-section-height-default\" data-id=\"38ede328\" data-element_type=\"section\" data-e-type=\"section\">\n\t\t\t\t\t\t<div class=\"elementor-container elementor-column-gap-default\">\n\t\t\t\t\t<div class=\"aux-parallax-section elementor-column elementor-col-100 elementor-top-column elementor-element elementor-element-297eb977\" data-id=\"297eb977\" data-element_type=\"column\" data-e-type=\"column\">\n\t\t\t<div class=\"elementor-widget-wrap elementor-element-populated\">\n\t\t\t\t\t\t<div class=\"elementor-element elementor-element-2c266a0e elementor-widget elementor-widget-text-editor\" data-id=\"2c266a0e\" data-element_type=\"widget\" data-e-type=\"widget\" data-widget_type=\"text-editor.default\">\n\t\t\t\t<div class=\"elementor-widget-container\">\n\t\t\t\t\t\t\t\t\t<p><span style=\"font-family: Questrial; font-size: 10px; letter-spacing: normal; white-space: pre-line;\">\u00a0<\/span><\/p><p><span style=\"letter-spacing: normal; caret-color: #444444; color: #444444; font-family: Questrial; font-size: 30px; white-space: pre-line;\">Curso de Inicia\u00e7\u00e3o ao Alpinismo<\/span><br \/><span style=\"letter-spacing: normal; caret-color: #e78b00; color: #e78b00; font-family: Questrial; font-size: 20px; white-space: pre-line;\">Curso b\u00e1sico\u00a0de T\u00e9cnicas Invernais em Montanha<\/span><\/p><div style=\"text-align: left;\"><hr \/><\/div><div>\u00a0<\/div><div><span style=\"letter-spacing: normal; font-family: Questrial; text-align: justify; white-space: pre-line;\">O curso de inicia\u00e7\u00e3o ao Alpinismo \u00e9 um curso intensivo de t\u00e9cnicas de montanha invernal e alpinismo, que consiste na obten\u00e7\u00e3o de conhecimentos b\u00e1sicos de t\u00e9cnicas invernais de montanha, por forma a realizar com seguran\u00e7a atividades de progress\u00e3o em montanha e ascens\u00f5es de dificuldade\u00a0relativamente baixa.<\/span><\/div><div style=\"text-align: left;\"><div style=\"letter-spacing: normal; margin: 0px; padding: 0px; caret-color: #000000; color: #000000; font-family: Questrial; white-space: pre-line; font-size: 5px; text-align: right;\">\u00a0<\/div><div style=\"letter-spacing: normal; margin: 0px; padding: 0px; caret-color: #000000; color: #000000; font-family: Questrial; text-align: justify; white-space: pre-line;\"><span style=\"letter-spacing: normal; font-family: Questrial; text-align: justify; white-space: pre-line;\"><img fetchpriority=\"high\" decoding=\"async\" class=\"alignright wp-image-1090\" src=\"https:\/\/www.gem.pt\/wp-content\/uploads\/2020\/05\/Formacao_3_1.jpg\" alt=\"\" width=\"452\" height=\"300\" \/><\/span>Inclui aulas te\u00f3ricas e pr\u00e1ticas, com\u00a0sa\u00eddas a locais com condi\u00e7\u00f5es para a pr\u00e1tica das t\u00e9cnicas de montanha em ambiente alpino.<\/div><div style=\"letter-spacing: normal; margin: 0px; padding: 0px; font-family: Questrial; text-align: justify; white-space: pre-line; font-size: 5px;\">\u00a0<\/div><div style=\"letter-spacing: normal; margin: 0px; padding: 0px; font-family: Questrial; text-align: justify; white-space: pre-line;\">O praticante fica habilitado a integrar equipas de cordada, dar seguran\u00e7a a companheiro e montar a sua pr\u00f3pria seguran\u00e7a.<\/div><div style=\"letter-spacing: normal; margin: 0px; padding: 0px; font-family: Questrial; text-align: justify; white-space: pre-line; font-size: 5px;\">\u00a0<\/div><div style=\"letter-spacing: normal; margin: 0px; padding: 0px; font-family: Questrial; text-align: justify; white-space: pre-line;\">Este curso\u00a0n\u00e3o confere credencia\u00e7\u00e3o t\u00e9cnica.<\/div><div style=\"letter-spacing: normal; margin: 0px; padding: 0px; caret-color: #000000; color: #000000; font-family: Questrial; text-align: justify; white-space: pre-line;\">\u00a0<\/div><div style=\"letter-spacing: normal; margin: 0px; padding: 0px; caret-color: #000000; color: #000000; font-family: Questrial; text-align: justify; white-space: pre-line;\"><span style=\"caret-color: #e78b00; color: #e78b00; font-size: 20px; text-align: left;\">Calend\u00e1rio e Inscri\u00e7\u00f5es<\/span><\/div><div style=\"letter-spacing: normal; margin: 0px; padding: 0px; caret-color: #000000; color: #000000; font-family: Questrial; text-align: justify; white-space: pre-line;\">Veja\u00a0no <span style=\"color: #ff8200;\"><u><a style=\"color: inherit;\" title=\"\" href=\"https:\/\/www.gem.pt\/1\/en\/atividades\/plano-atividades\/\" type=\"\" data-attached-link=\"{\">plano de <span style=\"color: #ff9900;\">atividades<\/span><\/a><\/u><\/span> as pr\u00f3ximas forma\u00e7\u00f5es de Inicia\u00e7\u00e3o ao Alpinismo. Para marca\u00e7\u00f5es de grupos ou outras datas contacte o GEM atrav\u00e9s do <span style=\"color: #ff8200;\"><u><a style=\"color: inherit;\" title=\"\" href=\"mailto:geral@gem.pt\" type=\"\" data-attached-link=\"{\">geral@gem.pt<\/a><\/u><\/span><u><\/u>.<\/div><div style=\"letter-spacing: normal; margin: 0px; padding: 0px; caret-color: #000000; color: #000000; font-family: Questrial; text-align: justify; white-space: pre-line;\">\u00a0<\/div><div style=\"letter-spacing: normal; margin: 0px; padding: 0px; caret-color: #000000; color: #000000; font-family: Questrial; text-align: justify; white-space: pre-line;\"><strong><u>Valor de inscri\u00e7\u00e3o<\/u><\/strong>:\u00a0Ver folheto do respetivo programa de forma\u00e7\u00e3o (inclui: equipamento coletivo de seguran\u00e7a, seguro pessoal, quota de s\u00f3cio tempor\u00e1rio, e certificado de forma\u00e7\u00e3o).<\/div><div style=\"letter-spacing: normal; margin: 0px; padding: 0px; caret-color: #000000; color: #000000; font-family: Questrial; text-align: justify; white-space: pre-line;\">\u00a0<\/div><div style=\"letter-spacing: normal; margin: 0px; padding: 0px; caret-color: #000000; color: #000000; font-family: Questrial; text-align: justify; white-space: pre-line;\"><strong><u>Formul\u00e1rio de Inscri\u00e7\u00e3o<\/u><\/strong>: Para se inscrever na forma\u00e7\u00e3o dever\u00e1 efetuar o pedido\u00a0para\u00a0<span class=\"theme-text-color-4-2\" style=\"color: #ff8200;\"><u><a class=\"wz-link\" style=\"color: inherit;\" title=\"\" href=\"mailto:geral@gem.pt\" type=\"\" data-attached-link=\"{\">geral@gem.pt<\/a><\/u><\/span>\u00a0dentro do prazo de inscri\u00e7\u00e3o,\u00a0juntamente com o comprovativo do pagamento do valor de inscri\u00e7\u00e3o, de acordo com as instru\u00e7\u00f5es do\u00a0folheto de divulga\u00e7\u00e3o da forma\u00e7\u00e3o. Se n\u00e3o for s\u00f3cio GEM, dever\u00e1 incluir no pedido a <span style=\"text-decoration: underline; color: #ff9900;\"><a style=\"color: #ff9900; text-decoration: underline;\" href=\"\/wp-content\/uploads\/2020\/09\/Proposta-de-Socio-Aderente_GEM_2017.pdf\" target=\"_blank\" rel=\"noopener\">proposta de s\u00f3cio aderente<\/a><\/span>\u00a0preenchida\u00a0por completo.<\/div><\/div>\t\t\t\t\t\t\t\t<\/div>\n\t\t\t\t<\/div>\n\t\t\t\t\t<\/div>\n\t\t<\/div>\n\t\t\t\t\t<\/div>\n\t\t<\/section>\n\t\t\t\t<\/div>","protected":false},"excerpt":{"rendered":"<p>\u00a0 Curso de Inicia\u00e7\u00e3o ao AlpinismoCurso b\u00e1sico\u00a0de T\u00e9cnicas Invernais em Montanha \u00a0O curso de inicia\u00e7\u00e3o ao Alpinismo \u00e9 um curso intensivo de t\u00e9cnicas de montanha invernal e alpinismo, que consiste na obten\u00e7\u00e3o de conhecimentos b\u00e1sicos de t\u00e9cnicas invernais de montanha, por forma a realizar com seguran\u00e7a atividades de progress\u00e3o em montanha e ascens\u00f5es de dificuldade\u00a0relativamente [&hellip;]<\/p>\n","protected":false},"author":1,"featured_media":0,"parent":867,"menu_order":2,"comment_status":"closed","ping_status":"closed","template":"","meta":{"footnotes":""},"class_list":["post-1088","page","type-page","status-publish","hentry"],"_links":{"self":[{"href":"https:\/\/www.gem.pt\/1\/en\/wp-json\/wp\/v2\/pages\/1088","targetHints":{"allow":["GET"]}}],"collection":[{"href":"https:\/\/www.gem.pt\/1\/en\/wp-json\/wp\/v2\/pages"}],"about":[{"href":"https:\/\/www.gem.pt\/1\/en\/wp-json\/wp\/v2\/types\/page"}],"author":[{"embeddable":true,"href":"https:\/\/www.gem.pt\/1\/en\/wp-json\/wp\/v2\/users\/1"}],"replies":[{"embeddable":true,"href":"https:\/\/www.gem.pt\/1\/en\/wp-json\/wp\/v2\/comments?post=1088"}],"version-history":[{"count":0,"href":"https:\/\/www.gem.pt\/1\/en\/wp-json\/wp\/v2\/pages\/1088\/revisions"}],"up":[{"embeddable":true,"href":"https:\/\/www.gem.pt\/1\/en\/wp-json\/wp\/v2\/pages\/867"}],"wp:attachment":[{"href":"https:\/\/www.gem.pt\/1\/en\/wp-json\/wp\/v2\/media?parent=1088"}],"curies":[{"name":"wp","href":"https:\/\/api.w.org\/{rel}","templated":true}]}}