{"id":10823,"date":"2021-04-30T01:07:35","date_gmt":"2021-04-30T00:07:35","guid":{"rendered":"https:\/\/www.gem.pt\/1\/?page_id=10823"},"modified":"2025-12-29T19:38:51","modified_gmt":"2025-12-29T19:38:51","slug":"revistas-gem","status":"publish","type":"page","link":"https:\/\/www.gem.pt\/1\/en\/publicacoes\/revistas-gem\/","title":{"rendered":"MEANDRO magazine"},"content":{"rendered":"<style>.elementor-10823 .elementor-element.elementor-element-2c266a0e{color:#000000;}.elementor-10823 .elementor-element.elementor-element-7be5971 > .elementor-element-populated{margin:10px 10px 10px 10px;--e-column-margin-right:10px;--e-column-margin-left:10px;}.elementor-10823 .elementor-element.elementor-element-ccbe7d6 > .elementor-element-populated{margin:10px 10px 10px 10px;--e-column-margin-right:10px;--e-column-margin-left:10px;}.elementor-10823 .elementor-element.elementor-element-7a1d786 > .elementor-element-populated{margin:10px 10px 10px 10px;--e-column-margin-right:10px;--e-column-margin-left:10px;}.elementor-10823 .elementor-element.elementor-element-0a5a654 > .elementor-element-populated{margin:10px 10px 10px 10px;--e-column-margin-right:10px;--e-column-margin-left:10px;}<\/style>\t\t<div data-elementor-type=\"wp-page\" data-elementor-id=\"10823\" class=\"elementor elementor-10823\">\n\t\t\t\t\t\t<section class=\"elementor-section elementor-top-section elementor-element elementor-element-38ede328 elementor-section-boxed elementor-section-height-default elementor-section-height-default\" data-id=\"38ede328\" data-element_type=\"section\" data-e-type=\"section\">\n\t\t\t\t\t\t<div class=\"elementor-container elementor-column-gap-default\">\n\t\t\t\t\t<div class=\"aux-parallax-section elementor-column elementor-col-100 elementor-top-column elementor-element elementor-element-297eb977\" data-id=\"297eb977\" data-element_type=\"column\" data-e-type=\"column\">\n\t\t\t<div class=\"elementor-widget-wrap elementor-element-populated\">\n\t\t\t\t\t\t<div class=\"elementor-element elementor-element-2c266a0e elementor-widget elementor-widget-text-editor\" data-id=\"2c266a0e\" data-element_type=\"widget\" data-e-type=\"widget\" data-widget_type=\"text-editor.default\">\n\t\t\t\t<div class=\"elementor-widget-container\">\n\t\t\t\t\t\t\t\t\t<p><span style=\"font-family: Questrial; font-size: 10px; letter-spacing: normal; white-space: pre-line;\">\u00a0<\/span><\/p><p><span style=\"caret-color: #444444; color: #444444; font-family: Questrial; font-size: 30px; letter-spacing: normal; white-space: pre-line;\">MEANDRO magazine<\/span><\/p><div style=\"text-align: left;\"><hr \/><\/div><div>\u00a0<\/div><div><span style=\"letter-spacing: normal; caret-color: #e78b00; color: #e78b00; font-family: Questrial; font-size: 20px; white-space: pre-line;\">The magazine which brings together the photographic, topographic and scientific works of GEM<\/span><\/div>\t\t\t\t\t\t\t\t<\/div>\n\t\t\t\t<\/div>\n\t\t\t\t\t<\/div>\n\t\t<\/div>\n\t\t\t\t\t<\/div>\n\t\t<\/section>\n\t\t\t\t<section class=\"elementor-section elementor-top-section elementor-element elementor-element-e5b9d3c elementor-section-boxed elementor-section-height-default elementor-section-height-default\" data-id=\"e5b9d3c\" data-element_type=\"section\" data-e-type=\"section\">\n\t\t\t\t\t\t<div class=\"elementor-container elementor-column-gap-default\">\n\t\t\t\t\t<div class=\"aux-parallax-section elementor-column elementor-col-25 elementor-top-column elementor-element elementor-element-7be5971\" data-id=\"7be5971\" data-element_type=\"column\" data-e-type=\"column\">\n\t\t\t<div class=\"elementor-widget-wrap elementor-element-populated\">\n\t\t\t\t\t\t<div class=\"elementor-element elementor-element-5266b41 elementor-widget elementor-widget-image\" data-id=\"5266b41\" data-element_type=\"widget\" data-e-type=\"widget\" data-widget_type=\"image.default\">\n\t\t\t\t<div class=\"elementor-widget-container\">\n\t\t\t\t\t\t\t\t\t\t\t\t\t\t\t\t<a href=\"https:\/\/www.gem.pt\/1\/en\/publicacoes\/newsletter\/pdfviewer\/?pdf=1rty4OXIclLAIWG-DcwIsGyEsaCP1hpNO\">\n\t\t\t\t\t\t\t<img decoding=\"async\" src=\"https:\/\/www.gem.pt\/wp-content\/uploads\/2024\/08\/MEANDRO_N4.jpg\" title=\"\" alt=\"\" class=\"elementor-animation-grow\" loading=\"lazy\" \/>\t\t\t\t\t\t\t\t<\/a>\n\t\t\t\t\t\t\t\t\t\t\t\t\t\t\t<\/div>\n\t\t\t\t<\/div>\n\t\t\t\t<div class=\"elementor-element elementor-element-1575fe8 elementor-widget elementor-widget-text-editor\" data-id=\"1575fe8\" data-element_type=\"widget\" data-e-type=\"widget\" data-widget_type=\"text-editor.default\">\n\t\t\t\t<div class=\"elementor-widget-container\">\n\t\t\t\t\t\t\t\t\t<div style=\"text-align: center;\"><span style=\"color: #000000;\">MEANDRO N.4 &#8211; 2018<\/span><\/div>\t\t\t\t\t\t\t\t<\/div>\n\t\t\t\t<\/div>\n\t\t\t\t\t<\/div>\n\t\t<\/div>\n\t\t\t\t<div class=\"aux-parallax-section elementor-column elementor-col-25 elementor-top-column elementor-element elementor-element-ccbe7d6\" data-id=\"ccbe7d6\" data-element_type=\"column\" data-e-type=\"column\">\n\t\t\t<div class=\"elementor-widget-wrap elementor-element-populated\">\n\t\t\t\t\t\t<div class=\"elementor-element elementor-element-9a21a77 elementor-widget elementor-widget-image\" data-id=\"9a21a77\" data-element_type=\"widget\" data-e-type=\"widget\" data-widget_type=\"image.default\">\n\t\t\t\t<div class=\"elementor-widget-container\">\n\t\t\t\t\t\t\t\t\t\t\t\t\t\t\t\t<a href=\"https:\/\/www.gem.pt\/1\/en\/publicacoes\/newsletter\/pdfviewer\/?pdf=1o0bM39M_oKXCva6pM2KMYe7p8KXvzQpg\">\n\t\t\t\t\t\t\t<img fetchpriority=\"high\" decoding=\"async\" width=\"240\" height=\"310\" src=\"https:\/\/www.gem.pt\/wp-content\/uploads\/2024\/08\/MEANDRO_N3.jpg\" class=\"elementor-animation-grow attachment-large size-large wp-image-19152\" alt=\"\" srcset=\"https:\/\/www.gem.pt\/wp-content\/uploads\/2024\/08\/MEANDRO_N3.jpg 240w, https:\/\/www.gem.pt\/wp-content\/uploads\/2024\/08\/MEANDRO_N3-9x12.jpg 9w\" sizes=\"(max-width: 240px) 100vw, 240px\" \/>\t\t\t\t\t\t\t\t<\/a>\n\t\t\t\t\t\t\t\t\t\t\t\t\t\t\t<\/div>\n\t\t\t\t<\/div>\n\t\t\t\t<div class=\"elementor-element elementor-element-2c0a0a8 elementor-widget elementor-widget-text-editor\" data-id=\"2c0a0a8\" data-element_type=\"widget\" data-e-type=\"widget\" data-widget_type=\"text-editor.default\">\n\t\t\t\t<div class=\"elementor-widget-container\">\n\t\t\t\t\t\t\t\t\t<div style=\"text-align: center;\"><span style=\"color: #000000;\">MEANDRO N.3 &#8211; 2017<\/span><\/div>\t\t\t\t\t\t\t\t<\/div>\n\t\t\t\t<\/div>\n\t\t\t\t\t<\/div>\n\t\t<\/div>\n\t\t\t\t<div class=\"aux-parallax-section elementor-column elementor-col-25 elementor-top-column elementor-element elementor-element-7a1d786\" data-id=\"7a1d786\" data-element_type=\"column\" data-e-type=\"column\">\n\t\t\t<div class=\"elementor-widget-wrap elementor-element-populated\">\n\t\t\t\t\t\t<div class=\"elementor-element elementor-element-42e2dc8 elementor-widget elementor-widget-image\" data-id=\"42e2dc8\" data-element_type=\"widget\" data-e-type=\"widget\" data-widget_type=\"image.default\">\n\t\t\t\t<div class=\"elementor-widget-container\">\n\t\t\t\t\t\t\t\t\t\t\t\t\t\t\t\t<a href=\"https:\/\/www.gem.pt\/1\/en\/publicacoes\/newsletter\/pdfviewer\/?pdf=1VqvAUB8Z6OmWpKT2XSnjkwQ0JAgwmCoP\">\n\t\t\t\t\t\t\t<img decoding=\"async\" width=\"240\" height=\"310\" src=\"https:\/\/www.gem.pt\/wp-content\/uploads\/2024\/08\/MEANDRO_N2.jpg\" class=\"elementor-animation-grow attachment-large size-large wp-image-19151\" alt=\"\" srcset=\"https:\/\/www.gem.pt\/wp-content\/uploads\/2024\/08\/MEANDRO_N2.jpg 240w, https:\/\/www.gem.pt\/wp-content\/uploads\/2024\/08\/MEANDRO_N2-9x12.jpg 9w\" sizes=\"(max-width: 240px) 100vw, 240px\" \/>\t\t\t\t\t\t\t\t<\/a>\n\t\t\t\t\t\t\t\t\t\t\t\t\t\t\t<\/div>\n\t\t\t\t<\/div>\n\t\t\t\t<div class=\"elementor-element elementor-element-bb9de3d elementor-widget elementor-widget-text-editor\" data-id=\"bb9de3d\" data-element_type=\"widget\" data-e-type=\"widget\" data-widget_type=\"text-editor.default\">\n\t\t\t\t<div class=\"elementor-widget-container\">\n\t\t\t\t\t\t\t\t\t<div style=\"text-align: center;\"><span style=\"color: #000000;\">MEANDRO N.2 &#8211; 2016<\/span><\/div>\t\t\t\t\t\t\t\t<\/div>\n\t\t\t\t<\/div>\n\t\t\t\t\t<\/div>\n\t\t<\/div>\n\t\t\t\t<div class=\"aux-parallax-section elementor-column elementor-col-25 elementor-top-column elementor-element elementor-element-0a5a654\" data-id=\"0a5a654\" data-element_type=\"column\" data-e-type=\"column\">\n\t\t\t<div class=\"elementor-widget-wrap elementor-element-populated\">\n\t\t\t\t\t\t<div class=\"elementor-element elementor-element-eeba346 elementor-widget elementor-widget-image\" data-id=\"eeba346\" data-element_type=\"widget\" data-e-type=\"widget\" data-widget_type=\"image.default\">\n\t\t\t\t<div class=\"elementor-widget-container\">\n\t\t\t\t\t\t\t\t\t\t\t\t\t\t\t\t<a href=\"https:\/\/www.gem.pt\/1\/en\/publicacoes\/newsletter\/pdfviewer\/?pdf=1SVHZ4_jz2VUCVefvDW_xO_SCSegq3LZC\">\n\t\t\t\t\t\t\t<img decoding=\"async\" width=\"240\" height=\"310\" src=\"https:\/\/www.gem.pt\/wp-content\/uploads\/2024\/08\/MEANDRO_N1.jpg\" class=\"elementor-animation-grow attachment-large size-large wp-image-19150\" alt=\"\" srcset=\"https:\/\/www.gem.pt\/wp-content\/uploads\/2024\/08\/MEANDRO_N1.jpg 240w, https:\/\/www.gem.pt\/wp-content\/uploads\/2024\/08\/MEANDRO_N1-9x12.jpg 9w\" sizes=\"(max-width: 240px) 100vw, 240px\" \/>\t\t\t\t\t\t\t\t<\/a>\n\t\t\t\t\t\t\t\t\t\t\t\t\t\t\t<\/div>\n\t\t\t\t<\/div>\n\t\t\t\t<div class=\"elementor-element elementor-element-89cf51f elementor-widget elementor-widget-text-editor\" data-id=\"89cf51f\" data-element_type=\"widget\" data-e-type=\"widget\" data-widget_type=\"text-editor.default\">\n\t\t\t\t<div class=\"elementor-widget-container\">\n\t\t\t\t\t\t\t\t\t<div style=\"text-align: center;\"><span style=\"color: #000000;\">MEANDRO N.1 &#8211; 2015<\/span><\/div>\t\t\t\t\t\t\t\t<\/div>\n\t\t\t\t<\/div>\n\t\t\t\t\t<\/div>\n\t\t<\/div>\n\t\t\t\t\t<\/div>\n\t\t<\/section>\n\t\t\t\t<section class=\"elementor-section elementor-top-section elementor-element elementor-element-8e5c178 elementor-section-boxed elementor-section-height-default elementor-section-height-default\" data-id=\"8e5c178\" data-element_type=\"section\" data-e-type=\"section\">\n\t\t\t\t\t\t<div class=\"elementor-container elementor-column-gap-default\">\n\t\t\t\t\t<div class=\"aux-parallax-section elementor-column elementor-col-100 elementor-top-column elementor-element elementor-element-a23035f\" data-id=\"a23035f\" data-element_type=\"column\" data-e-type=\"column\">\n\t\t\t<div class=\"elementor-widget-wrap elementor-element-populated\">\n\t\t\t\t\t\t<div class=\"elementor-element elementor-element-e67e8fc elementor-widget elementor-widget-text-editor\" data-id=\"e67e8fc\" data-element_type=\"widget\" data-e-type=\"widget\" data-widget_type=\"text-editor.default\">\n\t\t\t\t<div class=\"elementor-widget-container\">\n\t\t\t\t\t\t\t\t\t<div class=\"theme-text-style-bodyS\" style=\"letter-spacing: normal; margin: 0px; padding: 0px; font-family: Questrial; color: #000000; font-size: 14px; caret-color: #000000; text-align: justify; white-space: pre-line; line-height: 1.6;\" data-line-height=\"1.6\"><span style=\"font-size: 16px;\">You can purchase\u00a0<\/span><span style=\"font-size: medium;\"><span style=\"font-size: 16px;\">MEANDRO magazine in printed format\u00a0<\/span>sending your request to <span class=\"theme-text-color-3-4\"><u><a class=\"wz-link\" style=\"color: inherit;\" href=\"mailto:geral@gem.pt\" data-attached-link=\"{&quot;type&quot;:&quot;Email&quot;,&quot;url&quot;:&quot;geral@gem.pt&quot;,&quot;title&quot;:&quot;geral@gem.pt&quot;}\">geral@gem.pt<\/a><\/u><\/span><\/span><\/div><div class=\"theme-text-style-bodyS\" style=\"letter-spacing: normal; margin: 0px; padding: 0px; font-family: Questrial; color: #000000; font-size: 14px; caret-color: #000000; text-align: justify; white-space: pre-line; line-height: 1.6;\" data-line-height=\"1.6\"><span style=\"font-size: 16px;\">Custo da revista em formato impresso: 10\u20ac + despesas de envio.<\/span><\/div>\t\t\t\t\t\t\t\t<\/div>\n\t\t\t\t<\/div>\n\t\t\t\t\t<\/div>\n\t\t<\/div>\n\t\t\t\t\t<\/div>\n\t\t<\/section>\n\t\t\t\t<\/div>","protected":false},"excerpt":{"rendered":"<p>\u00a0 Revista MEANDRO \u00a0A revista\u00a0que re\u00fane os trabalhos fotogr\u00e1ficos, topogr\u00e1ficos e cient\u00edficos\u00a0do GEM MEANDRO N.4 &#8211; 2018 MEANDRO N.3 &#8211; 2017 MEANDRO N.2 &#8211; 2016 MEANDRO N.1 &#8211; 2015Pode adquirir\u00a0a revista MEANDRO em formato impresso\u00a0enviando o seu pedido para geral@gem.ptCusto da revista em formato impresso: 10\u20ac + despesas de envio.<\/p>","protected":false},"author":1,"featured_media":0,"parent":801,"menu_order":3,"comment_status":"closed","ping_status":"closed","template":"","meta":{"footnotes":""},"class_list":["post-10823","page","type-page","status-publish","hentry"],"_links":{"self":[{"href":"https:\/\/www.gem.pt\/1\/en\/wp-json\/wp\/v2\/pages\/10823","targetHints":{"allow":["GET"]}}],"collection":[{"href":"https:\/\/www.gem.pt\/1\/en\/wp-json\/wp\/v2\/pages"}],"about":[{"href":"https:\/\/www.gem.pt\/1\/en\/wp-json\/wp\/v2\/types\/page"}],"author":[{"embeddable":true,"href":"https:\/\/www.gem.pt\/1\/en\/wp-json\/wp\/v2\/users\/1"}],"replies":[{"embeddable":true,"href":"https:\/\/www.gem.pt\/1\/en\/wp-json\/wp\/v2\/comments?post=10823"}],"version-history":[{"count":0,"href":"https:\/\/www.gem.pt\/1\/en\/wp-json\/wp\/v2\/pages\/10823\/revisions"}],"up":[{"embeddable":true,"href":"https:\/\/www.gem.pt\/1\/en\/wp-json\/wp\/v2\/pages\/801"}],"wp:attachment":[{"href":"https:\/\/www.gem.pt\/1\/en\/wp-json\/wp\/v2\/media?parent=10823"}],"curies":[{"name":"wp","href":"https:\/\/api.w.org\/{rel}","templated":true}]}}