{"id":1065,"date":"2020-05-27T21:20:52","date_gmt":"2020-05-27T21:20:52","guid":{"rendered":"https:\/\/www.gem.pt\/@teste\/?page_id=1065"},"modified":"2020-09-24T11:27:18","modified_gmt":"2020-09-24T11:27:18","slug":"alcobertas","status":"publish","type":"page","link":"https:\/\/www.gem.pt\/1\/en\/projetos\/alcobertas\/","title":{"rendered":"Alcobertas (PNSAC)"},"content":{"rendered":"<style>.elementor-1065 .elementor-element.elementor-element-2c266a0e{color:#000000;}<\/style>\t\t<div data-elementor-type=\"wp-page\" data-elementor-id=\"1065\" class=\"elementor elementor-1065\">\n\t\t\t\t\t\t<section class=\"elementor-section elementor-top-section elementor-element elementor-element-38ede328 elementor-section-boxed elementor-section-height-default elementor-section-height-default\" data-id=\"38ede328\" data-element_type=\"section\" data-e-type=\"section\">\n\t\t\t\t\t\t<div class=\"elementor-container elementor-column-gap-default\">\n\t\t\t\t\t<div class=\"aux-parallax-section elementor-column elementor-col-100 elementor-top-column elementor-element elementor-element-297eb977\" data-id=\"297eb977\" data-element_type=\"column\" data-e-type=\"column\">\n\t\t\t<div class=\"elementor-widget-wrap elementor-element-populated\">\n\t\t\t\t\t\t<div class=\"elementor-element elementor-element-2c266a0e elementor-widget elementor-widget-text-editor\" data-id=\"2c266a0e\" data-element_type=\"widget\" data-e-type=\"widget\" data-widget_type=\"text-editor.default\">\n\t\t\t\t<div class=\"elementor-widget-container\">\n\t\t\t\t\t\t\t\t\t<div><span style=\"letter-spacing: normal; caret-color: #444444; color: #444444; font-family: Questrial; font-size: 30px; white-space: pre-line;\">\u00a0<\/span><\/div><div><span style=\"letter-spacing: normal; caret-color: #444444; color: #444444; font-family: Questrial; font-size: 30px; white-space: pre-line;\">Alcobertas Project<\/span><\/div><div><span style=\"letter-spacing: normal; caret-color: #e78b00; color: #e78b00; font-family: Questrial; font-size: 20px; white-space: pre-line;\">Survey of coordinates and topography of the cavities in the Alcobertas region<\/span><\/div><div><span style=\"letter-spacing: normal; caret-color: #e78b00; color: #e78b00; font-family: Questrial; font-size: 20px; white-space: pre-line;\">Ch\u00e3os, Alcobertas<\/span><\/div><div style=\"text-align: left;\"><div>\u00a0<\/div><hr \/><\/div><div style=\"letter-spacing: normal; margin: 0px; padding: 0px; caret-color: #000000; color: #000000; font-family: Questrial; text-align: justify; white-space: pre-line;\">\u00a0<\/div><div><img fetchpriority=\"high\" decoding=\"async\" class=\"alignright\" src=\"https:\/\/www.gem.pt\/wp-content\/uploads\/2020\/05\/Projetos_10_1.jpg\" alt=\"\" width=\"600\" height=\"356\" \/><\/div><div style=\"caret-color: #e78b00; color: #e78b00; font-family: Questrial; font-size: 20px; letter-spacing: normal; white-space: pre-line;\">Introdu\u00e7\u00e3o<\/div><div style=\"text-align: left;\"><div style=\"letter-spacing: normal; margin: 0px; padding: 0px; font-family: Questrial; text-align: justify; white-space: pre-line; line-height: 1.6;\" data-line-height=\"1.6\">Est\u00e1vamos n\u00f3s na constru\u00e7\u00e3o do nosso ref\u00fagio GEM, e no meio do p\u00f3, do suor e da boa disposi\u00e7\u00e3o, come\u00e7\u00e1mos a falar, sabe-se l\u00e1 porqu\u00ea, das poucas cavidades cadastradas ali para a zona das Alcobertas, Serra dos Candeeiros.<\/div><div style=\"letter-spacing: normal; margin: 0px; padding: 0px; font-family: Questrial; text-align: justify; white-space: pre-line; line-height: 0.5;\" data-line-height=\"0.5\">\u00a0<\/div><div style=\"letter-spacing: normal; margin: 0px; padding: 0px; font-family: Questrial; text-align: justify; white-space: pre-line;\">Com mais uma ideia daqui e outra dali, meia d\u00fazia de contactos depois o projeto j\u00e1 \u201ct\u00eam pernas para andar\u201d, e nasce assim o projeto das\u00a0Alcobertas<span style=\"font-size: medium;\">.<\/span><\/div><div>\u00a0<\/div><div>\u00a0<\/div><div>\u00a0<\/div><div>\u00a0<\/div><div>\u00a0<\/div><div>\u00a0<\/div><div>\u00a0<\/div><div>\u00a0<\/div><div style=\"letter-spacing: normal; margin: 0px; padding: 0px; font-family: Questrial; text-align: justify; white-space: pre-line;\"><span style=\"caret-color: #e78b00; color: #e78b00; font-size: 20px; text-align: left;\">Objetivos<\/span><\/div><ul><li style=\"letter-spacing: normal; font-family: Questrial; text-align: justify; white-space: pre-line;\">Topografia da gruta das Alcobertas, sendo esta, at\u00e9 ao momento, o \u201cex-libris\u201d da regi\u00e3o;<\/li><li style=\"letter-spacing: normal; font-family: Questrial; text-align: justify; white-space: pre-line;\">Levantamento das coordenadas de cavidades da regi\u00e3o, confirma\u00e7\u00e3o de coordenadas j\u00e1 existentes;<\/li><li style=\"letter-spacing: normal; font-family: Questrial; text-align: justify; white-space: pre-line;\">Enriquecimento de cada cavidade cadastrada com a respetiva topografia e ficha de equipagem;<\/li><li style=\"letter-spacing: normal; font-family: Questrial; text-align: justify; white-space: pre-line;\"><span style=\"letter-spacing: 0px;\">Cria\u00e7\u00e3o de \u00e1lbum fotogr\u00e1fico de cada cavidade, focando pontos interessantes e divulga\u00e7\u00e3o da espeleologia;<\/span><\/li><li style=\"letter-spacing: normal; font-family: Questrial; text-align: justify; white-space: pre-line;\"><span style=\"letter-spacing: 0px;\">Apresenta\u00e7\u00e3o do projeto na Cooperativa Terra Ch\u00e3, que tanto nos tem apoiado. Posteriormente, e ap\u00f3s a finaliza\u00e7\u00e3o e apresenta\u00e7\u00e3o do trabalho, este\u00a0ser\u00e1 divulgado na totalidade.<\/span><\/li><\/ul><div style=\"letter-spacing: normal; margin: 0px; padding: 0px; font-family: Questrial; text-align: justify; white-space: pre-line;\"><span style=\"letter-spacing: 0px;\">\u00a0<\/span><\/div><div style=\"letter-spacing: normal; margin: 0px; padding: 0px; font-family: Questrial; text-align: justify; white-space: pre-line;\"><span style=\"letter-spacing: 0px;\">O trabalho efetuado pode e deve servir para suporte da comunidade espele\u00f3loga em todas as suas vertentes.<\/span><\/div><div style=\"letter-spacing: normal; margin: 0px; padding: 0px; font-family: Questrial; text-align: justify; white-space: pre-line;\"><span style=\"font-size: 14px;\">\u00a0<\/span><\/div><div style=\"letter-spacing: normal; margin: 0px; padding: 0px; font-family: Questrial; text-align: justify; white-space: pre-line;\"><span style=\"font-size: 14px;\"><img decoding=\"async\" class=\"wp-image-1067 size-full aligncenter\" src=\"https:\/\/www.gem.pt\/wp-content\/uploads\/2020\/05\/Projetos_10_2.jpg\" alt=\"\" width=\"709\" height=\"399\" \/><\/span><\/div><\/div>\t\t\t\t\t\t\t\t<\/div>\n\t\t\t\t<\/div>\n\t\t\t\t\t<\/div>\n\t\t<\/div>\n\t\t\t\t\t<\/div>\n\t\t<\/section>\n\t\t\t\t<\/div>","protected":false},"excerpt":{"rendered":"<p>\u00a0Projeto AlcobertasLevantamento de coordenadas e topografia das cavidades da regi\u00e3o de AlcobertasCh\u00e3os, Alcobertas\u00a0 \u00a0Introdu\u00e7\u00e3oEst\u00e1vamos n\u00f3s na constru\u00e7\u00e3o do nosso ref\u00fagio GEM, e no meio do p\u00f3, do suor e da boa disposi\u00e7\u00e3o, come\u00e7\u00e1mos a falar, sabe-se l\u00e1 porqu\u00ea, das poucas cavidades cadastradas ali para a zona das Alcobertas, Serra dos Candeeiros.\u00a0Com mais uma ideia daqui [&hellip;]<\/p>\n","protected":false},"author":1,"featured_media":0,"parent":850,"menu_order":10,"comment_status":"closed","ping_status":"closed","template":"","meta":{"footnotes":""},"class_list":["post-1065","page","type-page","status-publish","hentry"],"_links":{"self":[{"href":"https:\/\/www.gem.pt\/1\/en\/wp-json\/wp\/v2\/pages\/1065","targetHints":{"allow":["GET"]}}],"collection":[{"href":"https:\/\/www.gem.pt\/1\/en\/wp-json\/wp\/v2\/pages"}],"about":[{"href":"https:\/\/www.gem.pt\/1\/en\/wp-json\/wp\/v2\/types\/page"}],"author":[{"embeddable":true,"href":"https:\/\/www.gem.pt\/1\/en\/wp-json\/wp\/v2\/users\/1"}],"replies":[{"embeddable":true,"href":"https:\/\/www.gem.pt\/1\/en\/wp-json\/wp\/v2\/comments?post=1065"}],"version-history":[{"count":0,"href":"https:\/\/www.gem.pt\/1\/en\/wp-json\/wp\/v2\/pages\/1065\/revisions"}],"up":[{"embeddable":true,"href":"https:\/\/www.gem.pt\/1\/en\/wp-json\/wp\/v2\/pages\/850"}],"wp:attachment":[{"href":"https:\/\/www.gem.pt\/1\/en\/wp-json\/wp\/v2\/media?parent=1065"}],"curies":[{"name":"wp","href":"https:\/\/api.w.org\/{rel}","templated":true}]}}