{"id":1023,"date":"2020-05-26T23:34:59","date_gmt":"2020-05-26T23:34:59","guid":{"rendered":"https:\/\/www.gem.pt\/@teste\/?page_id=1023"},"modified":"2020-09-24T11:26:34","modified_gmt":"2020-09-24T11:26:34","slug":"olho-da-mata","status":"publish","type":"page","link":"https:\/\/www.gem.pt\/1\/en\/projetos\/olho-da-mata\/","title":{"rendered":"Olho da Mata"},"content":{"rendered":"<style>.elementor-1023 .elementor-element.elementor-element-2c266a0e{color:#000000;}<\/style>\t\t<div data-elementor-type=\"wp-page\" data-elementor-id=\"1023\" class=\"elementor elementor-1023\">\n\t\t\t\t\t\t<section class=\"elementor-section elementor-top-section elementor-element elementor-element-38ede328 elementor-section-boxed elementor-section-height-default elementor-section-height-default\" data-id=\"38ede328\" data-element_type=\"section\" data-e-type=\"section\">\n\t\t\t\t\t\t<div class=\"elementor-container elementor-column-gap-default\">\n\t\t\t\t\t<div class=\"aux-parallax-section elementor-column elementor-col-100 elementor-top-column elementor-element elementor-element-297eb977\" data-id=\"297eb977\" data-element_type=\"column\" data-e-type=\"column\">\n\t\t\t<div class=\"elementor-widget-wrap elementor-element-populated\">\n\t\t\t\t\t\t<div class=\"elementor-element elementor-element-2c266a0e elementor-widget elementor-widget-text-editor\" data-id=\"2c266a0e\" data-element_type=\"widget\" data-e-type=\"widget\" data-widget_type=\"text-editor.default\">\n\t\t\t\t<div class=\"elementor-widget-container\">\n\t\t\t\t\t\t\t\t\t<p><span style=\"font-family: Questrial; font-size: 10px; letter-spacing: normal; white-space: pre-line;\">\u00a0<\/span><\/p><p><span style=\"font-family: Questrial; font-size: 30px; letter-spacing: normal; white-space: pre-line;\">Olho da Mata<\/span><br \/><span style=\"letter-spacing: normal; caret-color: #e78b00; color: #e78b00; font-family: Questrial; font-size: 20px; white-space: pre-line;\">O projeto Olho da Mata consiste em reiniciar a explora\u00e7\u00e3o de uma gruta, cujos \u00faltimos trabalhos conhecidos datam do final dos anos 80<\/span><span style=\"letter-spacing: normal; caret-color: #e78b00; color: #e78b00; font-family: Questrial; font-size: 20px; white-space: pre-line;\">.<\/span><\/p><div style=\"text-align: left;\"><hr \/><\/div><div>\u00a0<\/div><div><span style=\"font-family: Questrial; letter-spacing: normal; text-align: justify; white-space: pre-line;\">A gruta foi na altura topografada, tendo esta topografia sido inclusive publicada. A zona terminal da gruta continua a ter segundo os relatos ainda potenciais continua\u00e7\u00f5es que nunca foram exploradas. A gruta abre-se nas escarpas do Arrife e \u00e9 um coletor fre\u00e1tico, funcionando como uma nascente tempor\u00e1ria<\/span><span style=\"font-family: Questrial; letter-spacing: normal; text-align: justify; white-space: pre-line;\">.<\/span><\/div><div style=\"text-align: left;\"><div style=\"letter-spacing: normal; margin: 0px; padding: 0px; caret-color: #000000; color: #000000; font-family: Questrial; text-align: justify; white-space: pre-line; font-size: 5px;\">\u00a0<\/div><div style=\"letter-spacing: normal; margin: 0px; padding: 0px; caret-color: #000000; color: #000000; font-family: Questrial; text-align: justify; white-space: pre-line;\">A sua localiza\u00e7\u00e3o estrat\u00e9gica permite antever potencias liga\u00e7\u00f5es, resta saber se acess\u00edveis a espele\u00f3logos, a outras nascentes ativas como Vila Moreira, e quem sabe a nascente do Alviela, ou mesmo a grutas j\u00e1 abandonadas pela circula\u00e7\u00e3o como o algar das Gralhas VII. Os trabalhos do ano anterior permitiram o reconhecimento de cerca de 2\/3 da extens\u00e3o topografada da gruta. Acalmem-se os mais friorentos e temerosos das verticais, at\u00e9 agora apenas s\u00e3o conhecidos dois sif\u00f5es (ambos perto da entrada) e a progress\u00e3o \u00e9 sobretudo horizontal, apenas se tendo de vencer alguns destrepes.<\/div><\/div><div style=\"letter-spacing: normal; margin: 0px; padding: 0px; font-family: Questrial; text-align: justify; white-space: pre-line; font-size: 5px;\">\u00a0<\/div><div style=\"letter-spacing: normal; margin: 0px; padding: 0px; font-family: Questrial; text-align: justify; white-space: pre-line;\">Para mais, esta gruta est\u00e1 &#8220;condenada&#8221; pois encontra-se numa \u00e1rea em que foi concessionada uma pedreira cuja labora\u00e7\u00e3o j\u00e1 come\u00e7ou e que provavelmente levar\u00e1 \u00e0 destrui\u00e7\u00e3o desta gruta. J\u00e1 n\u00e3o resta muito tempo para quem a quiser visitar. Aproveite-se enquanto se pode.<\/div><div>\u00a0<\/div><div><img fetchpriority=\"high\" decoding=\"async\" class=\"aligncenter wp-image-1025\" style=\"text-align: center;\" src=\"https:\/\/www.gem.pt\/wp-content\/uploads\/2020\/05\/Projetos_6_1.png\" alt=\"\" width=\"900\" height=\"581\" srcset=\"https:\/\/www.gem.pt\/wp-content\/uploads\/2020\/05\/Projetos_6_1.png 1177w, https:\/\/www.gem.pt\/wp-content\/uploads\/2020\/05\/Projetos_6_1-280x180.png 280w\" sizes=\"(max-width: 900px) 100vw, 900px\" \/><\/div><div style=\"text-align: center;\">\u00a0<span style=\"font-family: Questrial; font-size: 14px; letter-spacing: normal; text-align: center; white-space: pre-line;\">Implanta\u00e7\u00e3o em SIG por Pedro Robalo (GEM)<\/span><\/div>\t\t\t\t\t\t\t\t<\/div>\n\t\t\t\t<\/div>\n\t\t\t\t\t<\/div>\n\t\t<\/div>\n\t\t\t\t\t<\/div>\n\t\t<\/section>\n\t\t\t\t<\/div>","protected":false},"excerpt":{"rendered":"<p>\u00a0 Olho da MataO projeto Olho da Mata consiste em reiniciar a explora\u00e7\u00e3o de uma gruta, cujos \u00faltimos trabalhos conhecidos datam do final dos anos 80. \u00a0A gruta foi na altura topografada, tendo esta topografia sido inclusive publicada. A zona terminal da gruta continua a ter segundo os relatos ainda potenciais continua\u00e7\u00f5es que nunca foram [&hellip;]<\/p>\n","protected":false},"author":1,"featured_media":0,"parent":850,"menu_order":6,"comment_status":"closed","ping_status":"closed","template":"","meta":{"footnotes":""},"class_list":["post-1023","page","type-page","status-publish","hentry"],"_links":{"self":[{"href":"https:\/\/www.gem.pt\/1\/en\/wp-json\/wp\/v2\/pages\/1023","targetHints":{"allow":["GET"]}}],"collection":[{"href":"https:\/\/www.gem.pt\/1\/en\/wp-json\/wp\/v2\/pages"}],"about":[{"href":"https:\/\/www.gem.pt\/1\/en\/wp-json\/wp\/v2\/types\/page"}],"author":[{"embeddable":true,"href":"https:\/\/www.gem.pt\/1\/en\/wp-json\/wp\/v2\/users\/1"}],"replies":[{"embeddable":true,"href":"https:\/\/www.gem.pt\/1\/en\/wp-json\/wp\/v2\/comments?post=1023"}],"version-history":[{"count":0,"href":"https:\/\/www.gem.pt\/1\/en\/wp-json\/wp\/v2\/pages\/1023\/revisions"}],"up":[{"embeddable":true,"href":"https:\/\/www.gem.pt\/1\/en\/wp-json\/wp\/v2\/pages\/850"}],"wp:attachment":[{"href":"https:\/\/www.gem.pt\/1\/en\/wp-json\/wp\/v2\/media?parent=1023"}],"curies":[{"name":"wp","href":"https:\/\/api.w.org\/{rel}","templated":true}]}}